{"id":2987,"date":"2023-09-13T13:16:38","date_gmt":"2023-09-13T11:16:38","guid":{"rendered":"https:\/\/brovko.clinic\/?post_type=product&#038;p=2987"},"modified":"2026-05-08T11:06:53","modified_gmt":"2026-05-08T09:06:53","slug":"firming-composition-pbserum-smooth-artichoke-organic-silicon","status":"publish","type":"product","link":"https:\/\/brovko.clinic\/pl\/shop\/kompozycja-ujedrniajaca-pbserum-gladki-karczoch-organiczny-krzem\/","title":{"rendered":"Kompozycja wzmacniaj\u0105ca PBSerum \u201eSmooth+\u201d + Karczoch + Organiczny krzem 1%"},"content":{"rendered":"<p>Uj\u0119drniaj\u0105cy preparat PBSerum \u201eSmooth+\u201d + Karczoch + Krzem organiczny 1% to zaawansowany zabieg maj\u0105cy na celu popraw\u0119 wygl\u0105du i kondycji sk\u00f3ry, nadaj\u0105c jej g\u0142adki, m\u0142odzie\u0144czy i zdrowy wygl\u0105d. Zabieg ten sta\u0142 si\u0119 prawdziwym odkryciem w dziedzinie kosmetologii przeciwstarzeniowej i szybko zyska\u0142 popularno\u015b\u0107 dzi\u0119ki niesamowitym efektom.<\/p>\n<p><strong>Jak to si\u0119 sta\u0142o?<\/strong><\/p>\n<p>Zabieg polega na wprowadzeniu specjalnych enzym\u00f3w i substancji aktywnych bezpo\u015brednio w sk\u00f3r\u0119, co pozwala osi\u0105gn\u0105\u0107 imponuj\u0105ce rezultaty. G\u0142\u00f3wne sk\u0142adniki tego preparatu:<\/p>\n<ul>\n<li><strong>PBSerum Smooth+<\/strong>:Enzym ten pomaga pozby\u0107 si\u0119 g\u0142\u0119bokich zmarszczek, nadaj\u0105c sk\u00f3rze m\u0142odszy i \u015bwie\u017cszy wygl\u0105d.<\/li>\n<li><strong>Karczoch<\/strong>:Aktywnie zmniejsza rozmiar por\u00f3w, zapewniaj\u0105c g\u0142adk\u0105 i r\u00f3wnomiern\u0105 sk\u00f3r\u0119.<\/li>\n<li><strong>Krzem organiczny 1% (krzem organiczny)<\/strong>:Ten sk\u0142adnik wzmacnia sk\u00f3r\u0119 poprzez stymulacj\u0119 produkcji kolagenu, dzi\u0119ki czemu staje si\u0119 ona bardziej elastyczna i m\u0142odzie\u0144cza.<\/li>\n<\/ul>\n<p><strong>Dlaczego jest to konieczne?<\/strong><\/p>\n<ul>\n<li><strong>Sta\u0144 si\u0119 m\u0142odszy<\/strong>:Po zabiegu zauwa\u017cysz redukcj\u0119 g\u0142\u0119bokich zmarszczek i efekt liftingu, co prowadzi do odm\u0142odzenia twarzy.<\/li>\n<li><strong>G\u0142adko\u015b\u0107 sk\u00f3ry<\/strong>Sk\u00f3ra staje si\u0119 g\u0142adsza i bardziej jednolita, a pory i nier\u00f3wno\u015bci staj\u0105 si\u0119 mniej widoczne.<\/li>\n<li><strong>Naturalny po\u0142ysk<\/strong>:Twoja sk\u00f3ra zyska zdrowy blask i m\u0142odzie\u0144czy wygl\u0105d.<\/li>\n<\/ul>\n<p><strong>Zalety:<\/strong><\/p>\n<ul>\n<li><strong>D\u0142ugotrwa\u0142y efekt<\/strong>Efekty zabiegu utrzymuj\u0105 si\u0119 przez d\u0142ugi czas, dzi\u0119ki czemu mo\u017cesz cieszy\u0107 si\u0119 m\u0142od\u0105 i \u015bwie\u017c\u0105 sk\u00f3r\u0105.<\/li>\n<li><strong>Minimalne ryzyko<\/strong>:Zabieg jest praktycznie bezbolesny i wi\u0105\u017ce si\u0119 z minimalnymi ograniczeniami.<\/li>\n<li><strong>Naturalne pi\u0119kno<\/strong>:Twoje pi\u0119kno pozostaje naturalne i autentyczne, bez ingerencji chirurgicznej.<\/li>\n<\/ul>\n<p>Skonsultuj si\u0119 z kosmetyczk\u0105, aby dowiedzie\u0107 si\u0119, czy ten zabieg spe\u0142nia Twoje potrzeby i pragnienia. Ciesz si\u0119 m\u0142odo\u015bci\u0105 i harmoni\u0105 z PBSerum \u201eSmooth+\u201d + Karczoch + Krzem Organiczny 1%.<\/p>","protected":false},"excerpt":{"rendered":"<p><strong>Wszystkie zastrzyki wykonujemy wy\u0142\u0105cznie wed\u0142ug przepisu lekarza!<\/strong><\/p>\n<p>Wzmacniaj\u0105cy sk\u0142ad PBSerum \u201eSmooth+\u201d + Karczoch + Krzem organiczny 1% \u2013 Sekret m\u0142odo\u015bci i g\u0142adkiej sk\u00f3ry<\/p>\n<p>Ten niezwykle skuteczny zabieg pozwala cieszy\u0107 si\u0119 m\u0142odzie\u0144czym i naturalnym pi\u0119knem sk\u00f3ry przez d\u0142ugi czas. Dzi\u0119ki po\u0142\u0105czeniu silnych sk\u0142adnik\u00f3w \u2013 PBSerum Smooth+, karczocha i organicznego krzemu 1% \u2013 Twoja sk\u00f3ra staje si\u0119 g\u0142adka, elastyczna i promienna.<\/p>\n<p><strong>Jak to dzia\u0142a?<\/strong><\/p>\n<ul>\n<li><strong>PBSerum Smooth+<\/strong>:Ten enzym redukuje g\u0142\u0119bokie zmarszczki i nadaje sk\u00f3rze j\u0119drniejszy wygl\u0105d. B\u0119dziesz wygl\u0105da\u0107 m\u0142odziej i \u015bwie\u017co.<\/li>\n<li><strong>Karczoch<\/strong>:Ekstrakt z karczocha zmniejsza widoczno\u015b\u0107 por\u00f3w i sprawia, \u017ce sk\u00f3ra staje si\u0119 g\u0142adsza i bardziej jednolita.<\/li>\n<li><strong>Organiczny krzem 1%<\/strong>:Ten sk\u0142adnik zapewnia elastyczno\u015b\u0107 i stymuluje produkcj\u0119 kolagenu, dzi\u0119ki czemu sk\u00f3ra staje si\u0119 bardziej elastyczna i m\u0142odzie\u0144cza.<\/li>\n<\/ul>\n<p><strong>Dlaczego jest to konieczne?<\/strong><\/p>\n<ul>\n<li><strong>Sta\u0144 si\u0119 m\u0142odszy<\/strong>:B\u0119dziesz wygl\u0105da\u0107 m\u0142odziej i \u015bwie\u017co dzi\u0119ki redukcji zmarszczek i poprawie wygl\u0105du sk\u00f3ry.<\/li>\n<li><strong>G\u0142adko\u015b\u0107 sk\u00f3ry<\/strong>:Twoja sk\u00f3ra stanie si\u0119 g\u0142adka i mi\u0119kka w dotyku.<\/li>\n<li><strong>Naturalny po\u0142ysk<\/strong>:Promienna i zdrowa sk\u00f3ra doda Ci pewno\u015bci siebie.<\/li>\n<\/ul>\n<p><strong>Zalety:<\/strong><\/p>\n<ul>\n<li><strong>D\u0142ugotrwa\u0142y efekt<\/strong>Efekty zabiegu utrzymuj\u0105 si\u0119 przez d\u0142ugi czas, pozwalaj\u0105c cieszy\u0107 si\u0119 m\u0142odzie\u0144cz\u0105 sk\u00f3r\u0105.<\/li>\n<li><strong>Minimalne ryzyko<\/strong>:Zabieg jest praktycznie bezbolesny i wi\u0105\u017ce si\u0119 z minimalnymi ograniczeniami.<\/li>\n<li><strong>Naturalne pi\u0119kno<\/strong>:Twoje pi\u0119kno pozostaje naturalne i autentyczne.<\/li>\n<\/ul>\n<p>Skonsultuj si\u0119 z lekarzem, aby dowiedzie\u0107 si\u0119, czy ten zabieg spe\u0142nia Twoje potrzeby i oczekiwania. Ciesz si\u0119 m\u0142odo\u015bci\u0105 i harmoni\u0105 z PBSerum \u201eSmooth+\u201d + Artichoke + Organic Silicon 1%.<\/p>","protected":false},"featured_media":2988,"comment_status":"closed","ping_status":"closed","template":"","meta":[],"product_cat":[76,82],"product_tag":[],"class_list":["post-2987","product","type-product","status-publish","has-post-thumbnail","hentry","product_cat-procedures-injections","product_cat-fermenti-pbserum"],"_links":{"self":[{"href":"https:\/\/brovko.clinic\/pl\/wp-json\/wp\/v2\/product\/2987","targetHints":{"allow":["GET"]}}],"collection":[{"href":"https:\/\/brovko.clinic\/pl\/wp-json\/wp\/v2\/product"}],"about":[{"href":"https:\/\/brovko.clinic\/pl\/wp-json\/wp\/v2\/types\/product"}],"replies":[{"embeddable":true,"href":"https:\/\/brovko.clinic\/pl\/wp-json\/wp\/v2\/comments?post=2987"}],"wp:featuredmedia":[{"embeddable":true,"href":"https:\/\/brovko.clinic\/pl\/wp-json\/wp\/v2\/media\/2988"}],"wp:attachment":[{"href":"https:\/\/brovko.clinic\/pl\/wp-json\/wp\/v2\/media?parent=2987"}],"wp:term":[{"taxonomy":"product_cat","embeddable":true,"href":"https:\/\/brovko.clinic\/pl\/wp-json\/wp\/v2\/product_cat?post=2987"},{"taxonomy":"product_tag","embeddable":true,"href":"https:\/\/brovko.clinic\/pl\/wp-json\/wp\/v2\/product_tag?post=2987"}],"curies":[{"name":"wp","href":"https:\/\/api.w.org\/{rel}","templated":true}]}}