{"id":2984,"date":"2023-09-13T12:59:32","date_gmt":"2023-09-13T10:59:32","guid":{"rendered":"https:\/\/brovko.clinic\/?post_type=product&#038;p=2984"},"modified":"2023-09-13T13:34:28","modified_gmt":"2023-09-13T11:34:28","slug":"drainage-composition-drain-artichoke","status":"publish","type":"product","link":"https:\/\/brovko.clinic\/pl\/shop\/kompozycja-drenazowa-drenaz-karczoch\/","title":{"rendered":"Kompozycja drena\u017cowa \u201eDrain+\u201d + Karczoch"},"content":{"rendered":"<p>Kompozycja drenuj\u0105ca \u201eDrain+\u201d + Karczoch: Oczyszcza, od\u015bwie\u017ca i modeluje cia\u0142o<\/p>\n<p><strong>Wszystkie zastrzyki wykonujemy wy\u0142\u0105cznie wed\u0142ug przepisu lekarza!<\/strong><\/p>\n<p>\u017baden inny zabieg nie zapewni Ci tak orze\u017awiaj\u0105cej i wyrazistej zmiany, jak kompozycja drenuj\u0105ca \u201eDrain+\u201d + Karczoch z PBSerum. Ten niezwykle skuteczny zabieg nie tylko uwalnia organizm od obrz\u0119k\u00f3w i nadmiaru p\u0142yn\u00f3w, ale tak\u017ce przyczynia si\u0119 do widocznej redukcji tkanki t\u0142uszczowej, a nawet blizn.<\/p>\n<p><strong>Jak to si\u0119 sta\u0142o?<\/strong><\/p>\n<p>W sk\u0142adzie preparatu drena\u017cowego \u201eDrain+\u201d + Karczoch zastosowano dwa silne sk\u0142adniki:<\/p>\n<ul>\n<li><strong>Odwodnienie+<\/strong>Ten enzym pomaga usun\u0105\u0107 nadmiar p\u0142yn\u00f3w z organizmu, rozlu\u017ani\u0107 tkanki i nada\u0107 sk\u00f3rze j\u0119drny wygl\u0105d. Oznacza to, \u017ce b\u0119dziesz czu\u0107 si\u0119 lekko i \u015bwie\u017co przy ka\u017cdym ruchu.<\/li>\n<li><strong>Karczoch<\/strong>: Ten sk\u0142adnik rozpuszcza z\u0142ogi t\u0142uszczu i sprawia, \u017ce staj\u0105 si\u0119 mniej widoczne. Mo\u017cesz zapomnie\u0107 o \u201esk\u00f3rce pomara\u0144czowej\u201d i cieszy\u0107 si\u0119 g\u0142adk\u0105, elastyczn\u0105 sk\u00f3r\u0105.<\/li>\n<\/ul>\n<p><strong>Dlaczego jest to konieczne?<\/strong><\/p>\n<ul>\n<li><strong>Walka z obrz\u0119kami:<\/strong> Kompozycja drenuj\u0105ca \u201eDrain+\u201d + Karczoch idealnie sprawdza si\u0119 w przypadku os\u00f3b odczuwaj\u0105cych obrz\u0119ki twarzy, szyi, brzucha i innych okolic.<\/li>\n<li><strong>Niszczenie z\u0142og\u00f3w t\u0142uszczu:<\/strong> Zabieg ten pomo\u017ce Ci pozby\u0107 si\u0119 nadmiaru tkanki t\u0142uszczowej, dzi\u0119ki czemu Twoja sylwetka stanie si\u0119 szczuplejsza.<\/li>\n<li><strong>Regeneracja sk\u00f3ry:<\/strong> Kompozycja drenuj\u0105ca pomaga r\u00f3wnie\u017c zmniejszy\u0107 blizny i poprawi\u0107 tekstur\u0119 sk\u00f3ry.<\/li>\n<\/ul>\n<p><strong>Zalety:<\/strong><\/p>\n<ul>\n<li><strong>Uczucie lekko\u015bci:<\/strong> Pod koniec kursu poczujesz, \u017ce Twoje cia\u0142o sta\u0142o si\u0119 l\u017cejsze i bardziej j\u0119drne.<\/li>\n<li><strong>Przywracanie symetrii:<\/strong> Twoja sylwetka b\u0119dzie bardziej harmonijna i wyrazista.<\/li>\n<li><strong>Arogancja:<\/strong> W miar\u0119 jak Tw\u00f3j wygl\u0105d si\u0119 poprawi, b\u0119dziesz czu\u0107 si\u0119 bardziej pewny siebie.<\/li>\n<\/ul>\n<p>Kompozycja drenuj\u0105ca \u201eDrain+\u201d + Karczoch z PBSerum to droga do zdrowej, j\u0119drnej sk\u00f3ry i harmonijnej sylwetki. Skonsultuj si\u0119 z lekarzem, aby dowiedzie\u0107 si\u0119, czy ten zabieg spe\u0142nia Twoje potrzeby i oczekiwania.<\/p>","protected":false},"excerpt":{"rendered":"<p><strong>Wszystkie zastrzyki wykonujemy wy\u0142\u0105cznie wed\u0142ug przepisu lekarza!<\/strong><\/p>\n<p><strong>Kompozycja drena\u017cowa \u201eDrain+\u201d + Karczoch<\/strong>: Twoja odpowied\u017a na problemy z zatkanym nosem i obrz\u0119kami<\/p>\n<p>Iniekcje drena\u017cowe sta\u0142y si\u0119 prawdziw\u0105 rewolucj\u0105 w dziedzinie kosmetologii, a teraz porozmawiamy o prawdziwym cudzie - sk\u0142adzie drenuj\u0105cym \u201eDrain+\u201d + Karczoch od PBSerum, kt\u00f3ry pomo\u017ce Ci pozby\u0107 si\u0119 obrz\u0119k\u00f3w i zastoj\u00f3w.<\/p>\n<p><strong>Jak to si\u0119 sta\u0142o?<\/strong><\/p>\n<p>Ta niezwyk\u0142a kompozycja \u0142\u0105czy w sobie dwa sk\u0142adniki aktywne:<\/p>\n<ul>\n<li><strong>Odwodnienie+<\/strong> \u2013 to nasz spos\u00f3b na usuni\u0119cie nadmiaru p\u0142ynu z tkanek, pozbycie si\u0119 obrz\u0119k\u00f3w i uzyskanie efektu rozproszenia na sk\u00f3rze.<\/li>\n<li><strong>Karczoch<\/strong> \u2013 sk\u0142adnik ten pomaga rozbi\u0107 z\u0142ogi t\u0142uszczu i sprawia, \u017ce obj\u0119to\u015b\u0107 jest mniej widoczna.<\/li>\n<\/ul>\n<p><strong>Dlaczego jest to konieczne?<\/strong><\/p>\n<ul>\n<li><strong>Rozwi\u0105zanie problemu obrz\u0119ku:<\/strong> Kompozycja drenuj\u0105ca \u201eDrain+\u201d + Karczoch idealnie sprawdza si\u0119 w przypadku os\u00f3b zmagaj\u0105cych si\u0119 z obrz\u0119kami twarzy i innymi problematycznymi obszarami.<\/li>\n<li><strong>Walka z cellulitem:<\/strong> Ta kompozycja pomo\u017ce Ci pozby\u0107 si\u0119 \u201esk\u00f3rki pomara\u0144czowej\u201d poprzez wspomaganie rozpadu z\u0142og\u00f3w t\u0142uszczu.<\/li>\n<\/ul>\n<p><strong>Zalety:<\/strong><\/p>\n<ul>\n<li><strong>Efektywno\u015b\u0107:<\/strong> Efekty b\u0119d\u0105 widoczne po zako\u0144czeniu serii zabieg\u00f3w.<\/li>\n<li><strong>Zmniejszanie obrz\u0119k\u00f3w:<\/strong> Twarz i inne obszary cia\u0142a staj\u0105 si\u0119 mniej opuchni\u0119te.<\/li>\n<li><strong>Minimalny czas odzyskiwania:<\/strong> Niemal natychmiast b\u0119dziesz m\u00f3g\u0142 wr\u00f3ci\u0107 do aktywnego \u017cycia.<\/li>\n<\/ul>\n<p>Pozw\u00f3l, aby kompozycja drenuj\u0105ca \u201eDrain+\u201d + Karczoch z PBSerum pomog\u0142a Ci poczu\u0107 lekko\u015b\u0107 i \u015bwie\u017co\u015b\u0107 w ka\u017cdym ruchu cia\u0142a. Skonsultuj si\u0119 z lekarzem, aby rozpocz\u0105\u0107 podr\u00f3\u017c do idealnej sk\u00f3ry.<\/p>","protected":false},"featured_media":2985,"comment_status":"closed","ping_status":"closed","template":"","meta":[],"product_cat":[76,82],"product_tag":[],"class_list":["post-2984","product","type-product","status-publish","has-post-thumbnail","hentry","product_cat-procedures-injections","product_cat-fermenti-pbserum"],"_links":{"self":[{"href":"https:\/\/brovko.clinic\/pl\/wp-json\/wp\/v2\/product\/2984","targetHints":{"allow":["GET"]}}],"collection":[{"href":"https:\/\/brovko.clinic\/pl\/wp-json\/wp\/v2\/product"}],"about":[{"href":"https:\/\/brovko.clinic\/pl\/wp-json\/wp\/v2\/types\/product"}],"replies":[{"embeddable":true,"href":"https:\/\/brovko.clinic\/pl\/wp-json\/wp\/v2\/comments?post=2984"}],"wp:featuredmedia":[{"embeddable":true,"href":"https:\/\/brovko.clinic\/pl\/wp-json\/wp\/v2\/media\/2985"}],"wp:attachment":[{"href":"https:\/\/brovko.clinic\/pl\/wp-json\/wp\/v2\/media?parent=2984"}],"wp:term":[{"taxonomy":"product_cat","embeddable":true,"href":"https:\/\/brovko.clinic\/pl\/wp-json\/wp\/v2\/product_cat?post=2984"},{"taxonomy":"product_tag","embeddable":true,"href":"https:\/\/brovko.clinic\/pl\/wp-json\/wp\/v2\/product_tag?post=2984"}],"curies":[{"name":"wp","href":"https:\/\/api.w.org\/{rel}","templated":true}]}}