{"id":2981,"date":"2023-09-13T12:54:33","date_gmt":"2023-09-13T10:54:33","guid":{"rendered":"https:\/\/brovko.clinic\/?post_type=product&#038;p=2981"},"modified":"2026-05-08T11:07:23","modified_gmt":"2026-05-08T09:07:23","slug":"lipolytic-composition-slim-caffeine-organic-silicon","status":"publish","type":"product","link":"https:\/\/brovko.clinic\/pl\/shop\/sklad-lipolityczny-smukla-kofeina-organiczny-krzem\/","title":{"rendered":"Kompozycja lipolityczna \u201eSlim+\u201d + Kofeina 2,5% + Krzem Organiczny 1%"},"content":{"rendered":"<p><strong>Sk\u0142ad lipolityczny Slim+ + Kofeina 2,5% + Krzem Organiczny 1%<\/strong>: Twoja odpowied\u017a na niszczenie z\u0142og\u00f3w t\u0142uszczu i tworzenie wymarzonej sylwetki<\/p>\n<p>Zastrzyki lipolityczne sta\u0142y si\u0119 now\u0105 nadziej\u0105 w \u015bwiecie kosmetologii, a teraz porozmawiamy o prawdziwym cudzie \u2013 kompozycji lipolitycznej Slim+ + Caffeine 2.5% + Organic Silicon 1% od PBSerum, kt\u00f3ra sta\u0142a si\u0119 prawdziwym odkryciem dla tych, kt\u00f3rzy marz\u0105 o nieskazitelna figura i pi\u0119kna sylwetka.<\/p>\n<p><strong>Jak to si\u0119 sta\u0142o?<\/strong><\/p>\n<p>W tej wyj\u0105tkowej kompozycji zawarta jest moc trzech sk\u0142adnik\u00f3w aktywnych:<\/p>\n<ul>\n<li><strong>Szczup\u0142y+<\/strong> to prawdziwy podajnik dla po\u017c\u0105danego rezultatu. Niszczy z\u0142ogi t\u0142uszczu, sprzyjaj\u0105c ich uwalnianiu z tkanek i przywr\u00f3ceniu obj\u0119to\u015bci.<\/li>\n<li><strong>Kofeina 2,5%<\/strong> \u2013 aktywuje metabolizm t\u0142uszcz\u00f3w i wspomaga ich rozk\u0142ad, przyczyniaj\u0105c si\u0119 do zmniejszenia obj\u0119to\u015bci kom\u00f3rek t\u0142uszczowych.<\/li>\n<li><strong>Organiczny krzem 1%<\/strong> \u2013 sk\u0142adnik ten zwi\u0119ksza elastyczno\u015b\u0107 i napi\u0119cie sk\u00f3ry, zapobiegaj\u0105c jej wiotczeniu po utracie tkanki t\u0142uszczowej. Sk\u00f3ra pozostaje szczup\u0142a i zdrowa.<\/li>\n<\/ul>\n<p><strong>Dlaczego jest to konieczne?<\/strong><\/p>\n<ul>\n<li><strong>Rozwi\u0105zanie og\u00f3lnego problemu:<\/strong> Kompozycja lipolityczna Slim+ + Kofeina 2.5% + Organiczny krzem 1% pomaga pozby\u0107 si\u0119 z\u0142og\u00f3w t\u0142uszczu z brzucha, ud, po\u015bladk\u00f3w i innych problematycznych miejsc.<\/li>\n<li><strong>Rze\u017aba postaci:<\/strong> Mo\u017cna osi\u0105gn\u0105\u0107 po\u017c\u0105dany kontur cia\u0142a i stworzy\u0107 pi\u0119kn\u0105 sylwetk\u0119.<\/li>\n<li><strong>Walka z cellulitem:<\/strong> Ta kompozycja pomo\u017ce Ci pozby\u0107 si\u0119 \u201esk\u00f3rki pomara\u0144czowej\u201d rozbijaj\u0105c z\u0142ogi t\u0142uszczu.<\/li>\n<\/ul>\n<p><strong>Zalety:<\/strong><\/p>\n<ul>\n<li><strong>Efektywno\u015b\u0107:<\/strong> Widoczne rezultaty zobaczysz ju\u017c po zako\u0144czeniu cyklu zabieg\u00f3w.<\/li>\n<li><strong>Bezpiecze\u0144stwo:<\/strong> Profesjonalny kosmetolog gwarantuje maksymalne bezpiecze\u0144stwo i kontrol\u0119 podczas zabiegu.<\/li>\n<li><strong>Minimalny czas odzyskiwania:<\/strong> Niemal natychmiast b\u0119dziesz m\u00f3g\u0142 wr\u00f3ci\u0107 do aktywnego \u017cycia.<\/li>\n<\/ul>\n<p>Niech kompozycja lipolityczna PBSerum Slim+ + Kofeina 2.5% + Krzem Organiczny 1% pomo\u017ce Ci spe\u0142ni\u0107 Twoje marzenia i odzyska\u0107 pewno\u015b\u0107 siebie! Skontaktuj si\u0119 z lekarzem, aby rozpocz\u0105\u0107 swoj\u0105 podr\u00f3\u017c do idealnej sylwetki.<\/p>","protected":false},"excerpt":{"rendered":"<p><strong>Wszystkie zastrzyki wykonujemy wy\u0142\u0105cznie wed\u0142ug przepisu lekarza!<\/strong><\/p>\n<p>Zastrzyki lipolityczne ciesz\u0105 si\u0119 coraz wi\u0119ksz\u0105 popularno\u015bci\u0105 w \u015bwiecie kosmetologii ze wzgl\u0119du na ich skuteczno\u015b\u0107 i bezpiecze\u0144stwo. Po\u0142\u0105czona kompozycja lipolityczna Slim+ + Kofeina 2.5% + Organiczny Krzem 1% od PBSerum to prawdziwe odkrycie dla tych, kt\u00f3rzy marz\u0105 o idealnej sylwetce.<\/p>\n<p><strong>Jak to dzia\u0142a?<\/strong><\/p>\n<p>W tej kompozycji zawarta jest moc trzech sk\u0142adnik\u00f3w aktywnych:<\/p>\n<ul>\n<li><strong>Szczup\u0142y+<\/strong> niszczy z\u0142ogi t\u0142uszczu, sprzyjaj\u0105c ich uwalnianiu z tkanek.<\/li>\n<li><strong>Kofeina 2,5%<\/strong> aktywuje metabolizm t\u0142uszcz\u00f3w i wspomaga rozpad kom\u00f3rek t\u0142uszczowych.<\/li>\n<li><strong>Organiczny krzem 1%<\/strong> zwi\u0119ksza elastyczno\u015b\u0107 i napi\u0119cie sk\u00f3ry, zapobiegaj\u0105c wiotczeniu po utracie tkanki t\u0142uszczowej.<\/li>\n<\/ul>\n<p><strong>Dlaczego jest to konieczne?<\/strong><\/p>\n<ul>\n<li><strong>Og\u00f3lne rozwi\u0105zanie problemu:<\/strong> Kompozycja lipolityczna Slim+ + Kofeina 2.5% + Organiczny krzem 1% pomaga pozby\u0107 si\u0119 z\u0142og\u00f3w t\u0142uszczu z brzucha, ud, po\u015bladk\u00f3w i innych problematycznych miejsc.<\/li>\n<li><strong>Poprawa kszta\u0142tu i konturu:<\/strong> Mo\u017cna osi\u0105gn\u0105\u0107 wymarzon\u0105 sylwetk\u0119 i podkre\u015bli\u0107 kontur swojego cia\u0142a.<\/li>\n<li><strong>Redukcja cellulitu:<\/strong> Ta kompozycja pomo\u017ce Ci pozby\u0107 si\u0119 \u201esk\u00f3rki pomara\u0144czowej\u201d.<\/li>\n<\/ul>\n<p><strong>Zalety:<\/strong><\/p>\n<ul>\n<li><strong>Efektywno\u015b\u0107:<\/strong> Widoczne rezultaty uzyskasz bezpo\u015brednio po zako\u0144czeniu zabieg\u00f3w.<\/li>\n<li><strong>Bezpiecze\u0144stwo:<\/strong> Zabieg wykonuje kosmetolog, zapewniaj\u0105c maksymalne bezpiecze\u0144stwo i kontrol\u0119 nad procesem.<\/li>\n<li><strong>Minimalny czas odzyskiwania:<\/strong> Niemal natychmiast mo\u017cesz wr\u00f3ci\u0107 do aktywnego \u017cycia.<\/li>\n<\/ul>\n<p>Niech kompozycja lipolityczna Slim+ + Kofeina 2.5% + Organiczny Krzem 1% od PBSerum pomo\u017ce Ci osi\u0105gn\u0105\u0107 wymarzon\u0105 sylwetk\u0119 i odzyska\u0107 pewno\u015b\u0107 siebie! Skontaktuj si\u0119 z lekarzem, aby rozpocz\u0105\u0107 swoj\u0105 podr\u00f3\u017c do idealnej sylwetki.<\/p>","protected":false},"featured_media":2982,"comment_status":"closed","ping_status":"closed","template":"","meta":[],"product_cat":[76,82],"product_tag":[],"class_list":["post-2981","product","type-product","status-publish","has-post-thumbnail","hentry","product_cat-procedures-injections","product_cat-fermenti-pbserum"],"_links":{"self":[{"href":"https:\/\/brovko.clinic\/pl\/wp-json\/wp\/v2\/product\/2981","targetHints":{"allow":["GET"]}}],"collection":[{"href":"https:\/\/brovko.clinic\/pl\/wp-json\/wp\/v2\/product"}],"about":[{"href":"https:\/\/brovko.clinic\/pl\/wp-json\/wp\/v2\/types\/product"}],"replies":[{"embeddable":true,"href":"https:\/\/brovko.clinic\/pl\/wp-json\/wp\/v2\/comments?post=2981"}],"wp:featuredmedia":[{"embeddable":true,"href":"https:\/\/brovko.clinic\/pl\/wp-json\/wp\/v2\/media\/2982"}],"wp:attachment":[{"href":"https:\/\/brovko.clinic\/pl\/wp-json\/wp\/v2\/media?parent=2981"}],"wp:term":[{"taxonomy":"product_cat","embeddable":true,"href":"https:\/\/brovko.clinic\/pl\/wp-json\/wp\/v2\/product_cat?post=2981"},{"taxonomy":"product_tag","embeddable":true,"href":"https:\/\/brovko.clinic\/pl\/wp-json\/wp\/v2\/product_tag?post=2981"}],"curies":[{"name":"wp","href":"https:\/\/api.w.org\/{rel}","templated":true}]}}