{"id":2975,"date":"2023-09-13T11:06:15","date_gmt":"2023-09-13T09:06:15","guid":{"rendered":"https:\/\/brovko.clinic\/?post_type=product&#038;p=2975"},"modified":"2026-05-08T11:07:44","modified_gmt":"2026-05-08T09:07:44","slug":"pbserum-drain-injections","status":"publish","type":"product","link":"https:\/\/brovko.clinic\/pl\/shop\/zastrzyki-z-drenazu-pbserum\/","title":{"rendered":"Zastrzyki PBSerum Drain+"},"content":{"rendered":"<p>Iniekcje PBSerum Drain+ to innowacyjna metoda, kt\u00f3ra pozwala korygowa\u0107 b\u0142\u0119dy w iniekcji kwasu hialuronowego i leczy\u0107 wysoki poziom nagromadzenia p\u0142yn\u00f3w, a tak\u017ce nasilony cellulit obrz\u0119kowy. Zabieg ten opiera si\u0119 na zastosowaniu specjalnie opracowanego kompleksu enzymatycznego PBSerum, kt\u00f3ry posiada unikalne w\u0142a\u015bciwo\u015bci skutecznego usuwania nadmiaru p\u0142yn\u00f3w z tkanek i poprawy kondycji sk\u00f3ry.<\/p>\n<p><strong>Jak to si\u0119 sta\u0142o?<\/strong><\/p>\n<p>Zabieg polega na podaniu preparatu enzymatycznego PBSerum Drain+ poprzez iniekcj\u0119 lub mikronak\u0142uwanie. Enzymy zawarte w preparacie aktywnie oddzia\u0142uj\u0105 na nagromadzone w tkankach p\u0142yny, pomagaj\u0105c w ich usuni\u0119ciu z organizmu. Proces ten normalizuje stan tkanki podsk\u00f3rnej i przyczynia si\u0119 do braku obrz\u0119ku.<\/p>\n<p><strong>Dlaczego jest to konieczne?<\/strong><\/p>\n<p>Zabieg wstrzykni\u0119cia preparatu PBSerum Drain+ ma kilka kluczowych wskaza\u0144:<\/p>\n<ul>\n<li>Korekta defekt\u00f3w powsta\u0142ych w wyniku wcze\u015bniejszego wstrzykni\u0119cia kwasu hialuronowego.<\/li>\n<li>Leczenie wysokiego poziomu gromadzenia si\u0119 p\u0142ynu w tkankach.<\/li>\n<li>Redukcja zaawansowanego cellulitu obrz\u0119kowego.<\/li>\n<li>Poprawia koloryt i faktur\u0119 sk\u00f3ry.<\/li>\n<li>Utrzymanie optymalnego wygl\u0105du i zdrowia sk\u00f3ry twarzy i cia\u0142a.<\/li>\n<\/ul>\n<p><strong>Zalety:<\/strong><\/p>\n<ul>\n<li>Korekta nieprawid\u0142owego wstrzykni\u0119cia kwasu hialuronowego.<\/li>\n<li>Skuteczne leczenie obrz\u0119k\u00f3w i cellulitu.<\/li>\n<li>Poprawa struktury i tekstury sk\u00f3ry.<\/li>\n<li>Kr\u00f3tki czas rekonwalescencji i odpoczynku po zabiegu.<\/li>\n<li>Mo\u017cna stosowa\u0107 samodzielnie lub w po\u0142\u0105czeniu z innymi metodami kosmetycznymi.<\/li>\n<\/ul>\n<p>Iniekcje PBSerum Drain+ to innowacyjny spos\u00f3b na popraw\u0119 wygl\u0105du i kondycji sk\u00f3ry, korekcj\u0119 niedoskona\u0142o\u015bci zwi\u0105zanych z kwasem hialuronowym oraz osi\u0105gni\u0119cie imponuj\u0105cych rezultat\u00f3w w walce z obrz\u0119kami i cellulitem. Skonsultuj si\u0119 z kosmetologiem, aby dowiedzie\u0107 si\u0119, czy ten zabieg jest dla Ciebie odpowiedni.<\/p>","protected":false},"excerpt":{"rendered":"<p><strong>Wszystkie zastrzyki wykonujemy wy\u0142\u0105cznie wed\u0142ug przepisu lekarza!<\/strong><\/p>\n<p>Iniekcje PBSerum Drain+ to skuteczna procedura koryguj\u0105ca b\u0142\u0119dy w iniekcjach kwasu hialuronowego oraz lecz\u0105ca wysoki poziom retencji p\u0142yn\u00f3w i silny cellulit obrz\u0119kowy. Zabieg ten wykorzystuje unikalny kompleks enzymatyczny PBSerum, kt\u00f3ry pomaga usun\u0105\u0107 nadmiar p\u0142ynu z tkanek, poprawiaj\u0105c koloryt i tekstur\u0119 sk\u00f3ry.<\/p>\n<p>Iniekcje PBSerum Drain+ s\u0105 wskazane w celu korekcji ubytk\u00f3w kwasu hialuronowego, a tak\u017ce w leczeniu problem\u00f3w zwi\u0105zanych z gromadzeniem si\u0119 p\u0142ynu w tkankach i cellulitem obrz\u0119kowym. Zabieg skutecznie zmniejsza widoczno\u015b\u0107 obrz\u0119k\u00f3w i poprawia wygl\u0105d sk\u00f3ry.<\/p>\n<p>Iniekcje preparatu PBSerum Drain+ mo\u017cna wykonywa\u0107 przy u\u017cyciu kosmetologii sprz\u0119towej lub mikronak\u0142uwania w celu r\u00f3wnomiernego rozprowadzenia leku.<\/p>","protected":false},"featured_media":2976,"comment_status":"closed","ping_status":"closed","template":"","meta":[],"product_cat":[76,82],"product_tag":[],"class_list":["post-2975","product","type-product","status-publish","has-post-thumbnail","hentry","product_cat-procedures-injections","product_cat-fermenti-pbserum"],"_links":{"self":[{"href":"https:\/\/brovko.clinic\/pl\/wp-json\/wp\/v2\/product\/2975","targetHints":{"allow":["GET"]}}],"collection":[{"href":"https:\/\/brovko.clinic\/pl\/wp-json\/wp\/v2\/product"}],"about":[{"href":"https:\/\/brovko.clinic\/pl\/wp-json\/wp\/v2\/types\/product"}],"replies":[{"embeddable":true,"href":"https:\/\/brovko.clinic\/pl\/wp-json\/wp\/v2\/comments?post=2975"}],"wp:featuredmedia":[{"embeddable":true,"href":"https:\/\/brovko.clinic\/pl\/wp-json\/wp\/v2\/media\/2976"}],"wp:attachment":[{"href":"https:\/\/brovko.clinic\/pl\/wp-json\/wp\/v2\/media?parent=2975"}],"wp:term":[{"taxonomy":"product_cat","embeddable":true,"href":"https:\/\/brovko.clinic\/pl\/wp-json\/wp\/v2\/product_cat?post=2975"},{"taxonomy":"product_tag","embeddable":true,"href":"https:\/\/brovko.clinic\/pl\/wp-json\/wp\/v2\/product_tag?post=2975"}],"curies":[{"name":"wp","href":"https:\/\/api.w.org\/{rel}","templated":true}]}}