{"id":2971,"date":"2023-09-13T10:59:33","date_gmt":"2023-09-13T08:59:33","guid":{"rendered":"https:\/\/brovko.clinic\/?post_type=product&#038;p=2971"},"modified":"2023-09-13T13:35:25","modified_gmt":"2023-09-13T11:35:25","slug":"pbserum-smooth-injections","status":"publish","type":"product","link":"https:\/\/brovko.clinic\/pl\/shop\/pbserum-smooth-injections\/","title":{"rendered":"Zastrzyki PBSerum Smooth+"},"content":{"rendered":"<p>Iniekcje PBSerum Smooth+ to innowacyjny zabieg, kt\u00f3ry rewolucjonizuje \u015bwiat kosmetologii, d\u0105\u017c\u0105c do poprawy kondycji sk\u00f3ry twarzy i cia\u0142a. Zabieg ten wykorzystuje unikaln\u0105 kolagenaz\u0119, kt\u00f3ra pomaga pacjentom pozby\u0107 si\u0119 blizn, g\u0142\u0119bokich blizn i zw\u0142\u00f3knie\u0144, jednocze\u015bnie poprawiaj\u0105c struktur\u0119 i tekstur\u0119 sk\u00f3ry.<\/p>\n<p>Zabieg opiera si\u0119 na zdolno\u015bci kolagenazy do rozpuszczania w\u0142\u00f3kien w\u0142\u00f3knistych cellulitu. Pozwala to na wyr\u00f3wnanie struktury i widoczno\u015bci warstwy cellulitu, poprawiaj\u0105c wygl\u0105d sk\u00f3ry.<\/p>\n<p>Iniekcje PBSerum Smooth+ s\u0105 wskazane zar\u00f3wno do twarzy, jak i cia\u0142a. Skutecznie koryguje problematyczne obszary, pomagaj\u0105c wyg\u0142adzi\u0107 blizny, rozst\u0119py i wyra\u017ane oznaki cellulitu. Zabieg mo\u017cna wykona\u0107 technik\u0105 kosmetologii sprz\u0119towej lub mikronak\u0142uwaniem, aby zapewni\u0107 r\u00f3wnomierne rozprowadzenie preparatu.<\/p>\n<p>Korzy\u015bci p\u0142yn\u0105ce ze stosowania iniekcji PBSerum Smooth+ s\u0105 niezwykle imponuj\u0105ce. Pomaga on niszczy\u0107 w\u0142\u00f3kna w\u0142\u00f3kniste starego cellulitu i znacz\u0105co redukuje widoczne objawy \u201esk\u00f3rki pomara\u0144czowej\u201d. Ponadto wp\u0142ywa na procesy metaboliczne na poziomie tkanki podsk\u00f3rnej i sk\u00f3ry w\u0142a\u015bciwej, zapewniaj\u0105c efekt \u201em\u0142odej sk\u00f3ry\u201d. Je\u015bli szukasz rozwi\u0105zania, kt\u00f3re pozwoli Ci wyeliminowa\u0107 blizny, rozst\u0119py lub zwalczy\u0107 cellulit, PBSerum Smooth+ to idealny wyb\u00f3r.<\/p>","protected":false},"excerpt":{"rendered":"<p><strong>Wszystkie zastrzyki wykonujemy wy\u0142\u0105cznie wed\u0142ug przepisu lekarza!<\/strong><\/p>\n<p>Iniekcje PBSerum Smooth+ to innowacyjna metoda poprawy kondycji sk\u00f3ry twarzy i cia\u0142a. Dzi\u0119ki zawarto\u015bci kolagenazy zabieg pomaga redukowa\u0107 blizny, g\u0142\u0119bokie blizny, zw\u0142\u00f3knienia oraz stymuluje procesy metaboliczne w sk\u00f3rze.<\/p>\n<p>PBSerum Smooth+ dzia\u0142a destrukcyjnie na w\u0142\u00f3kna w\u0142\u00f3kniste cellulitu i pomaga redukowa\u0107 jego widoczne objawy. Zapewnia r\u00f3wnie\u017c efekt \u201em\u0142odej sk\u00f3ry\u201d poprzez normalizacj\u0119 proces\u00f3w metabolicznych w warstwach nask\u00f3rka.<\/p>\n<p>Zabieg ten jest odpowiedni do piel\u0119gnacji twarzy i cia\u0142a, szczeg\u00f3lnie w celu korekcji obszar\u00f3w problemowych. Mo\u017cna go wykona\u0107 zar\u00f3wno metod\u0105 kosmetologiczn\u0105, jak i mikronak\u0142uwaniem. PBSerum Smooth+ to skuteczne rozwi\u0105zanie dla os\u00f3b pragn\u0105cych skorygowa\u0107 blizny, rozst\u0119py lub zwalczy\u0107 silny cellulit.<\/p>","protected":false},"featured_media":2972,"comment_status":"closed","ping_status":"closed","template":"","meta":[],"product_cat":[76,82],"product_tag":[],"class_list":["post-2971","product","type-product","status-publish","has-post-thumbnail","hentry","product_cat-procedures-injections","product_cat-fermenti-pbserum"],"_links":{"self":[{"href":"https:\/\/brovko.clinic\/pl\/wp-json\/wp\/v2\/product\/2971","targetHints":{"allow":["GET"]}}],"collection":[{"href":"https:\/\/brovko.clinic\/pl\/wp-json\/wp\/v2\/product"}],"about":[{"href":"https:\/\/brovko.clinic\/pl\/wp-json\/wp\/v2\/types\/product"}],"replies":[{"embeddable":true,"href":"https:\/\/brovko.clinic\/pl\/wp-json\/wp\/v2\/comments?post=2971"}],"wp:featuredmedia":[{"embeddable":true,"href":"https:\/\/brovko.clinic\/pl\/wp-json\/wp\/v2\/media\/2972"}],"wp:attachment":[{"href":"https:\/\/brovko.clinic\/pl\/wp-json\/wp\/v2\/media?parent=2971"}],"wp:term":[{"taxonomy":"product_cat","embeddable":true,"href":"https:\/\/brovko.clinic\/pl\/wp-json\/wp\/v2\/product_cat?post=2971"},{"taxonomy":"product_tag","embeddable":true,"href":"https:\/\/brovko.clinic\/pl\/wp-json\/wp\/v2\/product_tag?post=2971"}],"curies":[{"name":"wp","href":"https:\/\/api.w.org\/{rel}","templated":true}]}}