{"id":2968,"date":"2023-09-13T10:50:34","date_gmt":"2023-09-13T08:50:34","guid":{"rendered":"https:\/\/brovko.clinic\/?post_type=product&#038;p=2968"},"modified":"2026-05-08T11:08:05","modified_gmt":"2026-05-08T09:08:05","slug":"pbserum-slim-injections","status":"publish","type":"product","link":"https:\/\/brovko.clinic\/pl\/shop\/zastrzyki-pbserum-slim\/","title":{"rendered":"Zastrzyki PBSerum Slim+"},"content":{"rendered":"<p>Iniekcje PBSerum Slim+ to skuteczna metoda walki z widocznymi z\u0142ogami tkanki t\u0142uszczowej. Zabieg ten ma na celu popraw\u0119 kontur\u00f3w cia\u0142a i redukcj\u0119 tkanki t\u0142uszczowej na sk\u00f3rze.<\/p>\n<h3>Jak dzia\u0142a procedura<\/h3>\n<p>Iniekcje PBSerum Slim+ mo\u017cna wykonywa\u0107 r\u00f3\u017cnymi metodami, takimi jak elektroporacja, ultrad\u017awi\u0119ki czy mikronak\u0142uwanie (mezoroller). Podczas zabiegu specjalista wstrzykuje aktywny roztw\u00f3r zawieraj\u0105cy lipaz\u0119 PB500 w problematyczne obszary, w kt\u00f3rych znajduj\u0105 si\u0119 z\u0142ogi t\u0142uszczu.<\/p>\n<h3>Dlaczego jest to potrzebne?<\/h3>\n<p>Iniekcje PBSerum Slim+ s\u0105 idealne dla os\u00f3b zmagaj\u0105cych si\u0119 z widocznymi plamami t\u0142uszczu na ciele. Pomagaj\u0105 upora\u0107 si\u0119 z miejscowymi z\u0142ogami t\u0142uszczu i zmniejszy\u0107 ich obj\u0119to\u015b\u0107.<\/p>\n<h3>Zalety<\/h3>\n<p>Zalety tej procedury s\u0105 istotne dla tych, kt\u00f3rzy szukaj\u0105:<\/p>\n<ol>\n<li><strong>Redukcja tkanki t\u0142uszczowej:<\/strong> Lipaza PB500 wspomaga rozpad kom\u00f3rek t\u0142uszczowych, pomagaj\u0105c w usuni\u0119ciu nagromadzonego t\u0142uszczu.<\/li>\n<li><strong>Przywr\u00f3\u0107 koloryt sk\u00f3ry:<\/strong> Po usuni\u0119ciu tkanki t\u0142uszczowej sk\u00f3ra staje si\u0119 j\u0119drniejsza i bardziej napi\u0119ta.<\/li>\n<li><strong>Poprawa konturu cia\u0142a:<\/strong> Zabieg ten pomaga poprawi\u0107 kszta\u0142t i kontur cia\u0142a poprzez zmniejszenie widoczno\u015bci skupisk t\u0142uszczu.<\/li>\n<li><strong>Aby utrzyma\u0107 skuteczno\u015b\u0107 mezoterapii:<\/strong> Zabieg Slim+ doskonale \u0142\u0105czy si\u0119 z innymi zabiegami mezoterapii, zwi\u0119kszaj\u0105c ich skuteczno\u015b\u0107.<\/li>\n<\/ol>\n<h3>Wniosek<\/h3>\n<p>Iniekcje PBSerum Slim+ to idealny wyb\u00f3r dla os\u00f3b pragn\u0105cych wyeliminowa\u0107 widoczne z\u0142ogi t\u0142uszczu i poprawi\u0107 kontury cia\u0142a. Zosta\u0142y opracowane z wykorzystaniem zaawansowanych technologii i sk\u0142adnik\u00f3w aktywnych, kt\u00f3re pomagaj\u0105 osi\u0105gn\u0105\u0107 po\u017c\u0105dany efekt \u2013 uj\u0119drnion\u0105 i uelastycznion\u0105 sk\u00f3r\u0119.<\/p>","protected":false},"excerpt":{"rendered":"<p><strong>Wszystkie zastrzyki wykonujemy wy\u0142\u0105cznie wed\u0142ug przepisu lekarza!<\/strong><\/p>\n<p>\u201ePBSerum Lift+ Injections\u201d to innowacyjna metoda odm\u0142adzania i uj\u0119drniania sk\u00f3ry. Dzi\u0119ki aktywnym enzymom i witaminie C zabieg pomaga korygowa\u0107 widoczne oznaki utraty napi\u0119cia i atonii sk\u00f3ry.<\/p>","protected":false},"featured_media":2969,"comment_status":"closed","ping_status":"closed","template":"","meta":[],"product_cat":[76,82],"product_tag":[],"class_list":["post-2968","product","type-product","status-publish","has-post-thumbnail","hentry","product_cat-procedures-injections","product_cat-fermenti-pbserum"],"_links":{"self":[{"href":"https:\/\/brovko.clinic\/pl\/wp-json\/wp\/v2\/product\/2968","targetHints":{"allow":["GET"]}}],"collection":[{"href":"https:\/\/brovko.clinic\/pl\/wp-json\/wp\/v2\/product"}],"about":[{"href":"https:\/\/brovko.clinic\/pl\/wp-json\/wp\/v2\/types\/product"}],"replies":[{"embeddable":true,"href":"https:\/\/brovko.clinic\/pl\/wp-json\/wp\/v2\/comments?post=2968"}],"wp:featuredmedia":[{"embeddable":true,"href":"https:\/\/brovko.clinic\/pl\/wp-json\/wp\/v2\/media\/2969"}],"wp:attachment":[{"href":"https:\/\/brovko.clinic\/pl\/wp-json\/wp\/v2\/media?parent=2968"}],"wp:term":[{"taxonomy":"product_cat","embeddable":true,"href":"https:\/\/brovko.clinic\/pl\/wp-json\/wp\/v2\/product_cat?post=2968"},{"taxonomy":"product_tag","embeddable":true,"href":"https:\/\/brovko.clinic\/pl\/wp-json\/wp\/v2\/product_tag?post=2968"}],"curies":[{"name":"wp","href":"https:\/\/api.w.org\/{rel}","templated":true}]}}