{"id":2962,"date":"2023-09-13T10:05:48","date_gmt":"2023-09-13T08:05:48","guid":{"rendered":"https:\/\/brovko.clinic\/?post_type=product&#038;p=2962"},"modified":"2023-09-13T13:36:14","modified_gmt":"2023-09-13T11:36:14","slug":"slimming-xtra","status":"publish","type":"product","link":"https:\/\/brovko.clinic\/pl\/shop\/odchudzanie-xtra\/","title":{"rendered":"Odchudzanie Xtra"},"content":{"rendered":"<p>\u201eSlimming Xtra\u201d to lek do wstrzykiwa\u0144 przeznaczony do kompleksowego podej\u015bcia do zmniejszenia obj\u0119to\u015bci tkanki t\u0142uszczowej w organizmie i poprawy wygl\u0105du sk\u00f3ry. Produkt ten niezwykle skutecznie reguluje obszary, w kt\u00f3rych znajduje si\u0119 nadmiar tkanki t\u0142uszczowej i pozwala uzyska\u0107 po\u017c\u0105dany kszta\u0142t sylwetki bez konieczno\u015bci przeprowadzania operacji czy innych radykalnych zabieg\u00f3w.<\/p>\n<p>W sk\u0142adzie \u201eSlimming Xtra\u201d znajduje si\u0119 kilka sk\u0142adnik\u00f3w aktywnych, kt\u00f3re wsp\u00f3\u0142dzia\u0142aj\u0105c ze sob\u0105 zapewniaj\u0105 maksymalny efekt:<\/p>\n<ol>\n<li>Dezoksycholan sodu: Sk\u0142adnik ten aktywuje naturalne procesy lipolityczne w organizmie, co sprzyja rozk\u0142adowi t\u0142uszczu znajduj\u0105cego si\u0119 w z\u0142ogach.<\/li>\n<li>Acetyl heksapeptyd-39 i tripeptyd-41: Peptydy te maj\u0105 zdolno\u015b\u0107 hamowania syntezy i akumulacji lipid\u00f3w w tkance t\u0142uszczowej, co prowadzi do zmniejszenia jej obj\u0119to\u015bci.<\/li>\n<li>Heksapeptyd-10: Sk\u0142adnik ten wzmacnia i regeneruje sk\u00f3r\u0119, zapobiegaj\u0105c jej ewentualnemu wiotczeniu i nier\u00f3wno\u015bciom.<\/li>\n<\/ol>\n<p>Stosowanie \u201eSlimming Xtra\u201d pomaga zmniejszy\u0107 obj\u0119to\u015b\u0107 z\u0142og\u00f3w t\u0142uszczu w problematycznych obszarach, poprawi\u0107 owal cia\u0142a oraz nada\u0107 sk\u00f3rze m\u0142odszy i zdrowszy wygl\u0105d. Lek ten jest idealny dla tych, kt\u00f3rzy szukaj\u0105 nieinwazyjnego i skutecznego sposobu na skorygowanie swojej sylwetki bez operacji.<\/p>\n<p>G\u0142\u00f3wne zalety \u201eOdchudzaj\u0105cego Xtra\u201d to:<\/p>\n<ul>\n<li>Skuteczne dzia\u0142anie w eliminacji z\u0142og\u00f3w t\u0142uszczu.<\/li>\n<li>Redukcja obj\u0119to\u015bci cia\u0142a i poprawa owalu sylwetki.<\/li>\n<li>Rozpocz\u0119cie naturalnych proces\u00f3w rozk\u0142adu t\u0142uszczu.<\/li>\n<li>Wzmocnienie i odbudowa sk\u00f3ry.<\/li>\n<li>Nie ma potrzeby przeprowadzania operacji chirurgicznych ani d\u0142ugich okres\u00f3w rekonwalescencji.<\/li>\n<\/ul>\n<p>Dzi\u0119ki \u201eSlimming Xtra\u201d mo\u017cesz spodziewa\u0107 si\u0119 wyszczuplenia sylwetki i poprawy kondycji sk\u00f3ry bez trudnych zabieg\u00f3w i skutk\u00f3w ubocznych.<\/p>","protected":false},"excerpt":{"rendered":"<p><strong>Wszystkie zastrzyki wykonujemy wy\u0142\u0105cznie wed\u0142ug przepisu lekarza!<\/strong><\/p>\n<p>\u201eSlimming Xtra\u201d to lek do wstrzykiwa\u0144, b\u0119d\u0105cy cz\u0119\u015bci\u0105 kompleksowej terapii lipolitycznej, maj\u0105cej na celu zmniejszenie obj\u0119to\u015bci z\u0142og\u00f3w t\u0142uszczu w organizmie. Lek ten aktywuje naturalne procesy lipolityczne dzi\u0119ki dezoksycholanowi sodu oraz zapobiega syntezie i gromadzeniu si\u0119 lipid\u00f3w w tkance t\u0142uszczowej dzi\u0119ki acetyloheksapeptydowi-39 i tripeptydowi-41. Dodatkowo dzia\u0142a uj\u0119drniaj\u0105co i regeneruj\u0105co dzi\u0119ki heksapeptydowi-10, kt\u00f3ry zapobiega ewentualnemu zwiotczeniu sk\u00f3ry spowodowanemu redukcj\u0105 z\u0142og\u00f3w t\u0142uszczu.<\/p>\n<p>\u201eWyszczuplaj\u0105cy Xtra\u201d pomaga poprawi\u0107 kontur sylwetki i zmniejszy\u0107 obj\u0119to\u015b\u0107 z\u0142og\u00f3w t\u0142uszczu, nadaj\u0105c sk\u00f3rze zdrowszy i bardziej elastyczny wygl\u0105d. Lek ten stanowi wa\u017cn\u0105 cz\u0119\u015b\u0107 programu odchudzania i utrzymania sylwetki, maj\u0105cego na celu osi\u0105gni\u0119cie po\u017c\u0105danego rezultatu w postaci utraty wagi i zdrowia sk\u00f3ry.<\/p>\n<p>G\u0142\u00f3wne zalety \u201eOdchudzaj\u0105cego Xtra\u201d to:<\/p>\n<ul>\n<li>Redukcja z\u0142og\u00f3w t\u0142uszczu i poprawa sylwetki.<\/li>\n<li>Rozpocz\u0119cie naturalnych proces\u00f3w rozk\u0142adu t\u0142uszczu.<\/li>\n<li>Wzmocnienie i odbudowa sk\u00f3ry.<\/li>\n<li>Zwi\u0119kszenie elastyczno\u015bci i j\u0119drno\u015bci sk\u00f3ry.<\/li>\n<\/ul>\n<p>Stosowanie \u201eSlimming Xtra\u201d mo\u017ce przyczyni\u0107 si\u0119 do osi\u0105gni\u0119cia po\u017c\u0105danych rezultat\u00f3w w zakresie utraty wagi oraz utrzymania zdrowej i pi\u0119knej sk\u00f3ry.<\/p>","protected":false},"featured_media":2963,"comment_status":"closed","ping_status":"closed","template":"","meta":[],"product_cat":[76,81],"product_tag":[],"class_list":["post-2962","product","type-product","status-publish","has-post-thumbnail","hentry","product_cat-procedures-injections","product_cat-simil-diet-fermenti"],"_links":{"self":[{"href":"https:\/\/brovko.clinic\/pl\/wp-json\/wp\/v2\/product\/2962","targetHints":{"allow":["GET"]}}],"collection":[{"href":"https:\/\/brovko.clinic\/pl\/wp-json\/wp\/v2\/product"}],"about":[{"href":"https:\/\/brovko.clinic\/pl\/wp-json\/wp\/v2\/types\/product"}],"replies":[{"embeddable":true,"href":"https:\/\/brovko.clinic\/pl\/wp-json\/wp\/v2\/comments?post=2962"}],"wp:featuredmedia":[{"embeddable":true,"href":"https:\/\/brovko.clinic\/pl\/wp-json\/wp\/v2\/media\/2963"}],"wp:attachment":[{"href":"https:\/\/brovko.clinic\/pl\/wp-json\/wp\/v2\/media?parent=2962"}],"wp:term":[{"taxonomy":"product_cat","embeddable":true,"href":"https:\/\/brovko.clinic\/pl\/wp-json\/wp\/v2\/product_cat?post=2962"},{"taxonomy":"product_tag","embeddable":true,"href":"https:\/\/brovko.clinic\/pl\/wp-json\/wp\/v2\/product_tag?post=2962"}],"curies":[{"name":"wp","href":"https:\/\/api.w.org\/{rel}","templated":true}]}}