{"id":2953,"date":"2023-09-12T19:37:19","date_gmt":"2023-09-12T17:37:19","guid":{"rendered":"https:\/\/brovko.clinic\/?post_type=product&#038;p=2953"},"modified":"2026-05-08T11:31:51","modified_gmt":"2026-05-08T09:31:51","slug":"lipolytic-composition-lipase-caffeine-organic-silicon","status":"publish","type":"product","link":"https:\/\/brovko.clinic\/pl\/shop\/sklad-lipolityczny-lipaza-kofeina-organiczny-krzem\/","title":{"rendered":"Sk\u0142ad lipolityczny Lipaza 1.500 Iu + Kofeina 2.5% + Krzem organiczny 1%"},"content":{"rendered":"<p>Kompozycja lipolityczna: Lipaza 1500 IU + Kofeina 2,5% + Krzem organiczny 1% to innowacyjny preparat do wstrzykiwa\u0144, opracowany w celu redukcji tkanki t\u0142uszczowej, poprawy konturu cia\u0142a i wzmocnienia tkanek sk\u00f3ry. Ta unikalna formu\u0142a \u0142\u0105czy w sobie kilka silnych sk\u0142adnik\u00f3w, kt\u00f3re wspomagaj\u0105 aktywn\u0105 lipoliz\u0119 (rozpad t\u0142uszczu), poprawiaj\u0105 mikrokr\u0105\u017cenie i utrzymuj\u0105 zdrowie sk\u00f3ry.<\/p>\n<p>G\u0142\u00f3wnymi sk\u0142adnikami tego preparatu s\u0105 lipaza, kofeina i krzem organiczny. Lipaza to enzym odpowiedzialny za rozk\u0142ad kwas\u00f3w t\u0142uszczowych na mniejsze cz\u0105steczki, co u\u0142atwia ich p\u00f3\u017aniejsze wydalanie z organizmu. Kofeina znana jest ze swoich w\u0142a\u015bciwo\u015bci stymulowania lipolizy i redukcji tkanki t\u0142uszczowej. Krzem organiczny jednocze\u015bnie przyczynia si\u0119 do zwi\u0119kszenia elastyczno\u015bci tkanek sk\u00f3ry i poprawy jej struktury.<\/p>\n<p>Dzi\u0119ki tej kompozycji mo\u017cesz osi\u0105gn\u0105\u0107 kilka wa\u017cnych cel\u00f3w:<\/p>\n<ol>\n<li><strong>Redukcja tkanki t\u0142uszczowej<\/strong>:Dzia\u0142anie lipolityczne pomaga rozbi\u0107 t\u0142uszcz i pozby\u0107 si\u0119 nadmiaru tkanki t\u0142uszczowej. Jest to szczeg\u00f3lnie przydatne dla os\u00f3b, kt\u00f3re maj\u0105 trudno\u015bci z utrat\u0105 wagi w niekt\u00f3rych partiach cia\u0142a.<\/li>\n<li><strong>Poprawa konturu cia\u0142a<\/strong>:Produkt pomaga stworzy\u0107 bardziej harmonijny i estetyczny kontur sylwetki, redukuj\u0105c asymetri\u0119 i nier\u00f3wno\u015bci.<\/li>\n<li><strong>Wzmocnienie tkanek sk\u00f3ry<\/strong>:Krzem organiczny pomaga zachowa\u0107 elastyczno\u015b\u0107 sk\u00f3ry i zapobiega jej wi\u0119dni\u0119ciu, pomagaj\u0105c zachowa\u0107 m\u0142odo\u015b\u0107 i j\u0119drno\u015b\u0107.<\/li>\n<li><strong>Poprawa mikrokr\u0105\u017cenia<\/strong>:Produkt poprawia r\u00f3wnie\u017c ukrwienie obszaru aplikacji, co przyczynia si\u0119 do lepszego usuwania toksyn i nadaje sk\u00f3rze zdrowy wygl\u0105d.<\/li>\n<\/ol>\n<p>Opr\u00f3cz tych zalet, warto zauwa\u017cy\u0107, \u017ce ten preparat lipolityczny charakteryzuje si\u0119 minimalnym ryzykiem dzia\u0142a\u0144 niepo\u017c\u0105danych i jest dobrze tolerowany przez pacjent\u00f3w. Mo\u017ce by\u0107 elementem kompleksowego podej\u015bcia do odchudzania i poprawy wygl\u0105du, zapewniaj\u0105c skuteczne i bezpieczne rezultaty.<\/p>","protected":false},"excerpt":{"rendered":"<p><strong>Wszystkie zastrzyki wykonujemy wy\u0142\u0105cznie wed\u0142ug przepisu lekarza!<\/strong><\/p>\n<p>\u201eLiolytic composition Lipase 1.500 IU + Caffeine 2,5% + Organic Silicon 1%\u201d to preparat do wstrzykiwa\u0144 opracowany specjalnie w celu redukcji tkanki t\u0142uszczowej. Zawiera silne po\u0142\u0105czenie lipazy, kofeiny i organicznego krzemu, kt\u00f3re pomaga aktywnie rozk\u0142ada\u0107 t\u0142uszcze, poprawia mikrokr\u0105\u017cenie i wzmacnia tkanki sk\u00f3ry. Preparat ten mo\u017ce by\u0107 przydatny dla os\u00f3b d\u0105\u017c\u0105cych do poprawy konturu cia\u0142a, zmniejszenia obj\u0119to\u015bci i poprawy napi\u0119cia sk\u00f3ry. Pomaga uzyska\u0107 g\u0142adsz\u0105 i bardziej harmonijn\u0105 sylwetk\u0119, wspieraj\u0105c Ci\u0119 w d\u0105\u017ceniu do osi\u0105gni\u0119cia Twoich cel\u00f3w kosmetycznych.<\/p>","protected":false},"featured_media":2954,"comment_status":"closed","ping_status":"closed","template":"","meta":[],"product_cat":[76,81],"product_tag":[],"class_list":["post-2953","product","type-product","status-publish","has-post-thumbnail","hentry","product_cat-procedures-injections","product_cat-simil-diet-fermenti"],"_links":{"self":[{"href":"https:\/\/brovko.clinic\/pl\/wp-json\/wp\/v2\/product\/2953","targetHints":{"allow":["GET"]}}],"collection":[{"href":"https:\/\/brovko.clinic\/pl\/wp-json\/wp\/v2\/product"}],"about":[{"href":"https:\/\/brovko.clinic\/pl\/wp-json\/wp\/v2\/types\/product"}],"replies":[{"embeddable":true,"href":"https:\/\/brovko.clinic\/pl\/wp-json\/wp\/v2\/comments?post=2953"}],"wp:featuredmedia":[{"embeddable":true,"href":"https:\/\/brovko.clinic\/pl\/wp-json\/wp\/v2\/media\/2954"}],"wp:attachment":[{"href":"https:\/\/brovko.clinic\/pl\/wp-json\/wp\/v2\/media?parent=2953"}],"wp:term":[{"taxonomy":"product_cat","embeddable":true,"href":"https:\/\/brovko.clinic\/pl\/wp-json\/wp\/v2\/product_cat?post=2953"},{"taxonomy":"product_tag","embeddable":true,"href":"https:\/\/brovko.clinic\/pl\/wp-json\/wp\/v2\/product_tag?post=2953"}],"curies":[{"name":"wp","href":"https:\/\/api.w.org\/{rel}","templated":true}]}}