{"id":2942,"date":"2023-09-12T18:45:23","date_gmt":"2023-09-12T16:45:23","guid":{"rendered":"https:\/\/brovko.clinic\/?post_type=product&#038;p=2942"},"modified":"2023-09-13T13:38:58","modified_gmt":"2023-09-13T11:38:58","slug":"lipolitics-of-meso-3","status":"publish","type":"product","link":"https:\/\/brovko.clinic\/pl\/shop\/lipolityka-mezo-3\/","title":{"rendered":"Lipolityka Meso 3"},"content":{"rendered":"<p>Meso 3 to lipolityczny produkt do depilacji, opracowany specjalnie w celu zwalczania cellulitu i poprawy tekstury sk\u00f3ry. Produkt ten znany jest ze swojej zdolno\u015bci do poprawy mikrokr\u0105\u017cenia krwi i aktywno\u015bci fibrynolitycznej osocza, pomagaj\u0105c w rozpuszczaniu struktur w\u0142\u00f3knistych odpowiedzialnych za powstawanie cellulitu. Sk\u0142adniki te pomagaj\u0105 r\u00f3wnie\u017c w usuwaniu obrz\u0119k\u00f3w i toksyn z tkanek, poprawiaj\u0105c kondycj\u0119 sk\u00f3ry i nadaj\u0105c jej g\u0142adszy i bardziej elastyczny wygl\u0105d.<\/p>\n<p>Jednym z kluczowych sk\u0142adnik\u00f3w Meso 3 jest trokserutyna. Ten biologicznie aktywny zwi\u0105zek poprawia mikrokr\u0105\u017cenie krwi, co pomaga ograniczy\u0107 tworzenie si\u0119 wi\u0105za\u0144 mi\u0119dzy kom\u00f3rkami odpowiedzialnymi za widoczny cellulit. Teofilina, kolejny kluczowy sk\u0142adnik, pomaga zmniejszy\u0107 obrz\u0119k poprzez rozszerzenie naczy\u0144 krwiono\u015bnych i usprawnienie usuwania nadmiaru p\u0142ynu z tkanek.<\/p>\n<p>Meso 3 zawiera r\u00f3wnie\u017c hialuronidaz\u0119, kt\u00f3ra rozk\u0142ada kwas hialuronowy, co mo\u017ce przyczynia\u0107 si\u0119 do tworzenia wi\u0105za\u0144 w\u0142\u00f3knistych. Proces ten pomaga poprawi\u0107 struktur\u0119 sk\u00f3ry i zredukowa\u0107 cellulit.<\/p>\n<p>Produkt ten mo\u017cna stosowa\u0107 na wiele cz\u0119sto problematycznych obszar\u00f3w, takich jak wewn\u0119trzna strona ramion, brzuch, uda i po\u015bladki. Pomaga poprawi\u0107 wygl\u0105d sk\u00f3ry i zredukowa\u0107 tkank\u0119 t\u0142uszczow\u0105, co czyni go idealnym rozwi\u0105zaniem dla os\u00f3b pragn\u0105cych poprawi\u0107 sw\u00f3j wygl\u0105d i poczu\u0107 si\u0119 pewniej.<\/p>\n<p>G\u0142\u00f3wne korzy\u015bci ze stosowania Meso 3 to:<\/p>\n<ol>\n<li>Redukcja widocznego cellulitu: Lek pomaga rozpu\u015bci\u0107 struktury w\u0142\u00f3kniste odpowiedzialne za cellulit i poprawia struktur\u0119 sk\u00f3ry.<\/li>\n<li>Usuwanie obrz\u0119k\u00f3w: Dzia\u0142aj\u0105c na naczynia krwiono\u015bne, Meso 3 pomaga zmniejszy\u0107 obrz\u0119ki i usprawni\u0107 usuwanie nadmiaru p\u0142ynu z tkanek.<\/li>\n<li>Poprawa tekstury sk\u00f3ry: Stosowanie leku mo\u017ce prowadzi\u0107 do uzyskania g\u0142adszej i bardziej elastycznej sk\u00f3ry.<\/li>\n<li>Metoda nieinwazyjna: Meso 3 mo\u017cna stosowa\u0107 bez konieczno\u015bci operacji, co czyni go korzystnym wyborem dla wielu os\u00f3b.<\/li>\n<\/ol>\n<p>Og\u00f3lnie rzecz bior\u0105c, Meso 3 to niezwykle skuteczny lek lipolityczny, kt\u00f3ry mo\u017ce pom\u00f3c poprawi\u0107 tekstur\u0119 sk\u00f3ry i zredukowa\u0107 ilo\u015b\u0107 tkanki t\u0142uszczowej, dzi\u0119ki czemu b\u0119dziesz wygl\u0105da\u0107 i czu\u0107 si\u0119 lepiej.<\/p>","protected":false},"excerpt":{"rendered":"<p><strong>Wszystkie zastrzyki wykonujemy wy\u0142\u0105cznie wed\u0142ug przepisu lekarza!<\/strong><\/p>\n<p>Meso 3 to wysoce skuteczny lek lipolityczny, kt\u00f3ry poprawia kondycj\u0119 sk\u00f3ry i zwalcza cellulit. Lek ten poprawia mikrokr\u0105\u017cenie i rozpuszcza struktury w\u0142\u00f3kniste odpowiedzialne za widoczny cellulit, a tak\u017ce pomaga wyeliminowa\u0107 obrz\u0119ki i toksyny z tkanek. Meso 3 zawiera takie sk\u0142adniki jak trokserutyna, teofilina i hialuronidaza, kt\u00f3re pomagaj\u0105 poprawi\u0107 struktur\u0119 sk\u00f3ry i zredukowa\u0107 bezt\u0142uszczow\u0105 tkank\u0119 t\u0142uszczow\u0105. Lek ten idealnie sprawdza si\u0119 w obszarach cz\u0119sto problematycznych, takich jak wewn\u0119trzna strona ramion, brzuch, uda i po\u015bladki. Meso 3 to nowoczesny i skuteczny spos\u00f3b na popraw\u0119 wygl\u0105du sk\u00f3ry i poczucie pewno\u015bci siebie.<\/p>","protected":false},"featured_media":2943,"comment_status":"closed","ping_status":"closed","template":"","meta":[],"product_cat":[80,76],"product_tag":[],"class_list":["post-2942","product","type-product","status-publish","has-post-thumbnail","hentry","product_cat-alsavique-iron-based-and-systemic-enzyme-lipolytics","product_cat-procedures-injections"],"_links":{"self":[{"href":"https:\/\/brovko.clinic\/pl\/wp-json\/wp\/v2\/product\/2942","targetHints":{"allow":["GET"]}}],"collection":[{"href":"https:\/\/brovko.clinic\/pl\/wp-json\/wp\/v2\/product"}],"about":[{"href":"https:\/\/brovko.clinic\/pl\/wp-json\/wp\/v2\/types\/product"}],"replies":[{"embeddable":true,"href":"https:\/\/brovko.clinic\/pl\/wp-json\/wp\/v2\/comments?post=2942"}],"wp:featuredmedia":[{"embeddable":true,"href":"https:\/\/brovko.clinic\/pl\/wp-json\/wp\/v2\/media\/2943"}],"wp:attachment":[{"href":"https:\/\/brovko.clinic\/pl\/wp-json\/wp\/v2\/media?parent=2942"}],"wp:term":[{"taxonomy":"product_cat","embeddable":true,"href":"https:\/\/brovko.clinic\/pl\/wp-json\/wp\/v2\/product_cat?post=2942"},{"taxonomy":"product_tag","embeddable":true,"href":"https:\/\/brovko.clinic\/pl\/wp-json\/wp\/v2\/product_tag?post=2942"}],"curies":[{"name":"wp","href":"https:\/\/api.w.org\/{rel}","templated":true}]}}