{"id":2933,"date":"2023-09-12T18:08:10","date_gmt":"2023-09-12T16:08:10","guid":{"rendered":"https:\/\/brovko.clinic\/?post_type=product&#038;p=2933"},"modified":"2026-05-08T11:32:27","modified_gmt":"2026-05-08T09:32:27","slug":"lipopolitics-of-fat-apoptozis","status":"publish","type":"product","link":"https:\/\/brovko.clinic\/pl\/shop\/lipopolityka-tluszczu-apoptoza\/","title":{"rendered":"Lipolityczna apoptoza t\u0142uszczu"},"content":{"rendered":"<p>Fat Apoptozis to innowacyjny lek do wstrzykiwa\u0144, opracowany w celu redukcji nadmiaru tkanki t\u0142uszczowej na twarzy i ciele. Stanowi on wa\u017cny krok w rozwoju modelowania sylwetki i metod modelowania sylwetki, umo\u017cliwiaj\u0105c pacjentom osi\u0105gni\u0119cie po\u017c\u0105danych rezultat\u00f3w bez konieczno\u015bci operacji. Przyjrzyjmy si\u0119, jak dzia\u0142a Alsavique Fat Apoptozis, dlaczego jest potrzebny i jakie korzy\u015bci oferuje.<\/p>\n<p><strong>Jak to dzia\u0142a?<\/strong><\/p>\n<p>Metoda Fat Apoptozis wykorzystuje technologi\u0119 apoptozy w celu zmniejszenia obj\u0119to\u015bci z\u0142og\u00f3w t\u0142uszczu. Apoptoza to naturalny biologiczny proces programowanej \u015bmierci kom\u00f3rek. Zachodzi bez wywo\u0142ywania reakcji zapalnej i innych niepo\u017c\u0105danych skutk\u00f3w, takich jak martwica i w\u0142\u00f3knienie. Podczas apoptozy kom\u00f3rki rozpadaj\u0105 si\u0119 na ma\u0142e fragmenty, kt\u00f3re s\u0105 fagocytowane (wch\u0142aniane) przez makrofagi. Proces ten jest bezpiecznym i skutecznym sposobem usuwania kom\u00f3rek t\u0142uszczowych z tkanek.<\/p>\n<p><strong>Dlaczego jest to konieczne?<\/strong><\/p>\n<p>Zabieg Fat Apoptozis zosta\u0142 opracowany w celu skorygowania problemu nadmiaru tkanki t\u0142uszczowej. Problem ten mo\u017ce wynika\u0107 z r\u00f3\u017cnych czynnik\u00f3w, w tym genetyki, nawyk\u00f3w \u017cywieniowych i stylu \u017cycia. Pacjenci, kt\u00f3rzy chc\u0105 poprawi\u0107 owal twarzy, usun\u0105\u0107 grudkowat\u0105 tkank\u0119 t\u0142uszczow\u0105 lub pozby\u0107 si\u0119 uwypuklonych work\u00f3w przepuklinowych w ko\u0144czynach g\u00f3rnych i dolnych, mog\u0105 skorzysta\u0107 z zabiegu Fat Apoptozis jako skutecznej metody korekcji sylwetki i twarzy.<\/p>\n<p><strong>Korzy\u015bci z apoptozy t\u0142uszczu:<\/strong><\/p>\n<ol>\n<li><strong>Bezpiecze\u0144stwo:<\/strong> Dzi\u0119ki wykorzystaniu apoptozy, Fat Apoptozis nie wywo\u0142uje reakcji zapalnych, martwicy ani zw\u0142\u00f3knienia. Pozwala to na osi\u0105gni\u0119cie po\u017c\u0105danych rezultat\u00f3w bez negatywnych konsekwencji dla sk\u00f3ry i tkanek.<\/li>\n<li><strong>Efektywno\u015b\u0107:<\/strong> Celem leku jest redukcja obj\u0119to\u015bci tkanki t\u0142uszczowej, a efekty mo\u017cna zauwa\u017cy\u0107 natychmiast po zabiegu.<\/li>\n<li><strong>Metoda niechirurgiczna:<\/strong> Apoptoza t\u0142uszczu pozwala unikn\u0105\u0107 interwencji chirurgicznej, zmniejszaj\u0105c ryzyko i skracaj\u0105c okres rekonwalescencji.<\/li>\n<li><strong>Szeroki zakres zastosowa\u0144:<\/strong> Lek mo\u017cna stosowa\u0107 do korekcji r\u00f3\u017cnych obszar\u00f3w cia\u0142a i twarzy, dzi\u0119ki czemu jest uniwersalnym narz\u0119dziem dla kosmetolog\u00f3w.<\/li>\n<\/ol>\n<p>Fat Apoptozis to innowacyjna i bezpieczna metoda redukcji tkanki t\u0142uszczowej oraz poprawy kontur\u00f3w twarzy i cia\u0142a. Wykorzystuj\u0105c naturalny proces apoptozy, produkt ten pozwala pacjentom osi\u0105gn\u0105\u0107 po\u017c\u0105dane rezultaty bez operacji i ryzyka skutk\u00f3w ubocznych.<\/p>","protected":false},"excerpt":{"rendered":"<p><strong>Wszystkie zastrzyki wykonujemy wy\u0142\u0105cznie wed\u0142ug przepisu lekarza!<\/strong><\/p>\n<p>AlsaviqueFat Apoptozis to wstrzykiwany produkt przeznaczony do redukcji nadmiaru tkanki t\u0142uszczowej w obr\u0119bie cia\u0142a i twarzy. Produkt ten wykorzystuje specjaln\u0105 technologi\u0119, kt\u00f3ra ma na celu redukcj\u0119 liczby adipocyt\u00f3w poprzez stymulacj\u0119 apoptozy \u2013 naturalnego procesu biologicznego. G\u0142\u00f3wnymi sk\u0142adnikami aktywnymi s\u0105 kwas askorbinowy i \u017celazo(III), kt\u00f3re stymuluj\u0105 apoptoz\u0119 adipocyt\u00f3w bez wywo\u0142ywania reakcji zapalnej. Dzi\u0119ki temu AlsaviqueFat Apoptozis jest bezpiecznym i skutecznym sposobem redukcji tkanki t\u0142uszczowej, bez ryzyka martwicy, zw\u0142\u00f3knienia lub nier\u00f3wno\u015bci sk\u00f3ry.<\/p>\n<p>Preparat AlsaviqueFat Apoptozis jest zalecany do stosowania w takich obszarach jak worki przepuklinowe na powiekach g\u00f3rnych i dolnych, kosmetyczki, bruzdy nosowo-wargowe, a tak\u017ce do niechirurgicznego usuwania grudek t\u0142uszczu z r\u00f3\u017cnych obszar\u00f3w twarzy i cia\u0142a. Preparat dost\u0119pny jest w fiolkach z ciemnego szk\u0142a i jest podawany w dw\u00f3ch fazach, co zapewnia maksymaln\u0105 skuteczno\u015b\u0107.<\/p>\n<p>AlsaviqueFat Apoptozis to innowacyjne narz\u0119dzie dla os\u00f3b, kt\u00f3re chc\u0105 zmniejszy\u0107 obj\u0119to\u015b\u0107 tkanki t\u0142uszczowej i poprawi\u0107 owal twarzy i cia\u0142a. Pozwala ono osi\u0105gn\u0105\u0107 imponuj\u0105ce rezultaty bez konieczno\u015bci interwencji chirurgicznej i wyr\u00f3\u017cnia si\u0119 brakiem przeciwwskaza\u0144 dla wielu pacjent\u00f3w.<\/p>","protected":false},"featured_media":2940,"comment_status":"closed","ping_status":"closed","template":"","meta":[],"product_cat":[80,76],"product_tag":[],"class_list":["post-2933","product","type-product","status-publish","has-post-thumbnail","hentry","product_cat-alsavique-iron-based-and-systemic-enzyme-lipolytics","product_cat-procedures-injections"],"_links":{"self":[{"href":"https:\/\/brovko.clinic\/pl\/wp-json\/wp\/v2\/product\/2933","targetHints":{"allow":["GET"]}}],"collection":[{"href":"https:\/\/brovko.clinic\/pl\/wp-json\/wp\/v2\/product"}],"about":[{"href":"https:\/\/brovko.clinic\/pl\/wp-json\/wp\/v2\/types\/product"}],"replies":[{"embeddable":true,"href":"https:\/\/brovko.clinic\/pl\/wp-json\/wp\/v2\/comments?post=2933"}],"wp:featuredmedia":[{"embeddable":true,"href":"https:\/\/brovko.clinic\/pl\/wp-json\/wp\/v2\/media\/2940"}],"wp:attachment":[{"href":"https:\/\/brovko.clinic\/pl\/wp-json\/wp\/v2\/media?parent=2933"}],"wp:term":[{"taxonomy":"product_cat","embeddable":true,"href":"https:\/\/brovko.clinic\/pl\/wp-json\/wp\/v2\/product_cat?post=2933"},{"taxonomy":"product_tag","embeddable":true,"href":"https:\/\/brovko.clinic\/pl\/wp-json\/wp\/v2\/product_tag?post=2933"}],"curies":[{"name":"wp","href":"https:\/\/api.w.org\/{rel}","templated":true}]}}