{"id":2927,"date":"2023-09-12T17:35:05","date_gmt":"2023-09-12T15:35:05","guid":{"rendered":"https:\/\/brovko.clinic\/?post_type=product&#038;p=2927"},"modified":"2023-09-12T17:35:05","modified_gmt":"2023-09-12T15:35:05","slug":"anti-cellulite-and-drainage-complex-from-rrs","status":"publish","type":"product","link":"https:\/\/brovko.clinic\/pl\/shop\/kompleks-antycellulitowy-i-drenazowy-od-rrs\/","title":{"rendered":"Kosplex antycellulitowo-drena\u017cuj\u0105cy od RRS"},"content":{"rendered":"<p>Produkty RRS, w tym RRS HA Cellutrix, to innowacyjne rozwi\u0105zania kompleksowo poprawiaj\u0105ce tekstur\u0119 sk\u00f3ry, zwalczaj\u0105ce cellulit i utrzymuj\u0105ce jej zdrowie. Stosuje si\u0119 je w ramach zabieg\u00f3w mezoterapii \u2013 metody iniekcyjnej, kt\u00f3ra pozwala sk\u0142adnikom aktywnym wnika\u0107 w g\u0142\u0119bokie warstwy sk\u00f3ry i pe\u0142ni\u0107 szereg korzystnych funkcji.<\/p>\n<p>RRS HA Cellutrix \u0142\u0105czy kwas hialuronowy z kompleksem biostymuluj\u0105cym, co pozwala uzyska\u0107 wielokierunkowy, pozytywny wp\u0142yw na sk\u00f3r\u0119. G\u0142\u00f3wnym dzia\u0142aniem preparatu jest rozpuszczanie z\u0142og\u00f3w t\u0142uszczu, kt\u00f3re tworz\u0105 cellulit. Oddzia\u0142uje on na kom\u00f3rki t\u0142uszczowe, aktywuj\u0105c ich rozk\u0142ad i wspomagaj\u0105c usuwanie toksyn z tkanek, co przyczynia si\u0119 do redukcji obj\u0119to\u015bci i korekcji kontur\u00f3w cia\u0142a.<\/p>\n<p>Korzy\u015bci ze stosowania RRS HA Cellutrix obejmuj\u0105:<\/p>\n<ol>\n<li><strong>Skuteczno\u015b\u0107 w walce z cellulitem<\/strong>Produkt pomaga zmniejszy\u0107 widoczno\u015b\u0107 cellulitu i poprawi\u0107 tekstur\u0119 sk\u00f3ry, dzi\u0119ki czemu staje si\u0119 ona g\u0142adsza i bardziej jednolita.<\/li>\n<li><strong>Wsparcie mikrokr\u0105\u017cenia<\/strong>:RRS HA Cellutrix poprawia mikrokr\u0105\u017cenie w tkankach, co pomaga zwi\u0119kszy\u0107 wymian\u0119 tlenu i od\u017cywienie kom\u00f3rek.<\/li>\n<li><strong>Ochrona antyoksydacyjna<\/strong>Dzi\u0119ki zawarto\u015bci przeciwutleniaczy produkt pomaga zwalcza\u0107 wolne rodniki, zapobiegaj\u0105c przedwczesnemu starzeniu si\u0119 sk\u00f3ry.<\/li>\n<li><strong>Przywr\u00f3cenie struktury sk\u00f3ry<\/strong>Kompleks sk\u0142adnik\u00f3w aktywnych przywraca sk\u00f3rze struktur\u0119, zapewniaj\u0105c jej nawil\u017cenie i elastyczno\u015b\u0107.<\/li>\n<li><strong>Zmniejszanie obrz\u0119k\u00f3w<\/strong>:Lek ma w\u0142a\u015bciwo\u015bci drenuj\u0105ce, kt\u00f3re pomagaj\u0105 zmniejszy\u0107 obrz\u0119k tkanek.<\/li>\n<li><strong>Bezpiecze\u0144stwo i minimalny dyskomfort<\/strong>:RRS HA Cellutrix wi\u0105\u017ce si\u0119 z niewielkim ryzykiem wyst\u0105pienia skutk\u00f3w ubocznych, takich jak b\u00f3l czy stan zapalny, kt\u00f3re cz\u0119sto wyst\u0119puj\u0105 w przypadku innych metod leczenia cellulitu.<\/li>\n<\/ol>\n<p>Dzi\u0119ki nowoczesnym technologiom i sk\u0142adnikom aktywnym RRS HA Cellutrix pozwala uzyska\u0107 widoczne i d\u0142ugotrwa\u0142e rezultaty w walce z cellulitem i poprawie kondycji sk\u00f3ry, dzi\u0119ki czemu pacjenci zyskuj\u0105 pewno\u015b\u0107 siebie i atrakcyjny wygl\u0105d.<\/p>","protected":false},"excerpt":{"rendered":"<p><strong>Wszystkie zastrzyki wykonujemy wy\u0142\u0105cznie wed\u0142ug przepisu lekarza!<\/strong><\/p>\n<p><strong>Obj\u0119to\u015b\u0107: 1x10 ml<\/strong><\/p>\n<p>Preparaty RRS to zaawansowane produkty plasuj\u0105ce si\u0119 pomi\u0119dzy implantami a biorewitalizatorami. Kwas hialuronowy przywraca sk\u00f3rze nawil\u017cenie, stymuluje kom\u00f3rki i regeneracj\u0119, dzia\u0142a antyoksydacyjnie. Kompleks biorewitalizuj\u0105cy spowalnia procesy starzenia, od\u017cywia sk\u00f3r\u0119, stymuluje wzrost w\u0142os\u00f3w oraz dzia\u0142a antycellulitowo i rozja\u015bniaj\u0105co.<\/p>\n<p>RRS HA Cellutrix lipolityczny zawiera nieusieciowany kwas hialuronowy zwi\u0105zany z kompleksem biostymuluj\u0105cym. Produkt ten jest polecany do iniekcyjnego leczenia cellulitu, poprawy tekstury sk\u00f3ry i redukcji obrz\u0119k\u00f3w.<\/p>\n<p>RRS Cellutrix zawiera substancje lipolityczne, przeciwutleniacze, pierwiastki \u015bladowe, saponiny, triterpeny, flawonoidy, witaminy, alfa-hydroksykwasy i polifenole. Wszystkie te sk\u0142adniki aktywne przyczyniaj\u0105 si\u0119 do rozk\u0142adu t\u0142uszcz\u00f3w, poprawy mikrokr\u0105\u017cenia i og\u00f3lnej poprawy wygl\u0105du sk\u00f3ry.<\/p>\n<p>RRS Cellutrix to innowacyjne podej\u015bcie do walki z cellulitem i poprawy struktury sk\u00f3ry, pozwalaj\u0105ce uzyska\u0107 widoczne rezultaty bez bolesnych zabieg\u00f3w.<\/p>","protected":false},"featured_media":2931,"comment_status":"closed","ping_status":"closed","template":"","meta":[],"product_cat":[79,76],"product_tag":[],"class_list":["post-2927","product","type-product","status-publish","has-post-thumbnail","hentry","product_cat-anti-cellulite-and-drainage-complex-from-rrs","product_cat-procedures-injections"],"_links":{"self":[{"href":"https:\/\/brovko.clinic\/pl\/wp-json\/wp\/v2\/product\/2927","targetHints":{"allow":["GET"]}}],"collection":[{"href":"https:\/\/brovko.clinic\/pl\/wp-json\/wp\/v2\/product"}],"about":[{"href":"https:\/\/brovko.clinic\/pl\/wp-json\/wp\/v2\/types\/product"}],"replies":[{"embeddable":true,"href":"https:\/\/brovko.clinic\/pl\/wp-json\/wp\/v2\/comments?post=2927"}],"wp:featuredmedia":[{"embeddable":true,"href":"https:\/\/brovko.clinic\/pl\/wp-json\/wp\/v2\/media\/2931"}],"wp:attachment":[{"href":"https:\/\/brovko.clinic\/pl\/wp-json\/wp\/v2\/media?parent=2927"}],"wp:term":[{"taxonomy":"product_cat","embeddable":true,"href":"https:\/\/brovko.clinic\/pl\/wp-json\/wp\/v2\/product_cat?post=2927"},{"taxonomy":"product_tag","embeddable":true,"href":"https:\/\/brovko.clinic\/pl\/wp-json\/wp\/v2\/product_tag?post=2927"}],"curies":[{"name":"wp","href":"https:\/\/api.w.org\/{rel}","templated":true}]}}