{"id":2919,"date":"2023-09-12T17:18:19","date_gmt":"2023-09-12T15:18:19","guid":{"rendered":"https:\/\/brovko.clinic\/?post_type=product&#038;p=2919"},"modified":"2023-09-13T13:42:37","modified_gmt":"2023-09-13T11:42:37","slug":"enzyme-peptide-lipolytic-dermica","status":"publish","type":"product","link":"https:\/\/brovko.clinic\/pl\/shop\/enzym-peptyd-lipolityczny-dermica\/","title":{"rendered":"Enzymatyczny peptyd lipolityczny Dermica"},"content":{"rendered":"<p>Dermica AdipoZon 7K to zaawansowany preparat lipolityczny enzymatyczno-peptydowy opracowany w oparciu o zaawansowan\u0105 technologi\u0119 biomimetyczn\u0105 peptyd\u00f3w. Ten unikalny produkt zosta\u0142 stworzony do walki z tkank\u0105 t\u0142uszczow\u0105 i cellulitem, zapewniaj\u0105c niesamowite rezultaty w procesie modelowania sylwetki i poprawy struktury sk\u00f3ry.<\/p>\n<p>W sk\u0142adzie Dermica AdipoZon 7K znajduje si\u0119 szereg silnych sk\u0142adnik\u00f3w aktywnych, kt\u00f3re przyczyniaj\u0105 si\u0119 do rozpadu tkanki t\u0142uszczowej i redukcji obj\u0119to\u015bci. Podstaw\u0105 tego produktu s\u0105 peptydy 7K, kt\u00f3re na\u015bladuj\u0105 efekt \u0107wicze\u0144 aerobowych, powoduj\u0105c uwalnianie adiponektyny z tkanki t\u0142uszczowej. To poprawia metabolizm i pomaga zmniejszy\u0107 obj\u0119to\u015b\u0107 kom\u00f3rek t\u0142uszczowych.<\/p>\n<p>Lipaza, kofeina, witaminy B1, metionina, L-karnityna, arginina, tyrozyna, ATP, oligopeptyd-2 oraz naturalne ekstrakty ro\u015blinne, takie jak nasiona kasztanowca, li\u015bcie orzecha w\u0142oskiego, morszczyn p\u0119cherzykowaty i bluszcz pospolity, stymuluj\u0105 proces lipolizy i poprawiaj\u0105 mikrokr\u0105\u017cenie.<\/p>\n<p>Zasada dzia\u0142ania Dermica AdipoZon 7K polega na stymulacji rozpadu t\u0142uszcz\u00f3w w kom\u00f3rkach t\u0142uszczowych, co prowadzi do zmniejszenia ich obj\u0119to\u015bci i liczby. Produkt przyspiesza metabolizm i poprawia mikrokr\u0105\u017cenie w miejscach aplikacji.<\/p>\n<p>Jedn\u0105 z istotnych zalet Dermica AdipoZon 7K jest brak dzia\u0142ania cytolitycznego (destrukcyjnego), co pozwala unikn\u0105\u0107 skutk\u00f3w ubocznych, takich jak b\u00f3l, stan zapalny czy gor\u0105czka. Dzi\u0119ki temu jest to bezpieczne i komfortowe narz\u0119dzie do walki z cellulitem i tkank\u0105 t\u0142uszczow\u0105.<\/p>\n<p>Dermica AdipoZon 7K to innowacyjne rozwi\u0105zanie dla os\u00f3b, kt\u00f3re chc\u0105 osi\u0105gn\u0105\u0107 idealn\u0105 sylwetk\u0119 i poprawi\u0107 struktur\u0119 sk\u00f3ry bez uci\u0105\u017cliwych zabieg\u00f3w i ryzyka ubocznego. Ten produkt pomo\u017ce Ci poczu\u0107 si\u0119 pewniej i zbli\u017cy\u0107 si\u0119 do swoich cel\u00f3w fitness i urody.<\/p>","protected":false},"excerpt":{"rendered":"<p><strong>Wszystkie zastrzyki wykonujemy wy\u0142\u0105cznie wed\u0142ug przepisu lekarza!<\/strong><\/p>\n<p><strong>Obj\u0119to\u015b\u0107: 1x6 ml<\/strong><\/p>\n<p>Dermica AdipoZon 7K to zaawansowany enzymatyczno-peptydowy lipolityczny preparat, kt\u00f3ry rozwi\u0105zuje problemy z tkank\u0105 t\u0142uszczow\u0105 w najskuteczniejszy i najbezpieczniejszy spos\u00f3b. Ten unikalny lek wykorzystuje zaawansowan\u0105 technologi\u0119 biomimetyczn\u0105 peptyd\u00f3w, aby stymulowa\u0107 lipoliz\u0119 \u2013 proces rozpadu kom\u00f3rek t\u0142uszczowych.<\/p>\n<p>AdipoZon r\u00f3\u017cni si\u0119 od innych \u015brodk\u00f3w lipolitycznych tym, \u017ce nie powoduje cytolizy (niszczenia kom\u00f3rek t\u0142uszczowych), dzi\u0119ki czemu nie powoduje nieprzyjemnych skutk\u00f3w ubocznych, takich jak b\u00f3l, stan zapalny lub gor\u0105czka.<\/p>\n<p>W sk\u0142adzie AdipoZon znajduj\u0105 si\u0119 nowoczesne peptydy 7K, lipaza, kofeina, witaminy i inne sk\u0142adniki aktywne, kt\u00f3re stymuluj\u0105 procesy lipolizy i poprawiaj\u0105 metabolizm. Preparat skutecznie pomaga rozpu\u015bci\u0107 tkank\u0119 t\u0142uszczow\u0105, zwi\u0119kszy\u0107 efektywno\u015b\u0107 \u0107wicze\u0144 aerobowych i przyspieszy\u0107 metabolizm. Dermica AdipoZon 7K to innowacyjny spos\u00f3b na osi\u0105gni\u0119cie po\u017c\u0105danej sylwetki i dobrego samopoczucia bez ryzyka dzia\u0142a\u0144 niepo\u017c\u0105danych.<\/p>","protected":false},"featured_media":2925,"comment_status":"closed","ping_status":"closed","template":"","meta":[],"product_cat":[76,78],"product_tag":[],"class_list":["post-2919","product","type-product","status-publish","has-post-thumbnail","hentry","product_cat-procedures-injections","product_cat-enzyme-peptide-lipolytic-dermica"],"_links":{"self":[{"href":"https:\/\/brovko.clinic\/pl\/wp-json\/wp\/v2\/product\/2919","targetHints":{"allow":["GET"]}}],"collection":[{"href":"https:\/\/brovko.clinic\/pl\/wp-json\/wp\/v2\/product"}],"about":[{"href":"https:\/\/brovko.clinic\/pl\/wp-json\/wp\/v2\/types\/product"}],"replies":[{"embeddable":true,"href":"https:\/\/brovko.clinic\/pl\/wp-json\/wp\/v2\/comments?post=2919"}],"wp:featuredmedia":[{"embeddable":true,"href":"https:\/\/brovko.clinic\/pl\/wp-json\/wp\/v2\/media\/2925"}],"wp:attachment":[{"href":"https:\/\/brovko.clinic\/pl\/wp-json\/wp\/v2\/media?parent=2919"}],"wp:term":[{"taxonomy":"product_cat","embeddable":true,"href":"https:\/\/brovko.clinic\/pl\/wp-json\/wp\/v2\/product_cat?post=2919"},{"taxonomy":"product_tag","embeddable":true,"href":"https:\/\/brovko.clinic\/pl\/wp-json\/wp\/v2\/product_tag?post=2919"}],"curies":[{"name":"wp","href":"https:\/\/api.w.org\/{rel}","templated":true}]}}