{"id":2918,"date":"2023-09-12T17:01:52","date_gmt":"2023-09-12T15:01:52","guid":{"rendered":"https:\/\/brovko.clinic\/?post_type=product&#038;p=2918"},"modified":"2023-09-13T13:43:03","modified_gmt":"2023-09-13T11:43:03","slug":"cocktail-to-stimulate-hair-growth","status":"publish","type":"product","link":"https:\/\/brovko.clinic\/pl\/shop\/koktajl-stymulujacy-wzrost-wlosow\/","title":{"rendered":"Koktajl stymuluj\u0105cy wzrost w\u0142os\u00f3w"},"content":{"rendered":"<p>Koktajl stymuluj\u0105cy wzrost w\u0142os\u00f3w C.prof 230 to innowacyjny produkt opracowany do mezoterapii, kt\u00f3ry poprawia kondycj\u0119 w\u0142os\u00f3w i stymuluje ich wzrost. Produkt ten wpisuje si\u0119 w niezwykle popularn\u0105 dziedzin\u0119 kosmetologii, poniewa\u017c w\u0142osy odgrywaj\u0105 wa\u017cn\u0105 rol\u0119 w wygl\u0105dzie i samopoczuciu cz\u0142owieka. W\u0142osy to nie tylko ozdoba, ale tak\u017ce wa\u017cny element indywidualno\u015bci i ekspresji.<\/p>\n<p>G\u0142\u00f3wnym problemem, z kt\u00f3rym boryka si\u0119 wiele os\u00f3b, jest wypadanie lub uszkodzenie w\u0142os\u00f3w, co mo\u017ce by\u0107 spowodowane r\u00f3\u017cnymi czynnikami, takimi jak genetyka, stres, niew\u0142a\u015bciwa dieta, a nawet z\u0142e nawyki. W\u0142a\u015bnie w celu rozwi\u0105zania tych problem\u00f3w opracowano koktajl stymuluj\u0105cy wzrost w\u0142os\u00f3w C.prof 230.<\/p>\n<p>Ten koktajl zawiera unikaln\u0105 kombinacj\u0119 sk\u0142adnik\u00f3w aktywnych, kt\u00f3re dzia\u0142aj\u0105 synergicznie, aby osi\u0105gn\u0105\u0107 najlepsze rezultaty. Jednym z kluczowych sk\u0142adnik\u00f3w jest peptyd miedzi, znany ze swoich w\u0142a\u015bciwo\u015bci wspieraj\u0105cych zdrowie mieszk\u00f3w w\u0142osowych i stymuluj\u0105cych wzrost nowych w\u0142os\u00f3w. Pomaga r\u00f3wnie\u017c zatrzyma\u0107 proces starzenia si\u0119 w\u0142os\u00f3w, kt\u00f3ry cz\u0119sto prowadzi do ich wypadania.<\/p>\n<p>Witaminy z grupy B, pirydoksyna i kapsaicyna s\u0105 r\u00f3wnie\u017c istotne dla wzmocnienia w\u0142os\u00f3w i poprawy ich kondycji. Pomagaj\u0105 one zwi\u0119kszy\u0107 mikrokr\u0105\u017cenie krwi w mieszku w\u0142osowym, co zapewnia lepsze od\u017cywienie cebulek w\u0142os\u00f3w i wspomaga ich wzrost.<\/p>\n<p>Koktajl stymuluj\u0105cy wzrost w\u0142os\u00f3w C.prof 230 ma wiele zalet. Po pierwsze, pomaga zapobiega\u0107 wypadaniu w\u0142os\u00f3w i poprawia ich og\u00f3ln\u0105 jako\u015b\u0107. W\u0142osy staj\u0105 si\u0119 mocniejsze, grubsze i bardziej \u017cywe. Po drugie, ten koktajl jest odpowiedni dla wszystkich rodzaj\u00f3w sk\u00f3ry g\u0142owy i w\u0142os\u00f3w, co czyni go uniwersalnym rozwi\u0105zaniem dla wielu os\u00f3b. Po trzecie, stosowanie koktajlu jest ma\u0142oinwazyjn\u0105 metod\u0105 leczenia, co pozwala unikn\u0105\u0107 skomplikowanych zabieg\u00f3w chirurgicznych.<\/p>\n<p>Wszystko to sprawia, \u017ce koktajl stymuluj\u0105cy wzrost w\u0142os\u00f3w C.prof 230 to idealny wyb\u00f3r dla os\u00f3b, kt\u00f3re chc\u0105 mie\u0107 zdrowe, mocne i pi\u0119kne w\u0142osy. Ten koktajl pomo\u017ce Ci poczu\u0107 si\u0119 pewnie i atrakcyjnie, zapewniaj\u0105c Twoim lokom wysokiej jako\u015bci piel\u0119gnacj\u0119.<\/p>","protected":false},"excerpt":{"rendered":"<p><strong>Wszystkie zastrzyki wykonujemy wy\u0142\u0105cznie wed\u0142ug przepisu lekarza!<\/strong><\/p>\n<p><strong>Obj\u0119to\u015b\u0107: 1 x 5 ml<\/strong><\/p>\n<p>Koktajl stymuluj\u0105cy wzrost w\u0142os\u00f3w C.prof 230 to innowacyjny produkt do mezoterapii, opracowany specjalnie w celu wzmocnienia w\u0142os\u00f3w i utrzymania ich zdrowia. Koktajl zawiera unikaln\u0105 kombinacj\u0119 sk\u0142adnik\u00f3w aktywnych, kt\u00f3re stymuluj\u0105 wzrost w\u0142os\u00f3w i poprawiaj\u0105 ich struktur\u0119.<\/p>\n<p>Koktajl zawiera peptyd miedzi, witaminy z grupy B, pirydoksyn\u0119 i kapsaicyn\u0119, kt\u00f3re razem poprawiaj\u0105 mikrokr\u0105\u017cenie krwi w mieszkach w\u0142osowych i zwi\u0119kszaj\u0105 ich od\u017cywienie. Pomaga to zatrzyma\u0107 proces starzenia si\u0119 w\u0142os\u00f3w i zapobiega ich wypadaniu.<\/p>\n<p>Dodatkowo, koktajl ten ma w\u0142a\u015bciwo\u015bci nawil\u017caj\u0105ce i od\u017cywiaj\u0105ce sk\u00f3r\u0119 g\u0142owy, co pomaga wzmocni\u0107 w\u0142osy i utrzyma\u0107 ich zdrowie. Biotyna, cynk, ekstrakt z mi\u0142orz\u0119bu japo\u0144skiego, pantenol i adenozyna to sk\u0142adniki aktywne, kt\u00f3re poprawiaj\u0105 kondycj\u0119 w\u0142os\u00f3w i zapewniaj\u0105 ich wzrost.<\/p>\n<p>Koktajl stymuluj\u0105cy wzrost w\u0142os\u00f3w C.prof 230 to idealny wyb\u00f3r dla os\u00f3b zmagaj\u0105cych si\u0119 z wypadaniem w\u0142os\u00f3w i marz\u0105cych o zdrowych, mocnych i g\u0119stych lokach.<\/p>","protected":false},"featured_media":2890,"comment_status":"closed","ping_status":"closed","template":"","meta":[],"product_cat":[77,76],"product_tag":[],"class_list":["post-2918","product","type-product","status-publish","has-post-thumbnail","hentry","product_cat-cocktails-for-mesotherapy-c-prof","product_cat-procedures-injections"],"_links":{"self":[{"href":"https:\/\/brovko.clinic\/pl\/wp-json\/wp\/v2\/product\/2918","targetHints":{"allow":["GET"]}}],"collection":[{"href":"https:\/\/brovko.clinic\/pl\/wp-json\/wp\/v2\/product"}],"about":[{"href":"https:\/\/brovko.clinic\/pl\/wp-json\/wp\/v2\/types\/product"}],"replies":[{"embeddable":true,"href":"https:\/\/brovko.clinic\/pl\/wp-json\/wp\/v2\/comments?post=2918"}],"wp:featuredmedia":[{"embeddable":true,"href":"https:\/\/brovko.clinic\/pl\/wp-json\/wp\/v2\/media\/2890"}],"wp:attachment":[{"href":"https:\/\/brovko.clinic\/pl\/wp-json\/wp\/v2\/media?parent=2918"}],"wp:term":[{"taxonomy":"product_cat","embeddable":true,"href":"https:\/\/brovko.clinic\/pl\/wp-json\/wp\/v2\/product_cat?post=2918"},{"taxonomy":"product_tag","embeddable":true,"href":"https:\/\/brovko.clinic\/pl\/wp-json\/wp\/v2\/product_tag?post=2918"}],"curies":[{"name":"wp","href":"https:\/\/api.w.org\/{rel}","templated":true}]}}