{"id":2917,"date":"2023-09-12T16:53:27","date_gmt":"2023-09-12T14:53:27","guid":{"rendered":"https:\/\/brovko.clinic\/?post_type=product&#038;p=2917"},"modified":"2023-09-12T16:53:27","modified_gmt":"2023-09-12T14:53:27","slug":"anti-cellulite-cocktail","status":"publish","type":"product","link":"https:\/\/brovko.clinic\/pl\/shop\/koktajl-antycellulitowy\/","title":{"rendered":"Koktajl antycellulitowy"},"content":{"rendered":"<p>Koktajl antycellulitowy C.prof 224 to innowacyjny produkt do mezoterapii, opracowany specjalnie w celu zwalczania cellulitu i poprawy struktury sk\u00f3ry. Zawiera unikaln\u0105 kombinacj\u0119 sk\u0142adnik\u00f3w aktywnych, kt\u00f3re pomagaj\u0105 zmniejszy\u0107 obj\u0119to\u015b\u0107 tkanki t\u0142uszczowej, poprawi\u0107 mikrokr\u0105\u017cenie krwi i napi\u0119cie naczy\u0144 krwiono\u015bnych. Przyjrzyjmy si\u0119 bli\u017cej, jak dzia\u0142a ten koktajl, dlaczego jest potrzebny i jakie korzy\u015bci mo\u017ce przynie\u015b\u0107.<\/p>\n<p><strong>Jak to dzia\u0142a:<\/strong><\/p>\n<p>Cellulit jest wynikiem gromadzenia si\u0119 tkanki t\u0142uszczowej w tkance podsk\u00f3rnej, co prowadzi do powstawania wypuk\u0142o\u015bci i nier\u00f3wno\u015bci na sk\u00f3rze. Mo\u017ce by\u0107 spowodowany r\u00f3\u017cnymi czynnikami, takimi jak zmiany hormonalne, niew\u0142a\u015bciwa dieta, siedz\u0105cy tryb \u017cycia i genetyka. Koktajl antycellulitowy C.prof 224 dzia\u0142a wielopoziomowo, redukuj\u0105c t\u0119 dolegliwo\u015b\u0107.<\/p>\n<ol>\n<li><strong>Dzia\u0142anie lipolityczne<\/strong>Kofeina, jeden z aktywnych sk\u0142adnik\u00f3w koktajlu, stymuluje metabolizm kwas\u00f3w t\u0142uszczowych, co prowadzi do rozpadu z\u0142og\u00f3w t\u0142uszczu w adipocytach (kom\u00f3rkach t\u0142uszczowych). Pomaga to zmniejszy\u0107 obj\u0119to\u015b\u0107 wybrzusze\u0144 cellulitowych i poprawi\u0107 ich struktur\u0119.<\/li>\n<li><strong>Poprawa mikrokr\u0105\u017cenia krwi<\/strong>: Kapsaicyna i trokserutyna zawarte w koktajlu wspomagaj\u0105 mikrokr\u0105\u017cenie krwi w obszarze obj\u0119tym cellulitem. Pomaga to poprawi\u0107 dop\u0142yw tlenu i sk\u0142adnik\u00f3w od\u017cywczych do tkanek, co sprzyja ich regeneracji i eliminacji toksyn.<\/li>\n<li><strong>Wzmocnienie \u015bcian naczy\u0144 krwiono\u015bnych<\/strong>:Trokserutyna wzmacnia \u015bcianki naczy\u0144 krwiono\u015bnych i zmniejsza ich przepuszczalno\u015b\u0107, co pomaga zapobiega\u0107 dalszemu tworzeniu si\u0119 cellulitu.<\/li>\n<li><strong>Lipoliza i metabolizm t\u0142uszcz\u00f3w<\/strong>:Karnityna, kt\u00f3ra jest sk\u0142adnikiem koktajlu, wspomaga metabolizm kwas\u00f3w t\u0142uszczowych i pomaga w ich usuwaniu z kom\u00f3rek.<\/li>\n<\/ol>\n<p><strong>Dlaczego jest to konieczne:<\/strong><\/p>\n<p>Cellulit mo\u017ce by\u0107 \u017ar\u00f3d\u0142em dyskomfortu i niezadowolenia dla wielu os\u00f3b. Nieestetyczne grudki na sk\u00f3rze mog\u0105 ogranicza\u0107 wyb\u00f3r ubra\u0144 i prowadzi\u0107 do utraty pewno\u015bci siebie. Koktajl antycellulitowy C.prof 224 pomaga rozwi\u0105za\u0107 ten problem poprzez redukcj\u0119 cellulitu i popraw\u0119 tekstury sk\u00f3ry.<\/p>\n<p>Koktajl znany jest r\u00f3wnie\u017c ze swoich w\u0142a\u015bciwo\u015bci poprawiaj\u0105cych og\u00f3ln\u0105 kondycj\u0119 sk\u00f3ry, czyni\u0105c j\u0105 bardziej elastyczn\u0105, g\u0142adk\u0105 i atrakcyjn\u0105. Dzi\u0119ki temu mo\u017cesz czu\u0107 si\u0119 bardziej komfortowo w swoim ciele i cieszy\u0107 si\u0119 pi\u0119knym wygl\u0105dem.<\/p>\n<p><strong>Zalety:<\/strong><\/p>\n<ol>\n<li>Redukcja cellulitu i nier\u00f3wno\u015bci sk\u00f3ry.<\/li>\n<li>Poprawa mikrokr\u0105\u017cenia i drena\u017cu krwi.<\/li>\n<li>Zwi\u0119kszone napi\u0119cie naczy\u0144 krwiono\u015bnych i stabilno\u015b\u0107 naczy\u0144 w\u0142osowatych.<\/li>\n<li>Zmniejszenie obj\u0119to\u015bci adipocyt\u00f3w.<\/li>\n<li>Poprawa og\u00f3lnej kondycji i wygl\u0105du sk\u00f3ry.<\/li>\n<\/ol>\n<p>Dlatego te\u017c koktajl antycellulitowy c.prof 224 jest idealnym wyborem dla os\u00f3b, kt\u00f3re pragn\u0105 poprawi\u0107 kondycj\u0119 swojej sk\u00f3ry i pozby\u0107 si\u0119 cellulitu, zapewniaj\u0105c widoczne i odczuwalne rezultaty.<\/p>","protected":false},"excerpt":{"rendered":"<p><strong>Wszystkie zastrzyki wykonujemy wy\u0142\u0105cznie wed\u0142ug przepisu lekarza!<\/strong><\/p>\n<p><strong>Obj\u0119to\u015b\u0107: 1 x 10 ml<\/strong><\/p>\n<p>Koktajl antycellulitowy C.prof 224 to skuteczne narz\u0119dzie do walki z cellulitem i poprawy kondycji sk\u00f3ry. Ten mezokoktajl zawiera unikaln\u0105 kombinacj\u0119 sk\u0142adnik\u00f3w aktywnych, kt\u00f3re zmniejszaj\u0105 obj\u0119to\u015b\u0107 adipocyt\u00f3w i poprawiaj\u0105 mikrokr\u0105\u017cenie krwi.<\/p>\n<p>Cellulit to zmiana struktury podsk\u00f3rnej tkanki t\u0142uszczowej, kt\u00f3ra prowadzi do nieestetycznych uwypukle\u0144 i nier\u00f3wno\u015bci na sk\u00f3rze. Jest to problem, kt\u00f3ry cz\u0119sto pojawia si\u0119 z powodu r\u00f3\u017cnych czynnik\u00f3w, takich jak zmiany hormonalne, niew\u0142a\u015bciwa dieta i niewystarczaj\u0105ca aktywno\u015b\u0107 fizyczna.<\/p>\n<p>Mezokoktajl c.prof 224 Cellulishock zawiera sk\u0142adniki aktywne, takie jak kofeina, trokserutyna, kapsaicyna i karnityna, kt\u00f3re aktywuj\u0105 metabolizm i wspomagaj\u0105 rozk\u0142ad kwas\u00f3w t\u0142uszczowych. Poprawia r\u00f3wnie\u017c napi\u0119cie naczy\u0144 krwiono\u015bnych i mikrokr\u0105\u017cenie, co pomaga w walce z cellulitem.<\/p>\n<p>Stosuj\u0105c koktajl antycellulitowy c.prof 224 mo\u017cesz osi\u0105gn\u0105\u0107 nast\u0119puj\u0105ce rezultaty:<\/p>\n<p>1. Redukcja cellulitu i wypuk\u0142o\u015bci sk\u00f3ry.<br \/>\n2. Poprawa mikrokr\u0105\u017cenia i drena\u017cu krwi.<br \/>\n3. Zmniejszenie obj\u0119to\u015bci adipocyt\u00f3w.<br \/>\n4. Zwi\u0119kszenie napi\u0119cia naczy\u0144 krwiono\u015bnych i stabilno\u015bci naczy\u0144 w\u0142osowatych.<br \/>\n5. Poprawa og\u00f3lnej kondycji i wygl\u0105du sk\u00f3ry.<\/p>\n<p>Ten koktajl jest skutecznym narz\u0119dziem dla os\u00f3b, kt\u00f3re walcz\u0105 z cellulitem i chc\u0105 poprawi\u0107 kondycj\u0119 swojej sk\u00f3ry.<\/p>","protected":false},"featured_media":2892,"comment_status":"closed","ping_status":"closed","template":"","meta":[],"product_cat":[77,76],"product_tag":[],"class_list":["post-2917","product","type-product","status-publish","has-post-thumbnail","hentry","product_cat-cocktails-for-mesotherapy-c-prof","product_cat-procedures-injections"],"_links":{"self":[{"href":"https:\/\/brovko.clinic\/pl\/wp-json\/wp\/v2\/product\/2917","targetHints":{"allow":["GET"]}}],"collection":[{"href":"https:\/\/brovko.clinic\/pl\/wp-json\/wp\/v2\/product"}],"about":[{"href":"https:\/\/brovko.clinic\/pl\/wp-json\/wp\/v2\/types\/product"}],"replies":[{"embeddable":true,"href":"https:\/\/brovko.clinic\/pl\/wp-json\/wp\/v2\/comments?post=2917"}],"wp:featuredmedia":[{"embeddable":true,"href":"https:\/\/brovko.clinic\/pl\/wp-json\/wp\/v2\/media\/2892"}],"wp:attachment":[{"href":"https:\/\/brovko.clinic\/pl\/wp-json\/wp\/v2\/media?parent=2917"}],"wp:term":[{"taxonomy":"product_cat","embeddable":true,"href":"https:\/\/brovko.clinic\/pl\/wp-json\/wp\/v2\/product_cat?post=2917"},{"taxonomy":"product_tag","embeddable":true,"href":"https:\/\/brovko.clinic\/pl\/wp-json\/wp\/v2\/product_tag?post=2917"}],"curies":[{"name":"wp","href":"https:\/\/api.w.org\/{rel}","templated":true}]}}