{"id":2915,"date":"2023-09-12T16:36:07","date_gmt":"2023-09-12T14:36:07","guid":{"rendered":"https:\/\/brovko.clinic\/?post_type=product&#038;p=2915"},"modified":"2023-09-12T16:36:08","modified_gmt":"2023-09-12T14:36:08","slug":"firming-body-cocktail","status":"publish","type":"product","link":"https:\/\/brovko.clinic\/pl\/shop\/ujedrniajacy-koktajl-do-ciala\/","title":{"rendered":"Wzmacniaj\u0105cy koktajl dla cia\u0142a"},"content":{"rendered":"<p>C.prof 222 Uj\u0119drniaj\u0105cy Koktajl do Cia\u0142a to innowacyjne rozwi\u0105zanie do mezoterapii, opracowane specjalnie dla j\u0119drnej i zdrowej sk\u00f3ry cia\u0142a. Opowiem Wam pokr\u00f3tce, jak dzia\u0142a ten koktajl i jakie korzy\u015bci mo\u017ce przynie\u015b\u0107.<\/p>\n<p><strong>Jak to dzia\u0142a?<\/strong><\/p>\n<p>C.prof 222 zawiera szereg silnie dzia\u0142aj\u0105cych sk\u0142adnik\u00f3w aktywnych, kt\u00f3re dzia\u0142aj\u0105 wsp\u00f3lnie, aby zapewni\u0107 imponuj\u0105ce rezultaty:<\/p>\n<ol>\n<li><strong>DMAE<\/strong>:Ta substancja natychmiast uj\u0119drnia sk\u00f3r\u0119 i dzia\u0142a liftinguj\u0105co. Pomaga przywr\u00f3ci\u0107 sk\u00f3rze napi\u0119cie i elastyczno\u015b\u0107, nadaj\u0105c jej m\u0142odzie\u0144czy i \u015bwie\u017cy wygl\u0105d.<\/li>\n<li><strong>Pirogronian sodu<\/strong>:Ten sk\u0142adnik stymuluje syntez\u0119 aminokwas\u00f3w i regeneracj\u0119 kolagenu, co jest wa\u017cne dla zachowania zdrowej i m\u0142odej sk\u00f3ry.<\/li>\n<li><strong>Organiczny krzem<\/strong>:Stymuluje wzrost fibroblast\u00f3w i syntez\u0119 kolagenu, utrzymuj\u0105c j\u0119drno\u015b\u0107 i elastyczno\u015b\u0107 sk\u00f3ry.<\/li>\n<li><strong>Hysprolina<\/strong>:Substancja ta wzmacnia i napina sk\u00f3r\u0119, pomagaj\u0105c zwalcza\u0107 oznaki wiotczenia cia\u0142a.<\/li>\n<\/ol>\n<p><strong>Dlaczego jest to konieczne?<\/strong><\/p>\n<p>Zabieg C.prof 222 przeznaczony jest dla os\u00f3b, kt\u00f3re chc\u0105 poprawi\u0107 kondycj\u0119 sk\u00f3ry cia\u0142a oraz przywr\u00f3ci\u0107 jej m\u0142odo\u015b\u0107 i elastyczno\u015b\u0107. Pozwala on osi\u0105gn\u0105\u0107 nast\u0119puj\u0105ce rezultaty:<\/p>\n<ol>\n<li><strong>Napi\u0119ta i m\u0142odzie\u0144cza sk\u00f3ra<\/strong>:Stosowanie tego koktajlu poprawia napi\u0119cie i j\u0119drno\u015b\u0107 sk\u00f3ry, nadaj\u0105c jej m\u0142odszy i zdrowszy wygl\u0105d.<\/li>\n<li><strong>Wzmocnienie cia\u0142a<\/strong>:Ten koktajl pomaga uj\u0119drni\u0107 sk\u00f3r\u0119, co jest szczeg\u00f3lnie wa\u017cne po utracie wagi lub ci\u0105\u017cy.<\/li>\n<li><strong>Poprawa samopoczucia<\/strong>:Wzmocniona i od\u017cywiona sk\u00f3ra cia\u0142a mo\u017ce pozytywnie wp\u0142yn\u0105\u0107 na Twoj\u0105 samoocen\u0119 i og\u00f3lny stan zdrowia.<\/li>\n<\/ol>\n<p>Zatem C.prof 222 Firming Body Cocktail to idealny spos\u00f3b na piel\u0119gnacj\u0119 sk\u00f3ry cia\u0142a i zachowanie jej zdrowia i m\u0142odo\u015bci. Dzi\u0119ki niemu poczujesz si\u0119 pewniej i atrakcyjniej.<\/p>","protected":false},"excerpt":{"rendered":"<p><strong>Wszystkie zastrzyki wykonujemy wy\u0142\u0105cznie wed\u0142ug przepisu lekarza!<\/strong><\/p>\n<p><strong>Obj\u0119to\u015b\u0107: 1 x 10 ml<\/strong><\/p>\n<p>C.prof 222 \u2013 koktajl do mezoterapii wzmacniaj\u0105cy sk\u00f3r\u0119 cia\u0142a. Zawiera sk\u0142adniki aktywne, kt\u00f3re napinaj\u0105 i od\u017cywiaj\u0105 sk\u00f3r\u0119, poprawiaj\u0105 jej napi\u0119cie i elastyczno\u015b\u0107. Stosowany w celu utrzymania zdrowej sk\u00f3ry po utracie wagi lub ci\u0105\u017cy, daj\u0105c uczucie m\u0142odo\u015bci i pewno\u015bci siebie.<\/p>","protected":false},"featured_media":2896,"comment_status":"closed","ping_status":"closed","template":"","meta":[],"product_cat":[77,76],"product_tag":[],"class_list":["post-2915","product","type-product","status-publish","has-post-thumbnail","hentry","product_cat-cocktails-for-mesotherapy-c-prof","product_cat-procedures-injections"],"_links":{"self":[{"href":"https:\/\/brovko.clinic\/pl\/wp-json\/wp\/v2\/product\/2915","targetHints":{"allow":["GET"]}}],"collection":[{"href":"https:\/\/brovko.clinic\/pl\/wp-json\/wp\/v2\/product"}],"about":[{"href":"https:\/\/brovko.clinic\/pl\/wp-json\/wp\/v2\/types\/product"}],"replies":[{"embeddable":true,"href":"https:\/\/brovko.clinic\/pl\/wp-json\/wp\/v2\/comments?post=2915"}],"wp:featuredmedia":[{"embeddable":true,"href":"https:\/\/brovko.clinic\/pl\/wp-json\/wp\/v2\/media\/2896"}],"wp:attachment":[{"href":"https:\/\/brovko.clinic\/pl\/wp-json\/wp\/v2\/media?parent=2915"}],"wp:term":[{"taxonomy":"product_cat","embeddable":true,"href":"https:\/\/brovko.clinic\/pl\/wp-json\/wp\/v2\/product_cat?post=2915"},{"taxonomy":"product_tag","embeddable":true,"href":"https:\/\/brovko.clinic\/pl\/wp-json\/wp\/v2\/product_tag?post=2915"}],"curies":[{"name":"wp","href":"https:\/\/api.w.org\/{rel}","templated":true}]}}