{"id":2914,"date":"2023-09-12T14:40:08","date_gmt":"2023-09-12T12:40:08","guid":{"rendered":"https:\/\/brovko.clinic\/?post_type=product&#038;p=2914"},"modified":"2023-09-12T14:40:09","modified_gmt":"2023-09-12T12:40:09","slug":"lipolytic-cocktail","status":"publish","type":"product","link":"https:\/\/brovko.clinic\/pl\/shop\/koktajl-lipolityczny\/","title":{"rendered":"Koktajl lipolityczny"},"content":{"rendered":"<p>Koktajl lipolityczny C.prof 221 to innowacyjny produkt do mezoterapii, kt\u00f3ry redukuje tkank\u0119 t\u0142uszczow\u0105 i poprawia tekstur\u0119 sk\u00f3ry. Opowiem Ci szczeg\u00f3\u0142owo, jak dzia\u0142a, do czego s\u0142u\u017cy i jakie korzy\u015bci mo\u017cesz uzyska\u0107, stosuj\u0105c go.<\/p>\n<p><strong>Jak to dzia\u0142a?<\/strong><\/p>\n<p>C.prof 221 zawiera szereg aktywnych sk\u0142adnik\u00f3w, kt\u00f3re wsp\u00f3\u0142dzia\u0142aj\u0105 ze sob\u0105, aby zapewni\u0107 optymalne rezultaty:<\/p>\n<ol>\n<li><strong>Ekstrakt z karczocha<\/strong>Ten naturalny sk\u0142adnik ma dzia\u0142anie lipolityczne, co oznacza, \u017ce pomaga rozk\u0142ada\u0107 t\u0142uszcz. Ma r\u00f3wnie\u017c dzia\u0142anie moczop\u0119dne, kt\u00f3re pomaga usun\u0105\u0107 nadmiar p\u0142yn\u00f3w z organizmu.<\/li>\n<li><strong>L-karnityna<\/strong>Ten zwi\u0105zek aminokwasowy odgrywa kluczow\u0105 rol\u0119 w transporcie kwas\u00f3w t\u0142uszczowych do mitochondri\u00f3w, energetycznych \u201eelektrowni\u201d kom\u00f3rek, gdzie kwasy t\u0142uszczowe s\u0105 spalane w celu dostarczenia energii i podtrzymania \u017cycia.<\/li>\n<li><strong>Teofilina<\/strong>:Ten sk\u0142adnik blokuje okre\u015blone receptory na powierzchni kom\u00f3rek t\u0142uszczowych, zwi\u0119kszaj\u0105c hydroliz\u0119 tr\u00f3jgliceryd\u00f3w. Oznacza to, \u017ce t\u0142uszcze s\u0105 rozk\u0142adane na prostsze sk\u0142adniki, takie jak glicerol i kwasy t\u0142uszczowe.<\/li>\n<li><strong>Organiczny krzem<\/strong>:Ten sk\u0142adnik stymuluje fibroblasty \u2013 kom\u00f3rki odpowiedzialne za produkcj\u0119 kolagenu, g\u0142\u00f3wnego bia\u0142ka zapewniaj\u0105cego sk\u00f3rze wytrzyma\u0142o\u015b\u0107 i elastyczno\u015b\u0107.<\/li>\n<\/ol>\n<p><strong>Dlaczego jest to konieczne?<\/strong><\/p>\n<p>Stosowanie koktajlu lipolitycznego C.prof 221 ma szereg kluczowych zalet:<\/p>\n<ol>\n<li><strong>Zmniejszenie wydzielania sebum<\/strong>:Ten koktajl pomaga rozpu\u015bci\u0107 t\u0142uszcze, zmniejszaj\u0105c ich obj\u0119to\u015b\u0107 i ilo\u015b\u0107 w okre\u015blonych obszarach cia\u0142a.<\/li>\n<li><strong>Poprawa struktury sk\u00f3ry<\/strong>:Stymuluje produkcj\u0119 kolagenu, co prowadzi do poprawy jego struktury i elastyczno\u015bci.<\/li>\n<li><strong>Walka z cellulitem<\/strong>:Ten koktajl jest skutecznym sposobem na walk\u0119 z twardym cellulitem, pomagaj\u0105cym zmniejszy\u0107 zewn\u0119trzne objawy tej dolegliwo\u015bci.<\/li>\n<li><strong>Poprawa wygl\u0105du<\/strong>:B\u0119dziesz zaskoczona popraw\u0105 wygl\u0105du swojej sk\u00f3ry, stanie si\u0119 ona g\u0142adsza, m\u0142odsza i bardziej elastyczna.<\/li>\n<li><strong>Og\u00f3lne samopoczucie<\/strong>:Zmniejszenie tkanki t\u0142uszczowej i poprawa tekstury sk\u00f3ry mo\u017ce poprawi\u0107 Twoj\u0105 samoocen\u0119 i og\u00f3lne samopoczucie.<\/li>\n<\/ol>\n<p>Dlatego koktajl lipolityczny C.prof 221 to doskona\u0142y wyb\u00f3r dla os\u00f3b, kt\u00f3re chc\u0105 poprawi\u0107 tekstur\u0119 sk\u00f3ry, zredukowa\u0107 tkank\u0119 t\u0142uszczow\u0105 i wygl\u0105da\u0107 lepiej. Ten produkt pomo\u017ce Ci osi\u0105gn\u0105\u0107 po\u017c\u0105dane rezultaty w najkr\u00f3tszym mo\u017cliwym czasie.<\/p>","protected":false},"excerpt":{"rendered":"<p><strong>Wszystkie zastrzyki wykonujemy wy\u0142\u0105cznie wed\u0142ug przepisu lekarza!<\/strong><\/p>\n<p><strong>Obj\u0119to\u015b\u0107: 1 x 10 ml<\/strong><\/p>\n<p>Koktajl lipolityczny C.prof 221 to wysoce skuteczny produkt do mezoterapii, opracowany specjalnie w celu redukcji rozmiaru i liczby adipocyt\u00f3w. Ten mezokoktajl stanowi wa\u017cny element leczenia twardego cellulitu oraz sekwencyjnego zabiegu uj\u0119drniania sk\u00f3ry po zabiegach lipolitycznych z drena\u017cem.<\/p>\n<p>Aktywne sk\u0142adniki C.prof 221 obejmuj\u0105:<\/p>\n<ol>\n<li><strong>Ekstrakt z karczocha<\/strong>:Ma dzia\u0142anie lipolityczne, czyli pomaga rozk\u0142ada\u0107 t\u0142uszcz, oraz dzia\u0142anie moczop\u0119dne, czyli pomaga usuwa\u0107 nadmiar p\u0142yn\u00f3w.<\/li>\n<li><strong>L-karnityna<\/strong>:Ten sk\u0142adnik odpowiada za transport kwas\u00f3w t\u0142uszczowych do mitochondri\u00f3w, gdzie s\u0105 one wykorzystywane do syntezy ATP (adenozynotr\u00f3jfosforanu), kt\u00f3ry stanowi \u017ar\u00f3d\u0142o energii dla kom\u00f3rek.<\/li>\n<li><strong>Teofilina<\/strong>Blokuje receptory typu A1 na powierzchni adipocyt\u00f3w, zwi\u0119kszaj\u0105c hydroliz\u0119 tr\u00f3jgliceryd\u00f3w do glicerolu i kwas\u00f3w t\u0142uszczowych, czyli rozk\u0142ad t\u0142uszczu.<\/li>\n<li><strong>Organiczny krzem<\/strong>:Ten sk\u0142adnik stymuluje proliferacj\u0119 fibroblast\u00f3w i syntez\u0119 kolagenu, co pomaga uj\u0119drni\u0107 i poprawi\u0107 struktur\u0119 sk\u00f3ry.<\/li>\n<\/ol>\n<p>Stosowanie koktajlu lipolitycznego C.prof 221 mo\u017ce pom\u00f3c Ci osi\u0105gn\u0105\u0107 po\u017c\u0105dan\u0105 redukcj\u0119 tkanki t\u0142uszczowej i poprawi\u0107 wygl\u0105d sk\u00f3ry. Produkt ten powinien by\u0107 traktowany jako wa\u017cny element kuracji antycellulitowych i uj\u0119drniaj\u0105cych sk\u00f3r\u0119.<\/p>","protected":false},"featured_media":2898,"comment_status":"closed","ping_status":"closed","template":"","meta":[],"product_cat":[77,76],"product_tag":[],"class_list":["post-2914","product","type-product","status-publish","has-post-thumbnail","hentry","product_cat-cocktails-for-mesotherapy-c-prof","product_cat-procedures-injections"],"_links":{"self":[{"href":"https:\/\/brovko.clinic\/pl\/wp-json\/wp\/v2\/product\/2914","targetHints":{"allow":["GET"]}}],"collection":[{"href":"https:\/\/brovko.clinic\/pl\/wp-json\/wp\/v2\/product"}],"about":[{"href":"https:\/\/brovko.clinic\/pl\/wp-json\/wp\/v2\/types\/product"}],"replies":[{"embeddable":true,"href":"https:\/\/brovko.clinic\/pl\/wp-json\/wp\/v2\/comments?post=2914"}],"wp:featuredmedia":[{"embeddable":true,"href":"https:\/\/brovko.clinic\/pl\/wp-json\/wp\/v2\/media\/2898"}],"wp:attachment":[{"href":"https:\/\/brovko.clinic\/pl\/wp-json\/wp\/v2\/media?parent=2914"}],"wp:term":[{"taxonomy":"product_cat","embeddable":true,"href":"https:\/\/brovko.clinic\/pl\/wp-json\/wp\/v2\/product_cat?post=2914"},{"taxonomy":"product_tag","embeddable":true,"href":"https:\/\/brovko.clinic\/pl\/wp-json\/wp\/v2\/product_tag?post=2914"}],"curies":[{"name":"wp","href":"https:\/\/api.w.org\/{rel}","templated":true}]}}