{"id":2912,"date":"2023-09-12T14:02:56","date_gmt":"2023-09-12T12:02:56","guid":{"rendered":"https:\/\/brovko.clinic\/?post_type=product&#038;p=2912"},"modified":"2023-09-13T13:43:27","modified_gmt":"2023-09-13T11:43:27","slug":"peptide-cocktail","status":"publish","type":"product","link":"https:\/\/brovko.clinic\/pl\/shop\/koktajl-peptydowy\/","title":{"rendered":"Koktajl peptydowy"},"content":{"rendered":"<p>Koktajl Peptydowy C.prof 214 to innowacyjny produkt w \u015bwiecie mezoterapii, stworzony z my\u015bl\u0105 o przywr\u00f3ceniu i odm\u0142odzeniu sk\u00f3ry. Wiele czynnik\u00f3w mo\u017ce prowadzi\u0107 do utraty m\u0142odzie\u0144czej \u015bwie\u017co\u015bci sk\u00f3ry twarzy, w tym starzenie si\u0119, wp\u0142yw \u015brodowiska oraz spadek poziomu kolagenu i elastyny. C.prof 214 zosta\u0142 stworzony, aby pom\u00f3c Ci upora\u0107 si\u0119 z tymi problemami i przywr\u00f3ci\u0107 sk\u00f3rze naturalne pi\u0119kno i m\u0142odo\u015b\u0107.<\/p>\n<p>Jak dzia\u0142a? C.prof 214 zawiera zaawansowane peptydy biomimetyczne, kt\u00f3re dzia\u0142aj\u0105 synergicznie, wzmacniaj\u0105c struktur\u0119 sk\u00f3ry. Kluczowe efekty to:<\/p>\n<ol>\n<li><strong>Stymulacja fibroblast\u00f3w i syntezy kolagenu<\/strong>Peptydy oddzia\u0142uj\u0105 na fibroblasty \u2013 kom\u00f3rki produkuj\u0105ce kolagen, g\u0142\u00f3wne bia\u0142ko odpowiedzialne za elastyczno\u015b\u0107 i j\u0119drno\u015b\u0107 sk\u00f3ry. Pobudzaj\u0105 fibroblasty do aktywnej syntezy kolagenu, co pomaga przywr\u00f3ci\u0107 struktur\u0119 sk\u00f3ry i zapewni\u0107 jej szczuplejszy i m\u0142odszy wygl\u0105d.<\/li>\n<li><strong>Korekcja zmarszczek<\/strong>:C.prof 214 dzia\u0142a na poziomie zmarszczek mimicznych, wyg\u0142adzaj\u0105c je i zapobiegaj\u0105c powstawaniu nowych. Koryguje zmarszczki, wyg\u0142adza i odm\u0142adza sk\u00f3r\u0119.<\/li>\n<li><strong>Zwi\u0119kszenie elastyczno\u015bci sk\u00f3ry<\/strong>Utrata elastyczno\u015bci jest jedn\u0105 z g\u0142\u00f3wnych przyczyn starzenia si\u0119 sk\u00f3ry. Sk\u0142adniki aktywne, takie jak acetylotetrapeptyd-9 i palmitoilotipeptyd-5, zwi\u0119kszaj\u0105 elastyczno\u015b\u0107 sk\u00f3ry i poprawiaj\u0105 jej j\u0119drno\u015b\u0107.<\/li>\n<li><strong>Nawil\u017cenie sk\u00f3ry<\/strong>:Zawarty w sk\u0142adzie hialuronian sodu intensywnie nawil\u017ca sk\u00f3r\u0119, czyni\u0105c j\u0105 mi\u0119kk\u0105 i g\u0142adk\u0105.<\/li>\n<\/ol>\n<p>Dlaczego warto wybra\u0107 C.prof 214 Peptide Cocktail?<\/p>\n<ul>\n<li><strong>M\u0142odzie\u0144cza sk\u00f3ra<\/strong>:Ten produkt pomaga Ci wygl\u0105da\u0107 m\u0142odziej i \u015bwie\u017co, przywracaj\u0105c m\u0142odzie\u0144cz\u0105 struktur\u0119 sk\u00f3ry.<\/li>\n<li><strong>Zapobieganie starzeniu si\u0119<\/strong>: Mo\u017cna go u\u017cywa\u0107 do zapobiegania nowym zmarszczkom i utrzymania zdrowego wygl\u0105du sk\u00f3ry.<\/li>\n<li><strong>Bezpieczny i nieinwazyjny<\/strong>:C.prof 214 to metoda poprawy stanu sk\u00f3ry, niewymagaj\u0105ca iniekcji, bez b\u00f3lu i interwencji.<\/li>\n<li><strong>Poprawa wynik\u00f3w<\/strong>:Mo\u017cna go stosowa\u0107 samodzielnie lub po innych zabiegach kosmetycznych, aby zwi\u0119kszy\u0107 ich skuteczno\u015b\u0107.<\/li>\n<\/ul>\n<p>Wybierz C.prof 214 Peptide Cocktail, aby przywr\u00f3ci\u0107 swojej sk\u00f3rze naturaln\u0105 m\u0142odo\u015b\u0107 i pi\u0119kno i cieszy\u0107 si\u0119 efektami, kt\u00f3re m\u00f3wi\u0105 same za siebie.<\/p>","protected":false},"excerpt":{"rendered":"<p><strong>Wszystkie zastrzyki wykonujemy wy\u0142\u0105cznie wed\u0142ug przepisu lekarza!<\/strong><\/p>\n<p><strong>Obj\u0119to\u015b\u0107: 1 x 5 ml<\/strong><\/p>\n<p>Koktajl Peptydowy C.prof 214 to innowacyjne rozwi\u0105zanie, kt\u00f3re przywraca sk\u00f3rze i nadaje jej efekt uj\u0119drnienia. Utrata elastyczno\u015bci i napi\u0119cia twarzy mo\u017ce by\u0107 wynikiem starzenia si\u0119 i zaniku tkanek podporowych, takich jak kolagen i elastyna. Jednym z czynnik\u00f3w jest starzenie si\u0119 sk\u00f3ry, kiedy bia\u0142ka podtrzymuj\u0105ce sk\u00f3r\u0119 i mi\u0119\u015bnie stopniowo trac\u0105 napi\u0119cie.<\/p>\n<p>Roztw\u00f3r mezopeptydu C.prof 214 zawiera zaawansowane peptydy biomimetyczne, kt\u00f3re wzmacniaj\u0105 sk\u00f3r\u0119 w\u0142a\u015bciw\u0105, zwi\u0119kszaj\u0105 jej elastyczno\u015b\u0107 i poprawiaj\u0105 struktur\u0119 macierzy kom\u00f3rkowej. Produkt ten stymuluje syntez\u0119 fibroblast\u00f3w i kolagenu w obszarach o obni\u017conej elastyczno\u015bci, koryguje zmarszczki i poprawia struktur\u0119 macierzy zewn\u0105trzkom\u00f3rkowej.<\/p>\n<p>Takie aktywne sk\u0142adniki jak acetylotetrapeptyd-9, palmitoiltripeptyd-5 i hialuronian sodu spe\u0142niaj\u0105 wa\u017cne zadania: utrzymuj\u0105 i poprawiaj\u0105 koloryt sk\u00f3ry, stymuluj\u0105 syntez\u0119 kolagenu, koryguj\u0105 zmarszczki i zapewniaj\u0105 sk\u00f3rze niezb\u0119dne nawil\u017cenie.<\/p>\n<p>Wybierz C.prof 214 Peptide Cocktail, aby przywr\u00f3ci\u0107 swojej sk\u00f3rze m\u0142ody, j\u0119drny i zdrowy wygl\u0105d.<\/p>","protected":false},"featured_media":2902,"comment_status":"closed","ping_status":"closed","template":"","meta":[],"product_cat":[77,76],"product_tag":[],"class_list":["post-2912","product","type-product","status-publish","has-post-thumbnail","hentry","product_cat-cocktails-for-mesotherapy-c-prof","product_cat-procedures-injections"],"_links":{"self":[{"href":"https:\/\/brovko.clinic\/pl\/wp-json\/wp\/v2\/product\/2912","targetHints":{"allow":["GET"]}}],"collection":[{"href":"https:\/\/brovko.clinic\/pl\/wp-json\/wp\/v2\/product"}],"about":[{"href":"https:\/\/brovko.clinic\/pl\/wp-json\/wp\/v2\/types\/product"}],"replies":[{"embeddable":true,"href":"https:\/\/brovko.clinic\/pl\/wp-json\/wp\/v2\/comments?post=2912"}],"wp:featuredmedia":[{"embeddable":true,"href":"https:\/\/brovko.clinic\/pl\/wp-json\/wp\/v2\/media\/2902"}],"wp:attachment":[{"href":"https:\/\/brovko.clinic\/pl\/wp-json\/wp\/v2\/media?parent=2912"}],"wp:term":[{"taxonomy":"product_cat","embeddable":true,"href":"https:\/\/brovko.clinic\/pl\/wp-json\/wp\/v2\/product_cat?post=2912"},{"taxonomy":"product_tag","embeddable":true,"href":"https:\/\/brovko.clinic\/pl\/wp-json\/wp\/v2\/product_tag?post=2912"}],"curies":[{"name":"wp","href":"https:\/\/api.w.org\/{rel}","templated":true}]}}