{"id":2910,"date":"2023-09-12T13:38:54","date_gmt":"2023-09-12T11:38:54","guid":{"rendered":"https:\/\/brovko.clinic\/?post_type=product&#038;p=2910"},"modified":"2023-09-13T13:43:52","modified_gmt":"2023-09-13T11:43:52","slug":"cocktail-for-the-treatment-of-photoaging","status":"publish","type":"product","link":"https:\/\/brovko.clinic\/pl\/shop\/koktajl-na-leczenie-fotostarzenia\/","title":{"rendered":"Koktajl do leczenia fotostarzenia"},"content":{"rendered":"<p>S.prof 211 \u2013 Koktajl przeciw fotostarzeniu to prze\u0142omowy produkt w \u015bwiecie mezoterapii i piel\u0119gnacji sk\u00f3ry, stworzony z my\u015bl\u0105 o osobach, kt\u00f3re chc\u0105 zachowa\u0107 m\u0142odzie\u0144czy wygl\u0105d sk\u00f3ry i zwalcza\u0107 oznaki starzenia spowodowane s\u0142o\u0144cem i innymi czynnikami \u015brodowiskowymi. Ten unikalny koktajl \u0142\u0105czy w sobie silne sk\u0142adniki aktywne, takie jak kwas hialuronowy, idebenon, tauryna i witamina C, aby Twoja sk\u00f3ra wygl\u0105da\u0142a \u015bwie\u017co, m\u0142odo i zdrowo.<\/p>\n<p>Jak dok\u0142adnie to si\u0119 dzieje?<\/p>\n<ol>\n<li><strong>Kwas hialuronowy<\/strong>Ten sk\u0142adnik zapewnia g\u0142\u0119bokie i intensywne nawil\u017cenie sk\u00f3ry. Kwas hialuronowy ma zdolno\u015b\u0107 wi\u0105zania du\u017cej ilo\u015bci wody, co prowadzi do przywr\u00f3cenia naturalnej r\u00f3wnowagi wilgoci w sk\u00f3rze. W rezultacie sk\u00f3ra staje si\u0119 g\u0142adsza i bardziej mi\u0119kka.<\/li>\n<li><strong>Idebenon<\/strong>:Sk\u0142adnik ten znany jest ze swoich w\u0142a\u015bciwo\u015bci fotoochronnych. Pomaga chroni\u0107 sk\u00f3r\u0119 przed szkodliwym dzia\u0142aniem promieniowania ultrafioletowego i wolnych rodnik\u00f3w, kt\u00f3re powoduj\u0105 przedwczesne starzenie.<\/li>\n<li><strong>Byczy<\/strong>Ten sk\u0142adnik aminokwasowy znany jest ze swoich w\u0142a\u015bciwo\u015bci nawil\u017caj\u0105cych sk\u00f3r\u0119 i silnego dzia\u0142ania antyoksydacyjnego. Pomaga r\u00f3wnie\u017c w naprawie cz\u0105steczek DNA kom\u00f3rkowego, co wspomaga procesy naprawcze sk\u00f3ry.<\/li>\n<li><strong>Witamina C<\/strong>:Ta witamina jest kluczowa dla stymulacji syntezy kolagenu, kt\u00f3ry odpowiada za elastyczno\u015b\u0107 i j\u0119drno\u015b\u0107 sk\u00f3ry. Ma r\u00f3wnie\u017c dzia\u0142anie antyoksydacyjne, chroni\u0105c sk\u00f3r\u0119 przed wolnymi rodnikami.<\/li>\n<\/ol>\n<p>Dlaczego warto rozwa\u017cy\u0107 ten koktajl w walce z fotostarzeniem:<\/p>\n<ul>\n<li><strong>M\u0142odszy wygl\u0105d sk\u00f3ry<\/strong>:B\u0119dziesz zaskoczona, jak bardzo m\u0142odsza i \u015bwie\u017csza b\u0119dzie Twoja sk\u00f3ra po u\u017cyciu tego koktajlu.<\/li>\n<li><strong>Ochrona \u015brodowiska<\/strong>:Idebenon i w\u0142a\u015bciwo\u015bci antyoksydacyjne witaminy C pomagaj\u0105 chroni\u0107 sk\u00f3r\u0119 przed szkodliwym promieniowaniem UV i zanieczyszczeniami \u015brodowiska.<\/li>\n<li><strong>Nawil\u017ca i regeneruje<\/strong>:Kwas hialuronowy i tauryna dostarczaj\u0105 sk\u00f3rze niezb\u0119dnego nawil\u017cenia i pomagaj\u0105 przywr\u00f3ci\u0107 jej naturaln\u0105 struktur\u0119.<\/li>\n<li><strong>Stymulacja kolagenu<\/strong>Witamina C pomaga zachowa\u0107 m\u0142ody wygl\u0105d sk\u00f3ry, stymuluj\u0105c syntez\u0119 kolagenu, kt\u00f3ry jest kluczem do jej wytrzyma\u0142o\u015bci i elastyczno\u015bci.<\/li>\n<\/ul>\n<p>Podsumowuj\u0105c, s.prof 211 Photoaging Treatment Cocktail to innowacyjny produkt, kt\u00f3ry pomaga zachowa\u0107 m\u0142odzie\u0144czy wygl\u0105d sk\u00f3ry, zwalcza\u0107 oznaki starzenia i zapewnia\u0107 ochron\u0119 przed negatywnym wp\u0142ywem \u015brodowiska. Wybierz ten koktajl, aby cieszy\u0107 si\u0119 wszystkimi jego zaletami i wspiera\u0107 zdrowy wygl\u0105d swojej sk\u00f3ry.<\/p>","protected":false},"excerpt":{"rendered":"<div class=\"flex-1 overflow-hidden\">\n<div class=\"react-scroll-to-bottom--css-ihqbk-79elbk h-full dark:bg-gray-800\">\n<div class=\"react-scroll-to-bottom--css-ihqbk-1n7m0yu\">\n<div class=\"flex flex-col text-sm dark:bg-gray-800\">\n<div class=\"group w-full text-token-text-primary border-b border-black\/10 dark:border-gray-900\/50 bg-gray-50 dark:bg-[#444654]\" data-testid=\"conversation-turn-31\">\n<div class=\"p-4 justify-center text-base md:gap-6 md:py-6 m-auto\">\n<div class=\"flex flex-1 gap-4 text-base mx-auto md:gap-6 md:max-w-2xl lg:max-w-[38rem] xl:max-w-3xl }\">\n<div class=\"relative flex w-[calc(100%-50px)] flex-col gap-1 md:gap-3 lg:w-[calc(100%-115px)]\">\n<div class=\"flex flex-grow flex-col gap-3 max-w-full\">\n<div class=\"min-h-[20px] flex flex-col items-start gap-3 overflow-x-auto whitespace-pre-wrap break-words\">\n<div class=\"markdown prose w-full break-words dark:prose-invert light\">\n<p><strong>Wszystkie zastrzyki wykonujemy wy\u0142\u0105cznie wed\u0142ug przepisu lekarza!<\/strong><\/p>\n<p><strong>Obj\u0119to\u015b\u0107: 1 x 5 ml<\/strong><\/p>\n<p>Koktajl do mezoterapii S.prof 211 Photoaging Treatment to idealny wyb\u00f3r dla os\u00f3b zmagaj\u0105cych si\u0119 z oznakami starzenia si\u0119 sk\u00f3ry spowodowanymi ekspozycj\u0105 na s\u0142o\u0144ce i innymi negatywnymi czynnikami \u015brodowiskowymi. Ten koktajl do mezoterapii zawiera unikalne po\u0142\u0105czenie kwasu hialuronowego, idebenonu, tauryny i witaminy C, kt\u00f3re pomagaj\u0105 odbudowa\u0107, nawil\u017cy\u0107 i chroni\u0107 sk\u00f3r\u0119.<\/p>\n<p>Kwas hialuronowy zapewnia intensywne nawil\u017cenie i odm\u0142odzenie, idebenon dzia\u0142a jako fotoprotektor, zwalczaj\u0105c wolne rodniki, tauryna nawil\u017ca i dzia\u0142a antyoksydacyjnie, a witamina C stymuluje syntez\u0119 kolagenu, zapewniaj\u0105c dzia\u0142anie antyoksydacyjne i odm\u0142adzaj\u0105ce.<\/p>\n<p>Ten koktajl sprawi, \u017ce Twoja sk\u00f3ra b\u0119dzie wygl\u0105da\u0107 m\u0142odziej, \u015bwie\u017co i b\u0119dzie lepiej chroniona przed wp\u0142ywem \u015brodowiska. Wybierz c.prof 211, aby zwalcza\u0107 fotostarzenie i zachowa\u0107 zdrowy wygl\u0105d sk\u00f3ry.<\/p>\n<\/div>\n<\/div>\n<\/div>\n<\/div>\n<\/div>\n<\/div>\n<\/div>\n<\/div>\n<\/div>\n<\/div>\n<\/div>","protected":false},"featured_media":2906,"comment_status":"closed","ping_status":"closed","template":"","meta":[],"product_cat":[77,76],"product_tag":[],"class_list":["post-2910","product","type-product","status-publish","has-post-thumbnail","hentry","product_cat-cocktails-for-mesotherapy-c-prof","product_cat-procedures-injections"],"_links":{"self":[{"href":"https:\/\/brovko.clinic\/pl\/wp-json\/wp\/v2\/product\/2910","targetHints":{"allow":["GET"]}}],"collection":[{"href":"https:\/\/brovko.clinic\/pl\/wp-json\/wp\/v2\/product"}],"about":[{"href":"https:\/\/brovko.clinic\/pl\/wp-json\/wp\/v2\/types\/product"}],"replies":[{"embeddable":true,"href":"https:\/\/brovko.clinic\/pl\/wp-json\/wp\/v2\/comments?post=2910"}],"wp:featuredmedia":[{"embeddable":true,"href":"https:\/\/brovko.clinic\/pl\/wp-json\/wp\/v2\/media\/2906"}],"wp:attachment":[{"href":"https:\/\/brovko.clinic\/pl\/wp-json\/wp\/v2\/media?parent=2910"}],"wp:term":[{"taxonomy":"product_cat","embeddable":true,"href":"https:\/\/brovko.clinic\/pl\/wp-json\/wp\/v2\/product_cat?post=2910"},{"taxonomy":"product_tag","embeddable":true,"href":"https:\/\/brovko.clinic\/pl\/wp-json\/wp\/v2\/product_tag?post=2910"}],"curies":[{"name":"wp","href":"https:\/\/api.w.org\/{rel}","templated":true}]}}