{"id":2842,"date":"2023-09-05T09:27:24","date_gmt":"2023-09-05T07:27:24","guid":{"rendered":"https:\/\/brovko.clinic\/?post_type=product&#038;p=2842"},"modified":"2025-07-02T16:05:56","modified_gmt":"2025-07-02T14:05:56","slug":"basic-trace-elements","status":"publish","type":"product","link":"https:\/\/brovko.clinic\/pl\/shop\/podstawowe-pierwiastki-sladowe\/","title":{"rendered":"Niezb\u0119dne pierwiastki \u015bladowe"},"content":{"rendered":"<p>Analiza medyczna \u201eNiezb\u0119dne pierwiastki \u015bladowe: cynk, mied\u017a, \u017celazo, mangan\u201d jest kluczowym narz\u0119dziem do okre\u015blania poziomu wa\u017cnych pierwiastk\u00f3w \u015bladowych w organizmie pacjenta. Analiza ta pozwala oceni\u0107 st\u0119\u017cenie krytycznych pierwiastk\u00f3w \u015bladowych, takich jak cynk, mied\u017a, \u017celazo i mangan, w r\u00f3\u017cnych materia\u0142ach biologicznych, takich jak krew, mocz czy w\u0142osy.<\/p>\n<p>Mikrosk\u0142adniki od\u017cywcze s\u0105 niezb\u0119dne dla r\u00f3\u017cnych proces\u00f3w biochemicznych w organizmie i wp\u0142ywaj\u0105 na funkcjonowanie r\u00f3\u017cnych uk\u0142ad\u00f3w i narz\u0105d\u00f3w. Na przyk\u0142ad cynk i mied\u017a s\u0105 niezb\u0119dne do prawid\u0142owego funkcjonowania uk\u0142adu odporno\u015bciowego, a \u017celazo jest kluczowe dla transportu tlenu w organizmie. Mangan jest wa\u017cny dla utrzymania zdrowych ko\u015bci i prawid\u0142owego funkcjonowania uk\u0142adu nerwowego.<\/p>\n<p>Trudno przeceni\u0107 znaczenie monitorowania poziomu tych mikrosk\u0142adnik\u00f3w w organizmie. Dietetycy i lekarze wykorzystuj\u0105 wyniki tej analizy do opracowywania indywidualnych zalece\u0144 dietetycznych i plan\u00f3w \u017cywieniowych, maj\u0105cych na celu zbilansowanie spo\u017cycia niezb\u0119dnych mikrosk\u0142adnik\u00f3w dla optymalnego zdrowia i funkcjonowania organizmu.<\/p>\n<p>Klinika dr. Brovko wykorzystuje t\u0119 analiz\u0119 w ramach indywidualnego podej\u015bcia do \u017cywienia i leczenia pacjent\u00f3w, zapewniaj\u0105c im wysokiej jako\u015bci wsparcie medyczne i pomagaj\u0105c im osi\u0105gn\u0105\u0107 optymalny stan zdrowia.<\/p>","protected":false},"excerpt":{"rendered":"<p><strong>Wszystkie badania przeprowadzane s\u0105 wy\u0142\u0105cznie na zlecenie lekarza!<\/strong><\/p>\n<p>Materia\u0142 do analizy: w\u0142osy.<br \/>\nTermin realizacji badania: 20 dni roboczych.<\/p>\n<p>Analiza medyczna \u201eNiezb\u0119dne pierwiastki \u015bladowe: cynk, mied\u017a, \u017celazo, mangan\u201d jest wa\u017cnym narz\u0119dziem oceny poziomu niezb\u0119dnych pierwiastk\u00f3w \u015bladowych w organizmie pacjenta. Analiza ta pozwala okre\u015bli\u0107 st\u0119\u017cenie niezb\u0119dnych pierwiastk\u00f3w \u015bladowych, takich jak cynk, mied\u017a, \u017celazo i mangan, w pr\u00f3bkach biologicznych, takich jak krew, mocz czy w\u0142osy.<\/p>\n<p>Niezb\u0119dne pierwiastki \u015bladowe odgrywaj\u0105 wa\u017cn\u0105 rol\u0119 w funkcjonowaniu organizmu, uczestnicz\u0105c w wielu procesach biochemicznych, w tym w metabolizmie oraz funkcjonowaniu narz\u0105d\u00f3w i uk\u0142ad\u00f3w. Niedob\u00f3r lub nadmiar tych pierwiastk\u00f3w \u015bladowych mo\u017ce prowadzi\u0107 do r\u00f3\u017cnych chor\u00f3b oraz wp\u0142ywa\u0107 na stan zdrowia i od\u017cywianie pacjenta.<\/p>\n<p>Wyniki analizy \u201eNiezb\u0119dne mikrosk\u0142adniki: cynk, mied\u017a, \u017celazo, mangan\u201d pomagaj\u0105 dietetykom i lekarzom opracowywa\u0107 indywidualne zalecenia \u017cywieniowe i dietetyczne dla pacjenta, aby zapewni\u0107 mu zbilansowan\u0105 poda\u017c tych wa\u017cnych mikrosk\u0142adnik\u00f3w. Klinika dr. Brovko oferuje pacjentom najnowocze\u015bniejsze metody diagnostyczne i opracowuje spersonalizowane strategie \u017cywieniowe, aby zapewni\u0107 optymalne zdrowie i dobre samopoczucie.<\/p>","protected":false},"featured_media":2843,"comment_status":"closed","ping_status":"closed","template":"","meta":[],"product_cat":[58,74],"product_tag":[],"class_list":["post-2842","product","type-product","status-publish","has-post-thumbnail","hentry","product_cat-analyses","product_cat-heavy-metals-and-trace-elements"],"_links":{"self":[{"href":"https:\/\/brovko.clinic\/pl\/wp-json\/wp\/v2\/product\/2842","targetHints":{"allow":["GET"]}}],"collection":[{"href":"https:\/\/brovko.clinic\/pl\/wp-json\/wp\/v2\/product"}],"about":[{"href":"https:\/\/brovko.clinic\/pl\/wp-json\/wp\/v2\/types\/product"}],"replies":[{"embeddable":true,"href":"https:\/\/brovko.clinic\/pl\/wp-json\/wp\/v2\/comments?post=2842"}],"wp:featuredmedia":[{"embeddable":true,"href":"https:\/\/brovko.clinic\/pl\/wp-json\/wp\/v2\/media\/2843"}],"wp:attachment":[{"href":"https:\/\/brovko.clinic\/pl\/wp-json\/wp\/v2\/media?parent=2842"}],"wp:term":[{"taxonomy":"product_cat","embeddable":true,"href":"https:\/\/brovko.clinic\/pl\/wp-json\/wp\/v2\/product_cat?post=2842"},{"taxonomy":"product_tag","embeddable":true,"href":"https:\/\/brovko.clinic\/pl\/wp-json\/wp\/v2\/product_tag?post=2842"}],"curies":[{"name":"wp","href":"https:\/\/api.w.org\/{rel}","templated":true}]}}