{"id":2827,"date":"2023-09-05T08:41:01","date_gmt":"2023-09-05T06:41:01","guid":{"rendered":"https:\/\/brovko.clinic\/?post_type=product&#038;p=2827"},"modified":"2025-07-02T16:24:58","modified_gmt":"2025-07-02T14:24:58","slug":"microbiome-metabolism-quantification-by-pcr","status":"publish","type":"product","link":"https:\/\/brovko.clinic\/pl\/shop\/ilosciowe-oznaczanie-metabolizmu-mikrobiomu-metoda-pcr\/","title":{"rendered":"Ilo\u015bciowe oznaczanie metabolizmu mikrobiomu metod\u0105 PCR"},"content":{"rendered":"<p>Mikrobiom jelitowy odgrywa wa\u017cn\u0105 rol\u0119 w utrzymaniu prawid\u0142owych funkcji organizmu, w tym metabolizmu i funkcjonowania uk\u0142adu odporno\u015bciowego. Zr\u00f3wnowa\u017cony mikrobiom sprzyja zdrowemu metabolizmowi i optymalnemu funkcjonowaniu jelit.<\/p>\n<p>Ta analiza dostarcza dietetykom i pracownikom s\u0142u\u017cby zdrowia cennych informacji, kt\u00f3re pozwalaj\u0105 im opracowywa\u0107 spersonalizowane zalecenia dietetyczne i strategie piel\u0119gnacji jelit. Pomaga zrozumie\u0107, jakie mikroorganizmy wyst\u0119puj\u0105 w jelitach i czy wyst\u0119puj\u0105 zaburzenia r\u00f3wnowagi, kt\u00f3re mog\u0105 wp\u0142ywa\u0107 na zdrowie i metabolizm pacjenta.<\/p>\n<p>Klinika dr. Brovko wykorzystuje zaawansowane techniki badawcze, takie jak PCR, aby zapewni\u0107 najlepsz\u0105 mo\u017cliw\u0105 opiek\u0119 medyczn\u0105 i opracowa\u0107 zindywidualizowane podej\u015bcie do diety i opieki zdrowotnej. Wyniki tej analizy pomagaj\u0105 optymalizowa\u0107 stan zdrowia i umo\u017cliwiaj\u0105 pacjentom podejmowanie \u015bwiadomych decyzji w celu poprawy stanu metabolicznego i og\u00f3lnego samopoczucia.<\/p>","protected":false},"excerpt":{"rendered":"<p><strong>Wszystkie badania przeprowadzane s\u0105 wy\u0142\u0105cznie na zlecenie lekarza!<\/strong><\/p>\n<p>Materia\u0142 do analizy: kal.<br \/>\nTermin realizacji bada\u0144: 10 dni roboczych.<br \/>\nTermin opracowania rozszerzonej komentarza do badania: 5 dni roboczych<\/p>\n<p>Analiza medyczna \u201eMikrobiom metaboliczny (ca\u0142kowita masa bakteryjna, Lactobacillus spp., Bifidobacterium spp., Escherichia coli, Bacteroides spp., Bacteroides thetaiotaomicron, Akkermansia muciniphila, Faecalibacterium prausnitzii, Enterococcus spp., Blautia spp., Acinetobacter spp., Streptococcus spp., Eubacterium rectale, Roseburia inulinivorans, Prevotella spp., Methanobrevibacter smithii, Methanosphaera stadmanae, Ruminococcus spp.) ilo\u015bciowe oznaczanie metod\u0105 PCR\u201d to wa\u017cna analiza medyczna, kt\u00f3ra umo\u017cliwia szczeg\u00f3\u0142owe badanie sk\u0142adu i liczby mikroorganizm\u00f3w w jelitach. Analiza ta jest przeprowadzana metod\u0105 reakcji \u0142a\u0144cuchowej polimerazy (PCR) i pozwala na okre\u015blenie liczby r\u00f3\u017cnych rodzaj\u00f3w bakterii i innych mikroorganizm\u00f3w zasiedlaj\u0105cych jelita.<\/p>","protected":false},"featured_media":2828,"comment_status":"closed","ping_status":"closed","template":"","meta":[],"product_cat":[58,73],"product_tag":[],"class_list":["post-2827","product","type-product","status-publish","has-post-thumbnail","hentry","product_cat-analyses","product_cat-diagnosis-of-intestines"],"_links":{"self":[{"href":"https:\/\/brovko.clinic\/pl\/wp-json\/wp\/v2\/product\/2827","targetHints":{"allow":["GET"]}}],"collection":[{"href":"https:\/\/brovko.clinic\/pl\/wp-json\/wp\/v2\/product"}],"about":[{"href":"https:\/\/brovko.clinic\/pl\/wp-json\/wp\/v2\/types\/product"}],"replies":[{"embeddable":true,"href":"https:\/\/brovko.clinic\/pl\/wp-json\/wp\/v2\/comments?post=2827"}],"wp:featuredmedia":[{"embeddable":true,"href":"https:\/\/brovko.clinic\/pl\/wp-json\/wp\/v2\/media\/2828"}],"wp:attachment":[{"href":"https:\/\/brovko.clinic\/pl\/wp-json\/wp\/v2\/media?parent=2827"}],"wp:term":[{"taxonomy":"product_cat","embeddable":true,"href":"https:\/\/brovko.clinic\/pl\/wp-json\/wp\/v2\/product_cat?post=2827"},{"taxonomy":"product_tag","embeddable":true,"href":"https:\/\/brovko.clinic\/pl\/wp-json\/wp\/v2\/product_tag?post=2827"}],"curies":[{"name":"wp","href":"https:\/\/api.w.org\/{rel}","templated":true}]}}