{"id":2802,"date":"2023-09-05T07:43:15","date_gmt":"2023-09-05T05:43:15","guid":{"rendered":"https:\/\/brovko.clinic\/?post_type=product&#038;p=2802"},"modified":"2024-05-28T13:58:36","modified_gmt":"2024-05-28T11:58:36","slug":"collagen-gene","status":"publish","type":"product","link":"https:\/\/brovko.clinic\/pl\/shop\/gen-kolagenu\/","title":{"rendered":"Gen kolagenu"},"content":{"rendered":"<p>Analiza medyczna \u201eGen kolagenu (COL1A1)\u201d w klinice dr. Brovko stanowi wa\u017cn\u0105 cz\u0119\u015b\u0107 analizy genetycznej, kt\u00f3ra pomaga w ustaleniu cech genetycznych kolagenu. Kolagen jest g\u0142\u00f3wnym bia\u0142kiem odpowiedzialnym za integralno\u015b\u0107 strukturaln\u0105 tkanek w organizmie, w tym sk\u00f3ry, staw\u00f3w, \u015bci\u0119gien i ko\u015bci. Bia\u0142ko to odgrywa kluczow\u0105 rol\u0119 w utrzymaniu wytrzyma\u0142o\u015bci i elastyczno\u015bci tkanek, a jego cechy genetyczne mog\u0105 wp\u0142ywa\u0107 na stan organizmu.<\/p>\n<p>Analiza gen\u00f3w kolagenu pomaga nam zrozumie\u0107, w jaki spos\u00f3b Tw\u00f3j organizm produkuje i przetwarza kolagen oraz czy istniej\u0105 czynniki genetyczne, kt\u00f3re mog\u0105 prowadzi\u0107 do r\u00f3\u017cnych schorze\u0144 tkanek i staw\u00f3w. Na podstawie wynik\u00f3w tej analizy nasi specjali\u015bci mog\u0105 opracowa\u0107 indywidualne zalecenia maj\u0105ce na celu utrzymanie zdrowia sk\u00f3ry, staw\u00f3w i ko\u015bci, a tak\u017ce zapobieganie potencjalnym problemom.<\/p>\n<p>Klinika Dr. Brovko zawsze dba o Twoje zdrowie i urod\u0119, a analiza gen\u00f3w kolagenu to jedno z narz\u0119dzi, z kt\u00f3rych korzystamy, aby zapewni\u0107 Ci spersonalizowane rozwi\u0105zania, kt\u00f3re pomog\u0105 Ci osi\u0105gn\u0105\u0107 optymalne zdrowie i urod\u0119. Powierz swoje zdrowie naszym specjalistom i rozpocznij podr\u00f3\u017c, aby wspiera\u0107 swoje cia\u0142o i poprawi\u0107 sw\u00f3j wygl\u0105d.<\/p>","protected":false},"excerpt":{"rendered":"<p><strong>Wszystkie badania przeprowadzane s\u0105 wy\u0142\u0105cznie na zlecenie lekarza!<\/strong><\/p>\n<p>Materia\u0142 do analizy: nab\u0142onek policzka.<br \/>\nTermin realizacji bada\u0144: 10 dni roboczych.<br \/>\nLaboratorium udost\u0119pnia wyniki bada\u0144 jedynie ze wskazaniem polimorfizmu genu i normy lub ryzyka, bez rozszyfrowania wynik\u00f3w.<br \/>\nTermin opracowania rozszerzonej komentarza do badania: 5 dni roboczych<\/p>\n<p>Analiza medyczna \u201eGen kolagenu (COL1A1)\u201d w klinice dr. Brovko to wa\u017cne badanie maj\u0105ce na celu zbadanie cech genetycznych kolagenu w organizmie pacjenta. Kolagen jest g\u0142\u00f3wnym bia\u0142kiem odpowiedzialnym za integralno\u015b\u0107 strukturaln\u0105 tkanek, w tym sk\u00f3ry, staw\u00f3w i ko\u015bci.<\/p>\n<p>Badanie to pozwala nam zrozumie\u0107, w jaki spos\u00f3b Tw\u00f3j organizm produkuje i przetwarza kolagen oraz czy istniej\u0105 czynniki genetyczne, kt\u00f3re mog\u0105 wp\u0142ywa\u0107 na stan Twoich tkanek i staw\u00f3w. Na podstawie wynik\u00f3w analizy nasi specjali\u015bci mog\u0105 opracowa\u0107 indywidualne zalecenia dietetyczne i dotycz\u0105ce stylu \u017cycia, maj\u0105ce na celu wsparcie zdrowia Twojej sk\u00f3ry, staw\u00f3w i ko\u015bci.<\/p>\n<p>Klinika Dr. Brovko zawsze dba o zapewnienie Pa\u0144stwu spersonalizowanej opieki medycznej i wykorzystuje najnowsze dane naukowe, aby zapewni\u0107 najlepsze podej\u015bcie do Pa\u0144stwa zdrowia. Analiza gen\u00f3w kolagenu to jedno z narz\u0119dzi, kt\u00f3rych u\u017cywamy, aby osi\u0105gn\u0105\u0107 ten cel. Powierz swoje zdrowie naszym specjalistom i rozpocznij podr\u00f3\u017c do utrzymania zdrowia i urody.<\/p>","protected":false},"featured_media":2803,"comment_status":"closed","ping_status":"closed","template":"","meta":[],"product_cat":[58,72],"product_tag":[],"class_list":["post-2802","product","type-product","status-publish","has-post-thumbnail","hentry","product_cat-analyses","product_cat-molecular-genetic-studies"],"_links":{"self":[{"href":"https:\/\/brovko.clinic\/pl\/wp-json\/wp\/v2\/product\/2802","targetHints":{"allow":["GET"]}}],"collection":[{"href":"https:\/\/brovko.clinic\/pl\/wp-json\/wp\/v2\/product"}],"about":[{"href":"https:\/\/brovko.clinic\/pl\/wp-json\/wp\/v2\/types\/product"}],"replies":[{"embeddable":true,"href":"https:\/\/brovko.clinic\/pl\/wp-json\/wp\/v2\/comments?post=2802"}],"wp:featuredmedia":[{"embeddable":true,"href":"https:\/\/brovko.clinic\/pl\/wp-json\/wp\/v2\/media\/2803"}],"wp:attachment":[{"href":"https:\/\/brovko.clinic\/pl\/wp-json\/wp\/v2\/media?parent=2802"}],"wp:term":[{"taxonomy":"product_cat","embeddable":true,"href":"https:\/\/brovko.clinic\/pl\/wp-json\/wp\/v2\/product_cat?post=2802"},{"taxonomy":"product_tag","embeddable":true,"href":"https:\/\/brovko.clinic\/pl\/wp-json\/wp\/v2\/product_tag?post=2802"}],"curies":[{"name":"wp","href":"https:\/\/api.w.org\/{rel}","templated":true}]}}