{"id":2792,"date":"2023-09-03T20:45:29","date_gmt":"2023-09-03T18:45:29","guid":{"rendered":"https:\/\/brovko.clinic\/?post_type=product&#038;p=2792"},"modified":"2024-05-28T14:07:49","modified_gmt":"2024-05-28T12:07:49","slug":"antioxidant-protection","status":"publish","type":"product","link":"https:\/\/brovko.clinic\/pl\/shop\/ochrona-antyoksydacyjna\/","title":{"rendered":"Ochrona antyoksydacyjna"},"content":{"rendered":"<p>Analiza medyczna \u201eOchrona antyoksydacyjna\u201d w klinice dr. Brovko jest wa\u017cnym elementem diagnostyki i dbania o Pa\u0144stwa zdrowie. Celem tego badania jest okre\u015blenie poziomu przeciwutleniaczy w organizmie, kt\u00f3re s\u0105 kluczowymi czynnikami ochronnymi przed stresem oksydacyjnym. Wolne rodniki i stres oksydacyjny mog\u0105 uszkadza\u0107 kom\u00f3rki i tkanki organizmu, wywo\u0142ywa\u0107 choroby i przyspiesza\u0107 proces starzenia.<\/p>\n<p>Analiza obrony antyoksydacyjnej pozwala nam zrozumie\u0107, jak skutecznie Tw\u00f3j organizm zwalcza te negatywne skutki i czy potrzebujesz dodatkowego wsparcia antyoksydacyjnego poprzez diet\u0119 i od\u017cywianie. Na podstawie wynik\u00f3w tego badania nasi dietetycy mog\u0105 opracowa\u0107 spersonalizowany plan \u017cywieniowy i styl \u017cycia, kt\u00f3ry ma na celu wzmocnienie Twojej obrony antyoksydacyjnej i utrzymanie optymalnego stanu zdrowia.<\/p>\n<p>Klinika Dr. Brovko zawsze d\u0105\u017cy do zapewnienia kompleksowego podej\u015bcia do Twojego zdrowia, a analiza obrony antyoksydacyjnej jest jednym z krok\u00f3w do osi\u0105gni\u0119cia tego celu. Powierz swoje zdrowie naszym specjalistom i rozpocznij drog\u0119 do wspierania swojego cia\u0142a i zdrowego stylu \u017cycia.<\/p>","protected":false},"excerpt":{"rendered":"<p><strong>Wszystkie badania przeprowadzane s\u0105 wy\u0142\u0105cznie na zlecenie lekarza!<\/strong><\/p>\n<p>Materia\u0142 do analizy: nab\u0142onek policzka.<br \/>\nTermin realizacji bada\u0144: 10 dni roboczych.<br \/>\nLaboratorium udost\u0119pnia wyniki bada\u0144 jedynie ze wskazaniem polimorfizmu genu i normy lub ryzyka, bez rozszyfrowania wynik\u00f3w.<br \/>\nTermin opracowania rozszerzonej komentarza do badania: 5 dni roboczych<\/p>\n<p>Analiza medyczna \u201eOchrona antyoksydacyjna\u201d w klinice dr. Brovko to badanie diagnostyczne maj\u0105ce na celu okre\u015blenie poziomu antyoksydant\u00f3w w organizmie pacjenta. Antyoksydanty to substancje chroni\u0105ce organizm przed wolnymi rodnikami i stresem oksydacyjnym, kt\u00f3re mog\u0105 powodowa\u0107 r\u00f3\u017cne choroby i przyspiesza\u0107 proces starzenia.<\/p>\n<p>Ta analiza pozwala okre\u015bli\u0107, jak skutecznie Tw\u00f3j organizm zwalcza procesy oksydacyjne i czy konieczne jest dodatkowe wsparcie antyoksydacyjne w diecie. Bior\u0105c pod uwag\u0119 wyniki tego badania, nasi dietetycy mog\u0105 opracowa\u0107 indywidualny plan \u017cywieniowy, kt\u00f3rego celem jest zwi\u0119kszenie poziomu antyoksydant\u00f3w i wsparcie organizmu w walce ze stresem i chorobami.<\/p>\n<p>Klinika Dr. Brovko zawsze d\u0105\u017cy do zapewnienia Pa\u0144stwu zdrowego i aktywnego stylu \u017cycia, a analiza obrony antyoksydacyjnej jest jednym z narz\u0119dzi do osi\u0105gni\u0119cia tego celu. Powierz swoje zdrowie naszym specjalistom i rozpocznij podr\u00f3\u017c, wspieraj\u0105c naturalne mechanizmy obronne swojego organizmu.<\/p>","protected":false},"featured_media":2793,"comment_status":"closed","ping_status":"closed","template":"","meta":[],"product_cat":[58,72],"product_tag":[],"class_list":["post-2792","product","type-product","status-publish","has-post-thumbnail","hentry","product_cat-analyses","product_cat-molecular-genetic-studies"],"_links":{"self":[{"href":"https:\/\/brovko.clinic\/pl\/wp-json\/wp\/v2\/product\/2792","targetHints":{"allow":["GET"]}}],"collection":[{"href":"https:\/\/brovko.clinic\/pl\/wp-json\/wp\/v2\/product"}],"about":[{"href":"https:\/\/brovko.clinic\/pl\/wp-json\/wp\/v2\/types\/product"}],"replies":[{"embeddable":true,"href":"https:\/\/brovko.clinic\/pl\/wp-json\/wp\/v2\/comments?post=2792"}],"wp:featuredmedia":[{"embeddable":true,"href":"https:\/\/brovko.clinic\/pl\/wp-json\/wp\/v2\/media\/2793"}],"wp:attachment":[{"href":"https:\/\/brovko.clinic\/pl\/wp-json\/wp\/v2\/media?parent=2792"}],"wp:term":[{"taxonomy":"product_cat","embeddable":true,"href":"https:\/\/brovko.clinic\/pl\/wp-json\/wp\/v2\/product_cat?post=2792"},{"taxonomy":"product_tag","embeddable":true,"href":"https:\/\/brovko.clinic\/pl\/wp-json\/wp\/v2\/product_tag?post=2792"}],"curies":[{"name":"wp","href":"https:\/\/api.w.org\/{rel}","templated":true}]}}