{"id":2770,"date":"2023-09-03T17:19:44","date_gmt":"2023-09-03T15:19:44","guid":{"rendered":"https:\/\/brovko.clinic\/?post_type=product&#038;p=2770"},"modified":"2025-07-02T16:30:37","modified_gmt":"2025-07-02T14:30:37","slug":"risk-of-vitamin-d-b-and-omega-3-fatty-acid-deficiency","status":"publish","type":"product","link":"https:\/\/brovko.clinic\/pl\/shop\/ryzyko-niedoboru-witaminy-d-i-kwasow-tluszczowych-omega-3\/","title":{"rendered":"Ryzyko wyst\u0105pienia niedobor\u00f3w witamin D, B i kwas\u00f3w t\u0142uszczowych omega-3"},"content":{"rendered":"<p>Analiza medyczna \u201eRyzyko niedoboru witaminy D, B i kwas\u00f3w t\u0142uszczowych omega-3\u201d w klinice dr. Brovko to narz\u0119dzie diagnostyczne maj\u0105ce na celu okre\u015blenie potencjalnego ryzyka niedoboru wa\u017cnych witamin i kwas\u00f3w t\u0142uszczowych w organizmie. Analiza obejmuje badanie polimorfizm\u00f3w genetycznych MTHFR, VDR i IL6, kt\u00f3re wp\u0142ywaj\u0105 na zdolno\u015b\u0107 organizmu do prawid\u0142owego przetwarzania i wykorzystywania tych sk\u0142adnik\u00f3w od\u017cywczych.<\/p>\n<p>Na podstawie wynik\u00f3w, nasz wykwalifikowany zesp\u00f3\u0142 dietetyk\u00f3w i lekarzy mo\u017ce opracowa\u0107 indywidualny plan \u017cywieniowy i dzia\u0142ania, aby dostarczy\u0107 Twojemu organizmowi niezb\u0119dnych witamin i kwas\u00f3w t\u0142uszczowych. To spersonalizowane podej\u015bcie pomaga utrzyma\u0107 i poprawi\u0107 og\u00f3lny stan zdrowia, zmniejszy\u0107 ryzyko chor\u00f3b i wspiera\u0107 zdrowy styl \u017cycia.<\/p>\n<p>Klinika Dr. Brovko dba o Twoje zdrowie i oferuje najnowocze\u015bniejsze metody diagnostyki i leczenia. Powierz swoje zdrowie profesjonalistom z naszej kliniki i rozpocznij drog\u0119 do osi\u0105gni\u0119cia optymalnego zdrowia i dobrego samopoczucia.<\/p>","protected":false},"excerpt":{"rendered":"<p><strong>Wszystkie badania przeprowadzane s\u0105 wy\u0142\u0105cznie na zlecenie lekarza!<\/strong><\/p>\n<p>Materia\u0142 do analizy: nab\u0142onek policzka.<br \/>\nTermin realizacji bada\u0144: 10 dni roboczych.<br \/>\nLaboratorium udost\u0119pnia wyniki bada\u0144 jedynie ze wskazaniem polimorfizmu genu i norm\u0105 lub zapisem<br \/>\nryzyko, bez rozszyfrowania wynik\u00f3w.<br \/>\nTermin opracowania rozszerzonej komentarza do badania: 5 dni roboczych<\/p>\n<p>Analiza medyczna \u201eRyzyko niedoboru witaminy D, B i kwas\u00f3w t\u0142uszczowych omega-3\u201d w klinice dr. Brovko jest wa\u017cnym narz\u0119dziem oceny stanu zdrowia i zapotrzebowania organizmu na wa\u017cne mikroelementy. Badanie obejmuje analiz\u0119 polimorfizm\u00f3w genetycznych MTHFR, VDR i IL-6, kt\u00f3re mog\u0105 wp\u0142ywa\u0107 na zdolno\u015b\u0107 organizmu do prawid\u0142owego metabolizowania witamin i kwas\u00f3w t\u0142uszczowych.<\/p>\n<p>Dzi\u0119ki wynikom tej analizy nasi specjali\u015bci mog\u0105 przedstawi\u0107 Ci spersonalizowane zalecenia dotycz\u0105ce spo\u017cycia witamin, diety i sposobu dostarczania niezb\u0119dnych mikroelement\u00f3w, aby zapewni\u0107 Ci zdrowie i dobre samopoczucie. Dok\u0142adamy wszelkich stara\u0144, aby zapewni\u0107 optymaln\u0105 r\u00f3wnowag\u0119 sk\u0142adnik\u00f3w od\u017cywczych w Twoim organizmie, uwzgl\u0119dniaj\u0105c Twoj\u0105 specyfik\u0119 genetyczn\u0105, i pom\u00f3c Ci osi\u0105gn\u0105\u0107 i utrzyma\u0107 optymalne zdrowie. Powierz swoje zdrowie klinice dr Brovko i rozpocznij drog\u0119 do zdrowego stylu \u017cycia.<\/p>","protected":false},"featured_media":2771,"comment_status":"closed","ping_status":"closed","template":"","meta":[],"product_cat":[58,72],"product_tag":[],"class_list":["post-2770","product","type-product","status-publish","has-post-thumbnail","hentry","product_cat-analyses","product_cat-molecular-genetic-studies"],"_links":{"self":[{"href":"https:\/\/brovko.clinic\/pl\/wp-json\/wp\/v2\/product\/2770","targetHints":{"allow":["GET"]}}],"collection":[{"href":"https:\/\/brovko.clinic\/pl\/wp-json\/wp\/v2\/product"}],"about":[{"href":"https:\/\/brovko.clinic\/pl\/wp-json\/wp\/v2\/types\/product"}],"replies":[{"embeddable":true,"href":"https:\/\/brovko.clinic\/pl\/wp-json\/wp\/v2\/comments?post=2770"}],"wp:featuredmedia":[{"embeddable":true,"href":"https:\/\/brovko.clinic\/pl\/wp-json\/wp\/v2\/media\/2771"}],"wp:attachment":[{"href":"https:\/\/brovko.clinic\/pl\/wp-json\/wp\/v2\/media?parent=2770"}],"wp:term":[{"taxonomy":"product_cat","embeddable":true,"href":"https:\/\/brovko.clinic\/pl\/wp-json\/wp\/v2\/product_cat?post=2770"},{"taxonomy":"product_tag","embeddable":true,"href":"https:\/\/brovko.clinic\/pl\/wp-json\/wp\/v2\/product_tag?post=2770"}],"curies":[{"name":"wp","href":"https:\/\/api.w.org\/{rel}","templated":true}]}}