{"id":2728,"date":"2023-08-20T16:37:58","date_gmt":"2023-08-20T14:37:58","guid":{"rendered":"https:\/\/brovko.clinic\/?post_type=product&#038;p=2728"},"modified":"2023-08-20T16:37:58","modified_gmt":"2023-08-20T14:37:58","slug":"pbserum-smooth","status":"publish","type":"product","link":"https:\/\/brovko.clinic\/pl\/shop\/pbserum-gladkie\/","title":{"rendered":"PBSerum Smooth+"},"content":{"rendered":"<p>PBSerum Smooth+ to rezultat zaawansowanych bada\u0144 naukowych i rozwoju w dziedzinie mezoterapii i kosmetologii sprz\u0119towej. Jego unikalna formu\u0142a zosta\u0142a opracowana, aby skutecznie redukowa\u0107 widoczne z\u0142ogi cellulitu i poprawia\u0107 struktur\u0119 sk\u00f3ry, przyczyniaj\u0105c si\u0119 do g\u0142adszego, bardziej jednolitego i elastycznego nask\u00f3rka.<\/p>\n<p>G\u0142\u00f3wnymi sk\u0142adnikami aktywnymi tej kompozycji s\u0105:<\/p>\n<p>1. Fosfatydylocholina: Ten fosfolipid pomaga rozk\u0142ada\u0107 kom\u00f3rki t\u0142uszczowe i u\u0142atwia ich eliminacj\u0119 z organizmu. Poprawia przetwarzanie t\u0142uszcz\u00f3w, pomagaj\u0105c im roz\u0142o\u017cy\u0107 si\u0119 na glicerol i kwasy t\u0142uszczowe, co u\u0142atwia proces usuwania nadmiaru t\u0142uszczu.<\/p>\n<p>2. Karnityna: Ten aminokwas wspomaga metabolizm i stymuluje usuwanie nadmiaru t\u0142uszczu z kom\u00f3rek. Aktywnie przyczynia si\u0119 do redukcji obj\u0119to\u015bci i nasilenia objaw\u00f3w cellulitu.<\/p>\n<p>3. Kofeina: Znana jest ze swoich w\u0142a\u015bciwo\u015bci poprawiaj\u0105cych mikrokr\u0105\u017cenie, dzi\u0119ki czemu pomaga redukowa\u0107 widoczno\u015b\u0107 cellulitu i poprawia\u0107 faktur\u0119 sk\u00f3ry.<\/p>\n<p>Ta kompozycja pozwala osi\u0105gn\u0105\u0107 znacz\u0105ce rezultaty w walce z cellulitem i poprawi\u0107 wygl\u0105d sk\u00f3ry. Dzia\u0142a na obszary z niedoborem kr\u0105\u017cenia krwi i drena\u017cu limfatycznego, aktywnie rozbijaj\u0105c t\u0142uszcze i wspomagaj\u0105c ich wydalanie. Stosowanie PBSerum Smooth+ mo\u017ce znacz\u0105co poprawi\u0107 tekstur\u0119 i koloryt sk\u00f3ry, czyni\u0105c j\u0105 g\u0142adsz\u0105, bardziej elastyczn\u0105 i atrakcyjn\u0105.<\/p>\n<p>Korzy\u015bci ze stosowania PBSerum Smooth+ obejmuj\u0105 nie tylko redukcj\u0119 cellulitu i popraw\u0119 tekstury sk\u00f3ry, ale tak\u017ce redukcj\u0119 obj\u0119to\u015bci w problematycznych miejscach. Sk\u0142ad preparatu pozwala na uzyskanie widocznych rezultat\u00f3w w kr\u00f3tkim czasie, co czyni go popularnym wyborem w\u015br\u00f3d profesjonalist\u00f3w z bran\u017cy kosmetycznej i klient\u00f3w d\u0105\u017c\u0105cych do idealnego wygl\u0105du.<\/p>","protected":false},"excerpt":{"rendered":"<p><strong>Wszystkie zabiegi przeprowadzane s\u0105 wy\u0142\u0105cznie na zlecenie lekarza!<\/strong><\/p>\n<p>Lipoforeza \u0142\u0105czy w sobie pr\u0105dy i specjalne leki, kt\u00f3re g\u0142\u0119boko oddzia\u0142uj\u0105 na kom\u00f3rki t\u0142uszczowe, zapewniaj\u0105c skuteczn\u0105 redukcj\u0119 obj\u0119to\u015bci i masy cia\u0142a.<\/p>\n<p>Produkt do mezoterapii i zabieg\u00f3w kosmetycznych, opracowany w celu redukcji widocznych z\u0142og\u00f3w cellulitu i poprawy struktury sk\u00f3ry. Unikalna formu\u0142a PBSerum Smooth+ zawiera kompleks sk\u0142adnik\u00f3w aktywnych, kt\u00f3re przyczyniaj\u0105 si\u0119 do rozpadu kom\u00f3rek t\u0142uszczowych, zwi\u0119kszenia elastyczno\u015bci i redukcji widoczno\u015bci cellulitu.<\/p>\n<p>G\u0142\u00f3wne sk\u0142adniki aktywne:<\/p>\n<p>\u2013 Fosfatydylocholina \u2013 wspomaga rozk\u0142ad t\u0142uszcz\u00f3w, co u\u0142atwia ich eliminacj\u0119 z organizmu.<br \/>\n\u2013 Karnityna \u2013 zwi\u0119ksza metabolizm i stymuluje usuwanie nadmiaru t\u0142uszczu.<br \/>\n\u2013 Kofeina \u2013 pomaga zmniejszy\u0107 widoczno\u015b\u0107 cellulitu i poprawi\u0107 mikrokr\u0105\u017cenie.<\/p>\n<p>Lek ten skutecznie zwalcza cellulit, poprawia struktur\u0119 sk\u00f3ry, zapewniaj\u0105c g\u0142adsz\u0105 i szczuplejsz\u0105 sylwetk\u0119.<\/p>","protected":false},"featured_media":2729,"comment_status":"closed","ping_status":"closed","template":"","meta":[],"product_cat":[66,71],"product_tag":[],"class_list":["post-2728","product","type-product","status-publish","has-post-thumbnail","hentry","product_cat-lipophoresis","product_cat-pbserum-enzymes"],"_links":{"self":[{"href":"https:\/\/brovko.clinic\/pl\/wp-json\/wp\/v2\/product\/2728","targetHints":{"allow":["GET"]}}],"collection":[{"href":"https:\/\/brovko.clinic\/pl\/wp-json\/wp\/v2\/product"}],"about":[{"href":"https:\/\/brovko.clinic\/pl\/wp-json\/wp\/v2\/types\/product"}],"replies":[{"embeddable":true,"href":"https:\/\/brovko.clinic\/pl\/wp-json\/wp\/v2\/comments?post=2728"}],"wp:featuredmedia":[{"embeddable":true,"href":"https:\/\/brovko.clinic\/pl\/wp-json\/wp\/v2\/media\/2729"}],"wp:attachment":[{"href":"https:\/\/brovko.clinic\/pl\/wp-json\/wp\/v2\/media?parent=2728"}],"wp:term":[{"taxonomy":"product_cat","embeddable":true,"href":"https:\/\/brovko.clinic\/pl\/wp-json\/wp\/v2\/product_cat?post=2728"},{"taxonomy":"product_tag","embeddable":true,"href":"https:\/\/brovko.clinic\/pl\/wp-json\/wp\/v2\/product_tag?post=2728"}],"curies":[{"name":"wp","href":"https:\/\/api.w.org\/{rel}","templated":true}]}}