{"id":2691,"date":"2023-08-20T14:24:36","date_gmt":"2023-08-20T12:24:36","guid":{"rendered":"https:\/\/brovko.clinic\/?post_type=product&#038;p=2691"},"modified":"2023-08-20T14:24:37","modified_gmt":"2023-08-20T12:24:37","slug":"cocktail-systemic-lipolysis","status":"publish","type":"product","link":"https:\/\/brovko.clinic\/pl\/shop\/koktajl-lipoliza-systemowa\/","title":{"rendered":"Koktajl: Lipoliza og\u00f3lnoustrojowa"},"content":{"rendered":"<p>Koktajl \u201eSystemic Lipolysis\u201d to wysoce skuteczny i innowacyjny zabieg lipoforezy, kt\u00f3rego celem jest aktywna lipoliza tkanki t\u0142uszczowej w r\u00f3\u017cnych partiach cia\u0142a. Metoda ta \u0142\u0105czy zaawansowane badania naukowe z nowoczesnymi technologiami, pozwalaj\u0105c uzyska\u0107 widoczn\u0105 popraw\u0119 kontur\u00f3w cia\u0142a i uj\u0119drnienie sk\u00f3ry.<\/p>\n<p>Zabieg \u201eLipoliza Systemowa\u201d opiera si\u0119 na zastosowaniu specjalnego koktajlu z substancjami aktywnymi, kt\u00f3re stymuluj\u0105 rozpad kom\u00f3rek t\u0142uszczowych. Aby osi\u0105gn\u0105\u0107 cel lipolizy, wa\u017cne jest zapewnienie optymalnego st\u0119\u017cenia substancji aktywnych, kt\u00f3re stymuluj\u0105 procesy metaboliczne i eliminacj\u0119 nadmiaru tkanki t\u0142uszczowej z organizmu.<\/p>\n<p>Podczas zabiegu koktajl jest aplikowany na okre\u015blone obszary cia\u0142a, w kt\u00f3rych wyst\u0119puje tkanka t\u0142uszczowa. Sk\u0142adniki aktywne koktajlu przenikaj\u0105 przez warstw\u0119 podsk\u00f3rnej tkanki t\u0142uszczowej i aktywuj\u0105 mechanizmy rozpadu t\u0142uszczu na poziomie molekularnym. Proces ten sprzyja uwalnianiu kwas\u00f3w t\u0142uszczowych, kt\u00f3re s\u0105 nast\u0119pnie metabolizowane i wydalane z organizmu.<\/p>\n<p>Po zabiegu pacjent mo\u017ce zauwa\u017cy\u0107 zmniejszenie obj\u0119to\u015bci cia\u0142a, popraw\u0119 konturu i napi\u0119cia sk\u00f3ry. \u201eLipoliza systemowa\u201d jest stosowana w celu rozwi\u0105zania r\u00f3\u017cnych problem\u00f3w: redukcji tkanki t\u0142uszczowej, uj\u0119drnienia sk\u00f3ry po utracie wagi, poprawy og\u00f3lnego wygl\u0105du cia\u0142a.<\/p>\n<p>Korzy\u015bci p\u0142yn\u0105ce ze stosowania koktajlu \u201eLipoliza systemowa\u201d:<br \/>\n\u2013 Indywidualne podej\u015bcie do ka\u017cdego klienta.<br \/>\n\u2013 Poprawa metabolizmu i eliminacja toksyn.<br \/>\n\u2013 Redukcja tkanki t\u0142uszczowej i wyg\u0142adzenie kontur\u00f3w cia\u0142a.<br \/>\n\u2013 Uj\u0119drnianie i poprawa struktury sk\u00f3ry.<br \/>\n\u2013 Uczucie lekko\u015bci i lepsze samopoczucie.<\/p>\n<p>Koktajl \u201eLipoliza systemowa\u201d to niezwykle skuteczna okazja, aby wykona\u0107 pierwszy krok w kierunku osi\u0105gni\u0119cia po\u017c\u0105danych efekt\u00f3w w kszta\u0142towaniu sylwetki i poprawie samopoczucia.<\/p>","protected":false},"excerpt":{"rendered":"<p><strong>Wszystkie zabiegi przeprowadzane s\u0105 wy\u0142\u0105cznie na zlecenie lekarza!<\/strong><\/p>\n<p>Lipoforeza \u0142\u0105czy w sobie pr\u0105dy i specjalne leki, kt\u00f3re g\u0142\u0119boko oddzia\u0142uj\u0105 na kom\u00f3rki t\u0142uszczowe, zapewniaj\u0105c skuteczn\u0105 redukcj\u0119 obj\u0119to\u015bci i masy cia\u0142a.<\/p>\n<p>Koktajl \u201eSystemic Lipolysis\u201d to innowacyjny zabieg lipoforezy, kt\u00f3ry wspomaga aktywny rozpad tkanki t\u0142uszczowej i poprawia metabolizm. Dzi\u0119ki unikalnemu po\u0142\u0105czeniu sk\u0142adnik\u00f3w aktywnych, koktajl ten stymuluje procesy lipolizy na poziomie kom\u00f3rkowym, pomagaj\u0105c w roz\u0142o\u017ceniu tkanki t\u0142uszczowej i zwi\u0119kszaj\u0105c skuteczno\u015b\u0107 odchudzania. Zabieg \u201eSystemic Lipolysis\u201d jest polecany osobom, kt\u00f3re chc\u0105 skutecznie zmniejszy\u0107 obj\u0119to\u015b\u0107 cia\u0142a i poprawi\u0107 og\u00f3lny koloryt sk\u00f3ry.<\/p>\n<p>Koktajl ten dzia\u0142a na poziomie molekularnym, aktywuj\u0105c mechanizmy rozk\u0142adu t\u0142uszczu i wspomagaj\u0105c jego eliminacj\u0119 z organizmu. Pomaga r\u00f3wnie\u017c poprawi\u0107 mikrokr\u0105\u017cenie i metabolizm, co korzystnie wp\u0142ywa na struktur\u0119 i wygl\u0105d sk\u00f3ry. Zastosowanie koktajlu \u201eSystemic Lipolysis\u201d podczas lipoforezy pozwala osi\u0105gn\u0105\u0107 po\u017c\u0105dany efekt w kr\u00f3tkim czasie, redukuj\u0105c z\u0142ogi t\u0142uszczu i uj\u0119drniaj\u0105c sk\u00f3r\u0119.<\/p>\n<p>Zalety:<br \/>\n\u2013 Aktywny efekt rozszczepiania kom\u00f3rek t\u0142uszczowych.<br \/>\n\u2013 Przyspieszenie metabolizmu i eliminacja toksyn.<br \/>\n\u2013 Zmniejszenie obj\u0119to\u015bci cia\u0142a i poprawa konturu.<br \/>\n\u2013 Zwi\u0119kszenie napi\u0119cia i elastyczno\u015bci sk\u00f3ry.<\/p>","protected":false},"featured_media":2692,"comment_status":"closed","ping_status":"closed","template":"","meta":[],"product_cat":[68,66],"product_tag":[],"class_list":["post-2691","product","type-product","status-publish","has-post-thumbnail","hentry","product_cat-cocktails-for-lipophoresis--prof","product_cat-lipophoresis"],"_links":{"self":[{"href":"https:\/\/brovko.clinic\/pl\/wp-json\/wp\/v2\/product\/2691","targetHints":{"allow":["GET"]}}],"collection":[{"href":"https:\/\/brovko.clinic\/pl\/wp-json\/wp\/v2\/product"}],"about":[{"href":"https:\/\/brovko.clinic\/pl\/wp-json\/wp\/v2\/types\/product"}],"replies":[{"embeddable":true,"href":"https:\/\/brovko.clinic\/pl\/wp-json\/wp\/v2\/comments?post=2691"}],"wp:featuredmedia":[{"embeddable":true,"href":"https:\/\/brovko.clinic\/pl\/wp-json\/wp\/v2\/media\/2692"}],"wp:attachment":[{"href":"https:\/\/brovko.clinic\/pl\/wp-json\/wp\/v2\/media?parent=2691"}],"wp:term":[{"taxonomy":"product_cat","embeddable":true,"href":"https:\/\/brovko.clinic\/pl\/wp-json\/wp\/v2\/product_cat?post=2691"},{"taxonomy":"product_tag","embeddable":true,"href":"https:\/\/brovko.clinic\/pl\/wp-json\/wp\/v2\/product_tag?post=2691"}],"curies":[{"name":"wp","href":"https:\/\/api.w.org\/{rel}","templated":true}]}}