{"id":2687,"date":"2023-08-20T14:17:45","date_gmt":"2023-08-20T12:17:45","guid":{"rendered":"https:\/\/brovko.clinic\/?post_type=product&#038;p=2687"},"modified":"2023-08-20T14:17:45","modified_gmt":"2023-08-20T12:17:45","slug":"cocktail-treatment-of-fatty-deposits-in-delicate-areas","status":"publish","type":"product","link":"https:\/\/brovko.clinic\/pl\/shop\/koktajl-na-odkladanie-tluszczu-w-delikatnych-miejscach\/","title":{"rendered":"Koktajl: Leczenie z\u0142og\u00f3w t\u0142uszczu w delikatnych obszarach"},"content":{"rendered":"<p>Koktajl \u201eZabieg na tkank\u0119 t\u0142uszczow\u0105 w miejscach delikatnych\u201d to wysoce skuteczny zabieg opracowany w celu skutecznej walki z nadmiarem tkanki t\u0142uszczowej w newralgicznych miejscach cia\u0142a. Dzi\u0119ki unikalnej kompozycji sk\u0142adnik\u00f3w aktywnych, koktajl ten wspomaga rozpad t\u0142uszcz\u00f3w, poprawia mikrokr\u0105\u017cenie krwi i limfy oraz stymuluje procesy usuwania szkodliwych substancji z organizmu.<\/p>\n<p>Zabieg lipoforezy z u\u017cyciem koktajlu \u201eZabieg na tkank\u0119 t\u0142uszczow\u0105 w okolicach wra\u017cliwych\u201d rozpoczyna si\u0119 od aplikacji koktajlu na obszary cia\u0142a z problematyczn\u0105 tkank\u0105 t\u0142uszczow\u0105. Nast\u0119pnie stosuje si\u0119 specjalne urz\u0105dzenie, kt\u00f3re pomaga substancjom aktywnym wnikn\u0105\u0107 g\u0142\u0119boko w sk\u00f3r\u0119. Dzi\u0119ki dzia\u0142aniu elektropuls\u00f3w substancje aktywne z koktajlu s\u0105 wch\u0142aniane przez organizm, przyczyniaj\u0105c si\u0119 do rozbicia tkanki t\u0142uszczowej i poprawy drena\u017cu limfatycznego.<\/p>\n<p>G\u0142\u00f3wnym celem zabiegu jest redukcja tkanki t\u0142uszczowej, szczeg\u00f3lnie w newralgicznych partiach cia\u0142a, takich jak brzuch, uda i po\u015bladki. Koktajl pomaga poprawi\u0107 napi\u0119cie i struktur\u0119 sk\u00f3ry, czyni\u0105c j\u0105 bardziej elastyczn\u0105 i g\u0142adk\u0105. Wzmacnia r\u00f3wnie\u017c naczynia krwiono\u015bne i poprawia mikrokr\u0105\u017cenie, co przyczynia si\u0119 do skuteczniejszego usuwania toksyn i szkodliwych substancji z organizmu.<\/p>\n<p>Po zabiegu odczujesz przyjemny efekt wzmocnienia i od\u015bwie\u017cenia sk\u00f3ry, a z czasem zauwa\u017cysz redukcj\u0119 obj\u0119to\u015bci obszar\u00f3w problemowych. Koktajl \u201eZabieg na tkank\u0119 t\u0142uszczow\u0105 w miejscach delikatnych\u201d to idealne rozwi\u0105zanie dla os\u00f3b, kt\u00f3re chc\u0105 osi\u0105gn\u0105\u0107 po\u017c\u0105dane rezultaty w walce z nadwag\u0105 i cellulitem, poprawi\u0107 wygl\u0105d sk\u00f3ry i zwi\u0119kszy\u0107 pewno\u015b\u0107 siebie.<\/p>","protected":false},"excerpt":{"rendered":"<p><strong>Wszystkie zabiegi przeprowadzane s\u0105 wy\u0142\u0105cznie na zlecenie lekarza!<\/strong><\/p>\n<p>Lipoforeza \u0142\u0105czy w sobie pr\u0105dy i specjalne leki, kt\u00f3re g\u0142\u0119boko oddzia\u0142uj\u0105 na kom\u00f3rki t\u0142uszczowe, zapewniaj\u0105c skuteczn\u0105 redukcj\u0119 obj\u0119to\u015bci i masy cia\u0142a.<\/p>\n<p>Koktajl \u201eZabieg na tkank\u0119 t\u0142uszczow\u0105 w miejscach delikatnych\u201d to skuteczny zabieg zwalczaj\u0105cy nadmiar tkanki t\u0142uszczowej w newralgicznych miejscach cia\u0142a. Dzi\u0119ki unikalnej kompozycji sk\u0142adnik\u00f3w aktywnych, koktajl ten wspomaga rozpad t\u0142uszcz\u00f3w, poprawia mikrokr\u0105\u017cenie krwi i limfy, a tak\u017ce stymuluje procesy usuwania szkodliwych substancji.<\/p>\n<p>Koktajl jest skuteczn\u0105 metod\u0105 redukcji tkanki t\u0142uszczowej w takich partiach cia\u0142a jak brzuch, uda, po\u015bladki, a tak\u017ce eliminacji cellulitu i poprawy napi\u0119cia sk\u00f3ry. Pomaga wyg\u0142adzi\u0107 kontury cia\u0142a i poprawi\u0107 jego wygl\u0105d.<\/p>\n<p>Koktajl ten ma szereg zalet, m.in. wspomaga redukcj\u0119 tkanki t\u0142uszczowej, utrzymuje zdrow\u0105 mikrocyrkulacj\u0119 krwi i limfy, poprawia koloryt sk\u00f3ry i wzmacnia jej struktur\u0119.<\/p>","protected":false},"featured_media":2688,"comment_status":"closed","ping_status":"closed","template":"","meta":[],"product_cat":[68,66],"product_tag":[],"class_list":["post-2687","product","type-product","status-publish","has-post-thumbnail","hentry","product_cat-cocktails-for-lipophoresis--prof","product_cat-lipophoresis"],"_links":{"self":[{"href":"https:\/\/brovko.clinic\/pl\/wp-json\/wp\/v2\/product\/2687","targetHints":{"allow":["GET"]}}],"collection":[{"href":"https:\/\/brovko.clinic\/pl\/wp-json\/wp\/v2\/product"}],"about":[{"href":"https:\/\/brovko.clinic\/pl\/wp-json\/wp\/v2\/types\/product"}],"replies":[{"embeddable":true,"href":"https:\/\/brovko.clinic\/pl\/wp-json\/wp\/v2\/comments?post=2687"}],"wp:featuredmedia":[{"embeddable":true,"href":"https:\/\/brovko.clinic\/pl\/wp-json\/wp\/v2\/media\/2688"}],"wp:attachment":[{"href":"https:\/\/brovko.clinic\/pl\/wp-json\/wp\/v2\/media?parent=2687"}],"wp:term":[{"taxonomy":"product_cat","embeddable":true,"href":"https:\/\/brovko.clinic\/pl\/wp-json\/wp\/v2\/product_cat?post=2687"},{"taxonomy":"product_tag","embeddable":true,"href":"https:\/\/brovko.clinic\/pl\/wp-json\/wp\/v2\/product_tag?post=2687"}],"curies":[{"name":"wp","href":"https:\/\/api.w.org\/{rel}","templated":true}]}}