{"id":2684,"date":"2023-08-20T14:06:51","date_gmt":"2023-08-20T12:06:51","guid":{"rendered":"https:\/\/brovko.clinic\/?post_type=product&#038;p=2684"},"modified":"2023-08-20T14:06:52","modified_gmt":"2023-08-20T12:06:52","slug":"strengthening-cocktail-for-the-body","status":"publish","type":"product","link":"https:\/\/brovko.clinic\/pl\/shop\/wzmacniajacy-koktajl-dla-ciala\/","title":{"rendered":"Wzmacniaj\u0105cy koktajl dla cia\u0142a"},"content":{"rendered":"<p>\u201eBody Firming Cocktail\u201d to wykwintny i skuteczny zabieg lipoforezy, kt\u00f3rego celem jest zapewnienie sk\u00f3rze doskona\u0142ej kondycji i wygl\u0105du. Koktajl ten ma niezr\u00f3wnane dzia\u0142anie uj\u0119drniaj\u0105ce, kt\u00f3re pomaga zwi\u0119kszy\u0107 elastyczno\u015b\u0107, g\u0142adko\u015b\u0107 i napi\u0119cie sk\u00f3ry. Zabieg wykorzystuje najnowocze\u015bniejsze osi\u0105gni\u0119cia kosmetologii, \u0142\u0105cz\u0105c sk\u0142adniki aktywne, kt\u00f3rych celem jest utrzymanie i poprawa zdrowia sk\u00f3ry.<\/p>\n<p>\u201eBody Firming Cocktail\u201d opiera si\u0119 na unikalnej formule z aktywnymi sk\u0142adnikami, kt\u00f3re pomagaj\u0105 od\u017cywi\u0107, odbudowa\u0107 i wzmocni\u0107 tkank\u0119 \u0142\u0105czn\u0105 sk\u00f3ry. Koktajl ten pomaga utrzyma\u0107 optymaln\u0105 r\u00f3wnowag\u0119 nawil\u017cenia, od\u017cywienia i stymulacji proces\u00f3w regeneracyjnych. Jego unikalna formu\u0142a pomaga zwi\u0119kszy\u0107 elastyczno\u015b\u0107, g\u0142adko\u015b\u0107 i napi\u0119cie sk\u00f3ry, szczeg\u00f3lnie w okolicy brzucha, po\u015bladk\u00f3w, ramion i klatki piersiowej.<\/p>\n<p>Zabieg \u201eBody Firming Cocktail\u201d mo\u017ce by\u0107 stosowany jako samodzielna terapia wzmacniaj\u0105ca i utrzymuj\u0105ca zdrowie sk\u00f3ry cia\u0142a, a tak\u017ce jako wa\u017cny etap wsparcia po zabiegach lipolitycznych drena\u017cu. Takie podej\u015bcie pozwala na maksymalne zachowanie efekt\u00f3w uzyskanych podczas zabieg\u00f3w lipolitycznych, popraw\u0119 tekstury i struktury sk\u00f3ry, a dodatkowo aktywizacj\u0119 jej proces\u00f3w regeneracyjnych.<\/p>\n<p>Korzy\u015bci p\u0142yn\u0105ce ze stosowania \u201eWzmacniaj\u0105cego Koktajlu do Cia\u0142a\u201d s\u0105 oczywiste i wielowymiarowe. Pomaga zachowa\u0107 m\u0142odo\u015b\u0107 i pi\u0119kno sk\u00f3ry, wzmacnia i spowalnia procesy starzenia, poprawia jej tekstur\u0119 i elastyczno\u015b\u0107, wyg\u0142adza i uelastycznia. Dzi\u0119ki sk\u0142adnikom aktywnym, takim jak DMAE, pirogronian sodu, krzem organiczny i hydroksyprolina, zyskujesz mo\u017cliwo\u015b\u0107 utrzymania \u015bwie\u017cego i zdrowego wygl\u0105du sk\u00f3ry, podkre\u015blenia jej naturalnego pi\u0119kna i pewno\u015bci siebie. \u201eWzmacniaj\u0105cy Koktajl do Cia\u0142a\u201d to d\u0142ugoterminowy inwestor w pi\u0119kno, zdrowie i dobre samopoczucie Twojej sk\u00f3ry.<\/p>","protected":false},"excerpt":{"rendered":"<p><strong>Wszystkie zabiegi przeprowadzane s\u0105 wy\u0142\u0105cznie na zlecenie lekarza!<\/strong><\/p>\n<p>Lipoforeza \u0142\u0105czy w sobie pr\u0105dy i specjalne leki, kt\u00f3re g\u0142\u0119boko oddzia\u0142uj\u0105 na kom\u00f3rki t\u0142uszczowe, zapewniaj\u0105c skuteczn\u0105 redukcj\u0119 obj\u0119to\u015bci i masy cia\u0142a.<\/p>\n<p>\u201eBody Firming Cocktail\u201d to specjalny zabieg lipoforezy, kt\u00f3ry ma unikalny efekt uj\u0119drniaj\u0105cy sk\u00f3r\u0119. Koktajl ten pomaga zapewni\u0107 niezb\u0119dne wsparcie od\u017cywcze, wzmacniaj\u0105c i stymuluj\u0105c syntez\u0119 tkanki \u0142\u0105cznej, co jest szczeg\u00f3lnie skuteczne w przypadku brzucha, po\u015bladk\u00f3w, ramion i piersi.<\/p>\n<p>Zabieg \u201eBody Firming Cocktail\u201d mo\u017ce by\u0107 stosowany samodzielnie w celu uj\u0119drnienia sk\u00f3ry cia\u0142a lub jako etap po zabiegach lipolitycznych z drena\u017cem. Sk\u0142adniki aktywne tego koktajlu, takie jak DMAE, pirogronian sodu, krzem organiczny i hydroksyprolina, pomagaj\u0105 zachowa\u0107 m\u0142odo\u015b\u0107 i elastyczno\u015b\u0107 sk\u00f3ry, sprawiaj\u0105c, \u017ce staje si\u0119 ona cie\u0144sza i bardziej elastyczna.<\/p>\n<p>Dzi\u0119ki \u201eWzmacniaj\u0105cemu Koktajlowi do Cia\u0142a\u201d mo\u017cesz cieszy\u0107 si\u0119 m\u0142odzie\u0144czo i zdrowo wygl\u0105daj\u0105c\u0105 sk\u00f3r\u0105, odczuwaj\u0105c efekty ju\u017c po pierwszych zabiegach. Zabieg ten aktywuje procesy regeneracji i wzmocnienia sk\u00f3ry, pozytywnie wp\u0142ywaj\u0105c na Tw\u00f3j wygl\u0105d.<\/p>","protected":false},"featured_media":2685,"comment_status":"closed","ping_status":"closed","template":"","meta":[],"product_cat":[68,66],"product_tag":[],"class_list":["post-2684","product","type-product","status-publish","has-post-thumbnail","hentry","product_cat-cocktails-for-lipophoresis--prof","product_cat-lipophoresis"],"_links":{"self":[{"href":"https:\/\/brovko.clinic\/pl\/wp-json\/wp\/v2\/product\/2684","targetHints":{"allow":["GET"]}}],"collection":[{"href":"https:\/\/brovko.clinic\/pl\/wp-json\/wp\/v2\/product"}],"about":[{"href":"https:\/\/brovko.clinic\/pl\/wp-json\/wp\/v2\/types\/product"}],"replies":[{"embeddable":true,"href":"https:\/\/brovko.clinic\/pl\/wp-json\/wp\/v2\/comments?post=2684"}],"wp:featuredmedia":[{"embeddable":true,"href":"https:\/\/brovko.clinic\/pl\/wp-json\/wp\/v2\/media\/2685"}],"wp:attachment":[{"href":"https:\/\/brovko.clinic\/pl\/wp-json\/wp\/v2\/media?parent=2684"}],"wp:term":[{"taxonomy":"product_cat","embeddable":true,"href":"https:\/\/brovko.clinic\/pl\/wp-json\/wp\/v2\/product_cat?post=2684"},{"taxonomy":"product_tag","embeddable":true,"href":"https:\/\/brovko.clinic\/pl\/wp-json\/wp\/v2\/product_tag?post=2684"}],"curies":[{"name":"wp","href":"https:\/\/api.w.org\/{rel}","templated":true}]}}