{"id":2681,"date":"2023-08-20T13:56:38","date_gmt":"2023-08-20T11:56:38","guid":{"rendered":"https:\/\/brovko.clinic\/?post_type=product&#038;p=2681"},"modified":"2023-08-20T13:56:38","modified_gmt":"2023-08-20T11:56:38","slug":"lipolytic-cocktail-edematous-form","status":"publish","type":"product","link":"https:\/\/brovko.clinic\/pl\/shop\/koktajl-lipolityczny-w-formie-obrzekowej\/","title":{"rendered":"Koktajl lipolityczny (posta\u0107 obrz\u0119kowa)"},"content":{"rendered":"<p>Koktajl lipolityczny w postaci masy obrz\u0119kowej to innowacyjny i wysoce skuteczny zabieg redukuj\u0105cy wielko\u015b\u0107 i liczb\u0119 adipocyt\u00f3w w okre\u015blonych obszarach cia\u0142a. Zabieg ten pozwala na zauwa\u017caln\u0105 redukcj\u0119 cellulitu i popraw\u0119 tekstury sk\u00f3ry, co czyni go bardzo popularnym w dziedzinie modelowania sylwetki i utrzymania estetycznego wygl\u0105du sk\u00f3ry.<\/p>\n<p>Koktajl lipolityczny zawiera silny kompleks sk\u0142adnik\u00f3w aktywnych, z kt\u00f3rych ka\u017cdy ma swoje w\u0142asne, unikalne dzia\u0142anie:<\/p>\n<p>\u2013 Ekstrakt z karczocha ma wyra\u017ane w\u0142a\u015bciwo\u015bci lipolityczne i moczop\u0119dne. Wspomaga rozpad kom\u00f3rek t\u0142uszczowych i usuwanie nadmiaru p\u0142yn\u00f3w, co pomaga zmniejszy\u0107 widoczno\u015b\u0107 cellulitu i poprawi\u0107 kontury cia\u0142a.<br \/>\n\u2013 Karnityna odpowiada za transport kwas\u00f3w t\u0142uszczowych do mitochondri\u00f3w, gdzie s\u0105 one nast\u0119pnie spalane w celu produkcji energii. Pomaga to zmniejszy\u0107 odk\u0142adanie si\u0119 t\u0142uszczu i poprawi\u0107 koloryt sk\u00f3ry.<br \/>\n\u2013 Teofilina blokuje receptory A1 na b\u0142onach adipocyt\u00f3w, co nasila proces hydrolizy tr\u00f3jgliceryd\u00f3w do glicerolu i kwas\u00f3w t\u0142uszczowych. Przyczynia si\u0119 to do rozpadu z\u0142og\u00f3w t\u0142uszczu i zmniejszenia ich obj\u0119to\u015bci.<br \/>\n\u2013 Krzem organiczny stymuluje proliferacj\u0119 fibroblast\u00f3w i syntez\u0119 kolagenu, co wzmacnia i poprawia elastyczno\u015b\u0107 sk\u00f3ry, zapewniaj\u0105c jej g\u0142adszy i bardziej naturalny wygl\u0105d.<\/p>\n<p>Koktajl lipolityczny w postaci masy obrz\u0119kowej stosowany jest jako samodzielny zabieg redukcji adipocyt\u00f3w i cellulitu, a tak\u017ce jako uzupe\u0142nienie drenuj\u0105cych zabieg\u00f3w lipolitycznych. Jego znaczenie polega na tym, \u017ce pomaga rozwi\u0105za\u0107 problemy z obj\u0119to\u015bci\u0105 i wygl\u0105dem sk\u00f3ry, poprawiaj\u0105c og\u00f3ln\u0105 estetyk\u0119 i samopoczucie klienta. Korzy\u015bci obejmuj\u0105 redukcj\u0119 tkanki t\u0142uszczowej, popraw\u0119 tekstury sk\u00f3ry, wspomaganie modelowania sylwetki i wzmocnienie tkanek.<\/p>","protected":false},"excerpt":{"rendered":"<p><strong>Wszystkie zabiegi przeprowadzane s\u0105 wy\u0142\u0105cznie na zlecenie lekarza!<\/strong><\/p>\n<p>Lipoforeza \u0142\u0105czy w sobie pr\u0105dy i specjalne leki, kt\u00f3re g\u0142\u0119boko oddzia\u0142uj\u0105 na kom\u00f3rki t\u0142uszczowe, zapewniaj\u0105c skuteczn\u0105 redukcj\u0119 obj\u0119to\u015bci i masy cia\u0142a.<\/p>\n<p>Koktajl lipolityczny w postaci obrz\u0119ku to ukierunkowany \u015brodek redukuj\u0105cy wielko\u015b\u0107 i liczb\u0119 adipocyt\u00f3w. Koktajl ten jest stosowany jako kompleksowy zabieg w leczeniu twardego cellulitu, a tak\u017ce jako etap uj\u0119drniania sk\u00f3ry po drena\u017cowych zabiegach lipolitycznych. Zawiera silny kompleks sk\u0142adnik\u00f3w aktywnych:<\/p>\n<ul>\n<li>Ekstrakt z karczocha: Dzi\u0119ki swoim w\u0142a\u015bciwo\u015bciom lipolitycznym i moczop\u0119dnym ekstrakt ten pomaga zmniejszy\u0107 widoczno\u015b\u0107 cellulitu i poprawi\u0107 tekstur\u0119 sk\u00f3ry.<\/li>\n<li>Karnityna: Sk\u0142adnik ten wspomaga transport kwas\u00f3w t\u0142uszczowych do mitochondri\u00f3w, wspomagaj\u0105c syntez\u0119 cz\u0105steczek ATP s\u0142u\u017c\u0105cych do produkcji energii.<\/li>\n<li>Teofilina: Dzia\u0142aj\u0105c jako bloker receptor\u00f3w A1 na b\u0142onach adipocyt\u00f3w, teofilina nasila hydroliz\u0119 tr\u00f3jgliceryd\u00f3w do glicerolu i kwas\u00f3w t\u0142uszczowych.<\/li>\n<li>Krzem organiczny: Poprzez stymulacj\u0119 proliferacji fibroblast\u00f3w i syntezy kolagenu, krzem organiczny pomaga wzmocni\u0107 i uelastyczni\u0107 sk\u00f3r\u0119.<\/li>\n<\/ul>\n<p>Ten specjalistyczny koktajl lipolityczny zosta\u0142 opracowany, aby zapewni\u0107 zauwa\u017caln\u0105 popraw\u0119 w redukcji adipocyt\u00f3w i wygl\u0105dzie sk\u00f3ry, co czyni go niezb\u0119dnym narz\u0119dziem w zabiegach konturowania cia\u0142a i uj\u0119drniania sk\u00f3ry.<\/p>","protected":false},"featured_media":2682,"comment_status":"closed","ping_status":"closed","template":"","meta":[],"product_cat":[68,66],"product_tag":[],"class_list":["post-2681","product","type-product","status-publish","has-post-thumbnail","hentry","product_cat-cocktails-for-lipophoresis--prof","product_cat-lipophoresis"],"_links":{"self":[{"href":"https:\/\/brovko.clinic\/pl\/wp-json\/wp\/v2\/product\/2681","targetHints":{"allow":["GET"]}}],"collection":[{"href":"https:\/\/brovko.clinic\/pl\/wp-json\/wp\/v2\/product"}],"about":[{"href":"https:\/\/brovko.clinic\/pl\/wp-json\/wp\/v2\/types\/product"}],"replies":[{"embeddable":true,"href":"https:\/\/brovko.clinic\/pl\/wp-json\/wp\/v2\/comments?post=2681"}],"wp:featuredmedia":[{"embeddable":true,"href":"https:\/\/brovko.clinic\/pl\/wp-json\/wp\/v2\/media\/2682"}],"wp:attachment":[{"href":"https:\/\/brovko.clinic\/pl\/wp-json\/wp\/v2\/media?parent=2681"}],"wp:term":[{"taxonomy":"product_cat","embeddable":true,"href":"https:\/\/brovko.clinic\/pl\/wp-json\/wp\/v2\/product_cat?post=2681"},{"taxonomy":"product_tag","embeddable":true,"href":"https:\/\/brovko.clinic\/pl\/wp-json\/wp\/v2\/product_tag?post=2681"}],"curies":[{"name":"wp","href":"https:\/\/api.w.org\/{rel}","templated":true}]}}