{"id":2678,"date":"2023-08-20T13:49:29","date_gmt":"2023-08-20T11:49:29","guid":{"rendered":"https:\/\/brovko.clinic\/?post_type=product&#038;p=2678"},"modified":"2023-08-20T13:49:29","modified_gmt":"2023-08-20T11:49:29","slug":"lipolytic-cocktail-soft-form","status":"publish","type":"product","link":"https:\/\/brovko.clinic\/pl\/shop\/koktajl-lipolityczny-w-miekkiej-formie\/","title":{"rendered":"Koktajl lipolityczny (mi\u0119kka forma)"},"content":{"rendered":"<p>Koktajl lipolityczny (w formie mi\u0119kkiej) to innowacyjny i skuteczny zabieg maj\u0105cy na celu redukcj\u0119 wielko\u015bci adipocyt\u00f3w i popraw\u0119 struktury sk\u00f3ry. Technika ta jest stosowana w walce z cellulitem twardym i modelowaniu sylwetki. Jej skuteczno\u015b\u0107 opiera si\u0119 na oddzia\u0142ywaniu sk\u0142adnik\u00f3w aktywnych na kom\u00f3rki t\u0142uszczowe i macierz mi\u0119dzykom\u00f3rkow\u0105, co zapewnia optymalne wsparcie i struktur\u0119 sk\u00f3ry.<\/p>\n<p>Podczas zabiegu z u\u017cyciem koktajlu lipolitycznego, sk\u0142adniki aktywne wnikaj\u0105 w g\u0142\u0119bokie warstwy sk\u00f3ry, gdzie zaczynaj\u0105 oddzia\u0142ywa\u0107 na adipocyty \u2013 kom\u00f3rki t\u0142uszczowe gromadz\u0105ce si\u0119 w okre\u015blonych partiach cia\u0142a. Dzi\u0119ki specjalnej kompozycji sk\u0142adnik\u00f3w aktywnych aktywowane s\u0105 procesy lipolizy i hydrolizy, co prowadzi do zmniejszenia rozmiaru kom\u00f3rek t\u0142uszczowych i rozk\u0142adu kwas\u00f3w t\u0142uszczowych na sk\u0142adniki, kt\u00f3re mog\u0105 by\u0107 wykorzystane jako \u017ar\u00f3d\u0142o energii.<\/p>\n<p>Zabieg ten pomaga upora\u0107 si\u0119 z problematycznymi obszarami cia\u0142a, w kt\u00f3rych gromadzi si\u0119 twarda tkanka t\u0142uszczowa, powoduj\u0105ca cellulit. Ponadto stanowi uzupe\u0142nienie zabieg\u00f3w lipolitycznych drena\u017cu, zwi\u0119kszaj\u0105c ich skuteczno\u015b\u0107 i zapewniaj\u0105c trwalsze rezultaty.<\/p>\n<p>Korzy\u015bci p\u0142yn\u0105ce z koktajlu lipolitycznego obejmuj\u0105 redukcj\u0119 obj\u0119to\u015bci i rozmiaru z\u0142og\u00f3w t\u0142uszczu, popraw\u0119 struktury sk\u00f3ry i konturu cia\u0142a, wzmocnienie tkanek oraz popraw\u0119 og\u00f3lnego wygl\u0105du sk\u00f3ry. Metoda ta jest nieinwazyjna i bezpieczna, co pozwala osi\u0105gn\u0105\u0107 zauwa\u017calne rezultaty bez operacji i d\u0142ugotrwa\u0142ej rekonwalescencji.<\/p>","protected":false},"excerpt":{"rendered":"<p><strong>Wszystkie zabiegi przeprowadzane s\u0105 wy\u0142\u0105cznie na zlecenie lekarza!<\/strong><\/p>\n<p>Lipoforeza \u0142\u0105czy w sobie pr\u0105dy i specjalne leki, kt\u00f3re g\u0142\u0119boko oddzia\u0142uj\u0105 na kom\u00f3rki t\u0142uszczowe, zapewniaj\u0105c skuteczn\u0105 redukcj\u0119 obj\u0119to\u015bci i masy cia\u0142a.<\/p>\n<p>Koktajl lipolityczny (w formie mi\u0119kkiej) to innowacyjny zabieg redukuj\u0105cy wielko\u015b\u0107 adipocyt\u00f3w i poprawiaj\u0105cy kondycj\u0119 sk\u00f3ry. Dzi\u0119ki niemu mo\u017cna skutecznie zwalcza\u0107 cellulit twardy i uj\u0119drnia\u0107 sk\u00f3r\u0119. Dzia\u0142aj\u0105c na kom\u00f3rki t\u0142uszczowe, koktajl pomaga zmniejszy\u0107 ich wielko\u015b\u0107 i liczb\u0119, poprawiaj\u0105c wygl\u0105d sylwetki.<\/p>\n<p>Aktywne sk\u0142adniki tego koktajlu wykazuj\u0105 silne dzia\u0142anie lipolityczne. Ekstrakt z karczocha wspomaga rozpad kom\u00f3rek t\u0142uszczowych i diurez\u0119, poprawiaj\u0105c stan sk\u00f3ry i pomagaj\u0105c w redukcji toksyn w organizmie. Karnityna odpowiada za transport kwas\u00f3w t\u0142uszczowych do mitochondri\u00f3w, zapewniaj\u0105c efektywn\u0105 syntez\u0119 cz\u0105steczek ATP, kt\u00f3re s\u0105 \u017ar\u00f3d\u0142em energii dla kom\u00f3rek.<\/p>\n<p>Teofilina dzia\u0142a jako bloker receptor\u00f3w A1 na b\u0142onie adipocyt\u00f3w, co zwi\u0119ksza hydroliz\u0119 tr\u00f3jgliceryd\u00f3w do glicerolu i kwas\u00f3w t\u0142uszczowych. Krzem organiczny wspomaga stymulacj\u0119 fibroblast\u00f3w i syntez\u0119 kolagenu, poprawiaj\u0105c elastyczno\u015b\u0107 i napi\u0119cie sk\u00f3ry.<\/p>\n<p>Koktajl ten stosuje si\u0119 w celu redukcji twardego cellulitu, utrzymania efekt\u00f3w po zabiegach drena\u017cu lipolitycznego oraz og\u00f3lnej poprawy wygl\u0105du sk\u00f3ry.<\/p>","protected":false},"featured_media":2679,"comment_status":"closed","ping_status":"closed","template":"","meta":[],"product_cat":[68,66],"product_tag":[],"class_list":["post-2678","product","type-product","status-publish","has-post-thumbnail","hentry","product_cat-cocktails-for-lipophoresis--prof","product_cat-lipophoresis"],"_links":{"self":[{"href":"https:\/\/brovko.clinic\/pl\/wp-json\/wp\/v2\/product\/2678","targetHints":{"allow":["GET"]}}],"collection":[{"href":"https:\/\/brovko.clinic\/pl\/wp-json\/wp\/v2\/product"}],"about":[{"href":"https:\/\/brovko.clinic\/pl\/wp-json\/wp\/v2\/types\/product"}],"replies":[{"embeddable":true,"href":"https:\/\/brovko.clinic\/pl\/wp-json\/wp\/v2\/comments?post=2678"}],"wp:featuredmedia":[{"embeddable":true,"href":"https:\/\/brovko.clinic\/pl\/wp-json\/wp\/v2\/media\/2679"}],"wp:attachment":[{"href":"https:\/\/brovko.clinic\/pl\/wp-json\/wp\/v2\/media?parent=2678"}],"wp:term":[{"taxonomy":"product_cat","embeddable":true,"href":"https:\/\/brovko.clinic\/pl\/wp-json\/wp\/v2\/product_cat?post=2678"},{"taxonomy":"product_tag","embeddable":true,"href":"https:\/\/brovko.clinic\/pl\/wp-json\/wp\/v2\/product_tag?post=2678"}],"curies":[{"name":"wp","href":"https:\/\/api.w.org\/{rel}","templated":true}]}}