{"id":2675,"date":"2023-08-20T13:41:55","date_gmt":"2023-08-20T11:41:55","guid":{"rendered":"https:\/\/brovko.clinic\/?post_type=product&#038;p=2675"},"modified":"2023-08-20T13:41:55","modified_gmt":"2023-08-20T11:41:55","slug":"lipolytic-cocktail-solid-form","status":"publish","type":"product","link":"https:\/\/brovko.clinic\/pl\/shop\/koktajl-lipolityczny-w-formie-stalej\/","title":{"rendered":"Koktajl lipolityczny (posta\u0107 sta\u0142a)"},"content":{"rendered":"<p>\u201eKoktajl Liolityczny (forma sta\u0142a)\u201d to zaawansowany produkt do lipoforezy opracowany z my\u015bl\u0105 o maksymalnej skuteczno\u015bci w redukcji cellulitu i poprawie struktury sk\u00f3ry. Koktajl ten \u0142\u0105czy w sobie silne po\u0142\u0105czenie sk\u0142adnik\u00f3w aktywnych, kt\u00f3re wspomagaj\u0105 lipoliz\u0119, rozpad tkanki t\u0142uszczowej i stymuluj\u0105 syntez\u0119 kolagenu.<\/p>\n<p>Ten koktajl zawiera ekstrakt z karczocha, znany ze swoich w\u0142a\u015bciwo\u015bci lipolitycznych i moczop\u0119dnych. Pomaga zmniejszy\u0107 rozmiar i liczb\u0119 adipocyt\u00f3w, wspomagaj\u0105c efektywny rozk\u0142ad t\u0142uszcz\u00f3w.<\/p>\n<p>L-karnityna to kolejny wa\u017cny sk\u0142adnik, kt\u00f3ry wspomaga transport kwas\u00f3w t\u0142uszczowych do mitochondri\u00f3w, stymuluj\u0105c syntez\u0119 cz\u0105steczek ATP. Przyczynia si\u0119 to do efektywnego metabolizmu t\u0142uszczu i spalania nadmiaru tkanki t\u0142uszczowej.<\/p>\n<p>Teofilina, kt\u00f3ra jest sk\u0142adnikiem koktajlu, blokuje receptory A1 na b\u0142onach adipocyt\u00f3w, co powoduje zwi\u0119kszon\u0105 hydroliz\u0119 tr\u00f3jgliceryd\u00f3w i rozk\u0142ad kwas\u00f3w t\u0142uszczowych i glicerolu.<\/p>\n<p>Krzem organiczny jest kluczowym sk\u0142adnikiem stymuluj\u0105cym proliferacj\u0119 fibroblast\u00f3w i syntez\u0119 kolagenu. Pomaga poprawi\u0107 struktur\u0119 sk\u00f3ry i zwi\u0119kszy\u0107 jej elastyczno\u015b\u0107, przyczyniaj\u0105c si\u0119 do uj\u0119drnienia kontur\u00f3w obszar\u00f3w poddanych zabiegowi.<\/p>\n<p>\u201eKoktajl Liolityczny (posta\u0107 sta\u0142a)\u201d jest polecany do leczenia cellulitu twardego oraz uj\u0119drniania sk\u00f3ry po zabiegach lipolitycznych drena\u017cu. Koktajl ten pomaga poprawi\u0107 tekstur\u0119 sk\u00f3ry, zredukowa\u0107 widoczne oznaki cellulitu i zwi\u0119kszy\u0107 elastyczno\u015b\u0107. Dzi\u0119ki po\u0142\u0105czeniu silnych sk\u0142adnik\u00f3w aktywnych, \u201eKoktajl Liolityczny (posta\u0107 sta\u0142a)\u201d to idealny wyb\u00f3r dla os\u00f3b pragn\u0105cych uzyska\u0107 g\u0142adk\u0105 i elastyczn\u0105 sk\u00f3r\u0119.<\/p>","protected":false},"excerpt":{"rendered":"<p><strong>Wszystkie zabiegi przeprowadzane s\u0105 wy\u0142\u0105cznie na zlecenie lekarza!<\/strong><\/p>\n<p>Lipoforeza \u0142\u0105czy w sobie pr\u0105dy i specjalne leki, kt\u00f3re g\u0142\u0119boko oddzia\u0142uj\u0105 na kom\u00f3rki t\u0142uszczowe, zapewniaj\u0105c skuteczn\u0105 redukcj\u0119 obj\u0119to\u015bci i masy cia\u0142a.<\/p>\n<p>\u201eKoktajl Liolityczny (posta\u0107 sta\u0142a)\u201d to silna formu\u0142a lipolityczna, kt\u00f3ra oddzia\u0142uje na adipocyty, skutecznie redukuj\u0105c cellulit. Jej dynamiczne po\u0142\u0105czenie sk\u0142adnik\u00f3w aktywnych obejmuje ekstrakt z karczocha, kt\u00f3ry wspomaga lipoliz\u0119, L-karnityn\u0119, kt\u00f3ra usprawnia metabolizm t\u0142uszcz\u00f3w, teofilin\u0119, kt\u00f3ra usprawnia rozk\u0142ad lipid\u00f3w, oraz krzem organiczny, kt\u00f3ry wspomaga syntez\u0119 kolagenu. Koktajl ten idealnie nadaje si\u0119 do walki z twardym cellulitem i zwi\u0119kszania elastyczno\u015bci sk\u00f3ry po zabiegach lipolitycznych z drena\u017cem. Zwi\u0119ksz skuteczno\u015b\u0107 lipoforezy dzi\u0119ki \u201eKoktajlowi Liolitycznemu (posta\u0107 sta\u0142a)\u201d.<\/p>","protected":false},"featured_media":2676,"comment_status":"closed","ping_status":"closed","template":"","meta":[],"product_cat":[68,66],"product_tag":[],"class_list":["post-2675","product","type-product","status-publish","has-post-thumbnail","hentry","product_cat-cocktails-for-lipophoresis--prof","product_cat-lipophoresis"],"_links":{"self":[{"href":"https:\/\/brovko.clinic\/pl\/wp-json\/wp\/v2\/product\/2675","targetHints":{"allow":["GET"]}}],"collection":[{"href":"https:\/\/brovko.clinic\/pl\/wp-json\/wp\/v2\/product"}],"about":[{"href":"https:\/\/brovko.clinic\/pl\/wp-json\/wp\/v2\/types\/product"}],"replies":[{"embeddable":true,"href":"https:\/\/brovko.clinic\/pl\/wp-json\/wp\/v2\/comments?post=2675"}],"wp:featuredmedia":[{"embeddable":true,"href":"https:\/\/brovko.clinic\/pl\/wp-json\/wp\/v2\/media\/2676"}],"wp:attachment":[{"href":"https:\/\/brovko.clinic\/pl\/wp-json\/wp\/v2\/media?parent=2675"}],"wp:term":[{"taxonomy":"product_cat","embeddable":true,"href":"https:\/\/brovko.clinic\/pl\/wp-json\/wp\/v2\/product_cat?post=2675"},{"taxonomy":"product_tag","embeddable":true,"href":"https:\/\/brovko.clinic\/pl\/wp-json\/wp\/v2\/product_tag?post=2675"}],"curies":[{"name":"wp","href":"https:\/\/api.w.org\/{rel}","templated":true}]}}