{"id":2669,"date":"2023-08-20T13:17:19","date_gmt":"2023-08-20T11:17:19","guid":{"rendered":"https:\/\/brovko.clinic\/?post_type=product&#038;p=2669"},"modified":"2023-08-20T13:17:19","modified_gmt":"2023-08-20T11:17:19","slug":"drainage-cocktail-solid-form","status":"publish","type":"product","link":"https:\/\/brovko.clinic\/pl\/shop\/koktajl-drenazowy-w-formie-stalej\/","title":{"rendered":"Koktajl drena\u017cowy (posta\u0107 sta\u0142a)"},"content":{"rendered":"<p>Koktajl drena\u017cowy (w formie sta\u0142ej) to innowacyjny produkt opracowany specjalnie do lipoforezy, kt\u00f3ry zapewnia kompleksowe podej\u015bcie do piel\u0119gnacji sk\u00f3ry, redukuj\u0105c obrz\u0119ki, przywracaj\u0105c napi\u0119cie i zapewniaj\u0105c ochron\u0119 antyoksydacyjn\u0105. Koktajl ten zawiera wysoce skuteczne sk\u0142adniki aktywne, kt\u00f3re przyczyniaj\u0105 si\u0119 do poprawy wygl\u0105du sk\u00f3ry i og\u00f3lnego samopoczucia.<\/p>\n<p>Jednym z kluczowych efekt\u00f3w dzia\u0142ania Koktajlu Drena\u017cowego jest jego dzia\u0142anie drenuj\u0105ce i przeciwobrz\u0119kowe. Substancje aktywne, takie jak koniczyna i escyna, pomagaj\u0105 zwi\u0119kszy\u0107 napi\u0119cie \u017cy\u0142 i zmniejszy\u0107 obrz\u0119ki. Jest to szczeg\u00f3lnie wa\u017cne dla os\u00f3b z problemami z obrz\u0119kami i zatrzymywaniem p\u0142yn\u00f3w w organizmie. Rutyna i mi\u0142orz\u0105b japo\u0144ski wzmacniaj\u0105 efekt, pomagaj\u0105c wzmocni\u0107 \u015bciany naczy\u0144 krwiono\u015bnych i pobudzaj\u0105c mikrokr\u0105\u017cenie krwi.<\/p>\n<p>Dzia\u0142anie antyoksydacyjne to kolejny wa\u017cny sk\u0142adnik Koktajlu Drena\u017cowego. Mi\u0142orz\u0105b japo\u0144ski i rutyna neutralizuj\u0105 wolne rodniki i chroni\u0105 kom\u00f3rki przed stresem oksydacyjnym. Pomaga to zapobiega\u0107 przedwczesnemu starzeniu si\u0119 sk\u00f3ry, poprawiaj\u0105c jej elastyczno\u015b\u0107 i wygl\u0105d.<\/p>\n<p>Koktajl drenuj\u0105cy ma swoje zalety zar\u00f3wno w profesjonalnych zabiegach kosmetycznych, jak i w domowym zaciszu. Mo\u017cna go stosowa\u0107 w przypadku r\u00f3\u017cnych rodzaj\u00f3w sk\u00f3ry i problem\u00f3w, takich jak obrz\u0119ki, uczucie ci\u0119\u017cko\u015bci n\u00f3g czy og\u00f3lne pogorszenie wygl\u0105du sk\u00f3ry. Jego unikalna formu\u0142a pozwala osi\u0105gn\u0105\u0107 zauwa\u017calne rezultaty w kr\u00f3tkim czasie, zapewniaj\u0105c zdrowy wygl\u0105d i odczuwaln\u0105 ulg\u0119.<\/p>\n<p>Koktajl drena\u017cowy (w postaci sta\u0142ej) to nie tylko \u015brodek na popraw\u0119 wygl\u0105du, ale tak\u017ce cenny pomocnik w utrzymaniu zdrowia i dobrego samopoczucia sk\u00f3ry. Pomaga zrobi\u0107 pierwszy krok w kierunku zdrowej i pi\u0119knej cery, gwarantuj\u0105c najlepsze rezultaty.<\/p>","protected":false},"excerpt":{"rendered":"<p><strong>Wszystkie zabiegi przeprowadzane s\u0105 wy\u0142\u0105cznie na zlecenie lekarza!<\/strong><\/p>\n<p>Lipoforeza \u0142\u0105czy w sobie pr\u0105dy i specjalne leki, kt\u00f3re g\u0142\u0119boko oddzia\u0142uj\u0105 na kom\u00f3rki t\u0142uszczowe, zapewniaj\u0105c skuteczn\u0105 redukcj\u0119 obj\u0119to\u015bci i masy cia\u0142a.<\/p>\n<p>Koktajl drenuj\u0105cy (w postaci sta\u0142ej) do lipoforezy: zapewnia sk\u00f3rze dzia\u0142anie przeciwobrz\u0119kowe i antyoksydacyjne dzi\u0119ki sk\u0142adnikom aktywnym, takim jak koniczyna, rutyna, mi\u0142orz\u0105b japo\u0144ski i escyna. Uzyskaj zauwa\u017caln\u0105 ulg\u0119 i popraw wygl\u0105d sk\u00f3ry dzi\u0119ki temu skutecznemu koktajlowi opracowanemu specjalnie do lipoforezy.<\/p>","protected":false},"featured_media":2670,"comment_status":"closed","ping_status":"closed","template":"","meta":[],"product_cat":[68,66],"product_tag":[],"class_list":["post-2669","product","type-product","status-publish","has-post-thumbnail","hentry","product_cat-cocktails-for-lipophoresis--prof","product_cat-lipophoresis"],"_links":{"self":[{"href":"https:\/\/brovko.clinic\/pl\/wp-json\/wp\/v2\/product\/2669","targetHints":{"allow":["GET"]}}],"collection":[{"href":"https:\/\/brovko.clinic\/pl\/wp-json\/wp\/v2\/product"}],"about":[{"href":"https:\/\/brovko.clinic\/pl\/wp-json\/wp\/v2\/types\/product"}],"replies":[{"embeddable":true,"href":"https:\/\/brovko.clinic\/pl\/wp-json\/wp\/v2\/comments?post=2669"}],"wp:featuredmedia":[{"embeddable":true,"href":"https:\/\/brovko.clinic\/pl\/wp-json\/wp\/v2\/media\/2670"}],"wp:attachment":[{"href":"https:\/\/brovko.clinic\/pl\/wp-json\/wp\/v2\/media?parent=2669"}],"wp:term":[{"taxonomy":"product_cat","embeddable":true,"href":"https:\/\/brovko.clinic\/pl\/wp-json\/wp\/v2\/product_cat?post=2669"},{"taxonomy":"product_tag","embeddable":true,"href":"https:\/\/brovko.clinic\/pl\/wp-json\/wp\/v2\/product_tag?post=2669"}],"curies":[{"name":"wp","href":"https:\/\/api.w.org\/{rel}","templated":true}]}}