{"id":2655,"date":"2023-08-20T11:54:38","date_gmt":"2023-08-20T09:54:38","guid":{"rendered":"https:\/\/brovko.clinic\/?post_type=product&#038;p=2655"},"modified":"2023-08-20T11:54:38","modified_gmt":"2023-08-20T09:54:38","slug":"lipophoresis-with-ampoules-vitamin-c-20","status":"publish","type":"product","link":"https:\/\/brovko.clinic\/pl\/shop\/lipoforeza-z-ampulkami-witamina-c-20\/","title":{"rendered":"Lipoforeza z ampu\u0142kami witaminy C 20%"},"content":{"rendered":"<p>Lipoforeza \u201eWitamina C 20%\u201d to zaawansowana metoda kosmetologiczna, kt\u00f3ra \u0142\u0105czy dwie zaawansowane technologie: lipoforez\u0119 oraz zastosowanie ampu\u0142ek o wysokim st\u0119\u017ceniu witaminy C (kwasu askorbinowego) na poziomie 20%. Zabieg ten pozwala osi\u0105gn\u0105\u0107 maksymaln\u0105 skuteczno\u015b\u0107 w zwi\u0119kszaniu elastyczno\u015bci sk\u00f3ry, stymulowaniu syntezy kolagenu, zwalczaniu zmian zwi\u0105zanych z wiekiem oraz poprawie og\u00f3lnego stanu sk\u00f3ry.<\/p>\n<p>Witamina C jest jednym z najwa\u017cniejszych sk\u0142adnik\u00f3w dla zdrowia sk\u00f3ry. Jest silnym przeciwutleniaczem, kt\u00f3ry neutralizuje wolne rodniki i zapobiega utlenianiu kom\u00f3rek. Wysokie st\u0119\u017cenie witaminy C w ampu\u0142kach \u201eVitamin C 20%\u201d pozwala zmaksymalizowa\u0107 jej dzia\u0142anie na poziomie kom\u00f3rkowym, przyczyniaj\u0105c si\u0119 do skuteczniejszej redukcji przebarwie\u0144 oraz zwi\u0119kszenia elastyczno\u015bci i odporno\u015bci tkanek sk\u00f3ry.<\/p>\n<p>Zabieg lipoforezy z u\u017cyciem ampu\u0142ek \u201eVitamin C 20%\u201d polega na wprowadzeniu leku w g\u0142\u0119bokie warstwy sk\u00f3ry za pomoc\u0105 specjalnie zaprojektowanego urz\u0105dzenia. Przed zabiegiem sk\u00f3ra jest dzielona na strefy problemowe \u2013 mo\u017ce to by\u0107 wzmo\u017cona pigmentacja, utrata elastyczno\u015bci, pojawienie si\u0119 zmarszczek lub innych defekt\u00f3w. Nast\u0119pnie, za pomoc\u0105 mikroigie\u0142, wstrzykuje si\u0119 preparat w poszczeg\u00f3lne punkty w problematycznych obszarach ampu\u0142ek z \u201eVitamin C 20%\u201d. Witamina C zaczyna wnika\u0107 w kom\u00f3rki sk\u00f3ry, aktywuj\u0105c procesy regeneracji oraz produkcj\u0119 kolagenu i elastyny.<\/p>\n<p>Jedn\u0105 z kluczowych zalet lipoforezy \u201eWitamina C 20%\u201d jest to, \u017ce pozwala ona na osi\u0105gni\u0119cie intensywniejszych i szybszych efekt\u00f3w w por\u00f3wnaniu z metodami klasycznymi. Wysokie st\u0119\u017cenie witaminy C pomaga zwi\u0119kszy\u0107 jej penetracj\u0119 do kom\u00f3rek i aktywowa\u0107 wi\u0119cej proces\u00f3w biochemicznych. Zabieg jest odpowiedni dla os\u00f3b z r\u00f3\u017cnymi typami sk\u00f3ry i r\u00f3\u017cnymi problemami \u2013 od przebarwie\u0144 po utrat\u0119 elastyczno\u015bci.<\/p>\n<p>Og\u00f3lnie rzecz bior\u0105c, lipoforeza \u201eWitamina C 20%\u201d to innowacyjne rozwi\u0105zanie dla utrzymania zdrowej i m\u0142odej sk\u00f3ry. Zabieg ten pozwala osi\u0105gn\u0105\u0107 widoczne i d\u0142ugotrwa\u0142e rezultaty w rozwi\u0105zywaniu r\u00f3\u017cnych problem\u00f3w sk\u00f3rnych, poprawiaj\u0105c jej struktur\u0119 i wygl\u0105d, a tak\u017ce zachowuj\u0105c jej m\u0142odo\u015b\u0107 i naturalny blask.<\/p>","protected":false},"excerpt":{"rendered":"<p><strong>Wszystkie zabiegi przeprowadzane s\u0105 wy\u0142\u0105cznie na zlecenie lekarza!<\/strong><\/p>\n<p>Lipoforeza \u0142\u0105czy w sobie pr\u0105dy i specjalne leki, kt\u00f3re g\u0142\u0119boko oddzia\u0142uj\u0105 na kom\u00f3rki t\u0142uszczowe, zapewniaj\u0105c skuteczn\u0105 redukcj\u0119 obj\u0119to\u015bci i masy cia\u0142a.<\/p>\n<p>Lipoforeza \u201eWitamina C 20%\u201d to unikalna metoda \u0142\u0105cz\u0105ca lipoforez\u0119 z u\u017cyciem ampu\u0142ek z witamin\u0105 C o st\u0119\u017ceniu 20%. Zabieg ten ma na celu zwi\u0119kszenie efektywno\u015bci lipolizy i popraw\u0119 kondycji sk\u00f3ry. Wysokie st\u0119\u017cenie witaminy C pomaga stymulowa\u0107 syntez\u0119 kolagenu, redukowa\u0107 przebarwienia i zwi\u0119ksza\u0107 jej elastyczno\u015b\u0107.<\/p>\n<p>Lipoforeza z witamin\u0105 C 20% ma szereg zalet, mi\u0119dzy innymi chroni sk\u00f3r\u0119 przed szkodliwym dzia\u0142aniem promieniowania UV, poprawia jej struktur\u0119 i zwalcza zmiany zwi\u0105zane z wiekiem. Zabieg skutecznie wp\u0142ywa r\u00f3wnie\u017c na \u0142ysienie rozlane i naczynka, pomagaj\u0105c w rozwi\u0105zaniu tych problem\u00f3w.<\/p>\n<p>Zastosowanie lipoforezy \u201eWitamina C 20%\u201d pomaga osi\u0105gn\u0105\u0107 widoczne i d\u0142ugotrwa\u0142e rezultaty dzi\u0119ki po\u0142\u0105czeniu lipoforezy z siln\u0105 witamin\u0105 C. Zabieg wykonywany jest pod nadzorem specjalisty, co gwarantuje bezpiecze\u0144stwo i skuteczno\u015b\u0107 zabiegu.<\/p>","protected":false},"featured_media":2656,"comment_status":"closed","ping_status":"closed","template":"","meta":[],"product_cat":[67,66],"product_tag":[],"class_list":["post-2655","product","type-product","status-publish","has-post-thumbnail","hentry","product_cat-ampoules-for-lipophoresis-x-prof","product_cat-lipophoresis"],"_links":{"self":[{"href":"https:\/\/brovko.clinic\/pl\/wp-json\/wp\/v2\/product\/2655","targetHints":{"allow":["GET"]}}],"collection":[{"href":"https:\/\/brovko.clinic\/pl\/wp-json\/wp\/v2\/product"}],"about":[{"href":"https:\/\/brovko.clinic\/pl\/wp-json\/wp\/v2\/types\/product"}],"replies":[{"embeddable":true,"href":"https:\/\/brovko.clinic\/pl\/wp-json\/wp\/v2\/comments?post=2655"}],"wp:featuredmedia":[{"embeddable":true,"href":"https:\/\/brovko.clinic\/pl\/wp-json\/wp\/v2\/media\/2656"}],"wp:attachment":[{"href":"https:\/\/brovko.clinic\/pl\/wp-json\/wp\/v2\/media?parent=2655"}],"wp:term":[{"taxonomy":"product_cat","embeddable":true,"href":"https:\/\/brovko.clinic\/pl\/wp-json\/wp\/v2\/product_cat?post=2655"},{"taxonomy":"product_tag","embeddable":true,"href":"https:\/\/brovko.clinic\/pl\/wp-json\/wp\/v2\/product_tag?post=2655"}],"curies":[{"name":"wp","href":"https:\/\/api.w.org\/{rel}","templated":true}]}}