{"id":2652,"date":"2023-08-20T11:37:20","date_gmt":"2023-08-20T09:37:20","guid":{"rendered":"https:\/\/brovko.clinic\/?post_type=product&#038;p=2652"},"modified":"2023-08-20T11:37:20","modified_gmt":"2023-08-20T09:37:20","slug":"lipophoresis-with-ampoules-mesostabil-phosphatidylcholine-5","status":"publish","type":"product","link":"https:\/\/brovko.clinic\/pl\/shop\/lipoforeza-ampulkowa-mezostabilna-fosfatydylocholina-5\/","title":{"rendered":"Lipoforeza z ampu\u0142kami mesostabil (fosfatydylocholina) 5%"},"content":{"rendered":"<p>Lipoforeza z ampu\u0142kami \u201eMesostabil\u201d to zaawansowana metoda \u0142\u0105cz\u0105ca nowoczesne technologie i innowacyjne sk\u0142adniki, aby skutecznie zwalcza\u0107 miejscowe z\u0142ogi t\u0142uszczu oraz zapewni\u0107 redukcj\u0119 obj\u0119to\u015bci i masy cia\u0142a. Metoda ta opiera si\u0119 na zastosowaniu ampu\u0142ek \u201eMesostabil\u201d, kt\u00f3re zawieraj\u0105 fosfatydylocholin\u0119 5% \u2013 substancj\u0119 o bezpo\u015brednim dzia\u0142aniu lipolitycznym na kom\u00f3rki t\u0142uszczowe.<\/p>\n<p>Zasada dzia\u0142ania preparatu \u201eMesostabil\u201d polega na stymulacji degradacji, mobilizacji i usuwania lipid\u00f3w z organizmu. Fosfatydylocholina pomaga aktywowa\u0107 lipaz\u0119, enzym odpowiedzialny za rozk\u0142ad zwi\u0105zk\u00f3w t\u0142uszczowych. Prowadzi to do zmniejszenia syntezy tr\u00f3jgliceryd\u00f3w (THC) \u2013 g\u0142\u00f3wnej formy zapas\u00f3w t\u0142uszczu \u2013 i sprzyja ich rozk\u0142adowi. Formu\u0142a preparatu zosta\u0142a opracowana z uwzgl\u0119dnieniem struktury lipoprotein, kt\u00f3re odpowiadaj\u0105 za transport lipid\u00f3w do tkanek docelowych. W ten spos\u00f3b ampu\u0142ki \u201eMesostabil\u201d pomagaj\u0105 aktywnie transportowa\u0107 lipidy do miejsca, w kt\u00f3rym mog\u0105 ulec rozpadowi i zosta\u0107 wykorzystane jako \u017ar\u00f3d\u0142o energii.<\/p>\n<p>Do g\u0142\u00f3wnych zalet lipoforezy z u\u017cyciem ampu\u0142ek \u201eMezostabil\u201d nale\u017cy punktowe i ukierunkowane dzia\u0142anie na obszary t\u0142uszczowe, co pozwala skutecznie zwalcza\u0107 miejscowe z\u0142ogi t\u0142uszczu. Dzi\u0119ki tej metodzie uzyskuje si\u0119 redukcj\u0119 obj\u0119to\u015bci i masy cia\u0142a w okre\u015blonych partiach cia\u0142a, kt\u00f3re najbardziej wymagaj\u0105 korekcji. Ponadto \u201eMezostabil\u201d zwi\u0119ksza efektywno\u015b\u0107 lipolizy i zmniejsza przepuszczalno\u015b\u0107 naczy\u0144 w\u0142osowatych, przyczyniaj\u0105c si\u0119 do rozk\u0142adu z\u0142og\u00f3w t\u0142uszczu.<\/p>\n<p>Zastosowanie \u201eMesostabilu\u201d w lipoforezie ma szerokie spektrum wskaza\u0144. Metoda ta pomaga w korekcji miejscowych z\u0142og\u00f3w tkanki t\u0142uszczowej, usuwaniu cellulitu i poprawie struktury sk\u00f3ry. Zastosowanie \u201eMesostabilu\u201d jest mo\u017cliwe zar\u00f3wno na ciele, jak i na twarzy, co czyni go uniwersalnym rozwi\u0105zaniem dla os\u00f3b d\u0105\u017c\u0105cych do uzyskania harmonijnej sylwetki i zdrowej sk\u00f3ry.<\/p>","protected":false},"excerpt":{"rendered":"<p><strong>Wszystkie zabiegi przeprowadzane s\u0105 wy\u0142\u0105cznie na zlecenie lekarza!<\/strong><\/p>\n<p>Lipoforeza \u0142\u0105czy w sobie pr\u0105dy i specjalne leki, kt\u00f3re g\u0142\u0119boko oddzia\u0142uj\u0105 na kom\u00f3rki t\u0142uszczowe, zapewniaj\u0105c skuteczn\u0105 redukcj\u0119 obj\u0119to\u015bci i masy cia\u0142a.<\/p>\n<p>Lipoforeza z ampu\u0142kami \u201eMesostabil\u201d \u2013 bezpo\u015bredni efekt lipolityczny w celu zniszczenia z\u0142og\u00f3w t\u0142uszczu. Formu\u0142a wspomaga mobilizacj\u0119 i rozpad lipid\u00f3w, aktywuj\u0105c procesy lipolizy i redukuj\u0105c poziom tr\u00f3jgliceryd\u00f3w. Stosowa\u0107 na miejscowe obszary ot\u0142uszczone i ksantelaz\u0119.<\/p>","protected":false},"featured_media":2653,"comment_status":"closed","ping_status":"closed","template":"","meta":[],"product_cat":[67,66],"product_tag":[],"class_list":["post-2652","product","type-product","status-publish","has-post-thumbnail","hentry","product_cat-ampoules-for-lipophoresis-x-prof","product_cat-lipophoresis"],"_links":{"self":[{"href":"https:\/\/brovko.clinic\/pl\/wp-json\/wp\/v2\/product\/2652","targetHints":{"allow":["GET"]}}],"collection":[{"href":"https:\/\/brovko.clinic\/pl\/wp-json\/wp\/v2\/product"}],"about":[{"href":"https:\/\/brovko.clinic\/pl\/wp-json\/wp\/v2\/types\/product"}],"replies":[{"embeddable":true,"href":"https:\/\/brovko.clinic\/pl\/wp-json\/wp\/v2\/comments?post=2652"}],"wp:featuredmedia":[{"embeddable":true,"href":"https:\/\/brovko.clinic\/pl\/wp-json\/wp\/v2\/media\/2653"}],"wp:attachment":[{"href":"https:\/\/brovko.clinic\/pl\/wp-json\/wp\/v2\/media?parent=2652"}],"wp:term":[{"taxonomy":"product_cat","embeddable":true,"href":"https:\/\/brovko.clinic\/pl\/wp-json\/wp\/v2\/product_cat?post=2652"},{"taxonomy":"product_tag","embeddable":true,"href":"https:\/\/brovko.clinic\/pl\/wp-json\/wp\/v2\/product_tag?post=2652"}],"curies":[{"name":"wp","href":"https:\/\/api.w.org\/{rel}","templated":true}]}}