{"id":2626,"date":"2023-08-13T20:40:16","date_gmt":"2023-08-13T18:40:16","guid":{"rendered":"https:\/\/brovko.clinic\/?post_type=product&#038;p=2626"},"modified":"2023-08-16T08:34:48","modified_gmt":"2023-08-16T06:34:48","slug":"artichoke-extract","status":"publish","type":"product","link":"https:\/\/brovko.clinic\/pl\/shop\/ekstrakt-z-karczocha\/","title":{"rendered":"Lipoforeza z ampu\u0142kami Ekstrakt z karczocha 2%"},"content":{"rendered":"<p>\u201eEkstrakt z karczocha 2%\u201d odgrywa wa\u017cn\u0105 rol\u0119 w zabiegu lipoforezy, zapewniaj\u0105c optymalne rezultaty i korzy\u015bci dla os\u00f3b pragn\u0105cych poprawi\u0107 swoj\u0105 sylwetk\u0119 i zredukowa\u0107 nadmiarow\u0105 wag\u0119.<\/p>\n<p>Proces stosowania ekstraktu z karczocha rozpoczyna si\u0119 od jego wprowadzenia w obszar docelowego gromadzenia si\u0119 t\u0142uszczu. Podczas zabiegu lipoforezy ekstrakt jest wprowadzany do tkanki t\u0142uszczowej, gdzie wchodzi w interakcj\u0119 z kom\u00f3rkami t\u0142uszczowymi.<\/p>\n<p>Aktywne sk\u0142adniki karczocha przyczyniaj\u0105 si\u0119 do aktywnego rozk\u0142adu kwas\u00f3w t\u0142uszczowych, redukcji obj\u0119to\u015bci tkanki t\u0142uszczowej i skutecznej utraty wagi. Proces ten jest aktywnie wspomagany przez dzia\u0142anie specjalnych pr\u0105d\u00f3w charakterystycznych dla lipoforezy, kt\u00f3re wzmacniaj\u0105 dzia\u0142anie ekstraktu.<\/p>\n<p><strong>G\u0142\u00f3wne zalety \u201eEkstraktu z karczocha 2%\u201d w lipoforezie:<\/strong><\/p>\n<p>1. G\u0142\u0119bokie dzia\u0142anie na z\u0142ogi t\u0142uszczu: Ekstrakt z karczocha ma zdolno\u015b\u0107 g\u0142\u0119bokiej penetracji tkanki t\u0142uszczowej, docieraj\u0105c do lokalnych z\u0142og\u00f3w t\u0142uszczu. Przyczynia si\u0119 to do aktywnego rozk\u0142adu t\u0142uszczu i redukcji jego obj\u0119to\u015bci.<\/p>\n<p>2. Zwi\u0119ksza skuteczno\u015b\u0107 lipoforezy: Zastosowanie ekstraktu z karczocha w po\u0142\u0105czeniu z lipoforez\u0105 wzmacnia efekty zabiegu. Skuteczne po\u0142\u0105czenie tych metod pomaga uzyska\u0107 bardziej widoczne i widoczne zmiany w obszarze odk\u0142adania si\u0119 tkanki t\u0142uszczowej.<\/p>\n<p>3. Dzia\u0142anie antyoksydacyjne i \u017c\u00f3\u0142ciop\u0119dne: W\u0142a\u015bciwo\u015bci karczocha pomagaj\u0105 poprawi\u0107 metabolizm, eliminuj\u0105 toksyny i zapewniaj\u0105 ochron\u0119 antyoksydacyjn\u0105, pozytywnie wp\u0142ywaj\u0105c na og\u00f3ln\u0105 kondycj\u0119 organizmu.<\/p>\n<p>4. Naturalna i bezpieczna formu\u0142a: \u201eEkstrakt z karczocha 2%\u201d jest pozyskiwany z naturalnych \u017ar\u00f3de\u0142, co czyni go bezpiecznym w stosowaniu. Pozwala to na osi\u0105gni\u0119cie po\u017c\u0105danego rezultatu bez konieczno\u015bci stosowania agresywnych metod.<\/p>\n<p>5. Indywidualne podej\u015bcie: ekstrakt z karczocha mo\u017cna stosowa\u0107 na r\u00f3\u017cnych obszarach cia\u0142a, w zale\u017cno\u015bci od potrzeb pacjenta, co zapewnia indywidualne i skuteczne podej\u015bcie do ka\u017cdego pacjenta.<\/p>\n<p>\u201eEkstrakt z karczocha 2%\u201d to doskona\u0142y sk\u0142adnik, kt\u00f3ry mo\u017ce pozytywnie wp\u0142yn\u0105\u0107 na skuteczno\u015b\u0107 lipoforezy, pomagaj\u0105c osi\u0105gn\u0105\u0107 po\u017c\u0105dane rezultaty w kszta\u0142towaniu sylwetki i utracie wagi.<\/p>","protected":false},"excerpt":{"rendered":"<p><strong>Wszystkie zabiegi przeprowadzane s\u0105 wy\u0142\u0105cznie na zlecenie lekarza!<\/strong><\/p>\n<p>Lipoforeza to metoda polegaj\u0105ca na wykorzystaniu pr\u0105d\u00f3w i specjalnych preparat\u00f3w, kt\u00f3re g\u0142\u0119boko oddzia\u0142uj\u0105 na kom\u00f3rki t\u0142uszczowe, zapewniaj\u0105c skuteczn\u0105 redukcj\u0119 obj\u0119to\u015bci i wagi.<\/p>\n<p>Zabieg ten wi\u0105\u017ce si\u0119 z zastosowaniem lek\u00f3w.<\/p>\n<p>\u201eEkstrakt z karczocha 2%\u201d: silny sk\u0142adnik lipoforezy. Wzbogacony o w\u0142a\u015bciwo\u015bci karczocha, ekstrakt ten przyczynia si\u0119 do skutecznego dzia\u0142ania na z\u0142ogi t\u0142uszczu. Zmaksymalizuj efekty lipoforezy dzi\u0119ki temu unikalnemu ekstraktowi.<\/p>","protected":false},"featured_media":2630,"comment_status":"closed","ping_status":"closed","template":"","meta":[],"product_cat":[67,66],"product_tag":[],"class_list":["post-2626","product","type-product","status-publish","has-post-thumbnail","hentry","product_cat-ampoules-for-lipophoresis-x-prof","product_cat-lipophoresis"],"_links":{"self":[{"href":"https:\/\/brovko.clinic\/pl\/wp-json\/wp\/v2\/product\/2626","targetHints":{"allow":["GET"]}}],"collection":[{"href":"https:\/\/brovko.clinic\/pl\/wp-json\/wp\/v2\/product"}],"about":[{"href":"https:\/\/brovko.clinic\/pl\/wp-json\/wp\/v2\/types\/product"}],"replies":[{"embeddable":true,"href":"https:\/\/brovko.clinic\/pl\/wp-json\/wp\/v2\/comments?post=2626"}],"wp:featuredmedia":[{"embeddable":true,"href":"https:\/\/brovko.clinic\/pl\/wp-json\/wp\/v2\/media\/2630"}],"wp:attachment":[{"href":"https:\/\/brovko.clinic\/pl\/wp-json\/wp\/v2\/media?parent=2626"}],"wp:term":[{"taxonomy":"product_cat","embeddable":true,"href":"https:\/\/brovko.clinic\/pl\/wp-json\/wp\/v2\/product_cat?post=2626"},{"taxonomy":"product_tag","embeddable":true,"href":"https:\/\/brovko.clinic\/pl\/wp-json\/wp\/v2\/product_tag?post=2626"}],"curies":[{"name":"wp","href":"https:\/\/api.w.org\/{rel}","templated":true}]}}