{"id":9740,"date":"2025-02-14T21:57:37","date_gmt":"2025-02-14T19:57:37","guid":{"rendered":"https:\/\/brovko.clinic\/?page_id=9740"},"modified":"2025-02-19T15:32:17","modified_gmt":"2025-02-19T13:32:17","slug":"fat-mass-estimation-calculator","status":"publish","type":"page","link":"https:\/\/brovko.clinic\/pl\/kalkulator-szacowania-masy-tluszczowej\/","title":{"rendered":"Kalkulator online do szacowania procentowej zawarto\u015bci tkanki t\u0142uszczowej"},"content":{"rendered":"<div data-elementor-type=\"wp-page\" data-elementor-id=\"9740\" class=\"elementor elementor-9740\" data-elementor-post-type=\"page\">\n\t\t\t\t\t\t\t\t\t<section data-particle_enable=\"false\" data-particle-mobile-disabled=\"false\" class=\"elementor-section elementor-top-section elementor-element elementor-element-40bd37c elementor-section-boxed elementor-section-height-default elementor-section-height-default\" data-id=\"40bd37c\" data-element_type=\"section\">\n\t\t\t\t\t\t<div class=\"elementor-container elementor-column-gap-default\">\n\t\t\t\t\t<div class=\"elementor-column elementor-col-50 elementor-top-column elementor-element elementor-element-16529d8\" data-id=\"16529d8\" data-element_type=\"column\">\n\t\t\t<div class=\"elementor-widget-wrap elementor-element-populated\">\n\t\t\t\t\t\t\t\t<div class=\"elementor-element elementor-element-9b44445 elementor-widget elementor-widget-heading\" data-id=\"9b44445\" data-element_type=\"widget\" data-widget_type=\"heading.default\">\n\t\t\t\t<div class=\"elementor-widget-container\">\n\t\t\t<style>\/*! elementor - v3.15.0 - 09-08-2023 *\/\n.elementor-heading-title{padding:0;margin:0;line-height:1}.elementor-widget-heading .elementor-heading-title[class*=elementor-size-]>a{color:inherit;font-size:inherit;line-height:inherit}.elementor-widget-heading .elementor-heading-title.elementor-size-small{font-size:15px}.elementor-widget-heading .elementor-heading-title.elementor-size-medium{font-size:19px}.elementor-widget-heading .elementor-heading-title.elementor-size-large{font-size:29px}.elementor-widget-heading .elementor-heading-title.elementor-size-xl{font-size:39px}.elementor-widget-heading .elementor-heading-title.elementor-size-xxl{font-size:59px}<\/style><h1 class=\"elementor-heading-title elementor-size-default\">Kalkulator online do szacowania procentowej zawarto\u015bci tkanki t\u0142uszczowej u kobiet<\/h1>\t\t<\/div>\n\t\t\t\t<\/div>\n\t\t\t\t<div class=\"elementor-element elementor-element-5a42922 elementor-widget elementor-widget-text-editor\" data-id=\"5a42922\" data-element_type=\"widget\" data-widget_type=\"text-editor.default\">\n\t\t\t\t<div class=\"elementor-widget-container\">\n\t\t\t<style>\/*! elementor - v3.15.0 - 09-08-2023 *\/\n.elementor-widget-text-editor.elementor-drop-cap-view-stacked .elementor-drop-cap{background-color:#69727d;color:#fff}.elementor-widget-text-editor.elementor-drop-cap-view-framed .elementor-drop-cap{color:#69727d;border:3px solid;background-color:transparent}.elementor-widget-text-editor:not(.elementor-drop-cap-view-default) .elementor-drop-cap{margin-top:8px}.elementor-widget-text-editor:not(.elementor-drop-cap-view-default) .elementor-drop-cap-letter{width:1em;height:1em}.elementor-widget-text-editor .elementor-drop-cap{float:left;text-align:center;line-height:1;font-size:50px}.elementor-widget-text-editor .elementor-drop-cap-letter{display:inline-block}<\/style>\t\t\t\t<p>Talia \u2013 mierzona w centymetrach (w najw\u0119\u017cszym punkcie lub przy p\u0119pku).<br \/>Biodra (tylko dla kobiet) \u2013 mierzone w najszerszym miejscu.<br \/>Szyja \u2013 mierzona w najw\u0119\u017cszym miejscu.<br \/>Wzrost \u2013 podawany w centymetrach.<\/p>\t\t\t\t\t\t<\/div>\n\t\t\t\t<\/div>\n\t\t\t\t<div class=\"elementor-element elementor-element-77bacac elementor-widget__width-initial elementor-widget elementor-widget-shortcode\" data-id=\"77bacac\" data-element_type=\"widget\" data-widget_type=\"shortcode.default\">\n\t\t\t\t<div class=\"elementor-widget-container\">\n\t\t\t\t\t<div class=\"elementor-shortcode\"><div class=\"formbox-wrapper\"><form action=\"https:\/\/brovko.clinic\/pl\/kalkulator-szacowania-masy-tluszczowej\/\" name=\"formbox\" class=\"formbox formbox-1\" id=\"calculator_1\" data-trp-original-action=\"https:\/\/brovko.clinic\/pl\/kalkulator-szacowania-masy-tluszczowej\/\">\n\t\t\t\t\t\t\t\t\t\t\n\t\t\t\t\t\t\t\t\t\t\n\t\t\t\t\t\t\t\t\t\t\t\t\t\t\t\t\t\t\t<fieldset class=\"formbox__container\"><div class=\"formbox__title\">Obw\u00f3d talii<\/div><div class=\"formbox__body\"><div class=\"formbox__field has-addon is-right\"><span class=\"formbox__field-addon\">cm<\/span><label class=\"formbox__field-lable\" for=\"formbox-field-1\">Obw\u00f3d talii<\/label><input type=\"number\" class=\"formbox__field-input\" value=\"110\" step=\"1\" min=\"20\" required=\"\" placeholder=\"doda\u0107 warto\u015b\u0107\" name=\"formbox-field-1\" id=\"formbox-field-1\"><\/div><\/div> <\/fieldset><fieldset class=\"formbox__container\"><div class=\"formbox__title\" style=\"box-shadow: none\">Obw\u00f3d bioder<\/div><div class=\"formbox__body\"><div class=\"formbox__field has-addon is-right\" style=\"box-shadow: none\"><span class=\"formbox__field-addon\">cm<\/span><label class=\"formbox__field-lable\" for=\"formbox-field-2\">Obw\u00f3d bioder<\/label><input type=\"number\" class=\"formbox__field-input\" value=\"100\" step=\"1\" min=\"20\" required=\"\" placeholder=\"doda\u0107 warto\u015b\u0107\" name=\"formbox-field-2\" id=\"formbox-field-2\"><\/div><\/div> <\/fieldset><fieldset class=\"formbox__container\"><div class=\"formbox__title\">Obw\u00f3d szyi<\/div><div class=\"formbox__body\"><div class=\"formbox__field has-addon is-right\"><span class=\"formbox__field-addon\">cm<\/span><label class=\"formbox__field-lable\" for=\"formbox-field-3\">Obw\u00f3d szyi<\/label><input type=\"number\" class=\"formbox__field-input\" value=\"42\" step=\"1\" min=\"20\" required=\"\" placeholder=\"doda\u0107 warto\u015b\u0107\" name=\"formbox-field-3\" id=\"formbox-field-3\"><\/div><\/div> <\/fieldset><fieldset class=\"formbox__container\"><div class=\"formbox__title\">Wysoko\u015b\u0107<\/div><div class=\"formbox__body\"><div class=\"formbox__field has-addon is-right\"><span class=\"formbox__field-addon\">cm<\/span><label class=\"formbox__field-lable\" for=\"formbox-field-4\">Wysoko\u015b\u0107<\/label><input type=\"number\" class=\"formbox__field-input\" value=\"175\" step=\"1\" min=\"20\" required=\"\" placeholder=\"doda\u0107 warto\u015b\u0107\" name=\"formbox-field-4\" id=\"formbox-field-4\"><\/div><\/div> <\/fieldset><fieldset class=\"formbox__container\"><div class=\"formbox__title\"><\/div><div class=\"formbox__body\"><div class=\"formbox__btn\"><button class=\"formbox__btn-calc\">Oblicza\u0107<\/button><button type=\"reset\" class=\"formbox__btn-reset\">Rzuca\u0107<\/button><\/div><\/div> <\/fieldset><fieldset class=\"formbox__container has-result is-hidden calcresult\"><div class=\"formbox__title\">Wynik<\/div><div class=\"formbox__body\"><div class=\"formbox__field is-result\"><label class=\"formbox__field-lable\" for=\"formbox-field-5\">Wynik<\/label><textarea class=\"formbox__field-result\" readonly=\"\" hidden=\"\" name=\"formbox-field-5\" id=\"formbox-field-5\"><\/textarea><div class=\"formbox__htmlBlock-result\"><\/div><\/div><\/div> <\/fieldset>\t\t\t\t\t\t\t\t\t\t\t\t\t\t\t\t\t\t<input type=\"hidden\" class=\"calc-reset\"><input type=\"hidden\" class=\"calc-only-click\"><input type=\"hidden\" class=\"calc-not-change\"><input type=\"hidden\" name=\"trp-form-language\" value=\"pl\"\/><\/form><\/div><\/div>\n\t\t\t\t<\/div>\n\t\t\t\t<\/div>\n\t\t\t\t\t<\/div>\n\t\t<\/div>\n\t\t\t\t<div class=\"elementor-column elementor-col-50 elementor-top-column elementor-element elementor-element-02f1011\" data-id=\"02f1011\" data-element_type=\"column\" data-settings=\"{&quot;background_background&quot;:&quot;slideshow&quot;,&quot;background_slideshow_gallery&quot;:[{&quot;id&quot;:9749,&quot;url&quot;:&quot;https:\\\/\\\/brovko.clinic\\\/wp-content\\\/uploads\\\/calc1w.jpg&quot;}],&quot;background_slideshow_loop&quot;:&quot;yes&quot;,&quot;background_slideshow_slide_duration&quot;:5000,&quot;background_slideshow_slide_transition&quot;:&quot;fade&quot;,&quot;background_slideshow_transition_duration&quot;:500}\">\n\t\t\t<div class=\"elementor-widget-wrap elementor-element-populated\">\n\t\t\t\t\t\t\t\t<div class=\"elementor-element elementor-element-18ae44c elementor-widget elementor-widget-spacer\" data-id=\"18ae44c\" data-element_type=\"widget\" data-widget_type=\"spacer.default\">\n\t\t\t\t<div class=\"elementor-widget-container\">\n\t\t\t<style>\/*! elementor - v3.15.0 - 09-08-2023 *\/\n.elementor-column .elementor-spacer-inner{height:var(--spacer-size)}.e-con{--container-widget-width:100%}.e-con-inner>.elementor-widget-spacer,.e-con>.elementor-widget-spacer{width:var(--container-widget-width,var(--spacer-size));--align-self:var(--container-widget-align-self,initial);--flex-shrink:0}.e-con-inner>.elementor-widget-spacer>.elementor-widget-container,.e-con-inner>.elementor-widget-spacer>.elementor-widget-container>.elementor-spacer,.e-con>.elementor-widget-spacer>.elementor-widget-container,.e-con>.elementor-widget-spacer>.elementor-widget-container>.elementor-spacer{height:100%}.e-con-inner>.elementor-widget-spacer>.elementor-widget-container>.elementor-spacer>.elementor-spacer-inner,.e-con>.elementor-widget-spacer>.elementor-widget-container>.elementor-spacer>.elementor-spacer-inner{height:var(--container-widget-height,var(--spacer-size))}<\/style>\t\t<div class=\"elementor-spacer\">\n\t\t\t<div class=\"elementor-spacer-inner\"><\/div>\n\t\t<\/div>\n\t\t\t\t<\/div>\n\t\t\t\t<\/div>\n\t\t\t\t\t<\/div>\n\t\t<\/div>\n\t\t\t\t\t\t\t<\/div>\n\t\t<\/section>\n\t\t\t\t<section data-particle_enable=\"false\" data-particle-mobile-disabled=\"false\" class=\"elementor-section elementor-top-section elementor-element elementor-element-2394910 elementor-section-boxed elementor-section-height-default elementor-section-height-default\" data-id=\"2394910\" data-element_type=\"section\">\n\t\t\t\t\t\t<div class=\"elementor-container elementor-column-gap-default\">\n\t\t\t\t\t<div class=\"elementor-column elementor-col-50 elementor-top-column elementor-element elementor-element-5323172\" data-id=\"5323172\" data-element_type=\"column\">\n\t\t\t<div class=\"elementor-widget-wrap elementor-element-populated\">\n\t\t\t\t\t\t\t\t<div class=\"elementor-element elementor-element-b6ec9b8 elementor-widget elementor-widget-heading\" data-id=\"b6ec9b8\" data-element_type=\"widget\" data-widget_type=\"heading.default\">\n\t\t\t\t<div class=\"elementor-widget-container\">\n\t\t\t<h1 class=\"elementor-heading-title elementor-size-default\">Kalkulator zawarto\u015bci tkanki t\u0142uszczowej w organizmie dla m\u0119\u017cczyzn online<\/h1>\t\t<\/div>\n\t\t\t\t<\/div>\n\t\t\t\t<div class=\"elementor-element elementor-element-62f6e10 elementor-widget elementor-widget-text-editor\" data-id=\"62f6e10\" data-element_type=\"widget\" data-widget_type=\"text-editor.default\">\n\t\t\t\t<div class=\"elementor-widget-container\">\n\t\t\t\t\t\t\t<p>Talia \u2013 mierzona w centymetrach (w najw\u0119\u017cszym punkcie lub przy p\u0119pku).<br \/>Szyja \u2013 mierzona w najw\u0119\u017cszym miejscu.<br \/>Wzrost \u2013 podawany w centymetrach.<\/p>\t\t\t\t\t\t<\/div>\n\t\t\t\t<\/div>\n\t\t\t\t<div class=\"elementor-element elementor-element-21a193e elementor-widget__width-initial elementor-widget elementor-widget-shortcode\" data-id=\"21a193e\" data-element_type=\"widget\" data-widget_type=\"shortcode.default\">\n\t\t\t\t<div class=\"elementor-widget-container\">\n\t\t\t\t\t<div class=\"elementor-shortcode\"><div class=\"formbox-wrapper\"><form action=\"https:\/\/brovko.clinic\/pl\/kalkulator-szacowania-masy-tluszczowej\/\" name=\"formbox\" class=\"formbox formbox-2\" id=\"calculator_2\" data-trp-original-action=\"https:\/\/brovko.clinic\/pl\/kalkulator-szacowania-masy-tluszczowej\/\">\n\t\t\t\t\t\t\t\t\t\t\n\t\t\t\t\t\t\t\t\t\t\n\t\t\t\t\t\t\t\t\t\t\n\t\t\t\t\t\t\t\t\t\t\t\t\t\t\t\t\t\t\t<fieldset class=\"formbox__container\"><div class=\"formbox__title\">Obw\u00f3d talii<\/div><div class=\"formbox__body\"><div class=\"formbox__field has-addon is-right\" style=\"box-shadow: none\"><span class=\"formbox__field-addon\">cm<\/span><label class=\"formbox__field-lable\" for=\"formbox-field-1\">Obw\u00f3d talii<\/label><input type=\"number\" class=\"formbox__field-input\" value=\"110\" step=\"1\" min=\"20\" required=\"\" placeholder=\"doda\u0107 warto\u015b\u0107\" name=\"formbox-field-1\" id=\"formbox-field-1\"><\/div><\/div> <\/fieldset><fieldset class=\"formbox__container\"><div class=\"formbox__title\">Obw\u00f3d szyi<\/div><div class=\"formbox__body\"><div class=\"formbox__field has-addon is-right\"><span class=\"formbox__field-addon\">cm<\/span><label class=\"formbox__field-lable\" for=\"formbox-field-2\">Obw\u00f3d szyi<\/label><input type=\"number\" class=\"formbox__field-input\" value=\"42\" step=\"1\" min=\"20\" required=\"\" placeholder=\"doda\u0107 warto\u015b\u0107\" name=\"formbox-field-2\" id=\"formbox-field-2\"><\/div><\/div> <\/fieldset><fieldset class=\"formbox__container\"><div class=\"formbox__title\">Wysoko\u015b\u0107<\/div><div class=\"formbox__body\"><div class=\"formbox__field has-addon is-right\"><span class=\"formbox__field-addon\">cm<\/span><label class=\"formbox__field-lable\" for=\"formbox-field-3\">Wysoko\u015b\u0107<\/label><input type=\"number\" class=\"formbox__field-input\" value=\"175\" step=\"1\" min=\"20\" required=\"\" placeholder=\"doda\u0107 warto\u015b\u0107\" name=\"formbox-field-3\" id=\"formbox-field-3\"><\/div><\/div> <\/fieldset><fieldset class=\"formbox__container\"><div class=\"formbox__title\"><\/div><div class=\"formbox__body\"><div class=\"formbox__btn\"><button class=\"formbox__btn-calc\">Oblicza\u0107<\/button><button type=\"reset\" class=\"formbox__btn-reset\">Rzuca\u0107<\/button><\/div><\/div> <\/fieldset><fieldset class=\"formbox__container has-result is-hidden calcresult\"><div class=\"formbox__title\">Wynik<\/div><div class=\"formbox__body\"><div class=\"formbox__field is-result\"><label class=\"formbox__field-lable\" for=\"formbox-field-4\">Wynik<\/label><textarea class=\"formbox__field-result\" readonly=\"\" hidden=\"\" name=\"formbox-field-4\" id=\"formbox-field-4\"><\/textarea><div class=\"formbox__htmlBlock-result\"><\/div><\/div><\/div> <\/fieldset>\t\t\t\t\t\t\t\t\t\t\t\t\t\t\t\t\t\t\t\t\t\t\t\t\t\t\t<input type=\"hidden\" class=\"calc-reset\"><input type=\"hidden\" class=\"calc-only-click\"><input type=\"hidden\" class=\"calc-not-change\"><input type=\"hidden\" name=\"trp-form-language\" value=\"pl\"\/><\/form><\/div><\/div>\n\t\t\t\t<\/div>\n\t\t\t\t<\/div>\n\t\t\t\t\t<\/div>\n\t\t<\/div>\n\t\t\t\t<div class=\"elementor-column elementor-col-50 elementor-top-column elementor-element elementor-element-0f6bac9\" data-id=\"0f6bac9\" data-element_type=\"column\" data-settings=\"{&quot;background_background&quot;:&quot;slideshow&quot;,&quot;background_slideshow_gallery&quot;:[{&quot;id&quot;:9751,&quot;url&quot;:&quot;https:\\\/\\\/brovko.clinic\\\/wp-content\\\/uploads\\\/calc1m.jpg&quot;}],&quot;background_slideshow_loop&quot;:&quot;yes&quot;,&quot;background_slideshow_slide_duration&quot;:5000,&quot;background_slideshow_slide_transition&quot;:&quot;fade&quot;,&quot;background_slideshow_transition_duration&quot;:500}\">\n\t\t\t<div class=\"elementor-widget-wrap elementor-element-populated\">\n\t\t\t\t\t\t\t\t<div class=\"elementor-element elementor-element-04f3645 elementor-widget elementor-widget-spacer\" data-id=\"04f3645\" data-element_type=\"widget\" data-widget_type=\"spacer.default\">\n\t\t\t\t<div class=\"elementor-widget-container\">\n\t\t\t\t\t<div class=\"elementor-spacer\">\n\t\t\t<div class=\"elementor-spacer-inner\"><\/div>\n\t\t<\/div>\n\t\t\t\t<\/div>\n\t\t\t\t<\/div>\n\t\t\t\t\t<\/div>\n\t\t<\/div>\n\t\t\t\t\t\t\t<\/div>\n\t\t<\/section>\n\t\t\t\t\t\t\t<\/div>","protected":false},"excerpt":{"rendered":"<p>\u041e\u043d\u043b\u0430\u0439\u043d-\u043a\u0430\u043b\u044c\u043a\u0443\u043b\u044f\u0442\u043e\u0440 \u043e\u0446\u0456\u043d\u043a\u0438 \u0432\u0456\u0434\u0441\u043e\u0442\u043a\u0430 \u0436\u0438\u0440\u043e\u0432\u043e\u0457 \u043c\u0430\u0441\u0438 \u0434\u043b\u044f \u0436\u0456\u043d\u043e\u043a \u0422\u0430\u043b\u0456\u044f \u2013 \u0432\u0438\u043c\u0456\u0440\u044e\u0454\u0442\u044c\u0441\u044f \u0432 \u0441\u0430\u043d\u0442\u0438\u043c\u0435\u0442\u0440\u0430\u0445 (\u0437\u0430 \u043d\u0430\u0439\u0432\u0443\u0436\u0447\u0438\u043c \u043c\u0456\u0441\u0446\u0435\u043c \u0430\u0431\u043e \u043d\u0430 \u0440\u0456\u0432\u043d\u0456 \u043f\u0443\u043f\u043a\u0430).\u0421\u0442\u0435\u0433\u043d\u0430 (\u0442\u0456\u043b\u044c\u043a\u0438 \u0434\u043b\u044f \u0436\u0456\u043d\u043e\u043a) \u2013 \u0432\u0438\u043c\u0456\u0440\u044e\u044e\u0442\u044c\u0441\u044f \u043f\u043e \u043d\u0430\u0439\u0448\u0438\u0440\u0448\u0456\u0439 \u0447\u0430\u0441\u0442\u0438\u043d\u0456.\u0428\u0438\u044f \u2013 \u0432\u0438\u043c\u0456\u0440\u044e\u0454\u0442\u044c\u0441\u044f \u0443 \u043d\u0430\u0439\u0432\u0443\u0436\u0447\u043e\u043c\u0443 \u043c\u0456\u0441\u0446\u0456.\u0417\u0440\u0456\u0441\u0442 \u2013 \u0432\u043a\u0430\u0437\u0443\u0454\u0442\u044c\u0441\u044f \u0443 \u0441\u0430\u043d\u0442\u0438\u043c\u0435\u0442\u0440\u0430\u0445. \u041e\u043d\u043b\u0430\u0439\u043d-\u043a\u0430\u043b\u044c\u043a\u0443\u043b\u044f\u0442\u043e\u0440 \u043e\u0446\u0456\u043d\u043a\u0438 \u0432\u0456\u0434\u0441\u043e\u0442\u043a\u0430 \u0436\u0438\u0440\u043e\u0432\u043e\u0457 \u043c\u0430\u0441\u0438 \u0434\u043b\u044f \u0447\u043e\u043b\u043e\u0432\u0456\u043a\u0456\u0432 \u0422\u0430\u043b\u0456\u044f \u2013 \u0432\u0438\u043c\u0456\u0440\u044e\u0454\u0442\u044c\u0441\u044f \u0432 \u0441\u0430\u043d\u0442\u0438\u043c\u0435\u0442\u0440\u0430\u0445 (\u0437\u0430 \u043d\u0430\u0439\u0432\u0443\u0436\u0447\u0438\u043c \u043c\u0456\u0441\u0446\u0435\u043c \u0430\u0431\u043e \u043d\u0430 \u0440\u0456\u0432\u043d\u0456 \u043f\u0443\u043f\u043a\u0430).\u0428\u0438\u044f [&hellip;]<\/p>","protected":false},"author":1,"featured_media":0,"parent":0,"menu_order":0,"comment_status":"closed","ping_status":"closed","template":"elementor_header_footer","meta":{"footnotes":""},"class_list":["post-9740","page","type-page","status-publish","hentry"],"_links":{"self":[{"href":"https:\/\/brovko.clinic\/pl\/wp-json\/wp\/v2\/pages\/9740","targetHints":{"allow":["GET"]}}],"collection":[{"href":"https:\/\/brovko.clinic\/pl\/wp-json\/wp\/v2\/pages"}],"about":[{"href":"https:\/\/brovko.clinic\/pl\/wp-json\/wp\/v2\/types\/page"}],"author":[{"embeddable":true,"href":"https:\/\/brovko.clinic\/pl\/wp-json\/wp\/v2\/users\/1"}],"replies":[{"embeddable":true,"href":"https:\/\/brovko.clinic\/pl\/wp-json\/wp\/v2\/comments?post=9740"}],"version-history":[{"count":7,"href":"https:\/\/brovko.clinic\/pl\/wp-json\/wp\/v2\/pages\/9740\/revisions"}],"predecessor-version":[{"id":9753,"href":"https:\/\/brovko.clinic\/pl\/wp-json\/wp\/v2\/pages\/9740\/revisions\/9753"}],"wp:attachment":[{"href":"https:\/\/brovko.clinic\/pl\/wp-json\/wp\/v2\/media?parent=9740"}],"curies":[{"name":"wp","href":"https:\/\/api.w.org\/{rel}","templated":true}]}}