{"id":939,"date":"2022-09-01T15:50:35","date_gmt":"2022-09-01T13:50:35","guid":{"rendered":"https:\/\/brovko.clinic\/?page_id=939"},"modified":"2026-05-01T16:08:51","modified_gmt":"2026-05-01T14:08:51","slug":"poslugi-dnk-doslidzhennya-prychyny-zaivoi-vahy","status":"publish","type":"page","link":"https:\/\/brovko.clinic\/pl\/poslugi-dnk-doslidzhennya-prychyny-zaivoi-vahy\/","title":{"rendered":"Przyczyny nadwagi"},"content":{"rendered":"<div data-elementor-type=\"wp-page\" data-elementor-id=\"939\" class=\"elementor elementor-939\" data-elementor-post-type=\"page\">\n\t\t\t\t\t\t\t\t\t<section data-particle_enable=\"false\" data-particle-mobile-disabled=\"false\" class=\"elementor-section elementor-top-section elementor-element elementor-element-2193e99 elementor-section-boxed elementor-section-height-default elementor-section-height-default\" data-id=\"2193e99\" data-element_type=\"section\">\n\t\t\t\t\t\t<div class=\"elementor-container elementor-column-gap-default\">\n\t\t\t\t\t<div class=\"elementor-column elementor-col-100 elementor-top-column elementor-element elementor-element-a5feb50\" data-id=\"a5feb50\" data-element_type=\"column\">\n\t\t\t<div class=\"elementor-widget-wrap elementor-element-populated\">\n\t\t\t\t\t\t\t\t<div class=\"elementor-element elementor-element-6fb51f4 elementor-widget elementor-widget-spacer\" data-id=\"6fb51f4\" data-element_type=\"widget\" data-widget_type=\"spacer.default\">\n\t\t\t\t<div class=\"elementor-widget-container\">\n\t\t\t<style>\/*! elementor - v3.15.0 - 09-08-2023 *\/\n.elementor-column .elementor-spacer-inner{height:var(--spacer-size)}.e-con{--container-widget-width:100%}.e-con-inner>.elementor-widget-spacer,.e-con>.elementor-widget-spacer{width:var(--container-widget-width,var(--spacer-size));--align-self:var(--container-widget-align-self,initial);--flex-shrink:0}.e-con-inner>.elementor-widget-spacer>.elementor-widget-container,.e-con-inner>.elementor-widget-spacer>.elementor-widget-container>.elementor-spacer,.e-con>.elementor-widget-spacer>.elementor-widget-container,.e-con>.elementor-widget-spacer>.elementor-widget-container>.elementor-spacer{height:100%}.e-con-inner>.elementor-widget-spacer>.elementor-widget-container>.elementor-spacer>.elementor-spacer-inner,.e-con>.elementor-widget-spacer>.elementor-widget-container>.elementor-spacer>.elementor-spacer-inner{height:var(--container-widget-height,var(--spacer-size))}<\/style>\t\t<div class=\"elementor-spacer\">\n\t\t\t<div class=\"elementor-spacer-inner\"><\/div>\n\t\t<\/div>\n\t\t\t\t<\/div>\n\t\t\t\t<\/div>\n\t\t\t\t<div class=\"elementor-element elementor-element-f095a9d elementor-widget elementor-widget-heading\" data-id=\"f095a9d\" data-element_type=\"widget\" data-widget_type=\"heading.default\">\n\t\t\t\t<div class=\"elementor-widget-container\">\n\t\t\t<style>\/*! elementor - v3.15.0 - 09-08-2023 *\/\n.elementor-heading-title{padding:0;margin:0;line-height:1}.elementor-widget-heading .elementor-heading-title[class*=elementor-size-]>a{color:inherit;font-size:inherit;line-height:inherit}.elementor-widget-heading .elementor-heading-title.elementor-size-small{font-size:15px}.elementor-widget-heading .elementor-heading-title.elementor-size-medium{font-size:19px}.elementor-widget-heading .elementor-heading-title.elementor-size-large{font-size:29px}.elementor-widget-heading .elementor-heading-title.elementor-size-xl{font-size:39px}.elementor-widget-heading .elementor-heading-title.elementor-size-xxl{font-size:59px}<\/style><h1 class=\"elementor-heading-title elementor-size-default\">Badanie genetyczne marker\u00f3w nadwagi<br><\/h1>\t\t<\/div>\n\t\t\t\t<\/div>\n\t\t\t\t\t<\/div>\n\t\t<\/div>\n\t\t\t\t\t\t\t<\/div>\n\t\t<\/section>\n\t\t\t\t<section data-particle_enable=\"false\" data-particle-mobile-disabled=\"false\" class=\"elementor-section elementor-top-section elementor-element elementor-element-f721a1e elementor-section-boxed elementor-section-height-default elementor-section-height-default\" data-id=\"f721a1e\" data-element_type=\"section\">\n\t\t\t\t\t\t<div class=\"elementor-container elementor-column-gap-default\">\n\t\t\t\t\t<div class=\"elementor-column elementor-col-50 elementor-top-column elementor-element elementor-element-602ecee\" data-id=\"602ecee\" data-element_type=\"column\">\n\t\t\t<div class=\"elementor-widget-wrap elementor-element-populated\">\n\t\t\t\t\t\t\t\t<div class=\"elementor-element elementor-element-965cd0e elementor-widget elementor-widget-image\" data-id=\"965cd0e\" data-element_type=\"widget\" data-widget_type=\"image.default\">\n\t\t\t\t<div class=\"elementor-widget-container\">\n\t\t\t<style>\/*! elementor - v3.15.0 - 09-08-2023 *\/\n.elementor-widget-image{text-align:center}.elementor-widget-image a{display:inline-block}.elementor-widget-image a img[src$=\".svg\"]{width:48px}.elementor-widget-image img{vertical-align:middle;display:inline-block}<\/style>\t\t\t\t\t\t\t\t\t\t\t\t<img loading=\"lazy\" decoding=\"async\" width=\"800\" height=\"800\" src=\"https:\/\/brovko.clinic\/wp-content\/uploads\/\u041f\u0440\u0438\u0447\u0438\u043d\u0438-\u0437\u0430\u0439\u0432\u043e\u0457-\u0432\u0430\u0433\u0438-2-1024x1024.png.webp\" class=\"attachment-large size-large wp-image-740\" alt=\"\" srcset=\"https:\/\/brovko.clinic\/wp-content\/uploads\/\u041f\u0440\u0438\u0447\u0438\u043d\u0438-\u0437\u0430\u0439\u0432\u043e\u0457-\u0432\u0430\u0433\u0438-2-1024x1024.png.webp 1024w, https:\/\/brovko.clinic\/wp-content\/uploads\/\u041f\u0440\u0438\u0447\u0438\u043d\u0438-\u0437\u0430\u0439\u0432\u043e\u0457-\u0432\u0430\u0433\u0438-2.png-100x100.webp 100w, https:\/\/brovko.clinic\/wp-content\/uploads\/\u041f\u0440\u0438\u0447\u0438\u043d\u0438-\u0437\u0430\u0439\u0432\u043e\u0457-\u0432\u0430\u0433\u0438-2.png-510x510.webp 510w, https:\/\/brovko.clinic\/wp-content\/uploads\/\u041f\u0440\u0438\u0447\u0438\u043d\u0438-\u0437\u0430\u0439\u0432\u043e\u0457-\u0432\u0430\u0433\u0438-2-300x300.png.webp 300w, https:\/\/brovko.clinic\/wp-content\/uploads\/\u041f\u0440\u0438\u0447\u0438\u043d\u0438-\u0437\u0430\u0439\u0432\u043e\u0457-\u0432\u0430\u0433\u0438-2-150x150.png.webp 150w, https:\/\/brovko.clinic\/wp-content\/uploads\/\u041f\u0440\u0438\u0447\u0438\u043d\u0438-\u0437\u0430\u0439\u0432\u043e\u0457-\u0432\u0430\u0433\u0438-2-768x768.png.webp 768w, https:\/\/brovko.clinic\/wp-content\/uploads\/\u041f\u0440\u0438\u0447\u0438\u043d\u0438-\u0437\u0430\u0439\u0432\u043e\u0457-\u0432\u0430\u0433\u0438-2.png.webp 1080w\" sizes=\"auto, (max-width: 800px) 100vw, 800px\" title=\"\">\t\t\t\t\t\t\t\t\t\t\t\t\t\t\t<\/div>\n\t\t\t\t<\/div>\n\t\t\t\t\t<\/div>\n\t\t<\/div>\n\t\t\t\t<div class=\"elementor-column elementor-col-50 elementor-top-column elementor-element elementor-element-bd1edf4\" data-id=\"bd1edf4\" data-element_type=\"column\">\n\t\t\t<div class=\"elementor-widget-wrap elementor-element-populated\">\n\t\t\t\t\t\t\t\t<div class=\"elementor-element elementor-element-4c78a71 elementor-widget elementor-widget-text-editor\" data-id=\"4c78a71\" data-element_type=\"widget\" data-widget_type=\"text-editor.default\">\n\t\t\t\t<div class=\"elementor-widget-container\">\n\t\t\t<style>\/*! elementor - v3.15.0 - 09-08-2023 *\/\n.elementor-widget-text-editor.elementor-drop-cap-view-stacked .elementor-drop-cap{background-color:#69727d;color:#fff}.elementor-widget-text-editor.elementor-drop-cap-view-framed .elementor-drop-cap{color:#69727d;border:3px solid;background-color:transparent}.elementor-widget-text-editor:not(.elementor-drop-cap-view-default) .elementor-drop-cap{margin-top:8px}.elementor-widget-text-editor:not(.elementor-drop-cap-view-default) .elementor-drop-cap-letter{width:1em;height:1em}.elementor-widget-text-editor .elementor-drop-cap{float:left;text-align:center;line-height:1;font-size:50px}.elementor-widget-text-editor .elementor-drop-cap-letter{display:inline-block}<\/style>\t\t\t\t<p>Poziom metabolizmu energetycznego jest jednym z kluczowych parametr\u00f3w przy uk\u0142adaniu diety i uk\u0142adaniu diety. Podstaw\u0105 skutecznego planu utrzymania prawid\u0142owej wagi lub jej redukcji jest przede wszystkim stworzenie w\u0142a\u015bciwej r\u00f3wnowagi pomi\u0119dzy zu\u017cyciem energii a wydatkami energetycznymi.<\/p><p>Podstawowy poziom przemiany materii jest wska\u017anikiem okre\u015blaj\u0105cym zu\u017cycie energii przez organizm cz\u0142owieka w stanie spoczynku. Energia ta jest wykorzystywana przez organizm do wspomagania podstawowych funkcji: oddychania, aktywno\u015bci m\u00f3zgu, pracy serca, utrzymywania sta\u0142ej temperatury cia\u0142a itp. Innymi s\u0142owy, poziom podstawowej przemiany materii to minimalna liczba kalorii potrzebnych do utrzymania czynno\u015bci \u017cyciowych.<\/p><p>Wielko\u015b\u0107 podstawowej wymiany energii jest zawsze indywidualna i zale\u017cy od wielu czynnik\u00f3w: p\u0142ci, wieku, masy cia\u0142a, stosunku tkanki t\u0142uszczowej do masy mi\u0119\u015bniowej, powierzchni cia\u0142a, stanu hormonalnego, czynnik\u00f3w \u015brodowiska zewn\u0119trznego i stylu \u017cycia.<\/p><p>O cechach podstawowej wymiany energii decyduje kombinacja czynnik\u00f3w genetycznych (wewn\u0119trznych) i zewn\u0119trznych.<\/p>\t\t\t\t\t\t<\/div>\n\t\t\t\t<\/div>\n\t\t\t\t\t<\/div>\n\t\t<\/div>\n\t\t\t\t\t\t\t<\/div>\n\t\t<\/section>\n\t\t\t\t<section data-particle_enable=\"false\" data-particle-mobile-disabled=\"false\" class=\"elementor-section elementor-top-section elementor-element elementor-element-7422e0c elementor-section-boxed elementor-section-height-default elementor-section-height-default\" data-id=\"7422e0c\" data-element_type=\"section\">\n\t\t\t\t\t\t<div class=\"elementor-container elementor-column-gap-default\">\n\t\t\t\t\t<div class=\"elementor-column elementor-col-100 elementor-top-column elementor-element elementor-element-326fa4a\" data-id=\"326fa4a\" data-element_type=\"column\">\n\t\t\t<div class=\"elementor-widget-wrap elementor-element-populated\">\n\t\t\t\t\t\t\t\t<div class=\"elementor-element elementor-element-c87d351 elementor-widget elementor-widget-text-editor\" data-id=\"c87d351\" data-element_type=\"widget\" data-widget_type=\"text-editor.default\">\n\t\t\t\t<div class=\"elementor-widget-container\">\n\t\t\t\t\t\t\t<p>Czynniki genetyczne odgrywaj\u0105 istotn\u0105 rol\u0119 w okre\u015blaniu poziomu podstawowej przemiany materii. Wszyscy \u201euczestnicy\u201d proces\u00f3w metabolicznych (receptory, enzymy, katalizatory itp.) s\u0105 kodowani przez okre\u015blone geny.<\/p><p>Badanie DNA specjalnych marker\u00f3w genetycznych umo\u017cliwia okre\u015blenie indywidualnych cech metabolizmu energetycznego. W badaniu przeanalizowano g\u0142\u00f3wne geny wp\u0142ywaj\u0105ce na metabolizm oraz oceniono indywidualne cechy \u017cywienia i aktywno\u015b\u0107 fizyczn\u0105.<\/p><p>Pozwala to dobra\u0107 najbardziej optymaln\u0105 diet\u0119 zgodn\u0105 z indywidualnymi cechami genetycznymi, nie tylko dla utraty wagi, ale r\u00f3wnie\u017c dla zachowania urody i zdrowia.<\/p><p><strong><em>Badania DNA w celu okre\u015blenia marker\u00f3w nadwagi<\/em><\/strong>, a raczej ich zmienno\u015b\u0107 genetyczna, kt\u00f3ra wp\u0142ywa na to, jak szybko i skutecznie wch\u0142aniane s\u0105 sk\u0142adniki od\u017cywcze z po\u017cywienia, a zatem mo\u017ce utrudnia\u0107 lub pomaga\u0107 w osi\u0105gni\u0119ciu i utrzymaniu optymalnej wagi.<\/p><h2><strong>Badanie genetyczne \u201ePrzyczyny nadwagi: Rodzaj podstawowej wymiany energii\u201d daje ocen\u0119 wed\u0142ug nast\u0119puj\u0105cych parametr\u00f3w:<\/strong><\/h2><ul><li>ocena genetycznie uwarunkowanego ryzyka nadwagi;<\/li><li>cechy metabolizmu w\u0119glowodan\u00f3w;<\/li><li>intensywno\u015b\u0107 spo\u017cycia w\u0119glowodan\u00f3w;<\/li><li>cechy metabolizmu t\u0142uszcz\u00f3w;<\/li><li>reakcja organizmu na dni roz\u0142adunku;<\/li><li>sk\u0142onno\u015b\u0107 do przybierania na wadze;<\/li><li>wra\u017cliwo\u015b\u0107 na diet\u0119 wysokokaloryczn\u0105;<\/li><li>intensywno\u015b\u0107 wzrostu tkanki t\u0142uszczowej;<\/li><li>intensywno\u015b\u0107 i specyfika metabolizmu t\u0142uszcz\u00f3w<\/li><li>efekt wysi\u0142ku fizycznego.<\/li><\/ul><p>Te wariacje genetyczne (zmiany) s\u0105 szeroko rozpowszechnione i badane. W zwi\u0105zku z tym, maj\u0105c informacje o ich obecno\u015bci lub braku, mo\u017cna oceni\u0107 indywidualne cechy organizmu i dobra\u0107 indywidualn\u0105 diet\u0119.<\/p>\t\t\t\t\t\t<\/div>\n\t\t\t\t<\/div>\n\t\t\t\t\t<\/div>\n\t\t<\/div>\n\t\t\t\t\t\t\t<\/div>\n\t\t<\/section>\n\t\t\t\t<section data-particle_enable=\"false\" data-particle-mobile-disabled=\"false\" class=\"elementor-section elementor-top-section elementor-element elementor-element-8a9e515 elementor-section-content-middle elementor-section-boxed elementor-section-height-default elementor-section-height-default\" data-id=\"8a9e515\" data-element_type=\"section\" data-settings=\"{&quot;background_background&quot;:&quot;classic&quot;}\">\n\t\t\t\t\t\t<div class=\"elementor-container elementor-column-gap-default\">\n\t\t\t\t\t<div class=\"elementor-column elementor-col-50 elementor-top-column elementor-element elementor-element-693f2bda\" data-id=\"693f2bda\" data-element_type=\"column\">\n\t\t\t<div class=\"elementor-widget-wrap elementor-element-populated\">\n\t\t\t\t\t\t\t\t<div class=\"elementor-element elementor-element-7217cec elementor-widget elementor-widget-image\" data-id=\"7217cec\" data-element_type=\"widget\" data-widget_type=\"image.default\">\n\t\t\t\t<div class=\"elementor-widget-container\">\n\t\t\t\t\t\t\t\t\t\t\t\t\t\t\t\t<a href=\"https:\/\/brovko.clinic\/pl\/\">\n\t\t\t\t\t\t\t<img loading=\"lazy\" decoding=\"async\" width=\"500\" height=\"500\" src=\"https:\/\/brovko.clinic\/wp-content\/uploads\/brovo-logo500-1.png\" class=\"attachment-full size-full wp-image-9649\" alt=\"\" srcset=\"https:\/\/brovko.clinic\/wp-content\/uploads\/brovo-logo500-1.png 500w, https:\/\/brovko.clinic\/wp-content\/uploads\/brovo-logo500-1-300x300.png 300w, https:\/\/brovko.clinic\/wp-content\/uploads\/brovo-logo500-1-150x150.png 150w, https:\/\/brovko.clinic\/wp-content\/uploads\/brovo-logo500-1-12x12.png 12w, https:\/\/brovko.clinic\/wp-content\/uploads\/brovo-logo500-1-100x100.png 100w\" sizes=\"auto, (max-width: 500px) 100vw, 500px\" title=\"\">\t\t\t\t\t\t\t\t<\/a>\n\t\t\t\t\t\t\t\t\t\t\t\t\t\t\t<\/div>\n\t\t\t\t<\/div>\n\t\t\t\t\t<\/div>\n\t\t<\/div>\n\t\t\t\t<div class=\"elementor-column elementor-col-50 elementor-top-column elementor-element elementor-element-40d13c8d\" data-id=\"40d13c8d\" data-element_type=\"column\">\n\t\t\t<div class=\"elementor-widget-wrap elementor-element-populated\">\n\t\t\t\t\t\t\t\t<div class=\"elementor-element elementor-element-5595ea9a elementor-widget elementor-widget-text-editor\" data-id=\"5595ea9a\" data-element_type=\"widget\" data-widget_type=\"text-editor.default\">\n\t\t\t\t<div class=\"elementor-widget-container\">\n\t\t\t\t\t\t\t<p>Istnieje mo\u017cliwo\u015b\u0107 um\u00f3wienia si\u0119 na zabieg<span style=\"background-color: transparent;\"> dzwoni\u0105c lub zostawiaj\u0105c zg\u0142oszenie, a nasz rejestrator medyczny skontaktuje si\u0119 z Pa\u0144stwem w najbli\u017cszym czasie.<\/span><\/p>\t\t\t\t\t\t<\/div>\n\t\t\t\t<\/div>\n\t\t\t\t<div class=\"elementor-element elementor-element-3cb987a2 elementor-align-center elementor-widget elementor-widget-button\" data-id=\"3cb987a2\" data-element_type=\"widget\" data-widget_type=\"button.default\">\n\t\t\t\t<div class=\"elementor-widget-container\">\n\t\t\t\t\t<div class=\"elementor-button-wrapper\">\n\t\t\t<a class=\"elementor-button elementor-button-link elementor-size-lg\" href=\"#elementor-action%3Aaction%3Dpopup%3Aopen%26settings%3DeyJpZCI6Ijk2MDYiLCJ0b2dnbGUiOmZhbHNlfQ%3D%3D\">\n\t\t\t\t\t\t<span class=\"elementor-button-content-wrapper\">\n\t\t\t\t\t\t<span class=\"elementor-button-text\">Zapisa\u0107 si\u0119<\/span>\n\t\t<\/span>\n\t\t\t\t\t<\/a>\n\t\t<\/div>\n\t\t\t\t<\/div>\n\t\t\t\t<\/div>\n\t\t\t\t\t<\/div>\n\t\t<\/div>\n\t\t\t\t\t\t\t<\/div>\n\t\t<\/section>\n\t\t\t\t<section data-particle_enable=\"false\" data-particle-mobile-disabled=\"false\" class=\"elementor-section elementor-top-section elementor-element elementor-element-74a0b0d elementor-section-boxed elementor-section-height-default elementor-section-height-default\" data-id=\"74a0b0d\" data-element_type=\"section\">\n\t\t\t\t\t\t<div class=\"elementor-container elementor-column-gap-default\">\n\t\t\t\t\t<div class=\"elementor-column elementor-col-100 elementor-top-column elementor-element elementor-element-649ef36\" data-id=\"649ef36\" data-element_type=\"column\">\n\t\t\t<div class=\"elementor-widget-wrap elementor-element-populated\">\n\t\t\t\t\t\t\t\t<div class=\"elementor-element elementor-element-8bab46b elementor-widget elementor-widget-heading\" data-id=\"8bab46b\" data-element_type=\"widget\" data-widget_type=\"heading.default\">\n\t\t\t\t<div class=\"elementor-widget-container\">\n\t\t\t<h2 class=\"elementor-heading-title elementor-size-default\">W celu u\u0142o\u017cenia zbilansowanej diety konieczne jest uwzgl\u0119dnienie indywidualnych cech genetycznych. \n\n<\/h2>\t\t<\/div>\n\t\t\t\t<\/div>\n\t\t\t\t\t<\/div>\n\t\t<\/div>\n\t\t\t\t\t\t\t<\/div>\n\t\t<\/section>\n\t\t\t\t<section data-particle_enable=\"false\" data-particle-mobile-disabled=\"false\" class=\"elementor-section elementor-top-section elementor-element elementor-element-f5d4607 elementor-section-boxed elementor-section-height-default elementor-section-height-default\" data-id=\"f5d4607\" data-element_type=\"section\">\n\t\t\t\t\t\t<div class=\"elementor-container elementor-column-gap-default\">\n\t\t\t\t\t<div class=\"elementor-column elementor-col-100 elementor-top-column elementor-element elementor-element-34a1e00\" data-id=\"34a1e00\" data-element_type=\"column\">\n\t\t\t<div class=\"elementor-widget-wrap elementor-element-populated\">\n\t\t\t\t\t\t\t\t<div class=\"elementor-element elementor-element-08eb543 elementor-widget elementor-widget-heading\" data-id=\"08eb543\" data-element_type=\"widget\" data-widget_type=\"heading.default\">\n\t\t\t\t<div class=\"elementor-widget-container\">\n\t\t\t<h2 class=\"elementor-heading-title elementor-size-default\">Prawid\u0142owe od\u017cywianie jest inne dla ka\u017cdej osoby.<\/h2>\t\t<\/div>\n\t\t\t\t<\/div>\n\t\t\t\t\t<\/div>\n\t\t<\/div>\n\t\t\t\t\t\t\t<\/div>\n\t\t<\/section>\n\t\t\t\t<section data-particle_enable=\"false\" data-particle-mobile-disabled=\"false\" class=\"elementor-section elementor-top-section elementor-element elementor-element-8714f80 elementor-section-boxed elementor-section-height-default elementor-section-height-default\" data-id=\"8714f80\" data-element_type=\"section\">\n\t\t\t\t\t\t<div class=\"elementor-container elementor-column-gap-default\">\n\t\t\t\t\t<div class=\"elementor-column elementor-col-100 elementor-top-column elementor-element elementor-element-d2bd671\" data-id=\"d2bd671\" data-element_type=\"column\">\n\t\t\t<div class=\"elementor-widget-wrap elementor-element-populated\">\n\t\t\t\t\t\t\t\t<div class=\"elementor-element elementor-element-add8897 elementor-widget elementor-widget-heading\" data-id=\"add8897\" data-element_type=\"widget\" data-widget_type=\"heading.default\">\n\t\t\t\t<div class=\"elementor-widget-container\">\n\t\t\t<h2 class=\"elementor-heading-title elementor-size-default\">W zale\u017cno\u015bci od wykrytych mutacji lekarz b\u0119dzie m\u00f3g\u0142 dostosowa\u0107 diet\u0119 lub przepisa\u0107 dodatkowe badania.<\/h2>\t\t<\/div>\n\t\t\t\t<\/div>\n\t\t\t\t\t<\/div>\n\t\t<\/div>\n\t\t\t\t\t\t\t<\/div>\n\t\t<\/section>\n\t\t\t\t<section data-particle_enable=\"false\" data-particle-mobile-disabled=\"false\" class=\"elementor-section elementor-top-section elementor-element elementor-element-994e6a4 elementor-section-boxed elementor-section-height-default elementor-section-height-default\" data-id=\"994e6a4\" data-element_type=\"section\">\n\t\t\t\t\t\t<div class=\"elementor-container elementor-column-gap-default\">\n\t\t\t\t\t<div class=\"elementor-column elementor-col-100 elementor-top-column elementor-element elementor-element-383e0d9\" data-id=\"383e0d9\" data-element_type=\"column\">\n\t\t\t<div class=\"elementor-widget-wrap elementor-element-populated\">\n\t\t\t\t\t\t\t\t<div class=\"elementor-element elementor-element-36975c3 elementor-widget elementor-widget-heading\" data-id=\"36975c3\" data-element_type=\"widget\" data-widget_type=\"heading.default\">\n\t\t\t\t<div class=\"elementor-widget-container\">\n\t\t\t<h2 class=\"elementor-heading-title elementor-size-default\">Jak przeprowadzana jest analiza genetyczna<\/h2>\t\t<\/div>\n\t\t\t\t<\/div>\n\t\t\t\t\t<\/div>\n\t\t<\/div>\n\t\t\t\t\t\t\t<\/div>\n\t\t<\/section>\n\t\t\t\t<section data-particle_enable=\"false\" data-particle-mobile-disabled=\"false\" class=\"elementor-section elementor-top-section elementor-element elementor-element-bf07ed7 elementor-section-boxed elementor-section-height-default elementor-section-height-default\" data-id=\"bf07ed7\" data-element_type=\"section\">\n\t\t\t\t\t\t<div class=\"elementor-container elementor-column-gap-default\">\n\t\t\t\t\t<div class=\"elementor-column elementor-col-100 elementor-top-column elementor-element elementor-element-8a399aa\" data-id=\"8a399aa\" data-element_type=\"column\">\n\t\t\t<div class=\"elementor-widget-wrap elementor-element-populated\">\n\t\t\t\t\t\t\t\t<div class=\"elementor-element elementor-element-c4dc5d7 elementor-widget elementor-widget-text-editor\" data-id=\"c4dc5d7\" data-element_type=\"widget\" data-widget_type=\"text-editor.default\">\n\t\t\t\t<div class=\"elementor-widget-container\">\n\t\t\t\t\t\t\t<p dir=\"auto\">Materia\u0142em genetycznym do bada\u0144 jest nab\u0142onek policzkowy - zeskrobanie nab\u0142onka z wewn\u0119trznej strony policzka.<\/p>\n<p dir=\"auto\">Zabieg jest bezbolesny i nie ma przeciwwskaza\u0144.<\/p>\n<p dir=\"auto\">Nie jest wymagane kompleksowe przygotowanie do badania genetycznego (jedynie proste ograniczenia - powstrzymanie si\u0119 od jedzenia przez 2 godziny i od palenia - przez 30 minut przed badaniem).<\/p>\n<p dir=\"auto\">Nie ma ogranicze\u0144 wiekowych i zdrowotnych.<\/p>\t\t\t\t\t\t<\/div>\n\t\t\t\t<\/div>\n\t\t\t\t\t<\/div>\n\t\t<\/div>\n\t\t\t\t\t\t\t<\/div>\n\t\t<\/section>\n\t\t\t\t<section data-particle_enable=\"false\" data-particle-mobile-disabled=\"false\" class=\"elementor-section elementor-top-section elementor-element elementor-element-0073e27 elementor-section-boxed elementor-section-height-default elementor-section-height-default\" data-id=\"0073e27\" data-element_type=\"section\">\n\t\t\t\t\t\t<div class=\"elementor-container elementor-column-gap-default\">\n\t\t\t\t\t<div class=\"elementor-column elementor-col-100 elementor-top-column elementor-element elementor-element-433aa78\" data-id=\"433aa78\" data-element_type=\"column\">\n\t\t\t<div class=\"elementor-widget-wrap elementor-element-populated\">\n\t\t\t\t\t\t\t\t<div class=\"elementor-element elementor-element-b3ba95c elementor-widget elementor-widget-heading\" data-id=\"b3ba95c\" data-element_type=\"widget\" data-widget_type=\"heading.default\">\n\t\t\t\t<div class=\"elementor-widget-container\">\n\t\t\t<p class=\"elementor-heading-title elementor-size-default\">Mi\u0142ym bonusem dla wszystkich naszych klient\u00f3w jest zni\u017cka 10% na badania DNA i analiz\u0119 mikrobiomu.\n\n<\/p>\t\t<\/div>\n\t\t\t\t<\/div>\n\t\t\t\t\t<\/div>\n\t\t<\/div>\n\t\t\t\t\t\t\t<\/div>\n\t\t<\/section>\n\t\t\t\t\t\t\t<\/div>","protected":false},"excerpt":{"rendered":"<p>\u0413\u0435\u043d\u0435\u0442\u0438\u0447\u043d\u0435 \u0434\u043e\u0441\u043b\u0456\u0434\u0436\u0435\u043d\u043d\u044f \u043c\u0430\u0440\u043a\u0435\u0440\u0456\u0432 \u0437\u0430\u0439\u0432\u043e\u0457 \u0432\u0430\u0433\u0438 \u0420\u0456\u0432\u0435\u043d\u044c \u0435\u043d\u0435\u0440\u0433\u043e\u043e\u0431\u043c\u0456\u043d\u0443 \u2013 \u043e\u0434\u0438\u043d \u0456\u0437 \u043a\u043b\u044e\u0447\u043e\u0432\u0438\u0445 \u043f\u0430\u0440\u0430\u043c\u0435\u0442\u0440\u0456\u0432 \u043f\u0440\u0438 \u0444\u043e\u0440\u043c\u0443\u0432\u0430\u043d\u043d\u0456 \u0440\u0430\u0446\u0456\u043e\u043d\u0443 \u0445\u0430\u0440\u0447\u0443\u0432\u0430\u043d\u043d\u044f \u0456 \u0441\u043a\u043b\u0430\u0434\u0430\u043d\u043d\u0456 \u0434\u0456\u0454\u0442\u0438. \u0412 \u043e\u0441\u043d\u043e\u0432\u0456 \u0435\u0444\u0435\u043a\u0442\u0438\u0432\u043d\u043e\u0433\u043e \u043f\u043b\u0430\u043d\u0443 \u043f\u0456\u0434\u0442\u0440\u0438\u043c\u043a\u0438 \u043d\u043e\u0440\u043c\u0430\u043b\u044c\u043d\u043e\u0457 \u0432\u0430\u0433\u0438 \u0430\u0431\u043e \u0457\u0457 \u0437\u043d\u0438\u0436\u0435\u043d\u043d\u044f \u043f\u0435\u0440\u0435\u0432\u0430\u0436\u043d\u043e \u043b\u0435\u0436\u0438\u0442\u044c \u0441\u0430\u043c\u0435 \u0441\u0442\u0432\u043e\u0440\u0435\u043d\u043d\u044f \u043f\u0440\u0430\u0432\u0438\u043b\u044c\u043d\u043e\u0433\u043e \u0431\u0430\u043b\u0430\u043d\u0441\u0443 \u043c\u0456\u0436 \u0435\u043d\u0435\u0440\u0433\u043e\u0441\u043f\u043e\u0436\u0438\u0432\u0430\u043d\u043d\u044f\u043c \u0456 \u0432\u0438\u0442\u0440\u0430\u0442\u043e\u044e \u0435\u043d\u0435\u0440\u0433\u0456\u0457. \u0411\u0430\u0437\u043e\u0432\u0438\u0439 \u0440\u0456\u0432\u0435\u043d\u044c \u043c\u0435\u0442\u0430\u0431\u043e\u043b\u0456\u0437\u043c\u0443 \u2013 \u043f\u043e\u043a\u0430\u0437\u043d\u0438\u043a, \u044f\u043a\u0438\u0439 \u0432\u0438\u0437\u043d\u0430\u0447\u0430\u0454 \u0432\u0438\u0442\u0440\u0430\u0442\u0443 \u0435\u043d\u0435\u0440\u0433\u0456\u0457 \u0442\u0456\u043b\u043e\u043c \u043b\u044e\u0434\u0438\u043d\u0438 \u0432 \u0441\u0442\u0430\u043d\u0456 \u0441\u043f\u043e\u043a\u043e\u044e. \u0426\u044f [&hellip;]<\/p>","protected":false},"author":2,"featured_media":738,"parent":0,"menu_order":0,"comment_status":"closed","ping_status":"closed","template":"elementor_header_footer","meta":{"footnotes":""},"class_list":["post-939","page","type-page","status-publish","has-post-thumbnail","hentry"],"_links":{"self":[{"href":"https:\/\/brovko.clinic\/pl\/wp-json\/wp\/v2\/pages\/939","targetHints":{"allow":["GET"]}}],"collection":[{"href":"https:\/\/brovko.clinic\/pl\/wp-json\/wp\/v2\/pages"}],"about":[{"href":"https:\/\/brovko.clinic\/pl\/wp-json\/wp\/v2\/types\/page"}],"author":[{"embeddable":true,"href":"https:\/\/brovko.clinic\/pl\/wp-json\/wp\/v2\/users\/2"}],"replies":[{"embeddable":true,"href":"https:\/\/brovko.clinic\/pl\/wp-json\/wp\/v2\/comments?post=939"}],"version-history":[{"count":6,"href":"https:\/\/brovko.clinic\/pl\/wp-json\/wp\/v2\/pages\/939\/revisions"}],"predecessor-version":[{"id":9680,"href":"https:\/\/brovko.clinic\/pl\/wp-json\/wp\/v2\/pages\/939\/revisions\/9680"}],"wp:featuredmedia":[{"embeddable":true,"href":"https:\/\/brovko.clinic\/pl\/wp-json\/wp\/v2\/media\/738"}],"wp:attachment":[{"href":"https:\/\/brovko.clinic\/pl\/wp-json\/wp\/v2\/media?parent=939"}],"curies":[{"name":"wp","href":"https:\/\/api.w.org\/{rel}","templated":true}]}}