{"id":930,"date":"2022-09-01T14:43:08","date_gmt":"2022-09-01T12:43:08","guid":{"rendered":"https:\/\/brovko.clinic\/?page_id=930"},"modified":"2024-04-18T10:46:35","modified_gmt":"2024-04-18T08:46:35","slug":"poslugi-dnk-doslidzhennya-prychyny-porushennia-kharchovoi-povedinky","status":"publish","type":"page","link":"https:\/\/brovko.clinic\/pl\/services-dnk-research-prychyny-porushennia-kharchovoi-behaviour\/","title":{"rendered":"Przyczyny zaburze\u0144 od\u017cywiania"},"content":{"rendered":"<div data-elementor-type=\"wp-page\" data-elementor-id=\"930\" class=\"elementor elementor-930\" data-elementor-post-type=\"page\">\n\t\t\t\t\t\t\t\t\t<section data-particle_enable=\"false\" data-particle-mobile-disabled=\"false\" class=\"elementor-section elementor-top-section elementor-element elementor-element-2193e99 elementor-section-boxed elementor-section-height-default elementor-section-height-default\" data-id=\"2193e99\" data-element_type=\"section\">\n\t\t\t\t\t\t<div class=\"elementor-container elementor-column-gap-default\">\n\t\t\t\t\t<div class=\"elementor-column elementor-col-100 elementor-top-column elementor-element elementor-element-a5feb50\" data-id=\"a5feb50\" data-element_type=\"column\">\n\t\t\t<div class=\"elementor-widget-wrap elementor-element-populated\">\n\t\t\t\t\t\t\t\t<div class=\"elementor-element elementor-element-9bdf032 elementor-widget elementor-widget-spacer\" data-id=\"9bdf032\" data-element_type=\"widget\" data-widget_type=\"spacer.default\">\n\t\t\t\t<div class=\"elementor-widget-container\">\n\t\t\t<style>\/*! elementor - v3.15.0 - 09-08-2023 *\/\n.elementor-column .elementor-spacer-inner{height:var(--spacer-size)}.e-con{--container-widget-width:100%}.e-con-inner>.elementor-widget-spacer,.e-con>.elementor-widget-spacer{width:var(--container-widget-width,var(--spacer-size));--align-self:var(--container-widget-align-self,initial);--flex-shrink:0}.e-con-inner>.elementor-widget-spacer>.elementor-widget-container,.e-con-inner>.elementor-widget-spacer>.elementor-widget-container>.elementor-spacer,.e-con>.elementor-widget-spacer>.elementor-widget-container,.e-con>.elementor-widget-spacer>.elementor-widget-container>.elementor-spacer{height:100%}.e-con-inner>.elementor-widget-spacer>.elementor-widget-container>.elementor-spacer>.elementor-spacer-inner,.e-con>.elementor-widget-spacer>.elementor-widget-container>.elementor-spacer>.elementor-spacer-inner{height:var(--container-widget-height,var(--spacer-size))}<\/style>\t\t<div class=\"elementor-spacer\">\n\t\t\t<div class=\"elementor-spacer-inner\"><\/div>\n\t\t<\/div>\n\t\t\t\t<\/div>\n\t\t\t\t<\/div>\n\t\t\t\t<div class=\"elementor-element elementor-element-f095a9d elementor-widget elementor-widget-heading\" data-id=\"f095a9d\" data-element_type=\"widget\" data-widget_type=\"heading.default\">\n\t\t\t\t<div class=\"elementor-widget-container\">\n\t\t\t<style>\/*! elementor - v3.15.0 - 09-08-2023 *\/\n.elementor-heading-title{padding:0;margin:0;line-height:1}.elementor-widget-heading .elementor-heading-title[class*=elementor-size-]>a{color:inherit;font-size:inherit;line-height:inherit}.elementor-widget-heading .elementor-heading-title.elementor-size-small{font-size:15px}.elementor-widget-heading .elementor-heading-title.elementor-size-medium{font-size:19px}.elementor-widget-heading .elementor-heading-title.elementor-size-large{font-size:29px}.elementor-widget-heading .elementor-heading-title.elementor-size-xl{font-size:39px}.elementor-widget-heading .elementor-heading-title.elementor-size-xxl{font-size:59px}<\/style><h1 class=\"elementor-heading-title elementor-size-default\">Badania genetyczne nad markerami zachowa\u0144 \u017cywieniowych<\/h1>\t\t<\/div>\n\t\t\t\t<\/div>\n\t\t\t\t\t<\/div>\n\t\t<\/div>\n\t\t\t\t\t\t\t<\/div>\n\t\t<\/section>\n\t\t\t\t<section data-particle_enable=\"false\" data-particle-mobile-disabled=\"false\" class=\"elementor-section elementor-top-section elementor-element elementor-element-f721a1e elementor-section-boxed elementor-section-height-default elementor-section-height-default\" data-id=\"f721a1e\" data-element_type=\"section\">\n\t\t\t\t\t\t<div class=\"elementor-container elementor-column-gap-default\">\n\t\t\t\t\t<div class=\"elementor-column elementor-col-50 elementor-top-column elementor-element elementor-element-602ecee\" data-id=\"602ecee\" data-element_type=\"column\">\n\t\t\t<div class=\"elementor-widget-wrap elementor-element-populated\">\n\t\t\t\t\t\t\t\t<div class=\"elementor-element elementor-element-965cd0e elementor-widget elementor-widget-image\" data-id=\"965cd0e\" data-element_type=\"widget\" data-widget_type=\"image.default\">\n\t\t\t\t<div class=\"elementor-widget-container\">\n\t\t\t<style>\/*! elementor - v3.15.0 - 09-08-2023 *\/\n.elementor-widget-image{text-align:center}.elementor-widget-image a{display:inline-block}.elementor-widget-image a img[src$=\".svg\"]{width:48px}.elementor-widget-image img{vertical-align:middle;display:inline-block}<\/style>\t\t\t\t\t\t\t\t\t\t\t\t<img loading=\"lazy\" decoding=\"async\" width=\"800\" height=\"800\" src=\"https:\/\/brovko.clinic\/wp-content\/uploads\/\u043f\u0438\u0449\u0435\u0432\u043e\u0435-\u043f\u043e\u0432\u0435\u0434\u0435\u043d\u0438\u0435.png\" class=\"attachment-large size-large wp-image-731\" alt=\"\" srcset=\"https:\/\/brovko.clinic\/wp-content\/uploads\/\u043f\u0438\u0449\u0435\u0432\u043e\u0435-\u043f\u043e\u0432\u0435\u0434\u0435\u043d\u0438\u0435.png 1080w, https:\/\/brovko.clinic\/wp-content\/uploads\/\u043f\u0438\u0449\u0435\u0432\u043e\u0435-\u043f\u043e\u0432\u0435\u0434\u0435\u043d\u0438\u0435-100x100.png 100w, https:\/\/brovko.clinic\/wp-content\/uploads\/\u043f\u0438\u0449\u0435\u0432\u043e\u0435-\u043f\u043e\u0432\u0435\u0434\u0435\u043d\u0438\u0435-510x510.png 510w\" sizes=\"auto, (max-width: 800px) 100vw, 800px\" title=\"\">\t\t\t\t\t\t\t\t\t\t\t\t\t\t\t<\/div>\n\t\t\t\t<\/div>\n\t\t\t\t\t<\/div>\n\t\t<\/div>\n\t\t\t\t<div class=\"elementor-column elementor-col-50 elementor-top-column elementor-element elementor-element-bd1edf4\" data-id=\"bd1edf4\" data-element_type=\"column\">\n\t\t\t<div class=\"elementor-widget-wrap elementor-element-populated\">\n\t\t\t\t\t\t\t\t<div class=\"elementor-element elementor-element-4c78a71 elementor-widget elementor-widget-text-editor\" data-id=\"4c78a71\" data-element_type=\"widget\" data-widget_type=\"text-editor.default\">\n\t\t\t\t<div class=\"elementor-widget-container\">\n\t\t\t<style>\/*! elementor - v3.15.0 - 09-08-2023 *\/\n.elementor-widget-text-editor.elementor-drop-cap-view-stacked .elementor-drop-cap{background-color:#69727d;color:#fff}.elementor-widget-text-editor.elementor-drop-cap-view-framed .elementor-drop-cap{color:#69727d;border:3px solid;background-color:transparent}.elementor-widget-text-editor:not(.elementor-drop-cap-view-default) .elementor-drop-cap{margin-top:8px}.elementor-widget-text-editor:not(.elementor-drop-cap-view-default) .elementor-drop-cap-letter{width:1em;height:1em}.elementor-widget-text-editor .elementor-drop-cap{float:left;text-align:center;line-height:1;font-size:50px}.elementor-widget-text-editor .elementor-drop-cap-letter{display:inline-block}<\/style>\t\t\t\t<p>Niekt\u00f3re geny mog\u0105 wp\u0142ywa\u0107 na nasze odczucia smakowe, nasze zapotrzebowanie na okre\u015blone pokarmy, a tak\u017ce determinowa\u0107 nasze zachowania \u017cywieniowe, na przyk\u0142ad to, jak szybko czujemy si\u0119 syci po jedzeniu.<\/p><p>Zachowania \u017cywieniowe to zesp\u00f3\u0142 nawyk\u00f3w i cech behawioralnych zwi\u0105zanych z jedzeniem. Postawy wobec jedzenia kszta\u0142tuj\u0105 si\u0119 w wyniku tradycji kulturowych i narodowych, warunk\u00f3w nauki, pracy i \u017cycia, a tak\u017ce indywidualnych preferencji i cech.<\/p><p>Szybko\u015b\u0107 odczuwania syto\u015bci uzale\u017cniona jest zar\u00f3wno od czynnik\u00f3w mechanicznych (wzd\u0119cie \u017co\u0142\u0105dka), jak i neuroendokrynnych (uwalnianie substancji czynnych, kt\u00f3re oddzia\u0142uj\u0105 na o\u015brodek syto\u015bci w m\u00f3zgu).<\/p><p>Zmiany w genach, kt\u00f3re wp\u0142ywaj\u0105 na reakcje neuroendokrynne, mog\u0105 wp\u0142ywa\u0107 na szybko\u015b\u0107 odczuwania syto\u015bci. Osoby z niekorzystnymi wariantami tych gen\u00f3w odczuwaj\u0105 syto\u015b\u0107 p\u00f3\u017aniej, maj\u0105 trudno\u015bci z kontrolowaniem ilo\u015bci spo\u017cywanego jedzenia, co mo\u017ce prowadzi\u0107 do zaburze\u0144 od\u017cywiania, takich jak przejadanie si\u0119.<\/p><p>\u00a0<\/p>\t\t\t\t\t\t<\/div>\n\t\t\t\t<\/div>\n\t\t\t\t\t<\/div>\n\t\t<\/div>\n\t\t\t\t\t\t\t<\/div>\n\t\t<\/section>\n\t\t\t\t<section data-particle_enable=\"false\" data-particle-mobile-disabled=\"false\" class=\"elementor-section elementor-top-section elementor-element elementor-element-bf87060 elementor-section-boxed elementor-section-height-default elementor-section-height-default\" data-id=\"bf87060\" data-element_type=\"section\">\n\t\t\t\t\t\t<div class=\"elementor-container elementor-column-gap-default\">\n\t\t\t\t\t<div class=\"elementor-column elementor-col-100 elementor-top-column elementor-element elementor-element-9528d49\" data-id=\"9528d49\" data-element_type=\"column\">\n\t\t\t<div class=\"elementor-widget-wrap elementor-element-populated\">\n\t\t\t\t\t\t\t\t<div class=\"elementor-element elementor-element-3d46e94 elementor-widget elementor-widget-text-editor\" data-id=\"3d46e94\" data-element_type=\"widget\" data-widget_type=\"text-editor.default\">\n\t\t\t\t<div class=\"elementor-widget-container\">\n\t\t\t\t\t\t\t<p>Badania nad markerami genetycznymi zachowa\u0144 \u017cywieniowych pomog\u0105 w zmianie nawyk\u00f3w \u017cywieniowych i opracowaniu indywidualnej diety sprzyjaj\u0105cej utracie wagi i utrzymaniu zdrowia.<\/p>\t\t\t\t\t\t<\/div>\n\t\t\t\t<\/div>\n\t\t\t\t\t<\/div>\n\t\t<\/div>\n\t\t\t\t\t\t\t<\/div>\n\t\t<\/section>\n\t\t\t\t<section data-particle_enable=\"false\" data-particle-mobile-disabled=\"false\" class=\"elementor-section elementor-top-section elementor-element elementor-element-7422e0c elementor-section-boxed elementor-section-height-default elementor-section-height-default\" data-id=\"7422e0c\" data-element_type=\"section\">\n\t\t\t\t\t\t<div class=\"elementor-container elementor-column-gap-default\">\n\t\t\t\t\t<div class=\"elementor-column elementor-col-100 elementor-top-column elementor-element elementor-element-326fa4a\" data-id=\"326fa4a\" data-element_type=\"column\">\n\t\t\t<div class=\"elementor-widget-wrap elementor-element-populated\">\n\t\t\t\t\t\t\t\t<div class=\"elementor-element elementor-element-c87d351 elementor-widget elementor-widget-text-editor\" data-id=\"c87d351\" data-element_type=\"widget\" data-widget_type=\"text-editor.default\">\n\t\t\t\t<div class=\"elementor-widget-container\">\n\t\t\t\t\t\t\t<h2><strong>Badania genetyczne pozwalaj\u0105 nam zbada\u0107 kluczowe czynniki kszta\u0142tuj\u0105ce zachowania \u017cywieniowe:<\/strong><\/h2><ul><li>uczucie g\u0142odu;<\/li><li>uczucie syto\u015bci;<\/li><li>sk\u0142onno\u015b\u0107 do impulsywnego podjadania;<\/li><li>tendencja do kompulsywnego podjadania.<\/li><\/ul><h2><strong><br \/>Wyniki bada\u0144 genetycznych marker\u00f3w zachowa\u0144 \u017cywieniowych pozwalaj\u0105 na:<\/strong><\/h2><ul><li>okre\u015bli\u0107 podatno\u015b\u0107 na okre\u015blone rodzaje zaburze\u0144 od\u017cywiania;<\/li><li>zidentyfikowa\u0107 mo\u017cliwe przyczyny przejadania si\u0119 i przybierania na wadze;<\/li><li>dostosowa\u0107 zachowania i nawyki \u017cywieniowe w celu normalizacji masy cia\u0142a;<\/li><li>naucz si\u0119 zarz\u0105dza\u0107 swoimi emocjami i wag\u0105, opieraj\u0105c si\u0119 na zrozumieniu indywidualnych cech genetycznych.<\/li><\/ul>\t\t\t\t\t\t<\/div>\n\t\t\t\t<\/div>\n\t\t\t\t\t<\/div>\n\t\t<\/div>\n\t\t\t\t\t\t\t<\/div>\n\t\t<\/section>\n\t\t\t\t<section data-particle_enable=\"false\" data-particle-mobile-disabled=\"false\" class=\"elementor-section elementor-top-section elementor-element elementor-element-5ffc3663 elementor-section-content-middle elementor-section-boxed elementor-section-height-default elementor-section-height-default\" data-id=\"5ffc3663\" data-element_type=\"section\" data-settings=\"{&quot;background_background&quot;:&quot;classic&quot;}\">\n\t\t\t\t\t\t<div class=\"elementor-container elementor-column-gap-default\">\n\t\t\t\t\t<div class=\"elementor-column elementor-col-50 elementor-top-column elementor-element elementor-element-4ce5a700\" data-id=\"4ce5a700\" data-element_type=\"column\">\n\t\t\t<div class=\"elementor-widget-wrap elementor-element-populated\">\n\t\t\t\t\t\t\t\t<div class=\"elementor-element elementor-element-2f95fb05 elementor-widget elementor-widget-image\" data-id=\"2f95fb05\" data-element_type=\"widget\" data-widget_type=\"image.default\">\n\t\t\t\t<div class=\"elementor-widget-container\">\n\t\t\t\t\t\t\t\t\t\t\t\t\t\t\t\t<a href=\"https:\/\/brovko.clinic\/pl\/\">\n\t\t\t\t\t\t\t<img loading=\"lazy\" decoding=\"async\" width=\"500\" height=\"500\" src=\"https:\/\/brovko.clinic\/wp-content\/uploads\/brovo-logo500-1.png\" class=\"attachment-full size-full wp-image-9649\" alt=\"\" srcset=\"https:\/\/brovko.clinic\/wp-content\/uploads\/brovo-logo500-1.png 500w, https:\/\/brovko.clinic\/wp-content\/uploads\/brovo-logo500-1-300x300.png 300w, https:\/\/brovko.clinic\/wp-content\/uploads\/brovo-logo500-1-150x150.png 150w, https:\/\/brovko.clinic\/wp-content\/uploads\/brovo-logo500-1-12x12.png 12w, https:\/\/brovko.clinic\/wp-content\/uploads\/brovo-logo500-1-100x100.png 100w\" sizes=\"auto, (max-width: 500px) 100vw, 500px\" title=\"\">\t\t\t\t\t\t\t\t<\/a>\n\t\t\t\t\t\t\t\t\t\t\t\t\t\t\t<\/div>\n\t\t\t\t<\/div>\n\t\t\t\t\t<\/div>\n\t\t<\/div>\n\t\t\t\t<div class=\"elementor-column elementor-col-50 elementor-top-column elementor-element elementor-element-44c5a2a5\" data-id=\"44c5a2a5\" data-element_type=\"column\">\n\t\t\t<div class=\"elementor-widget-wrap elementor-element-populated\">\n\t\t\t\t\t\t\t\t<div class=\"elementor-element elementor-element-6d49e99b elementor-widget elementor-widget-text-editor\" data-id=\"6d49e99b\" data-element_type=\"widget\" data-widget_type=\"text-editor.default\">\n\t\t\t\t<div class=\"elementor-widget-container\">\n\t\t\t\t\t\t\t<p>Istnieje mo\u017cliwo\u015b\u0107 um\u00f3wienia si\u0119 na zabieg<span style=\"background-color: transparent;\"> dzwoni\u0105c lub zostawiaj\u0105c zg\u0142oszenie, a nasz rejestrator medyczny skontaktuje si\u0119 z Pa\u0144stwem w najbli\u017cszym czasie.<\/span><\/p>\t\t\t\t\t\t<\/div>\n\t\t\t\t<\/div>\n\t\t\t\t<div class=\"elementor-element elementor-element-639e466d elementor-align-center elementor-widget elementor-widget-button\" data-id=\"639e466d\" data-element_type=\"widget\" data-widget_type=\"button.default\">\n\t\t\t\t<div class=\"elementor-widget-container\">\n\t\t\t\t\t<div class=\"elementor-button-wrapper\">\n\t\t\t<a class=\"elementor-button elementor-button-link elementor-size-lg\" href=\"#elementor-action%3Aaction%3Dpopup%3Aopen%26settings%3DeyJpZCI6Ijk2MDYiLCJ0b2dnbGUiOmZhbHNlfQ%3D%3D\">\n\t\t\t\t\t\t<span class=\"elementor-button-content-wrapper\">\n\t\t\t\t\t\t<span class=\"elementor-button-text\">Zapisa\u0107 si\u0119<\/span>\n\t\t<\/span>\n\t\t\t\t\t<\/a>\n\t\t<\/div>\n\t\t\t\t<\/div>\n\t\t\t\t<\/div>\n\t\t\t\t\t<\/div>\n\t\t<\/div>\n\t\t\t\t\t\t\t<\/div>\n\t\t<\/section>\n\t\t\t\t<section data-particle_enable=\"false\" data-particle-mobile-disabled=\"false\" class=\"elementor-section elementor-top-section elementor-element elementor-element-74a0b0d elementor-section-boxed elementor-section-height-default elementor-section-height-default\" data-id=\"74a0b0d\" data-element_type=\"section\">\n\t\t\t\t\t\t<div class=\"elementor-container elementor-column-gap-default\">\n\t\t\t\t\t<div class=\"elementor-column elementor-col-100 elementor-top-column elementor-element elementor-element-649ef36\" data-id=\"649ef36\" data-element_type=\"column\">\n\t\t\t<div class=\"elementor-widget-wrap elementor-element-populated\">\n\t\t\t\t\t\t\t\t<div class=\"elementor-element elementor-element-8bab46b elementor-widget elementor-widget-heading\" data-id=\"8bab46b\" data-element_type=\"widget\" data-widget_type=\"heading.default\">\n\t\t\t\t<div class=\"elementor-widget-container\">\n\t\t\t<h2 class=\"elementor-heading-title elementor-size-default\">W celu u\u0142o\u017cenia zbilansowanej diety konieczne jest uwzgl\u0119dnienie indywidualnych cech genetycznych. \n\n<\/h2>\t\t<\/div>\n\t\t\t\t<\/div>\n\t\t\t\t\t<\/div>\n\t\t<\/div>\n\t\t\t\t\t\t\t<\/div>\n\t\t<\/section>\n\t\t\t\t<section data-particle_enable=\"false\" data-particle-mobile-disabled=\"false\" class=\"elementor-section elementor-top-section elementor-element elementor-element-f5d4607 elementor-section-boxed elementor-section-height-default elementor-section-height-default\" data-id=\"f5d4607\" data-element_type=\"section\">\n\t\t\t\t\t\t<div class=\"elementor-container elementor-column-gap-default\">\n\t\t\t\t\t<div class=\"elementor-column elementor-col-100 elementor-top-column elementor-element elementor-element-34a1e00\" data-id=\"34a1e00\" data-element_type=\"column\">\n\t\t\t<div class=\"elementor-widget-wrap elementor-element-populated\">\n\t\t\t\t\t\t\t\t<div class=\"elementor-element elementor-element-08eb543 elementor-widget elementor-widget-heading\" data-id=\"08eb543\" data-element_type=\"widget\" data-widget_type=\"heading.default\">\n\t\t\t\t<div class=\"elementor-widget-container\">\n\t\t\t<h2 class=\"elementor-heading-title elementor-size-default\">Prawid\u0142owe od\u017cywianie jest inne dla ka\u017cdej osoby.<\/h2>\t\t<\/div>\n\t\t\t\t<\/div>\n\t\t\t\t\t<\/div>\n\t\t<\/div>\n\t\t\t\t\t\t\t<\/div>\n\t\t<\/section>\n\t\t\t\t<section data-particle_enable=\"false\" data-particle-mobile-disabled=\"false\" class=\"elementor-section elementor-top-section elementor-element elementor-element-8714f80 elementor-section-boxed elementor-section-height-default elementor-section-height-default\" data-id=\"8714f80\" data-element_type=\"section\">\n\t\t\t\t\t\t<div class=\"elementor-container elementor-column-gap-default\">\n\t\t\t\t\t<div class=\"elementor-column elementor-col-100 elementor-top-column elementor-element elementor-element-d2bd671\" data-id=\"d2bd671\" data-element_type=\"column\">\n\t\t\t<div class=\"elementor-widget-wrap elementor-element-populated\">\n\t\t\t\t\t\t\t\t<div class=\"elementor-element elementor-element-add8897 elementor-widget elementor-widget-heading\" data-id=\"add8897\" data-element_type=\"widget\" data-widget_type=\"heading.default\">\n\t\t\t\t<div class=\"elementor-widget-container\">\n\t\t\t<h2 class=\"elementor-heading-title elementor-size-default\">W zale\u017cno\u015bci od wykrytych mutacji lekarz b\u0119dzie m\u00f3g\u0142 dostosowa\u0107 diet\u0119 lub przepisa\u0107 dodatkowe badania.<\/h2>\t\t<\/div>\n\t\t\t\t<\/div>\n\t\t\t\t\t<\/div>\n\t\t<\/div>\n\t\t\t\t\t\t\t<\/div>\n\t\t<\/section>\n\t\t\t\t<section data-particle_enable=\"false\" data-particle-mobile-disabled=\"false\" class=\"elementor-section elementor-top-section elementor-element elementor-element-994e6a4 elementor-section-boxed elementor-section-height-default elementor-section-height-default\" data-id=\"994e6a4\" data-element_type=\"section\">\n\t\t\t\t\t\t<div class=\"elementor-container elementor-column-gap-default\">\n\t\t\t\t\t<div class=\"elementor-column elementor-col-100 elementor-top-column elementor-element elementor-element-383e0d9\" data-id=\"383e0d9\" data-element_type=\"column\">\n\t\t\t<div class=\"elementor-widget-wrap elementor-element-populated\">\n\t\t\t\t\t\t\t\t<div class=\"elementor-element elementor-element-36975c3 elementor-widget elementor-widget-heading\" data-id=\"36975c3\" data-element_type=\"widget\" data-widget_type=\"heading.default\">\n\t\t\t\t<div class=\"elementor-widget-container\">\n\t\t\t<h2 class=\"elementor-heading-title elementor-size-default\">Jak przeprowadzana jest analiza genetyczna<\/h2>\t\t<\/div>\n\t\t\t\t<\/div>\n\t\t\t\t\t<\/div>\n\t\t<\/div>\n\t\t\t\t\t\t\t<\/div>\n\t\t<\/section>\n\t\t\t\t<section data-particle_enable=\"false\" data-particle-mobile-disabled=\"false\" class=\"elementor-section elementor-top-section elementor-element elementor-element-bf07ed7 elementor-section-boxed elementor-section-height-default elementor-section-height-default\" data-id=\"bf07ed7\" data-element_type=\"section\">\n\t\t\t\t\t\t<div class=\"elementor-container elementor-column-gap-default\">\n\t\t\t\t\t<div class=\"elementor-column elementor-col-100 elementor-top-column elementor-element elementor-element-8a399aa\" data-id=\"8a399aa\" data-element_type=\"column\">\n\t\t\t<div class=\"elementor-widget-wrap elementor-element-populated\">\n\t\t\t\t\t\t\t\t<div class=\"elementor-element elementor-element-c4dc5d7 elementor-widget elementor-widget-text-editor\" data-id=\"c4dc5d7\" data-element_type=\"widget\" data-widget_type=\"text-editor.default\">\n\t\t\t\t<div class=\"elementor-widget-container\">\n\t\t\t\t\t\t\t<p dir=\"auto\">Materia\u0142em genetycznym do bada\u0144 jest nab\u0142onek policzkowy - zeskrobanie nab\u0142onka z wewn\u0119trznej strony policzka.<\/p>\n<p dir=\"auto\">Zabieg jest bezbolesny i nie ma przeciwwskaza\u0144.<\/p>\n<p dir=\"auto\">Nie jest wymagane kompleksowe przygotowanie do badania genetycznego (jedynie proste ograniczenia - powstrzymanie si\u0119 od jedzenia przez 2 godziny i od palenia - przez 30 minut przed badaniem).<\/p>\n<p dir=\"auto\">Nie ma ogranicze\u0144 wiekowych i zdrowotnych.<\/p>\t\t\t\t\t\t<\/div>\n\t\t\t\t<\/div>\n\t\t\t\t\t<\/div>\n\t\t<\/div>\n\t\t\t\t\t\t\t<\/div>\n\t\t<\/section>\n\t\t\t\t<section data-particle_enable=\"false\" data-particle-mobile-disabled=\"false\" class=\"elementor-section elementor-top-section elementor-element elementor-element-0073e27 elementor-section-boxed elementor-section-height-default elementor-section-height-default\" data-id=\"0073e27\" data-element_type=\"section\">\n\t\t\t\t\t\t<div class=\"elementor-container elementor-column-gap-default\">\n\t\t\t\t\t<div class=\"elementor-column elementor-col-100 elementor-top-column elementor-element elementor-element-433aa78\" data-id=\"433aa78\" data-element_type=\"column\">\n\t\t\t<div class=\"elementor-widget-wrap elementor-element-populated\">\n\t\t\t\t\t\t\t\t<div class=\"elementor-element elementor-element-b3ba95c elementor-widget elementor-widget-heading\" data-id=\"b3ba95c\" data-element_type=\"widget\" data-widget_type=\"heading.default\">\n\t\t\t\t<div class=\"elementor-widget-container\">\n\t\t\t<p class=\"elementor-heading-title elementor-size-default\">Mi\u0142ym bonusem dla wszystkich naszych klient\u00f3w jest zni\u017cka 10% na badania DNA i analiz\u0119 mikrobiomu.\n\n<\/p>\t\t<\/div>\n\t\t\t\t<\/div>\n\t\t\t\t\t<\/div>\n\t\t<\/div>\n\t\t\t\t\t\t\t<\/div>\n\t\t<\/section>\n\t\t\t\t\t\t\t<\/div>","protected":false},"excerpt":{"rendered":"<p>\u0413\u0435\u043d\u0435\u0442\u0438\u0447\u043d\u0435 \u0434\u043e\u0441\u043b\u0456\u0434\u0436\u0435\u043d\u043d\u044f \u043c\u0430\u0440\u043a\u0435\u0440\u0456\u0432 \u0445\u0430\u0440\u0447\u043e\u0432\u043e\u0457 \u043f\u043e\u0432\u0435\u0434\u0456\u043d\u043a\u0438 \u0414\u0435\u044f\u043a\u0456 \u0433\u0435\u043d\u0438 \u043c\u043e\u0436\u0443\u0442\u044c \u0432\u043f\u043b\u0438\u0432\u0430\u0442\u0438 \u043d\u0430 \u043d\u0430\u0448\u0456 \u0441\u043c\u0430\u043a\u043e\u0432\u0456 \u0432\u0456\u0434\u0447\u0443\u0442\u0442\u044f, \u043f\u043e\u0442\u0440\u0435\u0431\u0443 \u0432 \u0442\u0438\u0445 \u0447\u0438 \u0456\u043d\u0448\u0438\u0445 \u043f\u0440\u043e\u0434\u0443\u043a\u0442\u0430\u0445, \u0430 \u0442\u0430\u043a\u043e\u0436 \u0432\u0438\u0437\u043d\u0430\u0447\u0430\u0442\u0438 \u043d\u0430\u0448\u0443 \u0445\u0430\u0440\u0447\u043e\u0432\u0443 \u043f\u043e\u0432\u0435\u0434\u0456\u043d\u043a\u0443, \u043d\u0430\u043f\u0440\u0438\u043a\u043b\u0430\u0434, \u044f\u043a \u0448\u0432\u0438\u0434\u043a\u043e \u043f\u0456\u0441\u043b\u044f \u043f\u0440\u0438\u0439\u043e\u043c\u0443 \u0457\u0436\u0456 \u0432\u0438 \u0432\u0456\u0434\u0447\u0443\u0432\u0430\u0454\u0442\u0435 \u0441\u0435\u0431\u0435 \u0441\u0438\u0442\u0438\u043c. \u0425\u0430\u0440\u0447\u043e\u0432\u0430 \u043f\u043e\u0432\u0435\u0434\u0456\u043d\u043a\u0430 \u2013 \u0446\u0435 \u0441\u0443\u043a\u0443\u043f\u043d\u0456\u0441\u0442\u044c \u0437\u0432\u0438\u0447\u043e\u043a \u0456 \u043e\u0441\u043e\u0431\u043b\u0438\u0432\u043e\u0441\u0442\u0435\u0439 \u043f\u043e\u0432\u0435\u0434\u0456\u043d\u043a\u0438 \u0449\u043e\u0434\u043e \u043f\u0440\u0438\u0439\u043e\u043c\u0443 \u0457\u0436\u0456. \u0421\u0442\u0430\u0432\u043b\u0435\u043d\u043d\u044f \u0434\u043e \u0445\u0430\u0440\u0447\u0443\u0432\u0430\u043d\u043d\u044f \u0444\u043e\u0440\u043c\u0443\u0454\u0442\u044c\u0441\u044f \u0432\u043d\u0430\u0441\u043b\u0456\u0434\u043e\u043a \u043a\u0443\u043b\u044c\u0442\u0443\u0440\u043d\u0438\u0445 \u0456 \u043d\u0430\u0446\u0456\u043e\u043d\u0430\u043b\u044c\u043d\u0438\u0445 [&hellip;]<\/p>","protected":false},"author":2,"featured_media":731,"parent":0,"menu_order":0,"comment_status":"closed","ping_status":"closed","template":"elementor_header_footer","meta":{"footnotes":""},"class_list":["post-930","page","type-page","status-publish","has-post-thumbnail","hentry"],"_links":{"self":[{"href":"https:\/\/brovko.clinic\/pl\/wp-json\/wp\/v2\/pages\/930","targetHints":{"allow":["GET"]}}],"collection":[{"href":"https:\/\/brovko.clinic\/pl\/wp-json\/wp\/v2\/pages"}],"about":[{"href":"https:\/\/brovko.clinic\/pl\/wp-json\/wp\/v2\/types\/page"}],"author":[{"embeddable":true,"href":"https:\/\/brovko.clinic\/pl\/wp-json\/wp\/v2\/users\/2"}],"replies":[{"embeddable":true,"href":"https:\/\/brovko.clinic\/pl\/wp-json\/wp\/v2\/comments?post=930"}],"version-history":[{"count":9,"href":"https:\/\/brovko.clinic\/pl\/wp-json\/wp\/v2\/pages\/930\/revisions"}],"predecessor-version":[{"id":9681,"href":"https:\/\/brovko.clinic\/pl\/wp-json\/wp\/v2\/pages\/930\/revisions\/9681"}],"wp:featuredmedia":[{"embeddable":true,"href":"https:\/\/brovko.clinic\/pl\/wp-json\/wp\/v2\/media\/731"}],"wp:attachment":[{"href":"https:\/\/brovko.clinic\/pl\/wp-json\/wp\/v2\/media?parent=930"}],"curies":[{"name":"wp","href":"https:\/\/api.w.org\/{rel}","templated":true}]}}