{"id":888,"date":"2022-08-29T13:36:47","date_gmt":"2022-08-29T11:36:47","guid":{"rendered":"https:\/\/brovko.clinic\/?page_id=888"},"modified":"2024-04-17T18:11:24","modified_gmt":"2024-04-17T16:11:24","slug":"vydy-ratsioniv","status":"publish","type":"page","link":"https:\/\/brovko.clinic\/pl\/vydy-ratsioniv\/","title":{"rendered":"Rodzaje racji \u017cywno\u015bciowych"},"content":{"rendered":"<div data-elementor-type=\"wp-page\" data-elementor-id=\"888\" class=\"elementor elementor-888\" data-elementor-post-type=\"page\">\n\t\t\t\t\t\t\t\t\t<section data-particle_enable=\"false\" data-particle-mobile-disabled=\"false\" class=\"elementor-section elementor-top-section elementor-element elementor-element-5f58d99 elementor-section-boxed elementor-section-height-default elementor-section-height-default\" data-id=\"5f58d99\" data-element_type=\"section\">\n\t\t\t\t\t\t<div class=\"elementor-container elementor-column-gap-default\">\n\t\t\t\t\t<div class=\"elementor-column elementor-col-100 elementor-top-column elementor-element elementor-element-526602a\" data-id=\"526602a\" data-element_type=\"column\">\n\t\t\t<div class=\"elementor-widget-wrap elementor-element-populated\">\n\t\t\t\t\t\t\t\t<div class=\"elementor-element elementor-element-81bdedd elementor-widget elementor-widget-spacer\" data-id=\"81bdedd\" data-element_type=\"widget\" data-widget_type=\"spacer.default\">\n\t\t\t\t<div class=\"elementor-widget-container\">\n\t\t\t<style>\/*! elementor - v3.15.0 - 09-08-2023 *\/\n.elementor-column .elementor-spacer-inner{height:var(--spacer-size)}.e-con{--container-widget-width:100%}.e-con-inner>.elementor-widget-spacer,.e-con>.elementor-widget-spacer{width:var(--container-widget-width,var(--spacer-size));--align-self:var(--container-widget-align-self,initial);--flex-shrink:0}.e-con-inner>.elementor-widget-spacer>.elementor-widget-container,.e-con-inner>.elementor-widget-spacer>.elementor-widget-container>.elementor-spacer,.e-con>.elementor-widget-spacer>.elementor-widget-container,.e-con>.elementor-widget-spacer>.elementor-widget-container>.elementor-spacer{height:100%}.e-con-inner>.elementor-widget-spacer>.elementor-widget-container>.elementor-spacer>.elementor-spacer-inner,.e-con>.elementor-widget-spacer>.elementor-widget-container>.elementor-spacer>.elementor-spacer-inner{height:var(--container-widget-height,var(--spacer-size))}<\/style>\t\t<div class=\"elementor-spacer\">\n\t\t\t<div class=\"elementor-spacer-inner\"><\/div>\n\t\t<\/div>\n\t\t\t\t<\/div>\n\t\t\t\t<\/div>\n\t\t\t\t<div class=\"elementor-element elementor-element-52672d6 elementor-widget elementor-widget-heading\" data-id=\"52672d6\" data-element_type=\"widget\" data-widget_type=\"heading.default\">\n\t\t\t\t<div class=\"elementor-widget-container\">\n\t\t\t<style>\/*! elementor - v3.15.0 - 09-08-2023 *\/\n.elementor-heading-title{padding:0;margin:0;line-height:1}.elementor-widget-heading .elementor-heading-title[class*=elementor-size-]>a{color:inherit;font-size:inherit;line-height:inherit}.elementor-widget-heading .elementor-heading-title.elementor-size-small{font-size:15px}.elementor-widget-heading .elementor-heading-title.elementor-size-medium{font-size:19px}.elementor-widget-heading .elementor-heading-title.elementor-size-large{font-size:29px}.elementor-widget-heading .elementor-heading-title.elementor-size-xl{font-size:39px}.elementor-widget-heading .elementor-heading-title.elementor-size-xxl{font-size:59px}<\/style><h1 class=\"elementor-heading-title elementor-size-xl\">Rodzaje racji \u017cywno\u015bciowych<\/h1>\t\t<\/div>\n\t\t\t\t<\/div>\n\t\t\t\t\t<\/div>\n\t\t<\/div>\n\t\t\t\t\t\t\t<\/div>\n\t\t<\/section>\n\t\t\t\t<section data-particle_enable=\"false\" data-particle-mobile-disabled=\"false\" class=\"elementor-section elementor-top-section elementor-element elementor-element-4721d22 elementor-section-boxed elementor-section-height-default elementor-section-height-default\" data-id=\"4721d22\" data-element_type=\"section\">\n\t\t\t\t\t\t<div class=\"elementor-container elementor-column-gap-default\">\n\t\t\t\t\t<div class=\"elementor-column elementor-col-33 elementor-top-column elementor-element elementor-element-273750f\" data-id=\"273750f\" data-element_type=\"column\">\n\t\t\t<div class=\"elementor-widget-wrap elementor-element-populated\">\n\t\t\t\t\t\t\t\t<div class=\"elementor-element elementor-element-98c490d elementor-widget elementor-widget-image\" data-id=\"98c490d\" data-element_type=\"widget\" data-widget_type=\"image.default\">\n\t\t\t\t<div class=\"elementor-widget-container\">\n\t\t\t<style>\/*! elementor - v3.15.0 - 09-08-2023 *\/\n.elementor-widget-image{text-align:center}.elementor-widget-image a{display:inline-block}.elementor-widget-image a img[src$=\".svg\"]{width:48px}.elementor-widget-image img{vertical-align:middle;display:inline-block}<\/style>\t\t\t\t\t\t\t\t\t\t\t\t<img loading=\"lazy\" decoding=\"async\" width=\"800\" height=\"800\" src=\"https:\/\/brovko.clinic\/wp-content\/uploads\/\u041f\u0440\u043e\u0433\u0440\u0430\u043c\u0430-\u0440\u043e\u0437\u0432\u0438\u0442\u043a\u0443-\u043c\u0435\u0442\u0430\u0431\u043e\u043b\u0456\u0447\u043d\u043e\u0457-\u0433\u043d\u0443\u0447\u043a\u043e\u0441\u0442\u0456-\u043a\u043e\u043f\u0438\u044f-1024x1024.png\" class=\"attachment-large size-large wp-image-916\" alt=\"\" srcset=\"https:\/\/brovko.clinic\/wp-content\/uploads\/\u041f\u0440\u043e\u0433\u0440\u0430\u043c\u0430-\u0440\u043e\u0437\u0432\u0438\u0442\u043a\u0443-\u043c\u0435\u0442\u0430\u0431\u043e\u043b\u0456\u0447\u043d\u043e\u0457-\u0433\u043d\u0443\u0447\u043a\u043e\u0441\u0442\u0456-\u043a\u043e\u043f\u0438\u044f-1024x1024.png 1024w, https:\/\/brovko.clinic\/wp-content\/uploads\/\u041f\u0440\u043e\u0433\u0440\u0430\u043c\u0430-\u0440\u043e\u0437\u0432\u0438\u0442\u043a\u0443-\u043c\u0435\u0442\u0430\u0431\u043e\u043b\u0456\u0447\u043d\u043e\u0457-\u0433\u043d\u0443\u0447\u043a\u043e\u0441\u0442\u0456-\u043a\u043e\u043f\u0438\u044f-100x100.png 100w, https:\/\/brovko.clinic\/wp-content\/uploads\/\u041f\u0440\u043e\u0433\u0440\u0430\u043c\u0430-\u0440\u043e\u0437\u0432\u0438\u0442\u043a\u0443-\u043c\u0435\u0442\u0430\u0431\u043e\u043b\u0456\u0447\u043d\u043e\u0457-\u0433\u043d\u0443\u0447\u043a\u043e\u0441\u0442\u0456-\u043a\u043e\u043f\u0438\u044f-510x510.png 510w, https:\/\/brovko.clinic\/wp-content\/uploads\/\u041f\u0440\u043e\u0433\u0440\u0430\u043c\u0430-\u0440\u043e\u0437\u0432\u0438\u0442\u043a\u0443-\u043c\u0435\u0442\u0430\u0431\u043e\u043b\u0456\u0447\u043d\u043e\u0457-\u0433\u043d\u0443\u0447\u043a\u043e\u0441\u0442\u0456-\u043a\u043e\u043f\u0438\u044f-300x300.png 300w, https:\/\/brovko.clinic\/wp-content\/uploads\/\u041f\u0440\u043e\u0433\u0440\u0430\u043c\u0430-\u0440\u043e\u0437\u0432\u0438\u0442\u043a\u0443-\u043c\u0435\u0442\u0430\u0431\u043e\u043b\u0456\u0447\u043d\u043e\u0457-\u0433\u043d\u0443\u0447\u043a\u043e\u0441\u0442\u0456-\u043a\u043e\u043f\u0438\u044f-150x150.png 150w, https:\/\/brovko.clinic\/wp-content\/uploads\/\u041f\u0440\u043e\u0433\u0440\u0430\u043c\u0430-\u0440\u043e\u0437\u0432\u0438\u0442\u043a\u0443-\u043c\u0435\u0442\u0430\u0431\u043e\u043b\u0456\u0447\u043d\u043e\u0457-\u0433\u043d\u0443\u0447\u043a\u043e\u0441\u0442\u0456-\u043a\u043e\u043f\u0438\u044f-768x768.png 768w, https:\/\/brovko.clinic\/wp-content\/uploads\/\u041f\u0440\u043e\u0433\u0440\u0430\u043c\u0430-\u0440\u043e\u0437\u0432\u0438\u0442\u043a\u0443-\u043c\u0435\u0442\u0430\u0431\u043e\u043b\u0456\u0447\u043d\u043e\u0457-\u0433\u043d\u0443\u0447\u043a\u043e\u0441\u0442\u0456-\u043a\u043e\u043f\u0438\u044f.png 1080w\" sizes=\"auto, (max-width: 800px) 100vw, 800px\" title=\"\">\t\t\t\t\t\t\t\t\t\t\t\t\t\t\t<\/div>\n\t\t\t\t<\/div>\n\t\t\t\t<div class=\"elementor-element elementor-element-24e9d98 elementor-align-center elementor-widget elementor-widget-button\" data-id=\"24e9d98\" data-element_type=\"widget\" data-widget_type=\"button.default\">\n\t\t\t\t<div class=\"elementor-widget-container\">\n\t\t\t\t\t<div class=\"elementor-button-wrapper\">\n\t\t\t<a class=\"elementor-button elementor-button-link elementor-size-lg\" href=\"https:\/\/brovko.clinic\/pl\/dieta-konstruktora-formatu\/\">\n\t\t\t\t\t\t<span class=\"elementor-button-content-wrapper\">\n\t\t\t\t\t\t<span class=\"elementor-button-text\">Elastyczny format Konstruktor diety<\/span>\n\t\t<\/span>\n\t\t\t\t\t<\/a>\n\t\t<\/div>\n\t\t\t\t<\/div>\n\t\t\t\t<\/div>\n\t\t\t\t\t<\/div>\n\t\t<\/div>\n\t\t\t\t<div class=\"elementor-column elementor-col-33 elementor-top-column elementor-element elementor-element-a8922cc\" data-id=\"a8922cc\" data-element_type=\"column\">\n\t\t\t<div class=\"elementor-widget-wrap elementor-element-populated\">\n\t\t\t\t\t\t\t\t<div class=\"elementor-element elementor-element-ef8708d elementor-widget elementor-widget-image\" data-id=\"ef8708d\" data-element_type=\"widget\" data-widget_type=\"image.default\">\n\t\t\t\t<div class=\"elementor-widget-container\">\n\t\t\t\t\t\t\t\t\t\t\t\t\t\t\t<img loading=\"lazy\" decoding=\"async\" width=\"800\" height=\"800\" src=\"https:\/\/brovko.clinic\/wp-content\/uploads\/\u041f\u0440\u043e\u0433\u0440\u0430\u043c\u0430-\u0440\u043e\u0437\u0432\u0438\u0442\u043a\u0443-\u043c\u0435\u0442\u0430\u0431\u043e\u043b\u0456\u0447\u043d\u043e\u0457-\u0433\u043d\u0443\u0447\u043a\u043e\u0441\u0442\u0456-1024x1024.png\" class=\"attachment-large size-large wp-image-907\" alt=\"\" srcset=\"https:\/\/brovko.clinic\/wp-content\/uploads\/\u041f\u0440\u043e\u0433\u0440\u0430\u043c\u0430-\u0440\u043e\u0437\u0432\u0438\u0442\u043a\u0443-\u043c\u0435\u0442\u0430\u0431\u043e\u043b\u0456\u0447\u043d\u043e\u0457-\u0433\u043d\u0443\u0447\u043a\u043e\u0441\u0442\u0456-1024x1024.png 1024w, https:\/\/brovko.clinic\/wp-content\/uploads\/\u041f\u0440\u043e\u0433\u0440\u0430\u043c\u0430-\u0440\u043e\u0437\u0432\u0438\u0442\u043a\u0443-\u043c\u0435\u0442\u0430\u0431\u043e\u043b\u0456\u0447\u043d\u043e\u0457-\u0433\u043d\u0443\u0447\u043a\u043e\u0441\u0442\u0456-100x100.png 100w, https:\/\/brovko.clinic\/wp-content\/uploads\/\u041f\u0440\u043e\u0433\u0440\u0430\u043c\u0430-\u0440\u043e\u0437\u0432\u0438\u0442\u043a\u0443-\u043c\u0435\u0442\u0430\u0431\u043e\u043b\u0456\u0447\u043d\u043e\u0457-\u0433\u043d\u0443\u0447\u043a\u043e\u0441\u0442\u0456-510x510.png 510w, https:\/\/brovko.clinic\/wp-content\/uploads\/\u041f\u0440\u043e\u0433\u0440\u0430\u043c\u0430-\u0440\u043e\u0437\u0432\u0438\u0442\u043a\u0443-\u043c\u0435\u0442\u0430\u0431\u043e\u043b\u0456\u0447\u043d\u043e\u0457-\u0433\u043d\u0443\u0447\u043a\u043e\u0441\u0442\u0456-300x300.png 300w, https:\/\/brovko.clinic\/wp-content\/uploads\/\u041f\u0440\u043e\u0433\u0440\u0430\u043c\u0430-\u0440\u043e\u0437\u0432\u0438\u0442\u043a\u0443-\u043c\u0435\u0442\u0430\u0431\u043e\u043b\u0456\u0447\u043d\u043e\u0457-\u0433\u043d\u0443\u0447\u043a\u043e\u0441\u0442\u0456-150x150.png 150w, https:\/\/brovko.clinic\/wp-content\/uploads\/\u041f\u0440\u043e\u0433\u0440\u0430\u043c\u0430-\u0440\u043e\u0437\u0432\u0438\u0442\u043a\u0443-\u043c\u0435\u0442\u0430\u0431\u043e\u043b\u0456\u0447\u043d\u043e\u0457-\u0433\u043d\u0443\u0447\u043a\u043e\u0441\u0442\u0456-768x768.png 768w, https:\/\/brovko.clinic\/wp-content\/uploads\/\u041f\u0440\u043e\u0433\u0440\u0430\u043c\u0430-\u0440\u043e\u0437\u0432\u0438\u0442\u043a\u0443-\u043c\u0435\u0442\u0430\u0431\u043e\u043b\u0456\u0447\u043d\u043e\u0457-\u0433\u043d\u0443\u0447\u043a\u043e\u0441\u0442\u0456.png 1080w\" sizes=\"auto, (max-width: 800px) 100vw, 800px\" title=\"\">\t\t\t\t\t\t\t\t\t\t\t\t\t\t\t<\/div>\n\t\t\t\t<\/div>\n\t\t\t\t<div class=\"elementor-element elementor-element-6d5e8d0 elementor-align-center elementor-widget elementor-widget-button\" data-id=\"6d5e8d0\" data-element_type=\"widget\" data-widget_type=\"button.default\">\n\t\t\t\t<div class=\"elementor-widget-container\">\n\t\t\t\t\t<div class=\"elementor-button-wrapper\">\n\t\t\t<a class=\"elementor-button elementor-button-link elementor-size-lg\" href=\"https:\/\/brovko.clinic\/pl\/poslugi-programi-korektsiyi-vagi-programa-metabolichna-gnuchkist\/\">\n\t\t\t\t\t\t<span class=\"elementor-button-content-wrapper\">\n\t\t\t\t\t\t<span class=\"elementor-button-text\">Program rozwoju elastyczno\u015bci metabolicznej<\/span>\n\t\t<\/span>\n\t\t\t\t\t<\/a>\n\t\t<\/div>\n\t\t\t\t<\/div>\n\t\t\t\t<\/div>\n\t\t\t\t\t<\/div>\n\t\t<\/div>\n\t\t\t\t<div class=\"elementor-column elementor-col-33 elementor-top-column elementor-element elementor-element-e93c251\" data-id=\"e93c251\" data-element_type=\"column\">\n\t\t\t<div class=\"elementor-widget-wrap elementor-element-populated\">\n\t\t\t\t\t\t\t\t<div class=\"elementor-element elementor-element-bf9897d elementor-widget elementor-widget-image\" data-id=\"bf9897d\" data-element_type=\"widget\" data-widget_type=\"image.default\">\n\t\t\t\t<div class=\"elementor-widget-container\">\n\t\t\t\t\t\t\t\t\t\t\t\t\t\t\t\t<a href=\"https:\/\/brovko.clinic\/pl\/prohrama-harmoniia-bez-diiet\/\">\n\t\t\t\t\t\t\t<img loading=\"lazy\" decoding=\"async\" width=\"700\" height=\"500\" src=\"https:\/\/brovko.clinic\/wp-content\/uploads\/\u0411\u0435\u0437-\u043d\u0430\u0437\u0432\u0430\u043d\u0438\u044f-1080-\u00d7-1080-\u043f\u0438\u043a\u0441..png.webp\" class=\"attachment-large size-large wp-image-2230\" alt=\"\" srcset=\"https:\/\/brovko.clinic\/wp-content\/uploads\/\u0411\u0435\u0437-\u043d\u0430\u0437\u0432\u0430\u043d\u0438\u044f-1080-\u00d7-1080-\u043f\u0438\u043a\u0441..png.webp 700w, https:\/\/brovko.clinic\/wp-content\/uploads\/\u0411\u0435\u0437-\u043d\u0430\u0437\u0432\u0430\u043d\u0438\u044f-1080-\u00d7-1080-\u043f\u0438\u043a\u0441..png-510x364.webp 510w, https:\/\/brovko.clinic\/wp-content\/uploads\/\u0411\u0435\u0437-\u043d\u0430\u0437\u0432\u0430\u043d\u0438\u044f-1080-\u00d7-1080-\u043f\u0438\u043a\u0441.-300x214.png.webp 300w, https:\/\/brovko.clinic\/wp-content\/uploads\/\u0411\u0435\u0437-\u043d\u0430\u0437\u0432\u0430\u043d\u0438\u044f-1080-\u00d7-1080-\u043f\u0438\u043a\u0441.-150x107.png.webp 150w, https:\/\/brovko.clinic\/wp-content\/uploads\/\u0411\u0435\u0437-\u043d\u0430\u0437\u0432\u0430\u043d\u0438\u044f-1080-\u00d7-1080-\u043f\u0438\u043a\u0441.-18x12.png.webp 18w\" sizes=\"auto, (max-width: 700px) 100vw, 700px\" title=\"\">\t\t\t\t\t\t\t\t<\/a>\n\t\t\t\t\t\t\t\t\t\t\t\t\t\t\t<\/div>\n\t\t\t\t<\/div>\n\t\t\t\t<div class=\"elementor-element elementor-element-f57ffec elementor-align-center elementor-widget elementor-widget-button\" data-id=\"f57ffec\" data-element_type=\"widget\" data-widget_type=\"button.default\">\n\t\t\t\t<div class=\"elementor-widget-container\">\n\t\t\t\t\t<div class=\"elementor-button-wrapper\">\n\t\t\t<a class=\"elementor-button elementor-button-link elementor-size-lg\" href=\"https:\/\/brovko.clinic\/pl\/prohrama-harmoniia-bez-diiet\/\">\n\t\t\t\t\t\t<span class=\"elementor-button-content-wrapper\">\n\t\t\t\t\t\t<span class=\"elementor-button-text\">Program: \u201eHarmonia bez diet\u201d<\/span>\n\t\t<\/span>\n\t\t\t\t\t<\/a>\n\t\t<\/div>\n\t\t\t\t<\/div>\n\t\t\t\t<\/div>\n\t\t\t\t<div class=\"elementor-element elementor-element-e3a3f00 elementor-widget elementor-widget-image\" data-id=\"e3a3f00\" data-element_type=\"widget\" data-widget_type=\"image.default\">\n\t\t\t\t<div class=\"elementor-widget-container\">\n\t\t\t\t\t\t\t\t\t\t\t\t\t\t\t<img decoding=\"async\" src=\"https:\/\/brovko.clinic\/wp-content\/uploads\/\u041f\u0440\u0438\u0447\u0438\u043d\u0438-\u0437\u0430\u0439\u0432\u043e\u0457-\u0432\u0430\u0433\u0438.mp4\" title=\"\" alt=\"\" loading=\"lazy\">\t\t\t\t\t\t\t\t\t\t\t\t\t\t\t<\/div>\n\t\t\t\t<\/div>\n\t\t\t\t\t<\/div>\n\t\t<\/div>\n\t\t\t\t\t\t\t<\/div>\n\t\t<\/section>\n\t\t\t\t<section data-particle_enable=\"false\" data-particle-mobile-disabled=\"false\" class=\"elementor-section elementor-top-section elementor-element elementor-element-2e85665 elementor-section-boxed elementor-section-height-default elementor-section-height-default\" data-id=\"2e85665\" data-element_type=\"section\">\n\t\t\t\t\t\t<div class=\"elementor-container elementor-column-gap-default\">\n\t\t\t\t\t<div class=\"elementor-column elementor-col-100 elementor-top-column elementor-element elementor-element-0256b57\" data-id=\"0256b57\" data-element_type=\"column\">\n\t\t\t<div class=\"elementor-widget-wrap elementor-element-populated\">\n\t\t\t\t\t\t\t\t<div class=\"elementor-element elementor-element-f784c26 elementor-widget elementor-widget-spacer\" data-id=\"f784c26\" data-element_type=\"widget\" data-widget_type=\"spacer.default\">\n\t\t\t\t<div class=\"elementor-widget-container\">\n\t\t\t\t\t<div class=\"elementor-spacer\">\n\t\t\t<div class=\"elementor-spacer-inner\"><\/div>\n\t\t<\/div>\n\t\t\t\t<\/div>\n\t\t\t\t<\/div>\n\t\t\t\t\t<\/div>\n\t\t<\/div>\n\t\t\t\t\t\t\t<\/div>\n\t\t<\/section>\n\t\t\t\t<section data-particle_enable=\"false\" data-particle-mobile-disabled=\"false\" class=\"elementor-section elementor-top-section elementor-element elementor-element-35abc215 elementor-section-content-middle elementor-section-boxed elementor-section-height-default elementor-section-height-default\" data-id=\"35abc215\" data-element_type=\"section\" data-settings=\"{&quot;background_background&quot;:&quot;classic&quot;}\">\n\t\t\t\t\t\t<div class=\"elementor-container elementor-column-gap-default\">\n\t\t\t\t\t<div class=\"elementor-column elementor-col-50 elementor-top-column elementor-element elementor-element-7ec1b5a5\" data-id=\"7ec1b5a5\" data-element_type=\"column\">\n\t\t\t<div class=\"elementor-widget-wrap elementor-element-populated\">\n\t\t\t\t\t\t\t\t<div class=\"elementor-element elementor-element-2617c3f2 elementor-widget elementor-widget-image\" data-id=\"2617c3f2\" data-element_type=\"widget\" data-widget_type=\"image.default\">\n\t\t\t\t<div class=\"elementor-widget-container\">\n\t\t\t\t\t\t\t\t\t\t\t\t\t\t\t\t<a href=\"https:\/\/brovko.clinic\/pl\/\">\n\t\t\t\t\t\t\t<img loading=\"lazy\" decoding=\"async\" width=\"500\" height=\"500\" src=\"https:\/\/brovko.clinic\/wp-content\/uploads\/brovo-logo500-1.png\" class=\"attachment-full size-full wp-image-9649\" alt=\"\" srcset=\"https:\/\/brovko.clinic\/wp-content\/uploads\/brovo-logo500-1.png 500w, https:\/\/brovko.clinic\/wp-content\/uploads\/brovo-logo500-1-300x300.png 300w, https:\/\/brovko.clinic\/wp-content\/uploads\/brovo-logo500-1-150x150.png 150w, https:\/\/brovko.clinic\/wp-content\/uploads\/brovo-logo500-1-12x12.png 12w, https:\/\/brovko.clinic\/wp-content\/uploads\/brovo-logo500-1-100x100.png 100w\" sizes=\"auto, (max-width: 500px) 100vw, 500px\" title=\"\">\t\t\t\t\t\t\t\t<\/a>\n\t\t\t\t\t\t\t\t\t\t\t\t\t\t\t<\/div>\n\t\t\t\t<\/div>\n\t\t\t\t\t<\/div>\n\t\t<\/div>\n\t\t\t\t<div class=\"elementor-column elementor-col-50 elementor-top-column elementor-element elementor-element-170ff12\" data-id=\"170ff12\" data-element_type=\"column\">\n\t\t\t<div class=\"elementor-widget-wrap elementor-element-populated\">\n\t\t\t\t\t\t\t\t<div class=\"elementor-element elementor-element-7f128900 elementor-widget elementor-widget-text-editor\" data-id=\"7f128900\" data-element_type=\"widget\" data-widget_type=\"text-editor.default\">\n\t\t\t\t<div class=\"elementor-widget-container\">\n\t\t\t<style>\/*! elementor - v3.15.0 - 09-08-2023 *\/\n.elementor-widget-text-editor.elementor-drop-cap-view-stacked .elementor-drop-cap{background-color:#69727d;color:#fff}.elementor-widget-text-editor.elementor-drop-cap-view-framed .elementor-drop-cap{color:#69727d;border:3px solid;background-color:transparent}.elementor-widget-text-editor:not(.elementor-drop-cap-view-default) .elementor-drop-cap{margin-top:8px}.elementor-widget-text-editor:not(.elementor-drop-cap-view-default) .elementor-drop-cap-letter{width:1em;height:1em}.elementor-widget-text-editor .elementor-drop-cap{float:left;text-align:center;line-height:1;font-size:50px}.elementor-widget-text-editor .elementor-drop-cap-letter{display:inline-block}<\/style>\t\t\t\t<p>Istnieje mo\u017cliwo\u015b\u0107 um\u00f3wienia si\u0119 na zabieg<span style=\"background-color: transparent;\"> dzwoni\u0105c lub zostawiaj\u0105c zg\u0142oszenie, a nasz rejestrator medyczny skontaktuje si\u0119 z Pa\u0144stwem w najbli\u017cszym czasie.<\/span><\/p>\t\t\t\t\t\t<\/div>\n\t\t\t\t<\/div>\n\t\t\t\t<div class=\"elementor-element elementor-element-3ecd26b elementor-align-center elementor-widget elementor-widget-button\" data-id=\"3ecd26b\" data-element_type=\"widget\" data-widget_type=\"button.default\">\n\t\t\t\t<div class=\"elementor-widget-container\">\n\t\t\t\t\t<div class=\"elementor-button-wrapper\">\n\t\t\t<a class=\"elementor-button elementor-button-link elementor-size-lg\" href=\"#elementor-action%3Aaction%3Dpopup%3Aopen%26settings%3DeyJpZCI6Ijk2MDYiLCJ0b2dnbGUiOmZhbHNlfQ%3D%3D\">\n\t\t\t\t\t\t<span class=\"elementor-button-content-wrapper\">\n\t\t\t\t\t\t<span class=\"elementor-button-text\">Zapisa\u0107 si\u0119<\/span>\n\t\t<\/span>\n\t\t\t\t\t<\/a>\n\t\t<\/div>\n\t\t\t\t<\/div>\n\t\t\t\t<\/div>\n\t\t\t\t\t<\/div>\n\t\t<\/div>\n\t\t\t\t\t\t\t<\/div>\n\t\t<\/section>\n\t\t\t\t<section data-particle_enable=\"false\" data-particle-mobile-disabled=\"false\" class=\"elementor-section elementor-top-section elementor-element elementor-element-f7f7452 elementor-section-boxed elementor-section-height-default elementor-section-height-default\" data-id=\"f7f7452\" data-element_type=\"section\">\n\t\t\t\t\t\t<div class=\"elementor-container elementor-column-gap-default\">\n\t\t\t\t\t<div class=\"elementor-column elementor-col-100 elementor-top-column elementor-element elementor-element-e003c66\" data-id=\"e003c66\" data-element_type=\"column\">\n\t\t\t<div class=\"elementor-widget-wrap elementor-element-populated\">\n\t\t\t\t\t\t\t\t<div class=\"elementor-element elementor-element-e81ff2b elementor-widget elementor-widget-spacer\" data-id=\"e81ff2b\" data-element_type=\"widget\" data-widget_type=\"spacer.default\">\n\t\t\t\t<div class=\"elementor-widget-container\">\n\t\t\t\t\t<div class=\"elementor-spacer\">\n\t\t\t<div class=\"elementor-spacer-inner\"><\/div>\n\t\t<\/div>\n\t\t\t\t<\/div>\n\t\t\t\t<\/div>\n\t\t\t\t\t<\/div>\n\t\t<\/div>\n\t\t\t\t\t\t\t<\/div>\n\t\t<\/section>\n\t\t\t\t\t\t\t<\/div>","protected":false},"excerpt":{"rendered":"<p>\u0412\u0438\u0434\u0438 \u0440\u0430\u0446\u0456\u043e\u043d\u0456\u0432 \u0413\u043d\u0443\u0447\u043a\u0438\u0439 \u0444\u043e\u0440\u043c\u0430\u0442 \u041a\u043e\u043d\u0441\u0442\u0440\u0443\u0442\u043e\u0440 \u0434\u0456\u0454\u0442\u0438 \u041f\u0440\u043e\u0433\u0440\u0430\u043c\u0430 \u0440\u043e\u0437\u0432\u0438\u0442\u043a\u0443 \u043c\u0435\u0442\u0430\u0431\u043e\u043b\u0456\u0447\u043d\u043e\u0457 \u0433\u043d\u0443\u0447\u043a\u043e\u0441\u0442\u0456 \u041f\u0440\u043e\u0433\u0440\u0430\u043c\u0430: &#8220;\u0413\u0430\u0440\u043c\u043e\u043d\u0456\u044f \u0431\u0435\u0437 \u0434\u0456\u0454\u0442&#8221; \u0412\u0438 \u043c\u043e\u0436\u0435\u0442\u0435 \u0437\u0430\u043f\u0438\u0441\u0430\u0442\u0438\u0441\u044f \u043d\u0430 \u043f\u0440\u043e\u0446\u0435\u0434\u0443\u0440\u0443 \u0437\u0430\u0442\u0435\u043b\u0435\u0444\u043e\u043d\u0443\u0432\u0430\u0432\u0448\u0438, \u0430\u0431\u043e \u0437\u0430\u043b\u0438\u0448\u0438\u0432\u0448\u0438 \u0437\u0430\u044f\u0432\u043a\u0443 \u0456 \u043d\u0430\u0448 \u043c\u0435\u0434\u0440\u0435\u0433\u0438\u0441\u0442\u0440\u0430\u0442\u043e\u0440 \u0437\u0432&#8217;\u044f\u0436\u0435\u0442\u044c\u0441\u044f \u0437 \u0412\u0430\u043c\u0438 \u043d\u0430\u0439\u0431\u043b\u0438\u0436\u0447\u0438\u043c \u0447\u0430\u0441\u043e\u043c. \u0417\u0430\u043f\u0438\u0441\u0430\u0442\u0438\u0441\u044c<\/p>","protected":false},"author":2,"featured_media":0,"parent":0,"menu_order":0,"comment_status":"closed","ping_status":"closed","template":"elementor_header_footer","meta":{"footnotes":""},"class_list":["post-888","page","type-page","status-publish","hentry"],"_links":{"self":[{"href":"https:\/\/brovko.clinic\/pl\/wp-json\/wp\/v2\/pages\/888","targetHints":{"allow":["GET"]}}],"collection":[{"href":"https:\/\/brovko.clinic\/pl\/wp-json\/wp\/v2\/pages"}],"about":[{"href":"https:\/\/brovko.clinic\/pl\/wp-json\/wp\/v2\/types\/page"}],"author":[{"embeddable":true,"href":"https:\/\/brovko.clinic\/pl\/wp-json\/wp\/v2\/users\/2"}],"replies":[{"embeddable":true,"href":"https:\/\/brovko.clinic\/pl\/wp-json\/wp\/v2\/comments?post=888"}],"version-history":[{"count":23,"href":"https:\/\/brovko.clinic\/pl\/wp-json\/wp\/v2\/pages\/888\/revisions"}],"predecessor-version":[{"id":3096,"href":"https:\/\/brovko.clinic\/pl\/wp-json\/wp\/v2\/pages\/888\/revisions\/3096"}],"wp:attachment":[{"href":"https:\/\/brovko.clinic\/pl\/wp-json\/wp\/v2\/media?parent=888"}],"curies":[{"name":"wp","href":"https:\/\/api.w.org\/{rel}","templated":true}]}}