{"id":1915,"date":"2023-01-17T18:55:15","date_gmt":"2023-01-17T16:55:15","guid":{"rendered":"https:\/\/brovko.clinic\/?page_id=1915"},"modified":"2026-05-01T16:08:29","modified_gmt":"2026-05-01T14:08:29","slug":"krapelnytsia-pidtrymka-pechinky","status":"publish","type":"page","link":"https:\/\/brovko.clinic\/pl\/krapelnytsia-pidtrymka-pechinky\/","title":{"rendered":"Wsparcie w\u0105troby zakraplacza"},"content":{"rendered":"<div data-elementor-type=\"wp-page\" data-elementor-id=\"1915\" class=\"elementor elementor-1915\" data-elementor-post-type=\"page\">\n\t\t\t\t\t\t\t\t\t<section data-particle_enable=\"false\" data-particle-mobile-disabled=\"false\" class=\"elementor-section elementor-top-section elementor-element elementor-element-33dbf45 elementor-section-boxed elementor-section-height-default elementor-section-height-default\" data-id=\"33dbf45\" data-element_type=\"section\">\n\t\t\t\t\t\t<div class=\"elementor-container elementor-column-gap-default\">\n\t\t\t\t\t<div class=\"elementor-column elementor-col-100 elementor-top-column elementor-element elementor-element-2f0ef1a\" data-id=\"2f0ef1a\" data-element_type=\"column\">\n\t\t\t<div class=\"elementor-widget-wrap elementor-element-populated\">\n\t\t\t\t\t\t\t\t<div class=\"elementor-element elementor-element-7b8fccc elementor-widget elementor-widget-heading\" data-id=\"7b8fccc\" data-element_type=\"widget\" data-widget_type=\"heading.default\">\n\t\t\t\t<div class=\"elementor-widget-container\">\n\t\t\t<style>\/*! elementor - v3.15.0 - 09-08-2023 *\/\n.elementor-heading-title{padding:0;margin:0;line-height:1}.elementor-widget-heading .elementor-heading-title[class*=elementor-size-]>a{color:inherit;font-size:inherit;line-height:inherit}.elementor-widget-heading .elementor-heading-title.elementor-size-small{font-size:15px}.elementor-widget-heading .elementor-heading-title.elementor-size-medium{font-size:19px}.elementor-widget-heading .elementor-heading-title.elementor-size-large{font-size:29px}.elementor-widget-heading .elementor-heading-title.elementor-size-xl{font-size:39px}.elementor-widget-heading .elementor-heading-title.elementor-size-xxl{font-size:59px}<\/style><h1 class=\"elementor-heading-title elementor-size-default\">Wsparcie w\u0105troby zakraplacza<\/h1>\t\t<\/div>\n\t\t\t\t<\/div>\n\t\t\t\t\t<\/div>\n\t\t<\/div>\n\t\t\t\t\t\t\t<\/div>\n\t\t<\/section>\n\t\t\t\t<section data-particle_enable=\"false\" data-particle-mobile-disabled=\"false\" class=\"elementor-section elementor-top-section elementor-element elementor-element-44310e6 elementor-section-boxed elementor-section-height-default elementor-section-height-default\" data-id=\"44310e6\" data-element_type=\"section\">\n\t\t\t\t\t\t<div class=\"elementor-container elementor-column-gap-default\">\n\t\t\t\t\t<div class=\"elementor-column elementor-col-50 elementor-top-column elementor-element elementor-element-50dbeae\" data-id=\"50dbeae\" data-element_type=\"column\">\n\t\t\t<div class=\"elementor-widget-wrap elementor-element-populated\">\n\t\t\t\t\t\t\t\t<div class=\"elementor-element elementor-element-2e8a227 elementor-widget elementor-widget-image\" data-id=\"2e8a227\" data-element_type=\"widget\" data-widget_type=\"image.default\">\n\t\t\t\t<div class=\"elementor-widget-container\">\n\t\t\t<style>\/*! elementor - v3.15.0 - 09-08-2023 *\/\n.elementor-widget-image{text-align:center}.elementor-widget-image a{display:inline-block}.elementor-widget-image a img[src$=\".svg\"]{width:48px}.elementor-widget-image img{vertical-align:middle;display:inline-block}<\/style>\t\t\t\t\t\t\t\t\t\t\t\t<img loading=\"lazy\" decoding=\"async\" width=\"768\" height=\"768\" src=\"https:\/\/brovko.clinic\/wp-content\/uploads\/\u0412\u0456\u0434\u043d\u043e\u0432\u043b\u0435\u043d\u043d\u044f-\u043a\u043b\u0456\u0442\u0438\u043d-\u043f\u0435\u0447\u0456\u043d\u043a\u0438-2-768x768.png\" class=\"attachment-medium_large size-medium_large wp-image-1945\" alt=\"\" srcset=\"https:\/\/brovko.clinic\/wp-content\/uploads\/\u0412\u0456\u0434\u043d\u043e\u0432\u043b\u0435\u043d\u043d\u044f-\u043a\u043b\u0456\u0442\u0438\u043d-\u043f\u0435\u0447\u0456\u043d\u043a\u0438-2-768x768.png 768w, https:\/\/brovko.clinic\/wp-content\/uploads\/\u0412\u0456\u0434\u043d\u043e\u0432\u043b\u0435\u043d\u043d\u044f-\u043a\u043b\u0456\u0442\u0438\u043d-\u043f\u0435\u0447\u0456\u043d\u043a\u0438-2-100x100.png 100w, https:\/\/brovko.clinic\/wp-content\/uploads\/\u0412\u0456\u0434\u043d\u043e\u0432\u043b\u0435\u043d\u043d\u044f-\u043a\u043b\u0456\u0442\u0438\u043d-\u043f\u0435\u0447\u0456\u043d\u043a\u0438-2-510x510.png 510w, https:\/\/brovko.clinic\/wp-content\/uploads\/\u0412\u0456\u0434\u043d\u043e\u0432\u043b\u0435\u043d\u043d\u044f-\u043a\u043b\u0456\u0442\u0438\u043d-\u043f\u0435\u0447\u0456\u043d\u043a\u0438-2-300x300.png 300w, https:\/\/brovko.clinic\/wp-content\/uploads\/\u0412\u0456\u0434\u043d\u043e\u0432\u043b\u0435\u043d\u043d\u044f-\u043a\u043b\u0456\u0442\u0438\u043d-\u043f\u0435\u0447\u0456\u043d\u043a\u0438-2-1024x1024.png 1024w, https:\/\/brovko.clinic\/wp-content\/uploads\/\u0412\u0456\u0434\u043d\u043e\u0432\u043b\u0435\u043d\u043d\u044f-\u043a\u043b\u0456\u0442\u0438\u043d-\u043f\u0435\u0447\u0456\u043d\u043a\u0438-2-150x150.png 150w, https:\/\/brovko.clinic\/wp-content\/uploads\/\u0412\u0456\u0434\u043d\u043e\u0432\u043b\u0435\u043d\u043d\u044f-\u043a\u043b\u0456\u0442\u0438\u043d-\u043f\u0435\u0447\u0456\u043d\u043a\u0438-2-1536x1536.png 1536w, https:\/\/brovko.clinic\/wp-content\/uploads\/\u0412\u0456\u0434\u043d\u043e\u0432\u043b\u0435\u043d\u043d\u044f-\u043a\u043b\u0456\u0442\u0438\u043d-\u043f\u0435\u0447\u0456\u043d\u043a\u0438-2.png 1900w\" sizes=\"auto, (max-width: 768px) 100vw, 768px\" title=\"\">\t\t\t\t\t\t\t\t\t\t\t\t\t\t\t<\/div>\n\t\t\t\t<\/div>\n\t\t\t\t\t<\/div>\n\t\t<\/div>\n\t\t\t\t<div class=\"elementor-column elementor-col-50 elementor-top-column elementor-element elementor-element-c374a17\" data-id=\"c374a17\" data-element_type=\"column\">\n\t\t\t<div class=\"elementor-widget-wrap elementor-element-populated\">\n\t\t\t\t\t\t\t\t<div class=\"elementor-element elementor-element-104ccbf content-align-cta-default elementor-widget elementor-widget-eael-cta-box\" data-id=\"104ccbf\" data-element_type=\"widget\" data-widget_type=\"eael-cta-box.default\">\n\t\t\t\t<div class=\"elementor-widget-container\">\n\t\t\t\t\t<div class=\"eael-call-to-action cta-basic bg-lite cta-preset-1\">\n        <h2 class=\"title\"><\/h2><p><p>Kom\u00f3rki w\u0105troby regeneruj\u0105 si\u0119, toksyny zostaj\u0105 usuni\u0119te, a metabolizm normalizuje si\u0119. Nadmiar wolnych rodnik\u00f3w zostaje zneutralizowany, a ochrona kom\u00f3rek organizmu przed zniszczeniem zostaje wzmocniona.<\/p><p>\u00a0<\/p><ul><li>80% jest skuteczniejszy ni\u017c przyjmowanie tabletek<\/li><\/ul><p>\u00a0<\/p><ul><li>7 dni kuracji kroplomierzem to r\u00f3wnowarto\u015b\u0107 3 miesi\u0119cy przyjmowania witamin i suplement\u00f3w diety<\/li><\/ul><p>\u00a0<\/p><ul><li>Pacjenci 70% zg\u0142aszaj\u0105 popraw\u0119 samopoczucia ju\u017c po za\u017cyciu 1 kropli.<\/li><\/ul><p>\u00a0<\/p><\/p><a href=\"#elementor-action%3Aaction%3Dpopup%3Aopen%26settings%3DeyJpZCI6IjIwMyIsInRvZ2dsZSI6ZmFsc2V9\" rel=\"nofollow\" class=\"cta-button\">Zapisz si\u0119 na zabieg<\/a>\t<\/div>\n\t\t\t\t\t\t<\/div>\n\t\t\t\t<\/div>\n\t\t\t\t\t<\/div>\n\t\t<\/div>\n\t\t\t\t\t\t\t<\/div>\n\t\t<\/section>\n\t\t\t\t<section data-particle_enable=\"false\" data-particle-mobile-disabled=\"false\" class=\"elementor-section elementor-top-section elementor-element elementor-element-4e3e0b34 elementor-section-content-middle elementor-section-boxed elementor-section-height-default elementor-section-height-default\" data-id=\"4e3e0b34\" data-element_type=\"section\" data-settings=\"{&quot;background_background&quot;:&quot;classic&quot;}\">\n\t\t\t\t\t\t<div class=\"elementor-container elementor-column-gap-default\">\n\t\t\t\t\t<div class=\"elementor-column elementor-col-50 elementor-top-column elementor-element elementor-element-b14cf25\" data-id=\"b14cf25\" data-element_type=\"column\">\n\t\t\t<div class=\"elementor-widget-wrap elementor-element-populated\">\n\t\t\t\t\t\t\t\t<div class=\"elementor-element elementor-element-6958c10c elementor-widget elementor-widget-image\" data-id=\"6958c10c\" data-element_type=\"widget\" data-widget_type=\"image.default\">\n\t\t\t\t<div class=\"elementor-widget-container\">\n\t\t\t\t\t\t\t\t\t\t\t\t\t\t\t\t<a href=\"https:\/\/brovko.clinic\/pl\/\">\n\t\t\t\t\t\t\t<img loading=\"lazy\" decoding=\"async\" width=\"500\" height=\"500\" src=\"https:\/\/brovko.clinic\/wp-content\/uploads\/brovo-logo500-1.png\" class=\"attachment-full size-full wp-image-9649\" alt=\"\" srcset=\"https:\/\/brovko.clinic\/wp-content\/uploads\/brovo-logo500-1.png 500w, https:\/\/brovko.clinic\/wp-content\/uploads\/brovo-logo500-1-300x300.png 300w, https:\/\/brovko.clinic\/wp-content\/uploads\/brovo-logo500-1-150x150.png 150w, https:\/\/brovko.clinic\/wp-content\/uploads\/brovo-logo500-1-12x12.png 12w, https:\/\/brovko.clinic\/wp-content\/uploads\/brovo-logo500-1-100x100.png 100w\" sizes=\"auto, (max-width: 500px) 100vw, 500px\" title=\"\">\t\t\t\t\t\t\t\t<\/a>\n\t\t\t\t\t\t\t\t\t\t\t\t\t\t\t<\/div>\n\t\t\t\t<\/div>\n\t\t\t\t\t<\/div>\n\t\t<\/div>\n\t\t\t\t<div class=\"elementor-column elementor-col-50 elementor-top-column elementor-element elementor-element-55eabd\" data-id=\"55eabd\" data-element_type=\"column\">\n\t\t\t<div class=\"elementor-widget-wrap elementor-element-populated\">\n\t\t\t\t\t\t\t\t<div class=\"elementor-element elementor-element-57b2576 elementor-widget elementor-widget-text-editor\" data-id=\"57b2576\" data-element_type=\"widget\" data-widget_type=\"text-editor.default\">\n\t\t\t\t<div class=\"elementor-widget-container\">\n\t\t\t<style>\/*! elementor - v3.15.0 - 09-08-2023 *\/\n.elementor-widget-text-editor.elementor-drop-cap-view-stacked .elementor-drop-cap{background-color:#69727d;color:#fff}.elementor-widget-text-editor.elementor-drop-cap-view-framed .elementor-drop-cap{color:#69727d;border:3px solid;background-color:transparent}.elementor-widget-text-editor:not(.elementor-drop-cap-view-default) .elementor-drop-cap{margin-top:8px}.elementor-widget-text-editor:not(.elementor-drop-cap-view-default) .elementor-drop-cap-letter{width:1em;height:1em}.elementor-widget-text-editor .elementor-drop-cap{float:left;text-align:center;line-height:1;font-size:50px}.elementor-widget-text-editor .elementor-drop-cap-letter{display:inline-block}<\/style>\t\t\t\t<p>Istnieje mo\u017cliwo\u015b\u0107 um\u00f3wienia si\u0119 na zabieg<span style=\"background-color: transparent;\"> dzwoni\u0105c lub zostawiaj\u0105c zg\u0142oszenie, a nasz rejestrator medyczny skontaktuje si\u0119 z Pa\u0144stwem w najbli\u017cszym czasie.<\/span><\/p>\t\t\t\t\t\t<\/div>\n\t\t\t\t<\/div>\n\t\t\t\t<div class=\"elementor-element elementor-element-5c088c10 elementor-align-center elementor-widget elementor-widget-button\" data-id=\"5c088c10\" data-element_type=\"widget\" data-widget_type=\"button.default\">\n\t\t\t\t<div class=\"elementor-widget-container\">\n\t\t\t\t\t<div class=\"elementor-button-wrapper\">\n\t\t\t<a class=\"elementor-button elementor-button-link elementor-size-lg\" href=\"#elementor-action%3Aaction%3Dpopup%3Aopen%26settings%3DeyJpZCI6Ijk2MDYiLCJ0b2dnbGUiOmZhbHNlfQ%3D%3D\">\n\t\t\t\t\t\t<span class=\"elementor-button-content-wrapper\">\n\t\t\t\t\t\t<span class=\"elementor-button-text\">Zapisa\u0107 si\u0119<\/span>\n\t\t<\/span>\n\t\t\t\t\t<\/a>\n\t\t<\/div>\n\t\t\t\t<\/div>\n\t\t\t\t<\/div>\n\t\t\t\t\t<\/div>\n\t\t<\/div>\n\t\t\t\t\t\t\t<\/div>\n\t\t<\/section>\n\t\t\t\t<section data-particle_enable=\"false\" data-particle-mobile-disabled=\"false\" class=\"elementor-section elementor-top-section elementor-element elementor-element-8e8362c elementor-section-boxed elementor-section-height-default elementor-section-height-default\" data-id=\"8e8362c\" data-element_type=\"section\">\n\t\t\t\t\t\t<div class=\"elementor-container elementor-column-gap-default\">\n\t\t\t\t\t<div class=\"elementor-column elementor-col-100 elementor-top-column elementor-element elementor-element-38c2683\" data-id=\"38c2683\" data-element_type=\"column\">\n\t\t\t<div class=\"elementor-widget-wrap elementor-element-populated\">\n\t\t\t\t\t\t\t\t<div class=\"elementor-element elementor-element-0a47d85 elementor-widget elementor-widget-text-editor\" data-id=\"0a47d85\" data-element_type=\"widget\" data-widget_type=\"text-editor.default\">\n\t\t\t\t<div class=\"elementor-widget-container\">\n\t\t\t\t\t\t\t<p><strong>Sk\u0142ad kroplomierza.\u00a0<\/strong><\/p><p>Kroplomierz \u201eLiver Support\u201d bazuje na Heptralu i Larnaminie. Inne leki dodawane s\u0105 indywidualnie, zgodnie z zaleceniami terapeuty i zale\u017cnie od sytuacji.<\/p><p><strong>Heptralny.<\/strong><br \/>Dzia\u0142a \u017c\u00f3\u0142ciop\u0119dnie, odtruwaj\u0105co, regeneruj\u0105co, antyoksydacyjnie, przeciww\u0142\u00f3knieniowo i neuroprotekcyjnie.<\/p><p><strong>Larnamina.<\/strong><br \/>Pomaga obni\u017cy\u0107 poziom bilirubiny i jej frakcji, poprawia wydalanie bilirubiny bezpo\u015bredniej do \u017c\u00f3\u0142ci. Zmniejsza aktywno\u015b\u0107 enzym\u00f3w wydalniczych hepatocyt\u00f3w - fosfatazy alkalicznej i gamma-glutamylotranspeptydazy, wspomaga utlenianie cholesterolu do kwas\u00f3w \u017c\u00f3\u0142ciowych.<\/p>\t\t\t\t\t\t<\/div>\n\t\t\t\t<\/div>\n\t\t\t\t\t<\/div>\n\t\t<\/div>\n\t\t\t\t\t\t\t<\/div>\n\t\t<\/section>\n\t\t\t\t\t\t\t<\/div>","protected":false},"excerpt":{"rendered":"<p>\u041a\u0440\u0430\u043f\u0435\u043b\u044c\u043d\u0438\u0446\u044f \u041f\u0456\u0434\u0442\u0440\u0438\u043c\u043a\u0430 \u043f\u0435\u0447\u0456\u043d\u043a\u0438 \u0412\u0456\u0434\u0431\u0443\u0432\u0430\u0454\u0442\u044c\u0441\u044f \u0440\u0435\u0433\u0435\u043d\u0435\u0440\u0430\u0446\u0456\u044f \u043a\u043b\u0456\u0442\u0438\u043d \u043f\u0435\u0447\u0456\u043d\u043a\u0438, \u043e\u0447\u0438\u0449\u0435\u043d\u043d\u044f \u0432\u0456\u0434 \u0442\u043e\u043a\u0441\u0438\u043d\u0456\u0432 \u0442\u0430 \u043d\u043e\u0440\u043c\u0430\u043b\u0456\u0437\u0430\u0446\u0456\u044f \u043e\u0431\u043c\u0456\u043d\u0443 \u0440\u0435\u0447\u043e\u0432\u0438\u043d. \u041d\u0435\u0439\u0442\u0440\u0430\u043b\u0456\u0437\u0443\u0454\u0442\u044c\u0441\u044f \u043d\u0430\u0434\u043b\u0438\u0448\u043e\u043a \u0432\u0456\u043b\u044c\u043d\u0438\u0445 \u0440\u0430\u0434\u0438\u043a\u0430\u043b\u0456\u0432, \u0437\u043c\u0456\u0446\u043d\u044e\u0454\u0442\u044c\u0441\u044f \u0437\u0430\u0445\u0438\u0441\u0442 \u043a\u043b\u0456\u0442\u0438\u043d \u043e\u0440\u0433\u0430\u043d\u0456\u0437\u043c\u0443 \u0432\u0456\u0434 \u0440\u0443\u0439\u043d\u0430\u0446\u0456\u0457. \u00a0 \u041d\u0430 80% \u0435\u0444\u0435\u043a\u0442\u0438\u0432\u043d\u0456\u0448\u0435 \u043f\u0440\u0438\u0439\u043e\u043c\u0443 \u0442\u0430\u0431\u043b\u0435\u0442\u043e\u043a \u00a0 7 \u0434\u043d\u0456\u0432 \u043a\u0443\u0440\u0441\u0443 \u043a\u0440\u0430\u043f\u0435\u043b\u044c\u043d\u0438\u0446\u044c \u0434\u043e\u0440\u0456\u0432\u043d\u044e\u0454 3 \u043c\u0456\u0441\u044f\u0446\u044f\u043c \u043f\u0440\u0438\u0439\u043e\u043c\u0443 \u0432\u0456\u0442\u0430\u043c\u0456\u043d\u0456\u0432 \u0442\u0430 \u0411\u0410\u0414\u0456\u0432 \u00a0 70% \u043f\u0430\u0446\u0456\u0454\u043d\u0442\u0456\u0432 \u0432\u0456\u0434\u0437\u043d\u0430\u0447\u0430\u044e\u0442\u044c \u043f\u043e\u043a\u0440\u0430\u0449\u0435\u043d\u043d\u044f \u0441\u0430\u043c\u043e\u043f\u043e\u0447\u0443\u0442\u0442\u044f \u0432\u0436\u0435 \u043f\u0456\u0441\u043b\u044f 1 \u043a\u0440\u0430\u043f\u0435\u043b\u044c\u043d\u0438\u0446\u0456. \u00a0 \u0417\u0430\u043f\u0438\u0441\u0430\u0442\u0438\u0441\u044f \u043d\u0430 [&hellip;]<\/p>","protected":false},"author":2,"featured_media":1945,"parent":0,"menu_order":0,"comment_status":"closed","ping_status":"closed","template":"elementor_header_footer","meta":{"footnotes":""},"class_list":["post-1915","page","type-page","status-publish","has-post-thumbnail","hentry"],"_links":{"self":[{"href":"https:\/\/brovko.clinic\/pl\/wp-json\/wp\/v2\/pages\/1915","targetHints":{"allow":["GET"]}}],"collection":[{"href":"https:\/\/brovko.clinic\/pl\/wp-json\/wp\/v2\/pages"}],"about":[{"href":"https:\/\/brovko.clinic\/pl\/wp-json\/wp\/v2\/types\/page"}],"author":[{"embeddable":true,"href":"https:\/\/brovko.clinic\/pl\/wp-json\/wp\/v2\/users\/2"}],"replies":[{"embeddable":true,"href":"https:\/\/brovko.clinic\/pl\/wp-json\/wp\/v2\/comments?post=1915"}],"version-history":[{"count":29,"href":"https:\/\/brovko.clinic\/pl\/wp-json\/wp\/v2\/pages\/1915\/revisions"}],"predecessor-version":[{"id":9896,"href":"https:\/\/brovko.clinic\/pl\/wp-json\/wp\/v2\/pages\/1915\/revisions\/9896"}],"wp:featuredmedia":[{"embeddable":true,"href":"https:\/\/brovko.clinic\/pl\/wp-json\/wp\/v2\/media\/1945"}],"wp:attachment":[{"href":"https:\/\/brovko.clinic\/pl\/wp-json\/wp\/v2\/media?parent=1915"}],"curies":[{"name":"wp","href":"https:\/\/api.w.org\/{rel}","templated":true}]}}