{"id":1615,"date":"2022-10-25T18:26:39","date_gmt":"2022-10-25T16:26:39","guid":{"rendered":"https:\/\/brovko.clinic\/?page_id=1615"},"modified":"2026-05-01T16:08:28","modified_gmt":"2026-05-01T14:08:28","slug":"protsedura-slim-support","status":"publish","type":"page","link":"https:\/\/brovko.clinic\/pl\/procedura-szczuple-wsparcie\/","title":{"rendered":"W\u0105skie wsparcie zakraplacza"},"content":{"rendered":"<div data-elementor-type=\"wp-page\" data-elementor-id=\"1615\" class=\"elementor elementor-1615\" data-elementor-post-type=\"page\">\n\t\t\t\t\t\t\t\t\t<section data-particle_enable=\"false\" data-particle-mobile-disabled=\"false\" class=\"elementor-section elementor-top-section elementor-element elementor-element-33dbf45 elementor-section-boxed elementor-section-height-default elementor-section-height-default\" data-id=\"33dbf45\" data-element_type=\"section\">\n\t\t\t\t\t\t<div class=\"elementor-container elementor-column-gap-default\">\n\t\t\t\t\t<div class=\"elementor-column elementor-col-100 elementor-top-column elementor-element elementor-element-2f0ef1a\" data-id=\"2f0ef1a\" data-element_type=\"column\">\n\t\t\t<div class=\"elementor-widget-wrap elementor-element-populated\">\n\t\t\t\t\t\t\t\t<div class=\"elementor-element elementor-element-7b8fccc elementor-widget elementor-widget-heading\" data-id=\"7b8fccc\" data-element_type=\"widget\" data-widget_type=\"heading.default\">\n\t\t\t\t<div class=\"elementor-widget-container\">\n\t\t\t<style>\/*! elementor - v3.15.0 - 09-08-2023 *\/\n.elementor-heading-title{padding:0;margin:0;line-height:1}.elementor-widget-heading .elementor-heading-title[class*=elementor-size-]>a{color:inherit;font-size:inherit;line-height:inherit}.elementor-widget-heading .elementor-heading-title.elementor-size-small{font-size:15px}.elementor-widget-heading .elementor-heading-title.elementor-size-medium{font-size:19px}.elementor-widget-heading .elementor-heading-title.elementor-size-large{font-size:29px}.elementor-widget-heading .elementor-heading-title.elementor-size-xl{font-size:39px}.elementor-widget-heading .elementor-heading-title.elementor-size-xxl{font-size:59px}<\/style><h1 class=\"elementor-heading-title elementor-size-default\">W\u0105skie wsparcie zakraplacza<\/h1>\t\t<\/div>\n\t\t\t\t<\/div>\n\t\t\t\t\t<\/div>\n\t\t<\/div>\n\t\t\t\t\t\t\t<\/div>\n\t\t<\/section>\n\t\t\t\t<section data-particle_enable=\"false\" data-particle-mobile-disabled=\"false\" class=\"elementor-section elementor-top-section elementor-element elementor-element-b7b0859 elementor-section-boxed elementor-section-height-default elementor-section-height-default\" data-id=\"b7b0859\" data-element_type=\"section\">\n\t\t\t\t\t\t<div class=\"elementor-container elementor-column-gap-default\">\n\t\t\t\t\t<div class=\"elementor-column elementor-col-50 elementor-top-column elementor-element elementor-element-a5dfb2f\" data-id=\"a5dfb2f\" data-element_type=\"column\">\n\t\t\t<div class=\"elementor-widget-wrap elementor-element-populated\">\n\t\t\t\t\t\t\t\t<div class=\"elementor-element elementor-element-b0da214 elementor-widget elementor-widget-image\" data-id=\"b0da214\" data-element_type=\"widget\" data-widget_type=\"image.default\">\n\t\t\t\t<div class=\"elementor-widget-container\">\n\t\t\t<style>\/*! elementor - v3.15.0 - 09-08-2023 *\/\n.elementor-widget-image{text-align:center}.elementor-widget-image a{display:inline-block}.elementor-widget-image a img[src$=\".svg\"]{width:48px}.elementor-widget-image img{vertical-align:middle;display:inline-block}<\/style>\t\t\t\t\t\t\t\t\t\t\t\t<img loading=\"lazy\" decoding=\"async\" width=\"768\" height=\"768\" src=\"https:\/\/brovko.clinic\/wp-content\/uploads\/Slim-Support-1.png\" class=\"attachment-medium_large size-medium_large wp-image-2095\" alt=\"\" srcset=\"https:\/\/brovko.clinic\/wp-content\/uploads\/Slim-Support-1.png 1900w, https:\/\/brovko.clinic\/wp-content\/uploads\/Slim-Support-1-100x100.png 100w, https:\/\/brovko.clinic\/wp-content\/uploads\/Slim-Support-1-510x510.png 510w\" sizes=\"auto, (max-width: 768px) 100vw, 768px\" title=\"\">\t\t\t\t\t\t\t\t\t\t\t\t\t\t\t<\/div>\n\t\t\t\t<\/div>\n\t\t\t\t\t<\/div>\n\t\t<\/div>\n\t\t\t\t<div class=\"elementor-column elementor-col-50 elementor-top-column elementor-element elementor-element-528bd08\" data-id=\"528bd08\" data-element_type=\"column\">\n\t\t\t<div class=\"elementor-widget-wrap elementor-element-populated\">\n\t\t\t\t\t\t\t\t<div class=\"elementor-element elementor-element-04f451c content-align-cta-default elementor-widget elementor-widget-eael-cta-box\" data-id=\"04f451c\" data-element_type=\"widget\" data-widget_type=\"eael-cta-box.default\">\n\t\t\t\t<div class=\"elementor-widget-container\">\n\t\t\t\t\t<div class=\"eael-call-to-action cta-basic bg-lite cta-preset-1\">\n        <h2 class=\"title\"><\/h2><p><p>Odchudzanie to z\u0142o\u017cony i d\u0142ugotrwa\u0142y proces, a wielu udaje si\u0119 dzi\u0119ki nadmiernym wysi\u0142kom, wszyscy znaj\u0105 powiedzenie: \u201ewaga zostaje na miejscu\u201d?<\/p><p>Kroplomierz wspomagaj\u0105cy Slim ma na celu normalizacj\u0119 proces\u00f3w metabolicznych i przyspieszenie metabolizmu. Dodatkowo powstaje efekt spalania tkanki t\u0142uszczowej. Tkanka t\u0142uszczowa staje si\u0119 g\u0142\u00f3wnym \u017ar\u00f3d\u0142em energii.<\/p><p>L-karnityna rozk\u0142ada j\u0105, aktywuj\u0105c proces metaboliczny, co sprzyja odchudzaniu. Cech\u0105 L-karnityny jest wyra\u017any efekt spalania t\u0142uszczu bez utraty tkanki mi\u0119\u015bniowej. Oznacza to, \u017ce utrata wagi nast\u0119puje dzi\u0119ki rozszczepieniu kom\u00f3rek t\u0142uszczowych, a masa mi\u0119\u015bniowa zostaje zachowana, co jest wa\u017cne nie tylko dla sportowc\u00f3w, ale tak\u017ce dla os\u00f3b nieuprawiaj\u0105cych sportu.<br \/>Ponadto przemiana kwas\u00f3w alifatycznych w energi\u0119 eliminuje utrat\u0119 p\u0142yn\u00f3w, jak to ma miejsce przy stosowaniu \u015brodk\u00f3w przeczyszczaj\u0105cych i moczop\u0119dnych.\u00a0<\/p><\/p><a href=\"#elementor-action%3Aaction%3Dpopup%3Aopen%26settings%3DeyJpZCI6IjIwMyIsInRvZ2dsZSI6ZmFsc2V9\" rel=\"nofollow\" class=\"cta-button\">Zapisz si\u0119 na zabieg<\/a>\t<\/div>\n\t\t\t\t\t\t<\/div>\n\t\t\t\t<\/div>\n\t\t\t\t\t<\/div>\n\t\t<\/div>\n\t\t\t\t\t\t\t<\/div>\n\t\t<\/section>\n\t\t\t\t<section data-particle_enable=\"false\" data-particle-mobile-disabled=\"false\" class=\"elementor-section elementor-top-section elementor-element elementor-element-b5935d9 elementor-section-boxed elementor-section-height-default elementor-section-height-default\" data-id=\"b5935d9\" data-element_type=\"section\">\n\t\t\t\t\t\t<div class=\"elementor-container elementor-column-gap-default\">\n\t\t\t\t\t<div class=\"elementor-column elementor-col-100 elementor-top-column elementor-element elementor-element-908ce4f\" data-id=\"908ce4f\" data-element_type=\"column\">\n\t\t\t<div class=\"elementor-widget-wrap elementor-element-populated\">\n\t\t\t\t\t\t\t\t<div class=\"elementor-element elementor-element-d64b8b9 elementor-widget elementor-widget-text-editor\" data-id=\"d64b8b9\" data-element_type=\"widget\" data-widget_type=\"text-editor.default\">\n\t\t\t\t<div class=\"elementor-widget-container\">\n\t\t\t<style>\/*! elementor - v3.15.0 - 09-08-2023 *\/\n.elementor-widget-text-editor.elementor-drop-cap-view-stacked .elementor-drop-cap{background-color:#69727d;color:#fff}.elementor-widget-text-editor.elementor-drop-cap-view-framed .elementor-drop-cap{color:#69727d;border:3px solid;background-color:transparent}.elementor-widget-text-editor:not(.elementor-drop-cap-view-default) .elementor-drop-cap{margin-top:8px}.elementor-widget-text-editor:not(.elementor-drop-cap-view-default) .elementor-drop-cap-letter{width:1em;height:1em}.elementor-widget-text-editor .elementor-drop-cap{float:left;text-align:center;line-height:1;font-size:50px}.elementor-widget-text-editor .elementor-drop-cap-letter{display:inline-block}<\/style>\t\t\t\t<p>Za pomoc\u0105 zakraplacza mo\u017cna usun\u0105\u0107 toksyny, aktywowa\u0107 procesy wymiany i przemiany materii oraz rozpocz\u0105\u0107 spalanie tkanki t\u0142uszczowej.<\/p><p>Ju\u017c po pierwszym zabiegu mo\u017cna odczu\u0107 przyp\u0142yw si\u0142 i energii, a po 3-4 zauwa\u017calny spadek apetytu i zmniejszenie bolesnej ochoty na s\u0142odkie i t\u0142uste potrawy.<\/p>\t\t\t\t\t\t<\/div>\n\t\t\t\t<\/div>\n\t\t\t\t\t<\/div>\n\t\t<\/div>\n\t\t\t\t\t\t\t<\/div>\n\t\t<\/section>\n\t\t\t\t<section data-particle_enable=\"false\" data-particle-mobile-disabled=\"false\" class=\"elementor-section elementor-top-section elementor-element elementor-element-c21dab9 elementor-section-boxed elementor-section-height-default elementor-section-height-default\" data-id=\"c21dab9\" data-element_type=\"section\">\n\t\t\t\t\t\t<div class=\"elementor-container elementor-column-gap-default\">\n\t\t\t\t\t<div class=\"elementor-column elementor-col-100 elementor-top-column elementor-element elementor-element-b67066f\" data-id=\"b67066f\" data-element_type=\"column\">\n\t\t\t<div class=\"elementor-widget-wrap elementor-element-populated\">\n\t\t\t\t\t\t\t\t<div class=\"elementor-element elementor-element-69c29a3 elementor-widget elementor-widget-heading\" data-id=\"69c29a3\" data-element_type=\"widget\" data-widget_type=\"heading.default\">\n\t\t\t\t<div class=\"elementor-widget-container\">\n\t\t\t<h2 class=\"elementor-heading-title elementor-size-default\">Mo\u017ce by\u0107 u\u017cywany do przyspieszenia utraty wagi<\/h2>\t\t<\/div>\n\t\t\t\t<\/div>\n\t\t\t\t\t<\/div>\n\t\t<\/div>\n\t\t\t\t\t\t\t<\/div>\n\t\t<\/section>\n\t\t\t\t<section data-particle_enable=\"false\" data-particle-mobile-disabled=\"false\" class=\"elementor-section elementor-top-section elementor-element elementor-element-f3a57c0 elementor-section-boxed elementor-section-height-default elementor-section-height-default\" data-id=\"f3a57c0\" data-element_type=\"section\">\n\t\t\t\t\t\t<div class=\"elementor-container elementor-column-gap-default\">\n\t\t\t\t\t<div class=\"elementor-column elementor-col-100 elementor-top-column elementor-element elementor-element-585f9e6\" data-id=\"585f9e6\" data-element_type=\"column\">\n\t\t\t<div class=\"elementor-widget-wrap elementor-element-populated\">\n\t\t\t\t\t\t\t\t<div class=\"elementor-element elementor-element-3e536f2 elementor-widget elementor-widget-text-editor\" data-id=\"3e536f2\" data-element_type=\"widget\" data-widget_type=\"text-editor.default\">\n\t\t\t\t<div class=\"elementor-widget-container\">\n\t\t\t\t\t\t\t<p>Nasze wieloletnie do\u015bwiadczenie potwierdza, \u017ce proces odchudzania przebiega znacznie szybciej i przy mniejszym wysi\u0142ku, je\u015bli kroplomierze medyczne stosowane s\u0105 w terapii oty\u0142o\u015bci. Mo\u017cesz trwale pozby\u0107 si\u0119 zb\u0119dnych kilogram\u00f3w za pomoc\u0105 diety (zalecenia, kt\u00f3re otrzymasz od nas), treningu sportowego i odpowiednich dzia\u0142a\u0144 kontrolnych.<\/p>\t\t\t\t\t\t<\/div>\n\t\t\t\t<\/div>\n\t\t\t\t\t<\/div>\n\t\t<\/div>\n\t\t\t\t\t\t\t<\/div>\n\t\t<\/section>\n\t\t\t\t<section data-particle_enable=\"false\" data-particle-mobile-disabled=\"false\" class=\"elementor-section elementor-top-section elementor-element elementor-element-de0a849 elementor-section-boxed elementor-section-height-default elementor-section-height-default\" data-id=\"de0a849\" data-element_type=\"section\">\n\t\t\t\t\t\t<div class=\"elementor-container elementor-column-gap-default\">\n\t\t\t\t\t<div class=\"elementor-column elementor-col-50 elementor-top-column elementor-element elementor-element-c75d739\" data-id=\"c75d739\" data-element_type=\"column\">\n\t\t\t<div class=\"elementor-widget-wrap elementor-element-populated\">\n\t\t\t\t\t\t\t\t<div class=\"elementor-element elementor-element-a7c7057 elementor-widget elementor-widget-text-editor\" data-id=\"a7c7057\" data-element_type=\"widget\" data-widget_type=\"text-editor.default\">\n\t\t\t\t<div class=\"elementor-widget-container\">\n\t\t\t\t\t\t\t<h2><strong>Zalety<\/strong><\/h2><ul><li>\u2022 Przywraca si\u0119 metabolizm proces\u00f3w wytwarzania energii.<br \/>\u2022 Spowolnienie starzenia.<br \/>\u2022 Zmniejsza si\u0119 ilo\u015b\u0107 trzewnej tkanki t\u0142uszczowej.<br \/>\u2022 Rozwi\u0105zuje problem zwi\u0105zanego z wiekiem spadku metabolizmu.<br \/>\u2022 Stymuluje odchudzanie w okresie menopauzy.<br \/>\u2022 Stymuluje utrat\u0119 wagi w cukrzycy.<\/li><\/ul>\t\t\t\t\t\t<\/div>\n\t\t\t\t<\/div>\n\t\t\t\t\t<\/div>\n\t\t<\/div>\n\t\t\t\t<div class=\"elementor-column elementor-col-50 elementor-top-column elementor-element elementor-element-380328b\" data-id=\"380328b\" data-element_type=\"column\">\n\t\t\t<div class=\"elementor-widget-wrap elementor-element-populated\">\n\t\t\t\t\t\t\t\t<div class=\"elementor-element elementor-element-6bde5fe elementor-widget elementor-widget-text-editor\" data-id=\"6bde5fe\" data-element_type=\"widget\" data-widget_type=\"text-editor.default\">\n\t\t\t\t<div class=\"elementor-widget-container\">\n\t\t\t\t\t\t\t<h2><strong>Przeciwwskazanie<\/strong><\/h2><ul><li>Zawsze skonsultuj si\u0119 z lekarzem przed rozpocz\u0119ciem jakiegokolwiek programu terapii.<\/li><li>Ostro\u017cnie stosuj metod\u0119 do\u017cyln\u0105, je\u015bli masz w przesz\u0142o\u015bci choroby serca, nerek lub w\u0105troby.<\/li><li>Je\u015bli pacjent ma nietolerancj\u0119 kt\u00f3regokolwiek ze sk\u0142adnik\u00f3w zakraplacza.<\/li><li>Nie mo\u017cesz przyj\u015b\u0107 na zabieg na pusty \u017co\u0142\u0105dek, poniewa\u017c poziom glukozy we krwi gwa\u0142townie spadnie.<\/li><\/ul>\t\t\t\t\t\t<\/div>\n\t\t\t\t<\/div>\n\t\t\t\t\t<\/div>\n\t\t<\/div>\n\t\t\t\t\t\t\t<\/div>\n\t\t<\/section>\n\t\t\t\t<section data-particle_enable=\"false\" data-particle-mobile-disabled=\"false\" class=\"elementor-section elementor-top-section elementor-element elementor-element-548f1f2c elementor-section-content-middle elementor-section-boxed elementor-section-height-default elementor-section-height-default\" data-id=\"548f1f2c\" data-element_type=\"section\" data-settings=\"{&quot;background_background&quot;:&quot;classic&quot;}\">\n\t\t\t\t\t\t<div class=\"elementor-container elementor-column-gap-default\">\n\t\t\t\t\t<div class=\"elementor-column elementor-col-50 elementor-top-column elementor-element elementor-element-2edc65a6\" data-id=\"2edc65a6\" data-element_type=\"column\">\n\t\t\t<div class=\"elementor-widget-wrap elementor-element-populated\">\n\t\t\t\t\t\t\t\t<div class=\"elementor-element elementor-element-12211aa7 elementor-widget elementor-widget-image\" data-id=\"12211aa7\" data-element_type=\"widget\" data-widget_type=\"image.default\">\n\t\t\t\t<div class=\"elementor-widget-container\">\n\t\t\t\t\t\t\t\t\t\t\t\t\t\t\t\t<a href=\"https:\/\/brovko.clinic\/pl\/\">\n\t\t\t\t\t\t\t<img loading=\"lazy\" decoding=\"async\" width=\"500\" height=\"500\" src=\"https:\/\/brovko.clinic\/wp-content\/uploads\/brovo-logo500-1.png\" class=\"attachment-full size-full wp-image-9649\" alt=\"\" srcset=\"https:\/\/brovko.clinic\/wp-content\/uploads\/brovo-logo500-1.png 500w, https:\/\/brovko.clinic\/wp-content\/uploads\/brovo-logo500-1-300x300.png 300w, https:\/\/brovko.clinic\/wp-content\/uploads\/brovo-logo500-1-150x150.png 150w, https:\/\/brovko.clinic\/wp-content\/uploads\/brovo-logo500-1-12x12.png 12w, https:\/\/brovko.clinic\/wp-content\/uploads\/brovo-logo500-1-100x100.png 100w\" sizes=\"auto, (max-width: 500px) 100vw, 500px\" title=\"\">\t\t\t\t\t\t\t\t<\/a>\n\t\t\t\t\t\t\t\t\t\t\t\t\t\t\t<\/div>\n\t\t\t\t<\/div>\n\t\t\t\t\t<\/div>\n\t\t<\/div>\n\t\t\t\t<div class=\"elementor-column elementor-col-50 elementor-top-column elementor-element elementor-element-3be584a7\" data-id=\"3be584a7\" data-element_type=\"column\">\n\t\t\t<div class=\"elementor-widget-wrap elementor-element-populated\">\n\t\t\t\t\t\t\t\t<div class=\"elementor-element elementor-element-47e88e58 elementor-widget elementor-widget-text-editor\" data-id=\"47e88e58\" data-element_type=\"widget\" data-widget_type=\"text-editor.default\">\n\t\t\t\t<div class=\"elementor-widget-container\">\n\t\t\t\t\t\t\t<p>Istnieje mo\u017cliwo\u015b\u0107 um\u00f3wienia si\u0119 na zabieg<span style=\"background-color: transparent;\"> dzwoni\u0105c lub zostawiaj\u0105c zg\u0142oszenie, a nasz rejestrator medyczny skontaktuje si\u0119 z Pa\u0144stwem w najbli\u017cszym czasie.<\/span><\/p>\t\t\t\t\t\t<\/div>\n\t\t\t\t<\/div>\n\t\t\t\t<div class=\"elementor-element elementor-element-34e8b0e6 elementor-align-center elementor-widget elementor-widget-button\" data-id=\"34e8b0e6\" data-element_type=\"widget\" data-widget_type=\"button.default\">\n\t\t\t\t<div class=\"elementor-widget-container\">\n\t\t\t\t\t<div class=\"elementor-button-wrapper\">\n\t\t\t<a class=\"elementor-button elementor-button-link elementor-size-lg\" href=\"#elementor-action%3Aaction%3Dpopup%3Aopen%26settings%3DeyJpZCI6Ijk2MDYiLCJ0b2dnbGUiOmZhbHNlfQ%3D%3D\">\n\t\t\t\t\t\t<span class=\"elementor-button-content-wrapper\">\n\t\t\t\t\t\t<span class=\"elementor-button-text\">Zapisa\u0107 si\u0119<\/span>\n\t\t<\/span>\n\t\t\t\t\t<\/a>\n\t\t<\/div>\n\t\t\t\t<\/div>\n\t\t\t\t<\/div>\n\t\t\t\t\t<\/div>\n\t\t<\/div>\n\t\t\t\t\t\t\t<\/div>\n\t\t<\/section>\n\t\t\t\t\t\t\t<\/div>","protected":false},"excerpt":{"rendered":"<p>\u041a\u0440\u0430\u043f\u0435\u043b\u044c\u043d\u0438\u0446\u0430 Slim Support \u0417\u043d\u0438\u0436\u0435\u043d\u043d\u044f \u0432\u0430\u0433\u0438 &#8211; \u043f\u0440\u043e\u0446\u0435\u0441 \u0441\u043a\u043b\u0430\u0434\u043d\u0438\u0439 \u0456 \u0434\u043e\u0432\u0433\u043e\u0442\u0440\u0438\u0432\u0430\u043b\u0438\u0439, \u0430 \u0431\u0430\u0433\u0430\u0442\u044c\u043e\u043c \u0446\u0435 \u0432\u0434\u0430\u0454\u0442\u044c\u0441\u044f \u043d\u0430\u0434\u043c\u0456\u0440\u043d\u0438\u043c\u0438 \u0437\u0443\u0441\u0438\u043b\u043b\u044f\u043c\u0438, \u0443\u0441\u0456\u043c \u0432\u0456\u0434\u043e\u043c\u0438\u0439 \u0432\u0438\u0441\u043b\u0456\u0432: \u00ab\u0432\u0430\u0433\u0430 \u0441\u0442\u043e\u0456\u0442\u044c \u043d\u0430 \u043c\u0456\u0441\u0446\u0456&#8221;? \u041a\u0440\u0430\u043f\u0435\u043b\u044c\u043d\u0438\u0446\u044f Slim support \u0441\u043f\u0440\u044f\u043c\u043e\u0432\u0430\u043d\u0430 \u043d\u0430 \u043d\u043e\u0440\u043c\u0430\u043b\u0456\u0437\u0430\u0446\u0456\u044e \u043e\u0431\u043c\u0456\u043d\u043d\u0438\u0445 \u043f\u0440\u043e\u0446\u0435\u0441\u0456\u0432 \u0456 \u043f\u0440\u0438\u0441\u043a\u043e\u0440\u0435\u043d\u043d\u044f \u043c\u0435\u0442\u0430\u0431\u043e\u043b\u0456\u0437\u043c\u0443. \u0414\u043e\u0434\u0430\u0442\u043a\u043e\u0432\u043e \u0441\u0442\u0432\u043e\u0440\u044e\u0454\u0442\u044c\u0441\u044f \u0435\u0444\u0435\u043a\u0442 \u0436\u0438\u0440\u043e\u0441\u043f\u0430\u043b\u044e\u0432\u0430\u043d\u043d\u044f. \u041e\u0441\u043d\u043e\u0432\u043d\u0438\u043c \u0434\u0436\u0435\u0440\u0435\u043b\u043e\u043c \u0435\u043d\u0435\u0440\u0433\u0456\u0457 \u0441\u0442\u0430\u0454 \u0436\u0438\u0440\u043e\u0432\u0430 \u0442\u043a\u0430\u043d\u0438\u043d\u0430. L- \u043a\u0430\u0440\u043d\u0456\u0442\u0438\u043d \u0440\u043e\u0437\u0449\u0435\u043f\u043b\u044e\u0454 \u0457\u0457, \u0430\u043a\u0442\u0438\u0432\u0443\u044e\u0447\u0438 \u043f\u0440\u043e\u0446\u0435\u0441 \u043c\u0435\u0442\u0430\u0431\u043e\u043b\u0456\u0437\u043c\u0443, \u0449\u043e \u0441\u043f\u0440\u0438\u044f\u0454 \u0441\u0445\u0443\u0434\u043d\u0435\u043d\u043d\u044e. \u041e\u0441\u043e\u0431\u043b\u0438\u0432\u0456\u0441\u0442\u044e [&hellip;]<\/p>","protected":false},"author":2,"featured_media":1624,"parent":0,"menu_order":0,"comment_status":"closed","ping_status":"closed","template":"elementor_header_footer","meta":{"footnotes":""},"class_list":["post-1615","page","type-page","status-publish","has-post-thumbnail","hentry"],"_links":{"self":[{"href":"https:\/\/brovko.clinic\/pl\/wp-json\/wp\/v2\/pages\/1615","targetHints":{"allow":["GET"]}}],"collection":[{"href":"https:\/\/brovko.clinic\/pl\/wp-json\/wp\/v2\/pages"}],"about":[{"href":"https:\/\/brovko.clinic\/pl\/wp-json\/wp\/v2\/types\/page"}],"author":[{"embeddable":true,"href":"https:\/\/brovko.clinic\/pl\/wp-json\/wp\/v2\/users\/2"}],"replies":[{"embeddable":true,"href":"https:\/\/brovko.clinic\/pl\/wp-json\/wp\/v2\/comments?post=1615"}],"version-history":[{"count":42,"href":"https:\/\/brovko.clinic\/pl\/wp-json\/wp\/v2\/pages\/1615\/revisions"}],"predecessor-version":[{"id":9891,"href":"https:\/\/brovko.clinic\/pl\/wp-json\/wp\/v2\/pages\/1615\/revisions\/9891"}],"wp:featuredmedia":[{"embeddable":true,"href":"https:\/\/brovko.clinic\/pl\/wp-json\/wp\/v2\/media\/1624"}],"wp:attachment":[{"href":"https:\/\/brovko.clinic\/pl\/wp-json\/wp\/v2\/media?parent=1615"}],"curies":[{"name":"wp","href":"https:\/\/api.w.org\/{rel}","templated":true}]}}