{"id":1077,"date":"2022-09-08T16:31:41","date_gmt":"2022-09-08T14:31:41","guid":{"rendered":"https:\/\/brovko.clinic\/?page_id=1077"},"modified":"2026-05-01T16:07:56","modified_gmt":"2026-05-01T14:07:56","slug":"protsedury-zahalnyi-masazh","status":"publish","type":"page","link":"https:\/\/brovko.clinic\/pl\/zabiegi-masazu-plecow\/","title":{"rendered":"Masa\u017c og\u00f3lny"},"content":{"rendered":"<div data-elementor-type=\"wp-page\" data-elementor-id=\"1077\" class=\"elementor elementor-1077\" data-elementor-post-type=\"page\">\n\t\t\t\t\t\t\t\t\t<section data-particle_enable=\"false\" data-particle-mobile-disabled=\"false\" class=\"elementor-section elementor-top-section elementor-element elementor-element-95364bd elementor-section-boxed elementor-section-height-default elementor-section-height-default\" data-id=\"95364bd\" data-element_type=\"section\">\n\t\t\t\t\t\t<div class=\"elementor-container elementor-column-gap-default\">\n\t\t\t\t\t<div class=\"elementor-column elementor-col-100 elementor-top-column elementor-element elementor-element-adca1fa\" data-id=\"adca1fa\" data-element_type=\"column\">\n\t\t\t<div class=\"elementor-widget-wrap elementor-element-populated\">\n\t\t\t\t\t\t\t\t<div class=\"elementor-element elementor-element-5ec9199 elementor-widget elementor-widget-spacer\" data-id=\"5ec9199\" data-element_type=\"widget\" data-widget_type=\"spacer.default\">\n\t\t\t\t<div class=\"elementor-widget-container\">\n\t\t\t<style>\/*! elementor - v3.15.0 - 09-08-2023 *\/\n.elementor-column .elementor-spacer-inner{height:var(--spacer-size)}.e-con{--container-widget-width:100%}.e-con-inner>.elementor-widget-spacer,.e-con>.elementor-widget-spacer{width:var(--container-widget-width,var(--spacer-size));--align-self:var(--container-widget-align-self,initial);--flex-shrink:0}.e-con-inner>.elementor-widget-spacer>.elementor-widget-container,.e-con-inner>.elementor-widget-spacer>.elementor-widget-container>.elementor-spacer,.e-con>.elementor-widget-spacer>.elementor-widget-container,.e-con>.elementor-widget-spacer>.elementor-widget-container>.elementor-spacer{height:100%}.e-con-inner>.elementor-widget-spacer>.elementor-widget-container>.elementor-spacer>.elementor-spacer-inner,.e-con>.elementor-widget-spacer>.elementor-widget-container>.elementor-spacer>.elementor-spacer-inner{height:var(--container-widget-height,var(--spacer-size))}<\/style>\t\t<div class=\"elementor-spacer\">\n\t\t\t<div class=\"elementor-spacer-inner\"><\/div>\n\t\t<\/div>\n\t\t\t\t<\/div>\n\t\t\t\t<\/div>\n\t\t\t\t<div class=\"elementor-element elementor-element-ffcbbff elementor-widget elementor-widget-heading\" data-id=\"ffcbbff\" data-element_type=\"widget\" data-widget_type=\"heading.default\">\n\t\t\t\t<div class=\"elementor-widget-container\">\n\t\t\t<style>\/*! elementor - v3.15.0 - 09-08-2023 *\/\n.elementor-heading-title{padding:0;margin:0;line-height:1}.elementor-widget-heading .elementor-heading-title[class*=elementor-size-]>a{color:inherit;font-size:inherit;line-height:inherit}.elementor-widget-heading .elementor-heading-title.elementor-size-small{font-size:15px}.elementor-widget-heading .elementor-heading-title.elementor-size-medium{font-size:19px}.elementor-widget-heading .elementor-heading-title.elementor-size-large{font-size:29px}.elementor-widget-heading .elementor-heading-title.elementor-size-xl{font-size:39px}.elementor-widget-heading .elementor-heading-title.elementor-size-xxl{font-size:59px}<\/style><h1 class=\"elementor-heading-title elementor-size-default\">Masa\u017c og\u00f3lny<\/h1>\t\t<\/div>\n\t\t\t\t<\/div>\n\t\t\t\t\t<\/div>\n\t\t<\/div>\n\t\t\t\t\t\t\t<\/div>\n\t\t<\/section>\n\t\t\t\t<section data-particle_enable=\"false\" data-particle-mobile-disabled=\"false\" class=\"elementor-section elementor-top-section elementor-element elementor-element-a37147b elementor-section-boxed elementor-section-height-default elementor-section-height-default\" data-id=\"a37147b\" data-element_type=\"section\">\n\t\t\t\t\t\t<div class=\"elementor-container elementor-column-gap-default\">\n\t\t\t\t\t<div class=\"elementor-column elementor-col-50 elementor-top-column elementor-element elementor-element-61f0d7a\" data-id=\"61f0d7a\" data-element_type=\"column\">\n\t\t\t<div class=\"elementor-widget-wrap elementor-element-populated\">\n\t\t\t\t\t\t\t\t<div class=\"elementor-element elementor-element-6d4a966 elementor-widget elementor-widget-image\" data-id=\"6d4a966\" data-element_type=\"widget\" data-widget_type=\"image.default\">\n\t\t\t\t<div class=\"elementor-widget-container\">\n\t\t\t<style>\/*! elementor - v3.15.0 - 09-08-2023 *\/\n.elementor-widget-image{text-align:center}.elementor-widget-image a{display:inline-block}.elementor-widget-image a img[src$=\".svg\"]{width:48px}.elementor-widget-image img{vertical-align:middle;display:inline-block}<\/style>\t\t\t\t\t\t\t\t\t\t\t\t<img loading=\"lazy\" decoding=\"async\" width=\"624\" height=\"468\" src=\"https:\/\/brovko.clinic\/wp-content\/uploads\/massage4.jpg\" class=\"attachment-large size-large wp-image-1078\" alt=\"\" srcset=\"https:\/\/brovko.clinic\/wp-content\/uploads\/massage4.jpg 624w, https:\/\/brovko.clinic\/wp-content\/uploads\/massage4-510x383.jpg 510w, https:\/\/brovko.clinic\/wp-content\/uploads\/massage4-300x225.jpg 300w, https:\/\/brovko.clinic\/wp-content\/uploads\/massage4-150x113.jpg 150w\" sizes=\"auto, (max-width: 624px) 100vw, 624px\" title=\"\">\t\t\t\t\t\t\t\t\t\t\t\t\t\t\t<\/div>\n\t\t\t\t<\/div>\n\t\t\t\t\t<\/div>\n\t\t<\/div>\n\t\t\t\t<div class=\"elementor-column elementor-col-50 elementor-top-column elementor-element elementor-element-3c22499\" data-id=\"3c22499\" data-element_type=\"column\">\n\t\t\t<div class=\"elementor-widget-wrap elementor-element-populated\">\n\t\t\t\t\t\t\t\t<div class=\"elementor-element elementor-element-a21bc3f elementor-widget elementor-widget-text-editor\" data-id=\"a21bc3f\" data-element_type=\"widget\" data-widget_type=\"text-editor.default\">\n\t\t\t\t<div class=\"elementor-widget-container\">\n\t\t\t<style>\/*! elementor - v3.15.0 - 09-08-2023 *\/\n.elementor-widget-text-editor.elementor-drop-cap-view-stacked .elementor-drop-cap{background-color:#69727d;color:#fff}.elementor-widget-text-editor.elementor-drop-cap-view-framed .elementor-drop-cap{color:#69727d;border:3px solid;background-color:transparent}.elementor-widget-text-editor:not(.elementor-drop-cap-view-default) .elementor-drop-cap{margin-top:8px}.elementor-widget-text-editor:not(.elementor-drop-cap-view-default) .elementor-drop-cap-letter{width:1em;height:1em}.elementor-widget-text-editor .elementor-drop-cap{float:left;text-align:center;line-height:1;font-size:50px}.elementor-widget-text-editor .elementor-drop-cap-letter{display:inline-block}<\/style>\t\t\t\t<h4>Masa\u017c klasyczny<\/h4><ul><li>pomaga z\u0142agodzi\u0107 zm\u0119czenie<\/li><li>eliminuje b\u00f3l mi\u0119\u015bni<\/li><li>normalizuje funkcjonowanie uk\u0142adu nerwowego<\/li><li>wzmacnia uk\u0142ad kr\u0105\u017cenia, poprawia kr\u0105\u017cenie krwi<\/li><li>poprawia og\u00f3ln\u0105 kondycj\u0119 organizmu<\/li><\/ul><p>\u00a0<\/p><p>Kiedy cz\u0142owiek tyje, kom\u00f3rki t\u0142uszczowe w jego ciele zwi\u0119kszaj\u0105 sw\u00f3j rozmiar. Jednocze\u015bnie b\u0142ona kom\u00f3rkowa rozci\u0105ga si\u0119 i staje si\u0119 cie\u0144sza.<br \/>Aby to zobrazowa\u0107, wyobra\u017a sobie, \u017ce nadmuchujemy balon \u2013 staje si\u0119 on wi\u0119kszy, a jego \u015bcianki staj\u0105 si\u0119 cie\u0144sze.<\/p><p>Kiedy cz\u0142owiek traci wag\u0119, kom\u00f3rki t\u0142uszczowe kurcz\u0105 si\u0119, ich b\u0142ony kurcz\u0105 si\u0119, staj\u0105 si\u0119 g\u0119stsze, a t\u0142uszcz nie jest w stanie ich opu\u015bci\u0107.<br \/>W ten spos\u00f3b powstaj\u0105 \u201emartwe\u201d obszary problemowe, z kt\u00f3rymi nie potrafi sobie poradzi\u0107 ani sport, ani odpowiednie od\u017cywianie.<br \/>Poprawa kr\u0105\u017cenia krwi, np. poprzez masa\u017c zdrowotny, pomo\u017ce poprawi\u0107 sytuacj\u0119.<\/p>\t\t\t\t\t\t<\/div>\n\t\t\t\t<\/div>\n\t\t\t\t\t<\/div>\n\t\t<\/div>\n\t\t\t\t\t\t\t<\/div>\n\t\t<\/section>\n\t\t\t\t<section data-particle_enable=\"false\" data-particle-mobile-disabled=\"false\" class=\"elementor-section elementor-top-section elementor-element elementor-element-741768d elementor-section-boxed elementor-section-height-default elementor-section-height-default\" data-id=\"741768d\" data-element_type=\"section\">\n\t\t\t\t\t\t<div class=\"elementor-container elementor-column-gap-default\">\n\t\t\t\t\t<div class=\"elementor-column elementor-col-100 elementor-top-column elementor-element elementor-element-2e6dd48\" data-id=\"2e6dd48\" data-element_type=\"column\">\n\t\t\t<div class=\"elementor-widget-wrap elementor-element-populated\">\n\t\t\t\t\t\t\t\t<div class=\"elementor-element elementor-element-98b60ad elementor-widget elementor-widget-heading\" data-id=\"98b60ad\" data-element_type=\"widget\" data-widget_type=\"heading.default\">\n\t\t\t\t<div class=\"elementor-widget-container\">\n\t\t\t<h2 class=\"elementor-heading-title elementor-size-default\">Standardowy kurs masa\u017cu obejmuje 10-12 sesji, odbywaj\u0105cych si\u0119 z przerw\u0105 dw\u00f3ch lub trzech dni.<\/h2>\t\t<\/div>\n\t\t\t\t<\/div>\n\t\t\t\t\t<\/div>\n\t\t<\/div>\n\t\t\t\t\t\t\t<\/div>\n\t\t<\/section>\n\t\t\t\t<section data-particle_enable=\"false\" data-particle-mobile-disabled=\"false\" class=\"elementor-section elementor-top-section elementor-element elementor-element-17b389b elementor-section-boxed elementor-section-height-default elementor-section-height-default\" data-id=\"17b389b\" data-element_type=\"section\">\n\t\t\t\t\t\t<div class=\"elementor-container elementor-column-gap-default\">\n\t\t\t\t\t<div class=\"elementor-column elementor-col-100 elementor-top-column elementor-element elementor-element-8f585e3\" data-id=\"8f585e3\" data-element_type=\"column\">\n\t\t\t<div class=\"elementor-widget-wrap elementor-element-populated\">\n\t\t\t\t\t\t\t\t<div class=\"elementor-element elementor-element-d2c6442 elementor-widget elementor-widget-text-editor\" data-id=\"d2c6442\" data-element_type=\"widget\" data-widget_type=\"text-editor.default\">\n\t\t\t\t<div class=\"elementor-widget-container\">\n\t\t\t\t\t\t\t<p>Podczas przeprowadzania masa\u017cu specjalista, wykorzystuj\u0105c r\u00f3\u017cne techniki i kosmetyki, pomaga zwi\u0119kszy\u0107 kr\u0105\u017cenie krwi.<br \/>Lepsze kr\u0105\u017cenie krwi pomaga t\u0142uszczowi przedosta\u0107 si\u0119 przez g\u0119ste \u015bciany kom\u00f3rek.<br \/>Nast\u0119pnie t\u0142uszcz przedostaje si\u0119 do naczy\u0144 krwiono\u015bnych i wraz z krwi\u0105 jest transportowany do miejsca, w kt\u00f3rym zostanie wykorzystany, czyli do mi\u0119\u015bni.<\/p><p>Masa\u017c zwi\u0119ksza napi\u0119cie mi\u0119\u015bni, a co za tym idzie ich zdolno\u015b\u0107 do utleniania t\u0142uszczu.<\/p><p>Prawid\u0142owo wykonany masa\u017c powoduje przyspieszenie metabolizmu w kom\u00f3rkach tkanek (poprawiaj\u0105 si\u0119 procesy metaboliczne), w efekcie czego cia\u0142o zyskuje wyra\u017ane, r\u00f3wne kontury, a struktury w\u0142\u00f3kniste ulegaj\u0105 zniszczeniu.<\/p><p>Dzi\u0119ki dzia\u0142aniu mechanicznemu uzyskuje si\u0119 silny efekt liftingu \u2013 sk\u00f3ra staje si\u0119 napi\u0119ta i elastyczna.<br \/>Ponadto podczas masa\u017cu dochodzi do normalizacji mikrokr\u0105\u017cenia i zwi\u0119kszenia drena\u017cu limfatycznego \u2013 nadmiar p\u0142yn\u00f3w zostaje usuni\u0119ty, obrz\u0119ki zmniejszone, a pacjent czuje si\u0119 lekko.<br \/>Drena\u017c limfatyczny to technika maj\u0105ca na celu przywr\u00f3cenie kr\u0105\u017cenia limfy w organizmie, popraw\u0119 przep\u0142ywu krwi i pobudzenie proces\u00f3w metabolicznych.<\/p><p>Masa\u017c drena\u017cu limfatycznego pomaga znacz\u0105co usun\u0105\u0107 nadmiar p\u0142ynu z przestrzeni mi\u0119dzykom\u00f3rkowej. Poprawia to procesy metaboliczne i stopniowo wzmacnia uk\u0142ad odporno\u015bciowy.<\/p><p>Drena\u017c limfatyczny cia\u0142a pomaga upora\u0107 si\u0119 ze zmianami sk\u00f3rnymi twarzy i wieku. Ma doskona\u0142y efekt koryguj\u0105cy. Regularne wykonywanie zabieg\u00f3w pomaga upora\u0107 si\u0119 z kilkoma dodatkowymi kilogramami i centymetrami. Ma wyra\u017ane dzia\u0142anie antycellulitowe.<\/p><p>Ponadto masa\u017c poprawia stan psycho-emocjonalny, pomaga z\u0142agodzi\u0107 stres i napi\u0119cie emocjonalne. Jest dobrym \u015brodkiem profilaktycznym w walce z depresj\u0105 i przeci\u0105\u017ceniem nerwowym.<\/p>\t\t\t\t\t\t<\/div>\n\t\t\t\t<\/div>\n\t\t\t\t\t<\/div>\n\t\t<\/div>\n\t\t\t\t\t\t\t<\/div>\n\t\t<\/section>\n\t\t\t\t<section data-particle_enable=\"false\" data-particle-mobile-disabled=\"false\" class=\"elementor-section elementor-top-section elementor-element elementor-element-520edb58 elementor-section-content-middle elementor-section-boxed elementor-section-height-default elementor-section-height-default\" data-id=\"520edb58\" data-element_type=\"section\" data-settings=\"{&quot;background_background&quot;:&quot;classic&quot;}\">\n\t\t\t\t\t\t<div class=\"elementor-container elementor-column-gap-default\">\n\t\t\t\t\t<div class=\"elementor-column elementor-col-50 elementor-top-column elementor-element elementor-element-5d4f9954\" data-id=\"5d4f9954\" data-element_type=\"column\">\n\t\t\t<div class=\"elementor-widget-wrap elementor-element-populated\">\n\t\t\t\t\t\t\t\t<div class=\"elementor-element elementor-element-323cab38 elementor-widget elementor-widget-image\" data-id=\"323cab38\" data-element_type=\"widget\" data-widget_type=\"image.default\">\n\t\t\t\t<div class=\"elementor-widget-container\">\n\t\t\t\t\t\t\t\t\t\t\t\t\t\t\t\t<a href=\"https:\/\/brovko.clinic\/pl\/\">\n\t\t\t\t\t\t\t<img loading=\"lazy\" decoding=\"async\" width=\"500\" height=\"500\" src=\"https:\/\/brovko.clinic\/wp-content\/uploads\/brovo-logo500-1.png\" class=\"attachment-full size-full wp-image-9649\" alt=\"\" srcset=\"https:\/\/brovko.clinic\/wp-content\/uploads\/brovo-logo500-1.png 500w, https:\/\/brovko.clinic\/wp-content\/uploads\/brovo-logo500-1-300x300.png 300w, https:\/\/brovko.clinic\/wp-content\/uploads\/brovo-logo500-1-150x150.png 150w, https:\/\/brovko.clinic\/wp-content\/uploads\/brovo-logo500-1-12x12.png 12w, https:\/\/brovko.clinic\/wp-content\/uploads\/brovo-logo500-1-100x100.png 100w\" sizes=\"auto, (max-width: 500px) 100vw, 500px\" title=\"\">\t\t\t\t\t\t\t\t<\/a>\n\t\t\t\t\t\t\t\t\t\t\t\t\t\t\t<\/div>\n\t\t\t\t<\/div>\n\t\t\t\t\t<\/div>\n\t\t<\/div>\n\t\t\t\t<div class=\"elementor-column elementor-col-50 elementor-top-column elementor-element elementor-element-7edc58f5\" data-id=\"7edc58f5\" data-element_type=\"column\">\n\t\t\t<div class=\"elementor-widget-wrap elementor-element-populated\">\n\t\t\t\t\t\t\t\t<div class=\"elementor-element elementor-element-363f7cb3 elementor-widget elementor-widget-text-editor\" data-id=\"363f7cb3\" data-element_type=\"widget\" data-widget_type=\"text-editor.default\">\n\t\t\t\t<div class=\"elementor-widget-container\">\n\t\t\t\t\t\t\t<p>Istnieje mo\u017cliwo\u015b\u0107 um\u00f3wienia si\u0119 na zabieg<span style=\"background-color: transparent;\"> dzwoni\u0105c lub zostawiaj\u0105c zg\u0142oszenie, a nasz rejestrator medyczny skontaktuje si\u0119 z Pa\u0144stwem w najbli\u017cszym czasie.<\/span><\/p>\t\t\t\t\t\t<\/div>\n\t\t\t\t<\/div>\n\t\t\t\t<div class=\"elementor-element elementor-element-64864330 elementor-align-center elementor-widget elementor-widget-button\" data-id=\"64864330\" data-element_type=\"widget\" data-widget_type=\"button.default\">\n\t\t\t\t<div class=\"elementor-widget-container\">\n\t\t\t\t\t<div class=\"elementor-button-wrapper\">\n\t\t\t<a class=\"elementor-button elementor-button-link elementor-size-lg\" href=\"#elementor-action%3Aaction%3Dpopup%3Aopen%26settings%3DeyJpZCI6Ijk2MDYiLCJ0b2dnbGUiOmZhbHNlfQ%3D%3D\">\n\t\t\t\t\t\t<span class=\"elementor-button-content-wrapper\">\n\t\t\t\t\t\t<span class=\"elementor-button-text\">Zapisa\u0107 si\u0119<\/span>\n\t\t<\/span>\n\t\t\t\t\t<\/a>\n\t\t<\/div>\n\t\t\t\t<\/div>\n\t\t\t\t<\/div>\n\t\t\t\t\t<\/div>\n\t\t<\/div>\n\t\t\t\t\t\t\t<\/div>\n\t\t<\/section>\n\t\t\t\t<section data-particle_enable=\"false\" data-particle-mobile-disabled=\"false\" class=\"elementor-section elementor-top-section elementor-element elementor-element-cd131a4 elementor-section-boxed elementor-section-height-default elementor-section-height-default\" data-id=\"cd131a4\" data-element_type=\"section\">\n\t\t\t\t\t\t<div class=\"elementor-container elementor-column-gap-default\">\n\t\t\t\t\t<div class=\"elementor-column elementor-col-100 elementor-top-column elementor-element elementor-element-71717a8\" data-id=\"71717a8\" data-element_type=\"column\">\n\t\t\t<div class=\"elementor-widget-wrap elementor-element-populated\">\n\t\t\t\t\t\t\t\t<div class=\"elementor-element elementor-element-82c5654 elementor-post-navigation-borders-yes elementor-widget elementor-widget-post-navigation\" data-id=\"82c5654\" data-element_type=\"widget\" data-widget_type=\"post-navigation.default\">\n\t\t\t\t<div class=\"elementor-widget-container\">\n\t\t\t<link rel=\"stylesheet\" href=\"https:\/\/brovko.clinic\/wp-content\/plugins\/elementor-pro\/assets\/css\/widget-theme-elements.min.css\">\t\t<div class=\"elementor-post-navigation\">\n\t\t\t<div class=\"elementor-post-navigation__prev elementor-post-navigation__link\">\n\t\t\t\t<a href=\"https:\/\/brovko.clinic\/pl\/protsedury-mezoterapiia-dlia-skhudnennia\/\" rel=\"prev\"><span class=\"post-navigation__arrow-wrapper post-navigation__arrow-prev\"><i class=\"fa fa-angle-double-left\" aria-hidden=\"true\"><\/i><span class=\"elementor-screen-only\" data-no-translation=\"\" data-trp-gettext=\"\">Prev<\/span><\/span><span class=\"elementor-post-navigation__link__prev\"><span class=\"post-navigation__prev--title\">Dora\u017ana pomoc w zdrowym odchudzaniu<\/span><\/span><\/a>\t\t\t<\/div>\n\t\t\t\t\t\t\t<div class=\"elementor-post-navigation__separator-wrapper\">\n\t\t\t\t\t<div class=\"elementor-post-navigation__separator\"><\/div>\n\t\t\t\t<\/div>\n\t\t\t\t\t\t<div class=\"elementor-post-navigation__next elementor-post-navigation__link\">\n\t\t\t\t<a href=\"https:\/\/brovko.clinic\/pl\/protsedury-antytseliulitnyi-masazh\/\" rel=\"next\"><span class=\"elementor-post-navigation__link__next\"><span class=\"post-navigation__next--title\">Masa\u017c antycellulitowy<\/span><\/span><span class=\"post-navigation__arrow-wrapper post-navigation__arrow-next\"><i class=\"fa fa-angle-double-right\" aria-hidden=\"true\"><\/i><span class=\"elementor-screen-only\" data-no-translation=\"\" data-trp-gettext=\"\">Next<\/span><\/span><\/a>\t\t\t<\/div>\n\t\t<\/div>\n\t\t\t\t<\/div>\n\t\t\t\t<\/div>\n\t\t\t\t\t<\/div>\n\t\t<\/div>\n\t\t\t\t\t\t\t<\/div>\n\t\t<\/section>\n\t\t\t\t<section data-particle_enable=\"false\" data-particle-mobile-disabled=\"false\" class=\"elementor-section elementor-top-section elementor-element elementor-element-5bef348 elementor-section-boxed elementor-section-height-default elementor-section-height-default\" data-id=\"5bef348\" data-element_type=\"section\">\n\t\t\t\t\t\t<div class=\"elementor-container elementor-column-gap-default\">\n\t\t\t\t\t<div class=\"elementor-column elementor-col-100 elementor-top-column elementor-element elementor-element-78aca92\" data-id=\"78aca92\" data-element_type=\"column\">\n\t\t\t<div class=\"elementor-widget-wrap elementor-element-populated\">\n\t\t\t\t\t\t\t\t<div class=\"elementor-element elementor-element-a53bbb0 elementor-align-center elementor-widget elementor-widget-button\" data-id=\"a53bbb0\" data-element_type=\"widget\" data-widget_type=\"button.default\">\n\t\t\t\t<div class=\"elementor-widget-container\">\n\t\t\t\t\t<div class=\"elementor-button-wrapper\">\n\t\t\t<a class=\"elementor-button elementor-button-link elementor-size-sm\" href=\"https:\/\/brovko.clinic\/pl\/\">\n\t\t\t\t\t\t<span class=\"elementor-button-content-wrapper\">\n\t\t\t\t\t\t<span class=\"elementor-button-text\">Do strony g\u0142\u00f3wnej<\/span>\n\t\t<\/span>\n\t\t\t\t\t<\/a>\n\t\t<\/div>\n\t\t\t\t<\/div>\n\t\t\t\t<\/div>\n\t\t\t\t\t<\/div>\n\t\t<\/div>\n\t\t\t\t\t\t\t<\/div>\n\t\t<\/section>\n\t\t\t\t\t\t\t<\/div>","protected":false},"excerpt":{"rendered":"<p>\u0417\u0430\u0433\u0430\u043b\u044c\u043d\u0438\u0439 \u043c\u0430\u0441\u0430\u0436 \u041a\u043b\u0430\u0441\u0438\u0447\u043d\u0438\u0439 \u043c\u0430\u0441\u0430\u0436 \u0434\u043e\u043f\u043e\u043c\u0430\u0433\u0430\u0454 \u0437\u043d\u044f\u0442\u0438 \u0432\u0442\u043e\u043c\u0443 \u0443\u0441\u0443\u0432\u0430\u0454 \u0431\u043e\u043b\u044c\u043e\u0432\u0456 \u0432\u0456\u0434\u0447\u0443\u0442\u0442\u044f \u0443 \u043c&#8217;\u044f\u0437\u0430\u0445 \u043d\u043e\u0440\u043c\u0430\u043b\u0456\u0437\u0443\u0454 \u0440\u043e\u0431\u043e\u0442\u0443 \u043d\u0435\u0440\u0432\u043e\u0432\u043e\u0457 \u0441\u0438\u0441\u0442\u0435\u043c\u0438 \u0437\u043c\u0456\u0446\u043d\u044e\u0454 \u043a\u0440\u043e\u0432\u043e\u043d\u043e\u0441\u043d\u0443 \u0441\u0438\u0441\u0442\u0435\u043c\u0443, \u043f\u043e\u043a\u0440\u0430\u0449\u0443\u0454 \u043a\u0440\u043e\u0432\u043e\u043e\u0431\u0456\u0433 \u043f\u043e\u043a\u0440\u0430\u0449\u0443\u0454 \u0437\u0430\u0433\u0430\u043b\u044c\u043d\u0438\u0439 \u0441\u0442\u0430\u043d \u043e\u0440\u0433\u0430\u043d\u0456\u0437\u043c\u0443 \u041a\u043e\u043b\u0438 \u043b\u044e\u0434\u0438\u043d\u0430 \u043d\u0430\u0431\u0438\u0440\u0430\u0454 \u0437\u0430\u0439\u0432\u0443 \u0432\u0430\u0433\u0443, \u0436\u0438\u0440\u043e\u0432\u0456 \u043a\u043b\u0456\u0442\u0438\u043d\u0438 \u0457\u0457 \u0442\u0456\u043b\u0430 \u0437\u0431\u0456\u043b\u044c\u0448\u0443\u044e\u0442\u044c\u0441\u044f \u043e\u0431\u0441\u044f\u0433\u043e\u043c. \u041f\u0440\u0438 \u0446\u044c\u043e\u043c\u0443 \u043e\u0431\u043e\u043b\u043e\u043d\u043a\u0430 \u043a\u043b\u0456\u0442\u0438\u043d\u0438 \u0440\u043e\u0437\u0442\u044f\u0433\u0443\u0454\u0442\u044c\u0441\u044f \u0456 \u0441\u0442\u0430\u0454 \u0442\u043e\u043d\u0448\u043e\u044e. \u0414\u043b\u044f \u043d\u0430\u043e\u0447\u043d\u043e\u0441\u0442\u0456 \u0443\u044f\u0432\u0456\u0442\u044c, \u044f\u043a \u0432\u0438 \u043d\u0430\u0434\u0443\u0432\u0430\u0454\u0442\u0435 \u043f\u043e\u0432\u0456\u0442\u0440\u044f\u043d\u0443 \u043a\u0443\u043b\u044e &#8211; \u0432\u043e\u043d\u0430 \u0441\u0442\u0430\u0454 [&hellip;]<\/p>","protected":false},"author":2,"featured_media":1078,"parent":0,"menu_order":0,"comment_status":"closed","ping_status":"closed","template":"elementor_header_footer","meta":{"footnotes":""},"class_list":["post-1077","page","type-page","status-publish","has-post-thumbnail","hentry"],"_links":{"self":[{"href":"https:\/\/brovko.clinic\/pl\/wp-json\/wp\/v2\/pages\/1077","targetHints":{"allow":["GET"]}}],"collection":[{"href":"https:\/\/brovko.clinic\/pl\/wp-json\/wp\/v2\/pages"}],"about":[{"href":"https:\/\/brovko.clinic\/pl\/wp-json\/wp\/v2\/types\/page"}],"author":[{"embeddable":true,"href":"https:\/\/brovko.clinic\/pl\/wp-json\/wp\/v2\/users\/2"}],"replies":[{"embeddable":true,"href":"https:\/\/brovko.clinic\/pl\/wp-json\/wp\/v2\/comments?post=1077"}],"version-history":[{"count":12,"href":"https:\/\/brovko.clinic\/pl\/wp-json\/wp\/v2\/pages\/1077\/revisions"}],"predecessor-version":[{"id":9939,"href":"https:\/\/brovko.clinic\/pl\/wp-json\/wp\/v2\/pages\/1077\/revisions\/9939"}],"wp:featuredmedia":[{"embeddable":true,"href":"https:\/\/brovko.clinic\/pl\/wp-json\/wp\/v2\/media\/1078"}],"wp:attachment":[{"href":"https:\/\/brovko.clinic\/pl\/wp-json\/wp\/v2\/media?parent=1077"}],"curies":[{"name":"wp","href":"https:\/\/api.w.org\/{rel}","templated":true}]}}